{"id":976,"date":"2023-05-27T21:47:39","date_gmt":"2023-05-27T19:47:39","guid":{"rendered":"https:\/\/sunclimbing.wtp\/events-2\/"},"modified":"2025-11-19T18:00:40","modified_gmt":"2025-11-19T15:00:40","slug":"specials","status":"publish","type":"page","link":"https:\/\/sunclimbing.com\/tr\/specials\/","title":{"rendered":"T\u0131rman\u0131\u015f F\u0131rsatlar\u0131"},"content":{"rendered":"<div class=\"wp-block-cover is-light has-parallax\"><span aria-hidden=\"true\" class=\"wp-block-cover__background has-background-dim\" style=\"background-color:#6f9cc6\"><\/span><div class=\"wp-block-cover__image-background wp-image-2130 has-parallax\" style=\"background-position:50% 50%;background-image:url(https:\/\/sunclimbing.com\/wp-content\/uploads\/2023\/06\/Coastal-climbing-edited.jpg);\"><\/div><div class=\"wp-block-cover__inner-container is-layout-flow wp-block-cover-is-layout-flow\">\n<div class=\"wp-block-group has-base-color has-text-color has-global-padding is-layout-constrained wp-block-group-is-layout-constrained\">\n<h2 class=\"wp-block-heading has-text-align-center has-tertiary-color has-text-color\" style=\"margin-top:0;margin-right:0;margin-bottom:0;margin-left:0\">Efsane maceralar sizi bekliyor<\/h2>\n\n\n<h3 style=\"margin-top:0;margin-right:0;margin-bottom:0;margin-left:0;\" class=\"has-text-align-center wp-block-post-title\">T\u0131rman\u0131\u015f F\u0131rsatlar\u0131<\/h3><\/div>\n<\/div><\/div>\n\n\n\n<h3 class=\"wp-block-heading\">T\u0131rman\u0131\u015f F\u0131rsatlar\u0131<\/h3>\n\n\n\n<p>Outdoor maceran\u0131z\u0131 geli\u015ftirmek i\u00e7in tasarlanm\u0131\u015f heyecan verici t\u0131rman\u0131\u015f f\u0131rsatlar\u0131m\u0131z\u0131 ke\u015ffedin! En son etkinlikler hakk\u0131nda bilgi edinin, s\u0131n\u0131rl\u0131 s\u00fcreli malzeme tekliflerimizden yararlan\u0131n, grup t\u0131rman\u0131\u015flar\u0131 ve bireysel seanslar i\u00e7in indirimli fiyatlarla \u00f6zel tekliflerimizi ke\u015ffedin veya arad\u0131\u011f\u0131n\u0131z ek hizmeti bulun: yoga dersleri, masaj ve fizyoterapi seanslar\u0131, Geyikbay\u0131r\u0131 \u00e7evresindeki di\u011fer t\u0131rman\u0131\u015f alanlar\u0131na transferler. <\/p>\n\n\n\n<p>Bu harika teklifleri ka\u00e7\u0131rmay\u0131n - rezervasyonunuzu bug\u00fcn yap\u0131n ve yeni deneyimler ya\u015fay\u0131n!<\/p>\n\n\n\n<div class=\"wp-block-columns is-layout-flex wp-container-core-columns-is-layout-28f84493 wp-block-columns-is-layout-flex\">\n<div class=\"wp-block-column is-layout-flow wp-block-column-is-layout-flow\">\n<div class=\"wp-block-group has-global-padding is-layout-constrained wp-container-core-group-is-layout-52009084 wp-block-group-is-layout-constrained\" style=\"padding-top:var(--wp--preset--spacing--40);padding-right:var(--wp--preset--spacing--40);padding-bottom:var(--wp--preset--spacing--40);padding-left:var(--wp--preset--spacing--40);box-shadow:var(--wp--preset--shadow--deep)\">\n<h2 class=\"wp-block-heading\">\u00c7ocuklar i\u00e7in Kaya T\u0131rman\u0131\u015f\u0131<\/h2>\n\n\n\n<div class=\"wp-block-buttons is-layout-flex wp-block-buttons-is-layout-flex\">\n<div class=\"wp-block-button\"><a class=\"wp-block-button__link wp-element-button\" href=\"https:\/\/sunclimbing.com\/wp-content\/uploads\/2025\/04\/Cocuklar-icin-kaya-tirmanisi3-.pdf\" target=\"_blank\" rel=\"noreferrer noopener\">\u00c7ocuklar i\u00e7in kaya t\u0131rman\u0131\u015f\u0131 bilgileri<\/a><\/div>\n\n\n\n<div class=\"wp-block-button\"><a class=\"wp-block-button__link wp-element-button\" href=\"https:\/\/sunclimbing.com\/wp-content\/uploads\/2025\/04\/All-you-need-to-know-Geyikbayiri.pdf\" target=\"_blank\" rel=\"noreferrer noopener\">Bilmeniz gereken her \u015fey GEY\u0130KBAYIRI<\/a><\/div>\n<\/div>\n<\/div>\n<\/div>\n\n\n\n<div class=\"wp-block-column is-layout-flow wp-block-column-is-layout-flow\"><\/div>\n\n\n\n<div class=\"wp-block-column is-layout-flow wp-block-column-is-layout-flow\"><\/div>\n<\/div>\n\n\n\n<h2 class=\"wp-block-heading has-primary-color has-text-color has-link-color wp-elements-2135bd171b8f783b234b9f67e1257f52\" style=\"margin-top:var(--wp--preset--spacing--60);margin-bottom:0\">Climbing specials Events<\/h2>\n\n\n<div class=\"em em-view-container\" id=\"em-view-63692838\" data-view=\"grid\" style=\"--view-grid-width : 250px\">\r\n\t<div class=\"em pixelbones em-list em-events-list em-grid em-events-grid\" id=\"em-events-grid-63692838\" data-view-id=\"63692838\">\r\n\tCurrently, there are no events planned.\t<\/div>\r\n<\/div>\n\n\n\n<div style=\"height:41px;width:0px\" aria-hidden=\"true\" class=\"wp-block-spacer\"><\/div>","protected":false},"excerpt":{"rendered":"<p>CONTENTS<\/p>","protected":false},"author":6,"featured_media":2130,"parent":0,"menu_order":0,"comment_status":"closed","ping_status":"closed","template":"","meta":{"footnotes":""},"class_list":["post-976","page","type-page","status-publish","has-post-thumbnail","hentry"],"yoast_head":"<!-- This site is optimized with the Yoast SEO plugin v27.3 - https:\/\/yoast.com\/product\/yoast-seo-wordpress\/ -->\n<title>Climbing specials - Sunclimbing<\/title>\n<meta name=\"robots\" content=\"index, follow, max-snippet:-1, max-image-preview:large, max-video-preview:-1\" \/>\n<link rel=\"canonical\" href=\"https:\/\/sunclimbing.com\/tr\/specials\/\" \/>\n<meta property=\"og:locale\" content=\"tr_TR\" \/>\n<meta property=\"og:type\" content=\"article\" \/>\n<meta property=\"og:title\" content=\"Climbing specials - Sunclimbing\" \/>\n<meta property=\"og:description\" content=\"CONTENTS\" \/>\n<meta property=\"og:url\" content=\"https:\/\/sunclimbing.com\/tr\/specials\/\" \/>\n<meta property=\"og:site_name\" content=\"Sunclimbing\" \/>\n<meta property=\"article:modified_time\" content=\"2025-11-19T15:00:40+00:00\" \/>\n<meta property=\"og:image\" content=\"https:\/\/sunclimbing.com\/wp-content\/uploads\/2023\/06\/Coastal-climbing-edited.jpg\" \/>\n\t<meta property=\"og:image:width\" content=\"2160\" \/>\n\t<meta property=\"og:image:height\" content=\"2160\" \/>\n\t<meta property=\"og:image:type\" content=\"image\/jpeg\" \/>\n<meta name=\"twitter:card\" content=\"summary_large_image\" \/>\n<meta name=\"twitter:label1\" content=\"Tahmini okuma s\u00fcresi\" \/>\n\t<meta name=\"twitter:data1\" content=\"1 dakika\" \/>\n<script type=\"application\/ld+json\" class=\"yoast-schema-graph\">{\"@context\":\"https:\\\/\\\/schema.org\",\"@graph\":[{\"@type\":\"WebPage\",\"@id\":\"https:\\\/\\\/sunclimbing.com\\\/specials\\\/\",\"url\":\"https:\\\/\\\/sunclimbing.com\\\/specials\\\/\",\"name\":\"Climbing specials - Sunclimbing\",\"isPartOf\":{\"@id\":\"https:\\\/\\\/sunclimbing.com\\\/#website\"},\"primaryImageOfPage\":{\"@id\":\"https:\\\/\\\/sunclimbing.com\\\/specials\\\/#primaryimage\"},\"image\":{\"@id\":\"https:\\\/\\\/sunclimbing.com\\\/specials\\\/#primaryimage\"},\"thumbnailUrl\":\"https:\\\/\\\/sunclimbing.com\\\/wp-content\\\/uploads\\\/2023\\\/06\\\/Coastal-climbing-edited.jpg\",\"datePublished\":\"2023-05-27T19:47:39+00:00\",\"dateModified\":\"2025-11-19T15:00:40+00:00\",\"breadcrumb\":{\"@id\":\"https:\\\/\\\/sunclimbing.com\\\/specials\\\/#breadcrumb\"},\"inLanguage\":\"tr\",\"potentialAction\":[{\"@type\":\"ReadAction\",\"target\":[\"https:\\\/\\\/sunclimbing.com\\\/specials\\\/\"]}]},{\"@type\":\"ImageObject\",\"inLanguage\":\"tr\",\"@id\":\"https:\\\/\\\/sunclimbing.com\\\/specials\\\/#primaryimage\",\"url\":\"https:\\\/\\\/sunclimbing.com\\\/wp-content\\\/uploads\\\/2023\\\/06\\\/Coastal-climbing-edited.jpg\",\"contentUrl\":\"https:\\\/\\\/sunclimbing.com\\\/wp-content\\\/uploads\\\/2023\\\/06\\\/Coastal-climbing-edited.jpg\",\"width\":2160,\"height\":2160},{\"@type\":\"BreadcrumbList\",\"@id\":\"https:\\\/\\\/sunclimbing.com\\\/specials\\\/#breadcrumb\",\"itemListElement\":[{\"@type\":\"ListItem\",\"position\":1,\"name\":\"Home\",\"item\":\"https:\\\/\\\/sunclimbing.com\\\/\"},{\"@type\":\"ListItem\",\"position\":2,\"name\":\"Climbing specials\"}]},{\"@type\":\"WebSite\",\"@id\":\"https:\\\/\\\/sunclimbing.com\\\/#website\",\"url\":\"https:\\\/\\\/sunclimbing.com\\\/\",\"name\":\"Sunclimbing\",\"description\":\"\",\"publisher\":{\"@id\":\"https:\\\/\\\/sunclimbing.com\\\/#organization\"},\"potentialAction\":[{\"@type\":\"SearchAction\",\"target\":{\"@type\":\"EntryPoint\",\"urlTemplate\":\"https:\\\/\\\/sunclimbing.com\\\/?s={search_term_string}\"},\"query-input\":{\"@type\":\"PropertyValueSpecification\",\"valueRequired\":true,\"valueName\":\"search_term_string\"}}],\"inLanguage\":\"tr\"},{\"@type\":\"Organization\",\"@id\":\"https:\\\/\\\/sunclimbing.com\\\/#organization\",\"name\":\"Sunclimbing\",\"url\":\"https:\\\/\\\/sunclimbing.com\\\/\",\"logo\":{\"@type\":\"ImageObject\",\"inLanguage\":\"tr\",\"@id\":\"https:\\\/\\\/sunclimbing.com\\\/#\\\/schema\\\/logo\\\/image\\\/\",\"url\":\"https:\\\/\\\/sunclimbing.com\\\/wp-content\\\/uploads\\\/2023\\\/06\\\/sunclimbing_logo.png\",\"contentUrl\":\"https:\\\/\\\/sunclimbing.com\\\/wp-content\\\/uploads\\\/2023\\\/06\\\/sunclimbing_logo.png\",\"width\":495,\"height\":108,\"caption\":\"Sunclimbing\"},\"image\":{\"@id\":\"https:\\\/\\\/sunclimbing.com\\\/#\\\/schema\\\/logo\\\/image\\\/\"}}]}<\/script>\n<!-- \/ Yoast SEO plugin. -->","yoast_head_json":{"title":"Climbing specials - Sunclimbing","robots":{"index":"index","follow":"follow","max-snippet":"max-snippet:-1","max-image-preview":"max-image-preview:large","max-video-preview":"max-video-preview:-1"},"canonical":"https:\/\/sunclimbing.com\/tr\/specials\/","og_locale":"tr_TR","og_type":"article","og_title":"Climbing specials - Sunclimbing","og_description":"CONTENTS","og_url":"https:\/\/sunclimbing.com\/tr\/specials\/","og_site_name":"Sunclimbing","article_modified_time":"2025-11-19T15:00:40+00:00","og_image":[{"width":2160,"height":2160,"url":"https:\/\/sunclimbing.com\/wp-content\/uploads\/2023\/06\/Coastal-climbing-edited.jpg","type":"image\/jpeg"}],"twitter_card":"summary_large_image","twitter_misc":{"Tahmini okuma s\u00fcresi":"1 dakika"},"schema":{"@context":"https:\/\/schema.org","@graph":[{"@type":"WebPage","@id":"https:\/\/sunclimbing.com\/specials\/","url":"https:\/\/sunclimbing.com\/specials\/","name":"Climbing specials - Sunclimbing","isPartOf":{"@id":"https:\/\/sunclimbing.com\/#website"},"primaryImageOfPage":{"@id":"https:\/\/sunclimbing.com\/specials\/#primaryimage"},"image":{"@id":"https:\/\/sunclimbing.com\/specials\/#primaryimage"},"thumbnailUrl":"https:\/\/sunclimbing.com\/wp-content\/uploads\/2023\/06\/Coastal-climbing-edited.jpg","datePublished":"2023-05-27T19:47:39+00:00","dateModified":"2025-11-19T15:00:40+00:00","breadcrumb":{"@id":"https:\/\/sunclimbing.com\/specials\/#breadcrumb"},"inLanguage":"tr","potentialAction":[{"@type":"ReadAction","target":["https:\/\/sunclimbing.com\/specials\/"]}]},{"@type":"ImageObject","inLanguage":"tr","@id":"https:\/\/sunclimbing.com\/specials\/#primaryimage","url":"https:\/\/sunclimbing.com\/wp-content\/uploads\/2023\/06\/Coastal-climbing-edited.jpg","contentUrl":"https:\/\/sunclimbing.com\/wp-content\/uploads\/2023\/06\/Coastal-climbing-edited.jpg","width":2160,"height":2160},{"@type":"BreadcrumbList","@id":"https:\/\/sunclimbing.com\/specials\/#breadcrumb","itemListElement":[{"@type":"ListItem","position":1,"name":"Home","item":"https:\/\/sunclimbing.com\/"},{"@type":"ListItem","position":2,"name":"Climbing specials"}]},{"@type":"WebSite","@id":"https:\/\/sunclimbing.com\/#website","url":"https:\/\/sunclimbing.com\/","name":"Sunclimbing","description":"","publisher":{"@id":"https:\/\/sunclimbing.com\/#organization"},"potentialAction":[{"@type":"SearchAction","target":{"@type":"EntryPoint","urlTemplate":"https:\/\/sunclimbing.com\/?s={search_term_string}"},"query-input":{"@type":"PropertyValueSpecification","valueRequired":true,"valueName":"search_term_string"}}],"inLanguage":"tr"},{"@type":"Organization","@id":"https:\/\/sunclimbing.com\/#organization","name":"Sunclimbing","url":"https:\/\/sunclimbing.com\/","logo":{"@type":"ImageObject","inLanguage":"tr","@id":"https:\/\/sunclimbing.com\/#\/schema\/logo\/image\/","url":"https:\/\/sunclimbing.com\/wp-content\/uploads\/2023\/06\/sunclimbing_logo.png","contentUrl":"https:\/\/sunclimbing.com\/wp-content\/uploads\/2023\/06\/sunclimbing_logo.png","width":495,"height":108,"caption":"Sunclimbing"},"image":{"@id":"https:\/\/sunclimbing.com\/#\/schema\/logo\/image\/"}}]}},"_links":{"self":[{"href":"https:\/\/sunclimbing.com\/tr\/wp-json\/wp\/v2\/pages\/976","targetHints":{"allow":["GET"]}}],"collection":[{"href":"https:\/\/sunclimbing.com\/tr\/wp-json\/wp\/v2\/pages"}],"about":[{"href":"https:\/\/sunclimbing.com\/tr\/wp-json\/wp\/v2\/types\/page"}],"author":[{"embeddable":true,"href":"https:\/\/sunclimbing.com\/tr\/wp-json\/wp\/v2\/users\/6"}],"replies":[{"embeddable":true,"href":"https:\/\/sunclimbing.com\/tr\/wp-json\/wp\/v2\/comments?post=976"}],"version-history":[{"count":42,"href":"https:\/\/sunclimbing.com\/tr\/wp-json\/wp\/v2\/pages\/976\/revisions"}],"predecessor-version":[{"id":4815,"href":"https:\/\/sunclimbing.com\/tr\/wp-json\/wp\/v2\/pages\/976\/revisions\/4815"}],"wp:featuredmedia":[{"embeddable":true,"href":"https:\/\/sunclimbing.com\/tr\/wp-json\/wp\/v2\/media\/2130"}],"wp:attachment":[{"href":"https:\/\/sunclimbing.com\/tr\/wp-json\/wp\/v2\/media?parent=976"}],"curies":[{"name":"wp","href":"https:\/\/api.w.org\/{rel}","templated":true}]}}