{"id":829,"date":"2023-05-26T08:26:36","date_gmt":"2023-05-26T08:26:36","guid":{"rendered":"https:\/\/sunclimbing.wtp\/?page_id=829"},"modified":"2024-04-29T13:20:42","modified_gmt":"2024-04-29T10:20:42","slug":"alpine-club","status":"publish","type":"page","link":"https:\/\/sunclimbing.com\/tr\/alpine-club\/","title":{"rendered":"Avusturya Alpin Kul\u00fcb\u00fc"},"content":{"rendered":"<div class=\"wp-block-cover has-parallax\" style=\"padding-top:0;padding-right:0;padding-bottom:0;padding-left:0\"><span aria-hidden=\"true\" class=\"wp-block-cover__background has-background-dim\" style=\"background-color:#61626d\"><\/span><div class=\"wp-block-cover__image-background wp-image-453 has-parallax\" style=\"background-position:50% 50%;background-image:url(https:\/\/sunclimbing.com\/wp-content\/uploads\/2023\/05\/pexels-tobias-aeppli-1609512-scaled-1.jpg);\"><\/div><div class=\"wp-block-cover__inner-container is-layout-flow wp-block-cover-is-layout-flow\">\n<div class=\"wp-block-group has-base-color has-text-color has-link-color wp-elements-276a3ca730956ff2abbfa52d76db6985 has-global-padding is-layout-constrained wp-container-core-group-is-layout-19fb5d42 wp-block-group-is-layout-constrained\" style=\"padding-top:var(--wp--preset--spacing--40);padding-right:var(--wp--preset--spacing--40);padding-bottom:var(--wp--preset--spacing--80);padding-left:var(--wp--preset--spacing--40)\">\n<div class=\"wp-block-columns is-layout-flex wp-container-core-columns-is-layout-292d80c2 wp-block-columns-is-layout-flex\" style=\"padding-right:0;padding-bottom:var(--wp--preset--spacing--60);padding-left:0\">\n<div class=\"wp-block-column is-layout-flow wp-block-column-is-layout-flow\" style=\"flex-basis:66.66%\">\n<h2 class=\"wp-block-heading has-tertiary-color has-text-color\">Kul\u00fcbe kat\u0131l\u0131n<\/h2>\n\n\n\n<h3 class=\"wp-block-heading\" style=\"margin-top:0;margin-right:0;margin-bottom:0;margin-left:0\">Avusturya Alpin Kul\u00fcb\u00fc Geyikbay\u0131r\u0131 B\u00f6lgesi<\/h3>\n<\/div>\n\n\n\n<div class=\"wp-block-column is-layout-flow wp-block-column-is-layout-flow\" style=\"flex-basis:33.33%\">\n<figure class=\"wp-block-image size-large\"><img loading=\"lazy\" decoding=\"async\" width=\"1024\" height=\"425\" src=\"https:\/\/sunclimbing.com\/wp-content\/uploads\/2023\/05\/AV_vorarlberg_4c_pos_frame-1-1024x425.jpg\" alt=\"\" class=\"wp-image-575\" srcset=\"https:\/\/sunclimbing.com\/wp-content\/uploads\/2023\/05\/AV_vorarlberg_4c_pos_frame-1-1024x425.jpg 1024w, https:\/\/sunclimbing.com\/wp-content\/uploads\/2023\/05\/AV_vorarlberg_4c_pos_frame-1-300x125.jpg 300w, https:\/\/sunclimbing.com\/wp-content\/uploads\/2023\/05\/AV_vorarlberg_4c_pos_frame-1-768x319.jpg 768w, https:\/\/sunclimbing.com\/wp-content\/uploads\/2023\/05\/AV_vorarlberg_4c_pos_frame-1.jpg 1330w\" sizes=\"auto, (max-width: 1024px) 100vw, 1024px\" \/><\/figure>\n<\/div>\n<\/div>\n\n\n\n<p>Sunclimbing, Eyl\u00fcl 2023'ten bu yana Avusturya Alpin Kul\u00fcb\u00fc (\u00d6sterreichischer Alpenverein, \u00d6AV) Geyikbay\u0131r\u0131 B\u00f6lgesi'ne ev sahipli\u011fi yapmaktad\u0131r.<\/p>\n\n\n\n<p>\u00d6sterreichischer Alpenverein (\u00d6AV) b\u00fcy\u00fck ve k\u00f6kl\u00fc bir da\u011fc\u0131l\u0131k kul\u00fcb\u00fcd\u00fcr. 150 y\u0131l\u0131 a\u015fk\u0131n tarihi, 573.000'den fazla \u00fcyesi ve \u00e7ok say\u0131da bran\u015f ve faaliyeti i\u00e7eren yap\u0131s\u0131yla Avusturya'da ve \u00f6tesinde \u00f6nemli, etkili ve sosyal a\u00e7\u0131dan aktif bir kurum haline gelmi\u015ftir.<\/p>\n\n\n\n<div class=\"wp-block-columns is-layout-flex wp-container-core-columns-is-layout-d7d455e7 wp-block-columns-is-layout-flex\" style=\"padding-top:0;padding-right:0;padding-bottom:0;padding-left:0\">\n<div class=\"wp-block-column is-layout-flow wp-block-column-is-layout-flow\" style=\"padding-top:0;padding-right:0;padding-bottom:0;padding-left:0;flex-basis:33%\">\n<p><strong>\u00dcyelik Avantajlar\u0131<\/strong><\/p>\n\n\n\n<p>Geyikbay\u0131r\u0131'nda veya \u00e7evresinde bir t\u0131rman\u0131c\u0131 (hatta da\u011fc\u0131, y\u00fcr\u00fcy\u00fc\u015f\u00e7\u00fc veya da\u011f bisiklet\u00e7isi) olarak, yeni kurulan bu b\u00f6l\u00fcm sizin i\u00e7in \u00e7e\u015fitli avantajlar sunmaktad\u0131r:<\/p>\n\n\n\n<ul class=\"wp-block-list\">\n<li>D\u00fcnya \u00e7ap\u0131nda sigorta<\/li>\n\n\n\n<li>T\u0131rman\u0131c\u0131lar ve da\u011fc\u0131lar i\u00e7in kurslar<\/li>\n\n\n\n<li>T\u0131rman\u0131\u015f kurslar\u0131 i\u00e7in indirimli fiyatlar<\/li>\n\n\n\n<li>Avusturya, Almanya, \u0130svi\u00e7re, Lihten\u015ftayn, \u0130talya, Slovenya, Fransa ve \u0130spanya'daki da\u011f kul\u00fcbelerinde indirimli fiyatlar<\/li>\n<\/ul>\n\n\n\n<div class=\"wp-block-buttons is-layout-flex wp-block-buttons-is-layout-flex\">\n<div class=\"wp-block-button\"><a class=\"wp-block-button__link wp-element-button\" href=\"https:\/\/sunclimbing.com\/wp-content\/uploads\/2023\/06\/AV-Vorteile-Folder_2022_E_blaetter.pdf\" target=\"_blank\" rel=\"noreferrer noopener\">\u00dcyelik Bilgi Klas\u00f6r\u00fcn\u00fc \u0130ndirin<\/a><\/div>\n<\/div>\n<\/div>\n\n\n\n<div class=\"wp-block-column is-layout-flow wp-block-column-is-layout-flow\" style=\"flex-basis:33%\">\n<p><strong>\u00d6AV D\u00fcnya \u00c7ap\u0131nda Hizmet<\/strong><\/p>\n\n\n\n<p>\u00d6AV D\u00fcnya \u00c7ap\u0131nda Hizmet (Alpenverein Weltweit Service, AWS), Avusturya Alpin Kul\u00fcb\u00fc'n\u00fcn t\u00fcm \u00fcyeleri i\u00e7in etkinlikleri s\u0131ras\u0131nda herhangi bir kaza durumunda kurtarma i\u00e7in sigorta teminat\u0131 sa\u011flar. \u00dclkeye geri d\u00f6n\u00fc\u015f ve t\u0131bbi tedaviye ili\u015fkin hizmetler i\u00e7in yurtd\u0131\u015f\u0131nda koruma, tatil ve i\u015f kazalar\u0131n\u0131n yan\u0131 s\u0131ra hastal\u0131klar\u0131 da kapsar. Alpenverein Weltweit Hizmeti, Avrupa ile s\u0131n\u0131rl\u0131 olan \u00fc\u00e7\u00fcnc\u00fc taraf sorumluluk ve ceza hukuku sigortas\u0131 haricinde t\u00fcm d\u00fcnyada ge\u00e7erlidir. Alpenverein Weltweit Hizmetinin sigortac\u0131s\u0131 Generali Versicherung AG'dir.<\/p>\n\n\n\n<div class=\"wp-block-buttons is-layout-flex wp-block-buttons-is-layout-flex\">\n<div class=\"wp-block-button\"><a class=\"wp-block-button__link wp-element-button\" href=\"https:\/\/sunclimbing.com\/wp-content\/uploads\/2023\/05\/AWS_Folder_E_2023.pdf\" target=\"_blank\" rel=\"noreferrer noopener\">Sigorta Bilgi Klas\u00f6r\u00fcn\u00fc \u0130ndirin<\/a><\/div>\n<\/div>\n<\/div>\n\n\n\n<div class=\"wp-block-column is-layout-flow wp-block-column-is-layout-flow\" style=\"flex-basis:33%\">\n<p><strong>Daha fazla bilgi ve ileti\u015fim i\u00e7in:<\/strong><\/p>\n\n\n\n<p><a href=\"mailto:magx@sunclimbing.com\">magx@sunclimbing.com<\/a><br><a href=\"tel:+905358115683\">(+90) 5358115683<\/a><\/p>\n<\/div>\n<\/div>\n<\/div>\n<\/div><\/div>","protected":false},"excerpt":{"rendered":"","protected":false},"author":1,"featured_media":453,"parent":0,"menu_order":0,"comment_status":"closed","ping_status":"closed","template":"","meta":{"footnotes":""},"class_list":["post-829","page","type-page","status-publish","has-post-thumbnail","hentry"],"yoast_head":"<!-- This site is optimized with the Yoast SEO plugin v27.3 - https:\/\/yoast.com\/product\/yoast-seo-wordpress\/ -->\n<title>Austrian Alpine Club - Sunclimbing<\/title>\n<meta name=\"robots\" content=\"index, follow, max-snippet:-1, max-image-preview:large, max-video-preview:-1\" \/>\n<link rel=\"canonical\" href=\"https:\/\/sunclimbing.com\/tr\/alpine-club\/\" \/>\n<meta property=\"og:locale\" content=\"tr_TR\" \/>\n<meta property=\"og:type\" content=\"article\" \/>\n<meta property=\"og:title\" content=\"Austrian Alpine Club - Sunclimbing\" \/>\n<meta property=\"og:url\" content=\"https:\/\/sunclimbing.com\/tr\/alpine-club\/\" \/>\n<meta property=\"og:site_name\" content=\"Sunclimbing\" \/>\n<meta property=\"article:modified_time\" content=\"2024-04-29T10:20:42+00:00\" \/>\n<meta property=\"og:image\" content=\"https:\/\/sunclimbing.com\/wp-content\/uploads\/2023\/05\/pexels-tobias-aeppli-1609512-scaled-1.jpg\" \/>\n\t<meta property=\"og:image:width\" content=\"2560\" \/>\n\t<meta property=\"og:image:height\" content=\"1920\" \/>\n\t<meta property=\"og:image:type\" content=\"image\/jpeg\" \/>\n<meta name=\"twitter:card\" content=\"summary_large_image\" \/>\n<meta name=\"twitter:label1\" content=\"Tahmini okuma s\u00fcresi\" \/>\n\t<meta name=\"twitter:data1\" content=\"2 dakika\" \/>\n<script type=\"application\/ld+json\" class=\"yoast-schema-graph\">{\"@context\":\"https:\\\/\\\/schema.org\",\"@graph\":[{\"@type\":\"WebPage\",\"@id\":\"https:\\\/\\\/sunclimbing.com\\\/alpine-club\\\/\",\"url\":\"https:\\\/\\\/sunclimbing.com\\\/alpine-club\\\/\",\"name\":\"Austrian Alpine Club - Sunclimbing\",\"isPartOf\":{\"@id\":\"https:\\\/\\\/sunclimbing.com\\\/#website\"},\"primaryImageOfPage\":{\"@id\":\"https:\\\/\\\/sunclimbing.com\\\/alpine-club\\\/#primaryimage\"},\"image\":{\"@id\":\"https:\\\/\\\/sunclimbing.com\\\/alpine-club\\\/#primaryimage\"},\"thumbnailUrl\":\"https:\\\/\\\/sunclimbing.com\\\/wp-content\\\/uploads\\\/2023\\\/05\\\/pexels-tobias-aeppli-1609512-scaled-1.jpg\",\"datePublished\":\"2023-05-26T08:26:36+00:00\",\"dateModified\":\"2024-04-29T10:20:42+00:00\",\"breadcrumb\":{\"@id\":\"https:\\\/\\\/sunclimbing.com\\\/alpine-club\\\/#breadcrumb\"},\"inLanguage\":\"tr\",\"potentialAction\":[{\"@type\":\"ReadAction\",\"target\":[\"https:\\\/\\\/sunclimbing.com\\\/alpine-club\\\/\"]}]},{\"@type\":\"ImageObject\",\"inLanguage\":\"tr\",\"@id\":\"https:\\\/\\\/sunclimbing.com\\\/alpine-club\\\/#primaryimage\",\"url\":\"https:\\\/\\\/sunclimbing.com\\\/wp-content\\\/uploads\\\/2023\\\/05\\\/pexels-tobias-aeppli-1609512-scaled-1.jpg\",\"contentUrl\":\"https:\\\/\\\/sunclimbing.com\\\/wp-content\\\/uploads\\\/2023\\\/05\\\/pexels-tobias-aeppli-1609512-scaled-1.jpg\",\"width\":2560,\"height\":1920},{\"@type\":\"BreadcrumbList\",\"@id\":\"https:\\\/\\\/sunclimbing.com\\\/alpine-club\\\/#breadcrumb\",\"itemListElement\":[{\"@type\":\"ListItem\",\"position\":1,\"name\":\"Home\",\"item\":\"https:\\\/\\\/sunclimbing.com\\\/\"},{\"@type\":\"ListItem\",\"position\":2,\"name\":\"Austrian Alpine Club\"}]},{\"@type\":\"WebSite\",\"@id\":\"https:\\\/\\\/sunclimbing.com\\\/#website\",\"url\":\"https:\\\/\\\/sunclimbing.com\\\/\",\"name\":\"Sunclimbing\",\"description\":\"\",\"publisher\":{\"@id\":\"https:\\\/\\\/sunclimbing.com\\\/#organization\"},\"potentialAction\":[{\"@type\":\"SearchAction\",\"target\":{\"@type\":\"EntryPoint\",\"urlTemplate\":\"https:\\\/\\\/sunclimbing.com\\\/?s={search_term_string}\"},\"query-input\":{\"@type\":\"PropertyValueSpecification\",\"valueRequired\":true,\"valueName\":\"search_term_string\"}}],\"inLanguage\":\"tr\"},{\"@type\":\"Organization\",\"@id\":\"https:\\\/\\\/sunclimbing.com\\\/#organization\",\"name\":\"Sunclimbing\",\"url\":\"https:\\\/\\\/sunclimbing.com\\\/\",\"logo\":{\"@type\":\"ImageObject\",\"inLanguage\":\"tr\",\"@id\":\"https:\\\/\\\/sunclimbing.com\\\/#\\\/schema\\\/logo\\\/image\\\/\",\"url\":\"https:\\\/\\\/sunclimbing.com\\\/wp-content\\\/uploads\\\/2023\\\/06\\\/sunclimbing_logo.png\",\"contentUrl\":\"https:\\\/\\\/sunclimbing.com\\\/wp-content\\\/uploads\\\/2023\\\/06\\\/sunclimbing_logo.png\",\"width\":495,\"height\":108,\"caption\":\"Sunclimbing\"},\"image\":{\"@id\":\"https:\\\/\\\/sunclimbing.com\\\/#\\\/schema\\\/logo\\\/image\\\/\"}}]}<\/script>\n<!-- \/ Yoast SEO plugin. -->","yoast_head_json":{"title":"Austrian Alpine Club - Sunclimbing","robots":{"index":"index","follow":"follow","max-snippet":"max-snippet:-1","max-image-preview":"max-image-preview:large","max-video-preview":"max-video-preview:-1"},"canonical":"https:\/\/sunclimbing.com\/tr\/alpine-club\/","og_locale":"tr_TR","og_type":"article","og_title":"Austrian Alpine Club - Sunclimbing","og_url":"https:\/\/sunclimbing.com\/tr\/alpine-club\/","og_site_name":"Sunclimbing","article_modified_time":"2024-04-29T10:20:42+00:00","og_image":[{"width":2560,"height":1920,"url":"https:\/\/sunclimbing.com\/wp-content\/uploads\/2023\/05\/pexels-tobias-aeppli-1609512-scaled-1.jpg","type":"image\/jpeg"}],"twitter_card":"summary_large_image","twitter_misc":{"Tahmini okuma s\u00fcresi":"2 dakika"},"schema":{"@context":"https:\/\/schema.org","@graph":[{"@type":"WebPage","@id":"https:\/\/sunclimbing.com\/alpine-club\/","url":"https:\/\/sunclimbing.com\/alpine-club\/","name":"Austrian Alpine Club - Sunclimbing","isPartOf":{"@id":"https:\/\/sunclimbing.com\/#website"},"primaryImageOfPage":{"@id":"https:\/\/sunclimbing.com\/alpine-club\/#primaryimage"},"image":{"@id":"https:\/\/sunclimbing.com\/alpine-club\/#primaryimage"},"thumbnailUrl":"https:\/\/sunclimbing.com\/wp-content\/uploads\/2023\/05\/pexels-tobias-aeppli-1609512-scaled-1.jpg","datePublished":"2023-05-26T08:26:36+00:00","dateModified":"2024-04-29T10:20:42+00:00","breadcrumb":{"@id":"https:\/\/sunclimbing.com\/alpine-club\/#breadcrumb"},"inLanguage":"tr","potentialAction":[{"@type":"ReadAction","target":["https:\/\/sunclimbing.com\/alpine-club\/"]}]},{"@type":"ImageObject","inLanguage":"tr","@id":"https:\/\/sunclimbing.com\/alpine-club\/#primaryimage","url":"https:\/\/sunclimbing.com\/wp-content\/uploads\/2023\/05\/pexels-tobias-aeppli-1609512-scaled-1.jpg","contentUrl":"https:\/\/sunclimbing.com\/wp-content\/uploads\/2023\/05\/pexels-tobias-aeppli-1609512-scaled-1.jpg","width":2560,"height":1920},{"@type":"BreadcrumbList","@id":"https:\/\/sunclimbing.com\/alpine-club\/#breadcrumb","itemListElement":[{"@type":"ListItem","position":1,"name":"Home","item":"https:\/\/sunclimbing.com\/"},{"@type":"ListItem","position":2,"name":"Austrian Alpine Club"}]},{"@type":"WebSite","@id":"https:\/\/sunclimbing.com\/#website","url":"https:\/\/sunclimbing.com\/","name":"Sunclimbing","description":"","publisher":{"@id":"https:\/\/sunclimbing.com\/#organization"},"potentialAction":[{"@type":"SearchAction","target":{"@type":"EntryPoint","urlTemplate":"https:\/\/sunclimbing.com\/?s={search_term_string}"},"query-input":{"@type":"PropertyValueSpecification","valueRequired":true,"valueName":"search_term_string"}}],"inLanguage":"tr"},{"@type":"Organization","@id":"https:\/\/sunclimbing.com\/#organization","name":"Sunclimbing","url":"https:\/\/sunclimbing.com\/","logo":{"@type":"ImageObject","inLanguage":"tr","@id":"https:\/\/sunclimbing.com\/#\/schema\/logo\/image\/","url":"https:\/\/sunclimbing.com\/wp-content\/uploads\/2023\/06\/sunclimbing_logo.png","contentUrl":"https:\/\/sunclimbing.com\/wp-content\/uploads\/2023\/06\/sunclimbing_logo.png","width":495,"height":108,"caption":"Sunclimbing"},"image":{"@id":"https:\/\/sunclimbing.com\/#\/schema\/logo\/image\/"}}]}},"_links":{"self":[{"href":"https:\/\/sunclimbing.com\/tr\/wp-json\/wp\/v2\/pages\/829","targetHints":{"allow":["GET"]}}],"collection":[{"href":"https:\/\/sunclimbing.com\/tr\/wp-json\/wp\/v2\/pages"}],"about":[{"href":"https:\/\/sunclimbing.com\/tr\/wp-json\/wp\/v2\/types\/page"}],"author":[{"embeddable":true,"href":"https:\/\/sunclimbing.com\/tr\/wp-json\/wp\/v2\/users\/1"}],"replies":[{"embeddable":true,"href":"https:\/\/sunclimbing.com\/tr\/wp-json\/wp\/v2\/comments?post=829"}],"version-history":[{"count":3,"href":"https:\/\/sunclimbing.com\/tr\/wp-json\/wp\/v2\/pages\/829\/revisions"}],"predecessor-version":[{"id":3976,"href":"https:\/\/sunclimbing.com\/tr\/wp-json\/wp\/v2\/pages\/829\/revisions\/3976"}],"wp:featuredmedia":[{"embeddable":true,"href":"https:\/\/sunclimbing.com\/tr\/wp-json\/wp\/v2\/media\/453"}],"wp:attachment":[{"href":"https:\/\/sunclimbing.com\/tr\/wp-json\/wp\/v2\/media?parent=829"}],"curies":[{"name":"wp","href":"https:\/\/api.w.org\/{rel}","templated":true}]}}