{"id":4346,"date":"2024-06-11T16:50:16","date_gmt":"2024-06-11T13:50:16","guid":{"rendered":"https:\/\/sunclimbing.com\/?page_id=4346"},"modified":"2024-06-11T16:50:17","modified_gmt":"2024-06-11T13:50:17","slug":"zeliha-el-athletes","status":"publish","type":"page","link":"https:\/\/sunclimbing.com\/tr\/sponsored-athletes\/zeliha-el-athletes\/","title":{"rendered":"Zeliha El &#8211; Athletes"},"content":{"rendered":"<div class=\"wp-block-columns is-layout-flex wp-container-core-columns-is-layout-059203fb wp-block-columns-is-layout-flex\" style=\"padding-top:var(--wp--preset--spacing--60);padding-right:var(--wp--preset--spacing--60);padding-bottom:var(--wp--preset--spacing--60);padding-left:var(--wp--preset--spacing--60)\">\n<div class=\"wp-block-column is-vertically-aligned-center is-layout-flow wp-block-column-is-layout-flow\" style=\"flex-basis:33.33%\">\n<figure class=\"wp-block-image size-full is-style-rounded\"><img loading=\"lazy\" decoding=\"async\" width=\"750\" height=\"750\" src=\"https:\/\/sunclimbing.com\/wp-content\/uploads\/2024\/06\/cc8ae88f-118e-4a37-94fe-fdac7fe7cd07-edited.jpg\" alt=\"\" class=\"wp-image-4348\" srcset=\"https:\/\/sunclimbing.com\/wp-content\/uploads\/2024\/06\/cc8ae88f-118e-4a37-94fe-fdac7fe7cd07-edited.jpg 750w, https:\/\/sunclimbing.com\/wp-content\/uploads\/2024\/06\/cc8ae88f-118e-4a37-94fe-fdac7fe7cd07-edited-300x300.jpg 300w, https:\/\/sunclimbing.com\/wp-content\/uploads\/2024\/06\/cc8ae88f-118e-4a37-94fe-fdac7fe7cd07-edited-150x150.jpg 150w, https:\/\/sunclimbing.com\/wp-content\/uploads\/2024\/06\/cc8ae88f-118e-4a37-94fe-fdac7fe7cd07-edited-12x12.jpg 12w\" sizes=\"auto, (max-width: 750px) 100vw, 750px\" \/><\/figure>\n<\/div>\n\n\n\n<div class=\"wp-block-column is-vertically-aligned-center is-layout-flow wp-block-column-is-layout-flow\" style=\"flex-basis:66.66%\">\n<h1 class=\"wp-block-heading\">Zeliha El<\/h1>\n\n\n\n<p>National Climbing Athlete &#8211; Born 2005<\/p>\n\n\n\n<p>I\u2019m Zeliha I am a first year student at Akdeniz University. I have been interested in sports climbing and mountaineering for 8 years. I have been in the national climbing team of the Turkish Mountaineering Federation professionally for 3 years.<\/p>\n\n\n\n<p><strong>Rock Climbing Grade<\/strong><\/p>\n\n\n\n<p>Maximum Grade on Rock Climbing : IX (5.12d, 7c)<\/p>\n\n\n\n<p>Routes: 5 time at (Alada\u011flar, Kaz\u0131kl\u0131 Ali)<\/p>\n\n\n\n<p><strong>Competition Scores International<\/strong><\/p>\n\n\n\n<ul class=\"wp-block-list\">\n<li>24th Place in Europe, 2023 Europe Youth Cup Sport Climbing, France<\/li>\n\n\n\n<li>28th Place in Europe, 2023 Europe Youth Cup Sport Climbing, Austria<\/li>\n\n\n\n<li>43rd Place in Europe, 2022 IFSC Europe Youth Sport Climbing Championship,\u00a0<\/li>\n\n\n\n<li>39th and 42nd Places in World, 2021 IFSC World Youth Climbing Championship, Russia<\/li>\n<\/ul>\n\n\n\n<p><strong>Competition Scores national<\/strong><\/p>\n\n\n\n<ul class=\"wp-block-list\">\n<li>1st place, Turkiye Youth Sport Climbing Championship 29-1 March 2024, Samsun Sport Climbing Young Woman, Turkish Mountaineering Federation<\/li>\n\n\n\n<li>1st place , Turkiye Youth Boulder Championship 03-04 February 2024, Isparta<br>Sport Climbing Young Woman, Turkish Mountaineering Federation<\/li>\n\n\n\n<li>1st place, Turkiye Youth Sport Climbing Championship 25-26 Mart 2023, Trabzon<br>Sport Climbing Young Woman, Turkish Mountaineering Federation<\/li>\n<\/ul>\n\n\n\n<p>And many more since 2018<\/p>\n\n\n\n<div class=\"wp-block-buttons is-layout-flex wp-block-buttons-is-layout-flex\">\n<div class=\"wp-block-button\"><a class=\"wp-block-button__link wp-element-button\" href=\"https:\/\/sunclimbing.com\/tr\/about-us\/\">See the other athletes<\/a><\/div>\n<\/div>\n<\/div>\n<\/div>\n\n\n\n<figure class=\"wp-block-gallery has-nested-images columns-default is-cropped wp-block-gallery-1 is-layout-flex wp-block-gallery-is-layout-flex\">\n<figure class=\"wp-block-image size-full\"><img loading=\"lazy\" decoding=\"async\" width=\"750\" height=\"930\" data-id=\"4349\" src=\"https:\/\/sunclimbing.com\/wp-content\/uploads\/2024\/06\/56416dd5-8951-4be2-b5b3-c78e3e5a4b45.jpg\" alt=\"\" class=\"wp-image-4349\" srcset=\"https:\/\/sunclimbing.com\/wp-content\/uploads\/2024\/06\/56416dd5-8951-4be2-b5b3-c78e3e5a4b45.jpg 750w, https:\/\/sunclimbing.com\/wp-content\/uploads\/2024\/06\/56416dd5-8951-4be2-b5b3-c78e3e5a4b45-242x300.jpg 242w, https:\/\/sunclimbing.com\/wp-content\/uploads\/2024\/06\/56416dd5-8951-4be2-b5b3-c78e3e5a4b45-10x12.jpg 10w\" sizes=\"auto, (max-width: 750px) 100vw, 750px\" \/><\/figure>\n\n\n\n<figure class=\"wp-block-image size-full\"><img loading=\"lazy\" decoding=\"async\" width=\"750\" height=\"840\" data-id=\"4350\" src=\"https:\/\/sunclimbing.com\/wp-content\/uploads\/2024\/06\/35eedcdd-aa26-4677-8aee-e644a469b29e-1.jpg\" alt=\"\" class=\"wp-image-4350\" srcset=\"https:\/\/sunclimbing.com\/wp-content\/uploads\/2024\/06\/35eedcdd-aa26-4677-8aee-e644a469b29e-1.jpg 750w, https:\/\/sunclimbing.com\/wp-content\/uploads\/2024\/06\/35eedcdd-aa26-4677-8aee-e644a469b29e-1-268x300.jpg 268w, https:\/\/sunclimbing.com\/wp-content\/uploads\/2024\/06\/35eedcdd-aa26-4677-8aee-e644a469b29e-1-11x12.jpg 11w\" sizes=\"auto, (max-width: 750px) 100vw, 750px\" \/><\/figure>\n\n\n\n<figure class=\"wp-block-image size-full\"><img loading=\"lazy\" decoding=\"async\" width=\"750\" height=\"917\" data-id=\"4351\" src=\"https:\/\/sunclimbing.com\/wp-content\/uploads\/2024\/06\/00e95e44-0766-496a-9702-cf4888bf239e.jpg\" alt=\"\" class=\"wp-image-4351\" srcset=\"https:\/\/sunclimbing.com\/wp-content\/uploads\/2024\/06\/00e95e44-0766-496a-9702-cf4888bf239e.jpg 750w, https:\/\/sunclimbing.com\/wp-content\/uploads\/2024\/06\/00e95e44-0766-496a-9702-cf4888bf239e-245x300.jpg 245w, https:\/\/sunclimbing.com\/wp-content\/uploads\/2024\/06\/00e95e44-0766-496a-9702-cf4888bf239e-10x12.jpg 10w\" sizes=\"auto, (max-width: 750px) 100vw, 750px\" \/><\/figure>\n\n\n\n<figure class=\"wp-block-image size-full\"><img loading=\"lazy\" decoding=\"async\" width=\"750\" height=\"491\" data-id=\"4354\" src=\"https:\/\/sunclimbing.com\/wp-content\/uploads\/2024\/06\/5ad7c95e-210a-4a01-8646-998257681845.jpg\" alt=\"\" class=\"wp-image-4354\" srcset=\"https:\/\/sunclimbing.com\/wp-content\/uploads\/2024\/06\/5ad7c95e-210a-4a01-8646-998257681845.jpg 750w, https:\/\/sunclimbing.com\/wp-content\/uploads\/2024\/06\/5ad7c95e-210a-4a01-8646-998257681845-300x196.jpg 300w, https:\/\/sunclimbing.com\/wp-content\/uploads\/2024\/06\/5ad7c95e-210a-4a01-8646-998257681845-18x12.jpg 18w\" sizes=\"auto, (max-width: 750px) 100vw, 750px\" \/><\/figure>\n\n\n\n<figure class=\"wp-block-image size-full\"><img loading=\"lazy\" decoding=\"async\" width=\"750\" height=\"914\" data-id=\"4353\" src=\"https:\/\/sunclimbing.com\/wp-content\/uploads\/2024\/06\/7808cbb7-cb44-44ab-85bc-c6611d9d9f9f.jpg\" alt=\"\" class=\"wp-image-4353\" srcset=\"https:\/\/sunclimbing.com\/wp-content\/uploads\/2024\/06\/7808cbb7-cb44-44ab-85bc-c6611d9d9f9f.jpg 750w, https:\/\/sunclimbing.com\/wp-content\/uploads\/2024\/06\/7808cbb7-cb44-44ab-85bc-c6611d9d9f9f-246x300.jpg 246w, https:\/\/sunclimbing.com\/wp-content\/uploads\/2024\/06\/7808cbb7-cb44-44ab-85bc-c6611d9d9f9f-10x12.jpg 10w\" sizes=\"auto, (max-width: 750px) 100vw, 750px\" \/><\/figure>\n<\/figure>","protected":false},"excerpt":{"rendered":"<p>Zeliha El National Climbing Athlete &#8211; Born 2005 I\u2019m Zeliha I am a first year student at Akdeniz University. I have been interested in sports climbing and mountaineering for 8 years. I have been in the national climbing team of the Turkish Mountaineering Federation professionally for 3 years. Rock Climbing Grade Maximum Grade on Rock [&hellip;]<\/p>\n","protected":false},"author":4,"featured_media":0,"parent":4308,"menu_order":0,"comment_status":"closed","ping_status":"closed","template":"","meta":{"footnotes":""},"class_list":["post-4346","page","type-page","status-publish","hentry"],"yoast_head":"<!-- This site is optimized with the Yoast SEO plugin v27.4 - https:\/\/yoast.com\/product\/yoast-seo-wordpress\/ -->\n<title>Zeliha El - Athletes - Sunclimbing<\/title>\n<meta name=\"robots\" content=\"index, follow, max-snippet:-1, max-image-preview:large, max-video-preview:-1\" \/>\n<link rel=\"canonical\" href=\"https:\/\/sunclimbing.com\/tr\/sponsored-athletes\/zeliha-el-athletes\/\" \/>\n<meta property=\"og:locale\" content=\"tr_TR\" \/>\n<meta property=\"og:type\" content=\"article\" \/>\n<meta property=\"og:title\" content=\"Zeliha El - Athletes - Sunclimbing\" \/>\n<meta property=\"og:description\" content=\"Zeliha El National Climbing Athlete &#8211; Born 2005 I\u2019m Zeliha I am a first year student at Akdeniz University. I have been interested in sports climbing and mountaineering for 8 years. I have been in the national climbing team of the Turkish Mountaineering Federation professionally for 3 years. Rock Climbing Grade Maximum Grade on Rock [&hellip;]\" \/>\n<meta property=\"og:url\" content=\"https:\/\/sunclimbing.com\/tr\/sponsored-athletes\/zeliha-el-athletes\/\" \/>\n<meta property=\"og:site_name\" content=\"Sunclimbing\" \/>\n<meta property=\"article:modified_time\" content=\"2024-06-11T13:50:17+00:00\" \/>\n<meta property=\"og:image\" content=\"https:\/\/sunclimbing.com\/wp-content\/uploads\/2024\/06\/cc8ae88f-118e-4a37-94fe-fdac7fe7cd07-edited.jpg\" \/>\n<meta name=\"twitter:card\" content=\"summary_large_image\" \/>\n<meta name=\"twitter:label1\" content=\"Tahmini okuma s\u00fcresi\" \/>\n\t<meta name=\"twitter:data1\" content=\"2 dakika\" \/>\n<script type=\"application\/ld+json\" class=\"yoast-schema-graph\">{\"@context\":\"https:\\\/\\\/schema.org\",\"@graph\":[{\"@type\":\"WebPage\",\"@id\":\"https:\\\/\\\/sunclimbing.com\\\/sponsored-athletes\\\/zeliha-el-athletes\\\/\",\"url\":\"https:\\\/\\\/sunclimbing.com\\\/sponsored-athletes\\\/zeliha-el-athletes\\\/\",\"name\":\"Zeliha El - Athletes - Sunclimbing\",\"isPartOf\":{\"@id\":\"https:\\\/\\\/sunclimbing.com\\\/#website\"},\"primaryImageOfPage\":{\"@id\":\"https:\\\/\\\/sunclimbing.com\\\/sponsored-athletes\\\/zeliha-el-athletes\\\/#primaryimage\"},\"image\":{\"@id\":\"https:\\\/\\\/sunclimbing.com\\\/sponsored-athletes\\\/zeliha-el-athletes\\\/#primaryimage\"},\"thumbnailUrl\":\"https:\\\/\\\/sunclimbing.com\\\/wp-content\\\/uploads\\\/2024\\\/06\\\/cc8ae88f-118e-4a37-94fe-fdac7fe7cd07-edited.jpg\",\"datePublished\":\"2024-06-11T13:50:16+00:00\",\"dateModified\":\"2024-06-11T13:50:17+00:00\",\"breadcrumb\":{\"@id\":\"https:\\\/\\\/sunclimbing.com\\\/sponsored-athletes\\\/zeliha-el-athletes\\\/#breadcrumb\"},\"inLanguage\":\"tr\",\"potentialAction\":[{\"@type\":\"ReadAction\",\"target\":[\"https:\\\/\\\/sunclimbing.com\\\/sponsored-athletes\\\/zeliha-el-athletes\\\/\"]}]},{\"@type\":\"ImageObject\",\"inLanguage\":\"tr\",\"@id\":\"https:\\\/\\\/sunclimbing.com\\\/sponsored-athletes\\\/zeliha-el-athletes\\\/#primaryimage\",\"url\":\"https:\\\/\\\/sunclimbing.com\\\/wp-content\\\/uploads\\\/2024\\\/06\\\/cc8ae88f-118e-4a37-94fe-fdac7fe7cd07-edited.jpg\",\"contentUrl\":\"https:\\\/\\\/sunclimbing.com\\\/wp-content\\\/uploads\\\/2024\\\/06\\\/cc8ae88f-118e-4a37-94fe-fdac7fe7cd07-edited.jpg\"},{\"@type\":\"BreadcrumbList\",\"@id\":\"https:\\\/\\\/sunclimbing.com\\\/sponsored-athletes\\\/zeliha-el-athletes\\\/#breadcrumb\",\"itemListElement\":[{\"@type\":\"ListItem\",\"position\":1,\"name\":\"Home\",\"item\":\"https:\\\/\\\/sunclimbing.com\\\/\"},{\"@type\":\"ListItem\",\"position\":2,\"name\":\"Sponsored athletes\",\"item\":\"https:\\\/\\\/sunclimbing.com\\\/sponsored-athletes\\\/\"},{\"@type\":\"ListItem\",\"position\":3,\"name\":\"Zeliha El &#8211; Athletes\"}]},{\"@type\":\"WebSite\",\"@id\":\"https:\\\/\\\/sunclimbing.com\\\/#website\",\"url\":\"https:\\\/\\\/sunclimbing.com\\\/\",\"name\":\"Sunclimbing\",\"description\":\"\",\"publisher\":{\"@id\":\"https:\\\/\\\/sunclimbing.com\\\/#organization\"},\"potentialAction\":[{\"@type\":\"SearchAction\",\"target\":{\"@type\":\"EntryPoint\",\"urlTemplate\":\"https:\\\/\\\/sunclimbing.com\\\/?s={search_term_string}\"},\"query-input\":{\"@type\":\"PropertyValueSpecification\",\"valueRequired\":true,\"valueName\":\"search_term_string\"}}],\"inLanguage\":\"tr\"},{\"@type\":\"Organization\",\"@id\":\"https:\\\/\\\/sunclimbing.com\\\/#organization\",\"name\":\"Sunclimbing\",\"url\":\"https:\\\/\\\/sunclimbing.com\\\/\",\"logo\":{\"@type\":\"ImageObject\",\"inLanguage\":\"tr\",\"@id\":\"https:\\\/\\\/sunclimbing.com\\\/#\\\/schema\\\/logo\\\/image\\\/\",\"url\":\"https:\\\/\\\/sunclimbing.com\\\/wp-content\\\/uploads\\\/2023\\\/06\\\/sunclimbing_logo.png\",\"contentUrl\":\"https:\\\/\\\/sunclimbing.com\\\/wp-content\\\/uploads\\\/2023\\\/06\\\/sunclimbing_logo.png\",\"width\":495,\"height\":108,\"caption\":\"Sunclimbing\"},\"image\":{\"@id\":\"https:\\\/\\\/sunclimbing.com\\\/#\\\/schema\\\/logo\\\/image\\\/\"}}]}<\/script>\n<!-- \/ Yoast SEO plugin. -->","yoast_head_json":{"title":"Zeliha El - Athletes - Sunclimbing","robots":{"index":"index","follow":"follow","max-snippet":"max-snippet:-1","max-image-preview":"max-image-preview:large","max-video-preview":"max-video-preview:-1"},"canonical":"https:\/\/sunclimbing.com\/tr\/sponsored-athletes\/zeliha-el-athletes\/","og_locale":"tr_TR","og_type":"article","og_title":"Zeliha El - Athletes - Sunclimbing","og_description":"Zeliha El National Climbing Athlete &#8211; Born 2005 I\u2019m Zeliha I am a first year student at Akdeniz University. I have been interested in sports climbing and mountaineering for 8 years. I have been in the national climbing team of the Turkish Mountaineering Federation professionally for 3 years. Rock Climbing Grade Maximum Grade on Rock [&hellip;]","og_url":"https:\/\/sunclimbing.com\/tr\/sponsored-athletes\/zeliha-el-athletes\/","og_site_name":"Sunclimbing","article_modified_time":"2024-06-11T13:50:17+00:00","og_image":[{"url":"https:\/\/sunclimbing.com\/wp-content\/uploads\/2024\/06\/cc8ae88f-118e-4a37-94fe-fdac7fe7cd07-edited.jpg","type":"","width":"","height":""}],"twitter_card":"summary_large_image","twitter_misc":{"Tahmini okuma s\u00fcresi":"2 dakika"},"schema":{"@context":"https:\/\/schema.org","@graph":[{"@type":"WebPage","@id":"https:\/\/sunclimbing.com\/sponsored-athletes\/zeliha-el-athletes\/","url":"https:\/\/sunclimbing.com\/sponsored-athletes\/zeliha-el-athletes\/","name":"Zeliha El - Athletes - Sunclimbing","isPartOf":{"@id":"https:\/\/sunclimbing.com\/#website"},"primaryImageOfPage":{"@id":"https:\/\/sunclimbing.com\/sponsored-athletes\/zeliha-el-athletes\/#primaryimage"},"image":{"@id":"https:\/\/sunclimbing.com\/sponsored-athletes\/zeliha-el-athletes\/#primaryimage"},"thumbnailUrl":"https:\/\/sunclimbing.com\/wp-content\/uploads\/2024\/06\/cc8ae88f-118e-4a37-94fe-fdac7fe7cd07-edited.jpg","datePublished":"2024-06-11T13:50:16+00:00","dateModified":"2024-06-11T13:50:17+00:00","breadcrumb":{"@id":"https:\/\/sunclimbing.com\/sponsored-athletes\/zeliha-el-athletes\/#breadcrumb"},"inLanguage":"tr","potentialAction":[{"@type":"ReadAction","target":["https:\/\/sunclimbing.com\/sponsored-athletes\/zeliha-el-athletes\/"]}]},{"@type":"ImageObject","inLanguage":"tr","@id":"https:\/\/sunclimbing.com\/sponsored-athletes\/zeliha-el-athletes\/#primaryimage","url":"https:\/\/sunclimbing.com\/wp-content\/uploads\/2024\/06\/cc8ae88f-118e-4a37-94fe-fdac7fe7cd07-edited.jpg","contentUrl":"https:\/\/sunclimbing.com\/wp-content\/uploads\/2024\/06\/cc8ae88f-118e-4a37-94fe-fdac7fe7cd07-edited.jpg"},{"@type":"BreadcrumbList","@id":"https:\/\/sunclimbing.com\/sponsored-athletes\/zeliha-el-athletes\/#breadcrumb","itemListElement":[{"@type":"ListItem","position":1,"name":"Home","item":"https:\/\/sunclimbing.com\/"},{"@type":"ListItem","position":2,"name":"Sponsored athletes","item":"https:\/\/sunclimbing.com\/sponsored-athletes\/"},{"@type":"ListItem","position":3,"name":"Zeliha El &#8211; Athletes"}]},{"@type":"WebSite","@id":"https:\/\/sunclimbing.com\/#website","url":"https:\/\/sunclimbing.com\/","name":"Sunclimbing","description":"","publisher":{"@id":"https:\/\/sunclimbing.com\/#organization"},"potentialAction":[{"@type":"SearchAction","target":{"@type":"EntryPoint","urlTemplate":"https:\/\/sunclimbing.com\/?s={search_term_string}"},"query-input":{"@type":"PropertyValueSpecification","valueRequired":true,"valueName":"search_term_string"}}],"inLanguage":"tr"},{"@type":"Organization","@id":"https:\/\/sunclimbing.com\/#organization","name":"Sunclimbing","url":"https:\/\/sunclimbing.com\/","logo":{"@type":"ImageObject","inLanguage":"tr","@id":"https:\/\/sunclimbing.com\/#\/schema\/logo\/image\/","url":"https:\/\/sunclimbing.com\/wp-content\/uploads\/2023\/06\/sunclimbing_logo.png","contentUrl":"https:\/\/sunclimbing.com\/wp-content\/uploads\/2023\/06\/sunclimbing_logo.png","width":495,"height":108,"caption":"Sunclimbing"},"image":{"@id":"https:\/\/sunclimbing.com\/#\/schema\/logo\/image\/"}}]}},"_links":{"self":[{"href":"https:\/\/sunclimbing.com\/tr\/wp-json\/wp\/v2\/pages\/4346","targetHints":{"allow":["GET"]}}],"collection":[{"href":"https:\/\/sunclimbing.com\/tr\/wp-json\/wp\/v2\/pages"}],"about":[{"href":"https:\/\/sunclimbing.com\/tr\/wp-json\/wp\/v2\/types\/page"}],"author":[{"embeddable":true,"href":"https:\/\/sunclimbing.com\/tr\/wp-json\/wp\/v2\/users\/4"}],"replies":[{"embeddable":true,"href":"https:\/\/sunclimbing.com\/tr\/wp-json\/wp\/v2\/comments?post=4346"}],"version-history":[{"count":2,"href":"https:\/\/sunclimbing.com\/tr\/wp-json\/wp\/v2\/pages\/4346\/revisions"}],"predecessor-version":[{"id":4370,"href":"https:\/\/sunclimbing.com\/tr\/wp-json\/wp\/v2\/pages\/4346\/revisions\/4370"}],"up":[{"embeddable":true,"href":"https:\/\/sunclimbing.com\/tr\/wp-json\/wp\/v2\/pages\/4308"}],"wp:attachment":[{"href":"https:\/\/sunclimbing.com\/tr\/wp-json\/wp\/v2\/media?parent=4346"}],"curies":[{"name":"wp","href":"https:\/\/api.w.org\/{rel}","templated":true}]}}