{"id":4308,"date":"2024-06-11T16:40:17","date_gmt":"2024-06-11T13:40:17","guid":{"rendered":"https:\/\/sunclimbing.com\/?page_id=4308"},"modified":"2026-03-03T18:13:00","modified_gmt":"2026-03-03T15:13:00","slug":"sponsored-athletes","status":"publish","type":"page","link":"https:\/\/sunclimbing.com\/tr\/sponsored-athletes\/","title":{"rendered":"Destekledi\u011fimiz sporcular"},"content":{"rendered":"<div class=\"wp-block-cover is-light\"><span aria-hidden=\"true\" class=\"wp-block-cover__background has-background-dim\" style=\"background-color:#898781\"><\/span><img loading=\"lazy\" decoding=\"async\" width=\"750\" height=\"520\" src=\"https:\/\/sunclimbing.com\/wp-content\/uploads\/2024\/06\/35eedcdd-aa26-4677-8aee-e644a469b29e-e1718110675929.jpg\" class=\"wp-block-cover__image-background wp-post-image\" alt=\"\" data-object-fit=\"cover\" data-object-position=\"43% 27%\" style=\"object-position:43% 27%;\" srcset=\"https:\/\/sunclimbing.com\/wp-content\/uploads\/2024\/06\/35eedcdd-aa26-4677-8aee-e644a469b29e-e1718110675929.jpg 750w, https:\/\/sunclimbing.com\/wp-content\/uploads\/2024\/06\/35eedcdd-aa26-4677-8aee-e644a469b29e-e1718110675929-300x208.jpg 300w, https:\/\/sunclimbing.com\/wp-content\/uploads\/2024\/06\/35eedcdd-aa26-4677-8aee-e644a469b29e-e1718110675929-18x12.jpg 18w\" sizes=\"auto, (max-width: 750px) 100vw, 750px\" \/><div class=\"wp-block-cover__inner-container is-layout-flow wp-block-cover-is-layout-flow\">\n<div class=\"wp-block-group has-base-color has-text-color has-global-padding is-layout-constrained wp-block-group-is-layout-constrained\">\n<h2 class=\"wp-block-heading has-text-align-center has-tertiary-color has-text-color\" style=\"margin-top:0;margin-right:0;margin-bottom:0;margin-left:0\">Gen\u00e7 T\u00fcrk t\u0131rman\u0131c\u0131lar<\/h2>\n\n\n<h3 style=\"margin-top:0;margin-right:0;margin-bottom:0;margin-left:0;\" class=\"has-text-align-center wp-block-post-title\">Destekledi\u011fimiz sporcular<\/h3><\/div>\n<\/div><\/div>\n\n\n\n<section class=\"wp-block-group has-base-background-color has-background has-global-padding is-layout-constrained wp-container-core-group-is-layout-ca09131d wp-block-group-is-layout-constrained\" style=\"padding-top:var(--wp--preset--spacing--60);padding-right:var(--wp--preset--spacing--60);padding-bottom:var(--wp--preset--spacing--60);padding-left:var(--wp--preset--spacing--60)\">\n<h3 class=\"wp-block-heading has-text-align-center has-xx-large-font-size\" style=\"margin-top:0;margin-right:0;margin-bottom:var(--wp--preset--spacing--80);margin-left:0\">Destekledi\u011fimiz sporcular<\/h3>\n\n\n\n<div class=\"wp-block-columns is-layout-flex wp-container-core-columns-is-layout-28f84493 wp-block-columns-is-layout-flex\">\n<div class=\"wp-block-column is-layout-flow wp-block-column-is-layout-flow\" style=\"flex-basis:33.33%\">\n<figure class=\"wp-block-image size-full\"><img loading=\"lazy\" decoding=\"async\" width=\"1403\" height=\"2494\" src=\"https:\/\/sunclimbing.com\/wp-content\/uploads\/2024\/06\/Magx-und-Zeliha-edited-1.jpeg\" alt=\"\" class=\"wp-image-4317\" srcset=\"https:\/\/sunclimbing.com\/wp-content\/uploads\/2024\/06\/Magx-und-Zeliha-edited-1.jpeg 1403w, https:\/\/sunclimbing.com\/wp-content\/uploads\/2024\/06\/Magx-und-Zeliha-edited-1-169x300.jpeg 169w, https:\/\/sunclimbing.com\/wp-content\/uploads\/2024\/06\/Magx-und-Zeliha-edited-1-576x1024.jpeg 576w, https:\/\/sunclimbing.com\/wp-content\/uploads\/2024\/06\/Magx-und-Zeliha-edited-1-768x1365.jpeg 768w, https:\/\/sunclimbing.com\/wp-content\/uploads\/2024\/06\/Magx-und-Zeliha-edited-1-864x1536.jpeg 864w, https:\/\/sunclimbing.com\/wp-content\/uploads\/2024\/06\/Magx-und-Zeliha-edited-1-1152x2048.jpeg 1152w, https:\/\/sunclimbing.com\/wp-content\/uploads\/2024\/06\/Magx-und-Zeliha-edited-1-7x12.jpeg 7w\" sizes=\"auto, (max-width: 1403px) 100vw, 1403px\" \/><\/figure>\n<\/div>\n\n\n\n<div class=\"wp-block-column is-layout-flow wp-block-column-is-layout-flow\" style=\"flex-basis:66.66%\">\n<p>Sunclimbing olarak, gen\u00e7 ve motive t\u0131rman\u0131c\u0131lar\u0131 destekleme konusunda tutkuluyuz. Zirveye giden yolun, \u00f6zellikle de hayallerini ger\u00e7ekle\u015ftirmek i\u00e7in her zaman maddi imkan\u0131 olmayan yetenekli sporcular i\u00e7in genellikle zorluklarla dolu oldu\u011funu biliyoruz.<\/p>\n\n\n\n<p class=\"translation-block\">Bu nedenle bu gen\u00e7 yeteneklere m\u00fcmk\u00fcn olan en iyi f\u0131rsatlar\u0131 sunmay\u0131 kendimize misyon edindik. <strong>Finansal engellerin atletik geli\u015fimlerinin \u00f6n\u00fcnde bir engel olmamas\u0131n\u0131 sa\u011flamak i\u00e7in \u00f6zel destek programlar\u0131 ve burslar sunuyoruz. Hedefe y\u00f6nelik e\u011fitim programlar\u0131, bireysel rehberlik ve d\u00fcnya standartlar\u0131ndaki t\u0131rman\u0131\u015f tesislerine eri\u015fim sayesinde gen\u00e7 t\u0131rman\u0131c\u0131lar potansiyellerine ula\u015fabiliyor.<\/strong><\/p>\n\n\n\n<p>Ayr\u0131ca, bu gen\u00e7 t\u0131rman\u0131c\u0131lara becerilerini sergilemeleri ve de\u011ferli deneyimler kazanmalar\u0131 i\u00e7in ulusal ve uluslararas\u0131 yar\u0131\u015fmalara kat\u0131lma f\u0131rsat\u0131 sunuyoruz. Sporun k\u00f6pr\u00fcler kurabilece\u011fine ve yeni ufuklar a\u00e7abilece\u011fine y\u00fcrekten inan\u0131yoruz; bu nedenle \u00f6zellikle dezavantajl\u0131 kesimlerden gelen \u00e7ocuk ve gen\u00e7lere t\u0131rman\u0131\u015f konusunda ilham vermek istiyoruz.<\/p>\n\n\n\n<p>Deste\u011fimizle sadece se\u00e7kin t\u0131rman\u0131c\u0131lar\u0131 hayallerinin pe\u015finden gitmeye te\u015fvik etmeyi de\u011fil, ayn\u0131 zamanda T\u00fcrkiye'de t\u0131rman\u0131\u015f\u0131n yayg\u0131nla\u015fmas\u0131na yard\u0131mc\u0131 olmay\u0131 da ama\u00e7l\u0131yoruz. Yeni nesil t\u0131rman\u0131c\u0131lara ilham vermeyi ve onlara hayallerinin pe\u015finden gitmeleri ve hedeflerine ula\u015fmalar\u0131 i\u00e7in imkan sa\u011flamay\u0131 hayal ediyoruz.<\/p>\n\n\n\n<p><strong>B\u00fcy\u00fck hedefleri olan gen\u00e7 bir t\u0131rman\u0131c\u0131ysan\u0131z veya deste\u011fimizden yararlanabilecek birini tan\u0131yorsan\u0131z, l\u00fctfen bizimle ileti\u015fime ge\u00e7in. Birlikte b\u00fcy\u00fck i\u015fler ba\u015farabilir ve T\u00fcrkiye'de t\u0131rman\u0131\u015f\u0131n geli\u015fmesine katk\u0131da bulunabiliriz.<\/strong><\/p>\n<\/div>\n<\/div>\n<\/section>\n\n\n\n<section class=\"wp-block-group has-global-padding is-layout-constrained wp-block-group-is-layout-constrained\">\n<div class=\"wp-block-cover is-light\"><img loading=\"lazy\" decoding=\"async\" width=\"2560\" height=\"1707\" class=\"wp-block-cover__image-background wp-image-1926\" alt=\"\" src=\"https:\/\/sunclimbing.com\/wp-content\/uploads\/2023\/06\/2G3A2509-scaled.jpg\" style=\"object-position:43% 28%\" data-object-fit=\"cover\" data-object-position=\"43% 28%\" srcset=\"https:\/\/sunclimbing.com\/wp-content\/uploads\/2023\/06\/2G3A2509-scaled.jpg 2560w, https:\/\/sunclimbing.com\/wp-content\/uploads\/2023\/06\/2G3A2509-300x200.jpg 300w, https:\/\/sunclimbing.com\/wp-content\/uploads\/2023\/06\/2G3A2509-1024x683.jpg 1024w, https:\/\/sunclimbing.com\/wp-content\/uploads\/2023\/06\/2G3A2509-768x512.jpg 768w, https:\/\/sunclimbing.com\/wp-content\/uploads\/2023\/06\/2G3A2509-1536x1024.jpg 1536w, https:\/\/sunclimbing.com\/wp-content\/uploads\/2023\/06\/2G3A2509-2048x1365.jpg 2048w\" sizes=\"auto, (max-width: 2560px) 100vw, 2560px\" \/><span aria-hidden=\"true\" class=\"wp-block-cover__background has-background-dim\"><\/span><div class=\"wp-block-cover__inner-container is-layout-flow wp-block-cover-is-layout-flow\">\n<div class=\"wp-block-group has-base-color has-text-color has-global-padding is-layout-constrained wp-block-group-is-layout-constrained\">\n<h3 class=\"wp-block-heading has-text-align-center has-xxx-large-font-size\">Sporcular\u0131m\u0131z<\/h3>\n\n\n\n<div class=\"wp-block-columns is-layout-flex wp-container-core-columns-is-layout-28f84493 wp-block-columns-is-layout-flex\">\n<div class=\"wp-block-column is-layout-flow wp-block-column-is-layout-flow\" style=\"flex-basis:25%\"><\/div>\n\n\n\n<div class=\"wp-block-column is-layout-flow wp-block-column-is-layout-flow\" style=\"flex-basis:50%\">\n<p class=\"has-text-align-center\"><\/p>\n<\/div>\n\n\n\n<div class=\"wp-block-column is-layout-flow wp-block-column-is-layout-flow\" style=\"flex-basis:25%\"><\/div>\n<\/div>\n<\/div>\n<\/div><\/div>\n\n\n\n<div class=\"wp-block-group is-style-grid is-style-grid-3 is-content-justification-center is-layout-flex wp-container-core-group-is-layout-20390545 wp-block-group-is-layout-flex\" style=\"padding-top:var(--wp--preset--spacing--60);padding-right:var(--wp--preset--spacing--60);padding-bottom:0;padding-left:var(--wp--preset--spacing--60)\">\n\n\n<div class=\"wp-block-group has-global-padding is-layout-constrained wp-block-group-is-layout-constrained\">\n<figure class=\"wp-block-image aligncenter size-medium is-style-rounded\"><img loading=\"lazy\" decoding=\"async\" width=\"749\" height=\"750\" src=\"https:\/\/sunclimbing.com\/wp-content\/uploads\/2024\/06\/1c759bdf-571d-4d70-ba70-3592f18e62c6-edited.jpg\" alt=\"\" class=\"wp-image-4313\" srcset=\"https:\/\/sunclimbing.com\/wp-content\/uploads\/2024\/06\/1c759bdf-571d-4d70-ba70-3592f18e62c6-edited.jpg 749w, https:\/\/sunclimbing.com\/wp-content\/uploads\/2024\/06\/1c759bdf-571d-4d70-ba70-3592f18e62c6-edited-300x300.jpg 300w, https:\/\/sunclimbing.com\/wp-content\/uploads\/2024\/06\/1c759bdf-571d-4d70-ba70-3592f18e62c6-edited-150x150.jpg 150w, https:\/\/sunclimbing.com\/wp-content\/uploads\/2024\/06\/1c759bdf-571d-4d70-ba70-3592f18e62c6-edited-12x12.jpg 12w\" sizes=\"auto, (max-width: 749px) 100vw, 749px\" \/><\/figure>\n\n\n\n<h4 class=\"wp-block-heading has-text-align-center\"><a href=\"https:\/\/sunclimbing.com\/tr\/sponsored-athletes\/zeliha-el-athletes\/\">Zeliha El<\/a><\/h4>\n\n\n\n<p class=\"has-text-align-center\">I\u2019m Zeliha and I have been interested in sports climbing for 8 years &#8230;<\/p>\n\n\n\n<div class=\"wp-block-buttons is-content-justification-center is-layout-flex wp-container-core-buttons-is-layout-a89b3969 wp-block-buttons-is-layout-flex\">\n<div class=\"wp-block-button\"><a class=\"wp-block-button__link wp-element-button\" href=\"https:\/\/sunclimbing.com\/tr\/sponsored-athletes\/zeliha-el-athletes\/\" target=\"_blank\" rel=\"noreferrer noopener\">read more<\/a><\/div>\n<\/div>\n<\/div>\n<\/div>\n<\/section>\n\n\n\n<div style=\"height:100px\" aria-hidden=\"true\" class=\"wp-block-spacer\"><\/div>","protected":false},"excerpt":{"rendered":"<p>Sponsored athletes At Sunclimbing, we are passionate about supporting young, motivated climbers. We know that the road to the top is often fraught with challenges, especially for talented athletes who don&#8217;t always have the financial means to realize their dreams. That is why we have made it our mission to offer these young talents the [&hellip;]<\/p>\n","protected":false},"author":4,"featured_media":4330,"parent":0,"menu_order":0,"comment_status":"closed","ping_status":"closed","template":"","meta":{"footnotes":""},"class_list":["post-4308","page","type-page","status-publish","has-post-thumbnail","hentry"],"yoast_head":"<!-- This site is optimized with the Yoast SEO plugin v27.4 - https:\/\/yoast.com\/product\/yoast-seo-wordpress\/ -->\n<title>Sponsored athletes - Sunclimbing<\/title>\n<meta name=\"robots\" content=\"index, follow, max-snippet:-1, max-image-preview:large, max-video-preview:-1\" \/>\n<link rel=\"canonical\" href=\"https:\/\/sunclimbing.com\/tr\/sponsored-athletes\/\" \/>\n<meta property=\"og:locale\" content=\"tr_TR\" \/>\n<meta property=\"og:type\" content=\"article\" \/>\n<meta property=\"og:title\" content=\"Sponsored athletes - Sunclimbing\" \/>\n<meta property=\"og:description\" content=\"Sponsored athletes At Sunclimbing, we are passionate about supporting young, motivated climbers. We know that the road to the top is often fraught with challenges, especially for talented athletes who don&#8217;t always have the financial means to realize their dreams. That is why we have made it our mission to offer these young talents the [&hellip;]\" \/>\n<meta property=\"og:url\" content=\"https:\/\/sunclimbing.com\/tr\/sponsored-athletes\/\" \/>\n<meta property=\"og:site_name\" content=\"Sunclimbing\" \/>\n<meta property=\"article:modified_time\" content=\"2026-03-03T15:13:00+00:00\" \/>\n<meta property=\"og:image\" content=\"https:\/\/sunclimbing.com\/wp-content\/uploads\/2024\/06\/35eedcdd-aa26-4677-8aee-e644a469b29e-e1718110675929.jpg\" \/>\n\t<meta property=\"og:image:width\" content=\"750\" \/>\n\t<meta property=\"og:image:height\" content=\"520\" \/>\n\t<meta property=\"og:image:type\" content=\"image\/jpeg\" \/>\n<meta name=\"twitter:card\" content=\"summary_large_image\" \/>\n<meta name=\"twitter:label1\" content=\"Tahmini okuma s\u00fcresi\" \/>\n\t<meta name=\"twitter:data1\" content=\"3 dakika\" \/>\n<script type=\"application\/ld+json\" class=\"yoast-schema-graph\">{\"@context\":\"https:\\\/\\\/schema.org\",\"@graph\":[{\"@type\":\"WebPage\",\"@id\":\"https:\\\/\\\/sunclimbing.com\\\/sponsored-athletes\\\/\",\"url\":\"https:\\\/\\\/sunclimbing.com\\\/sponsored-athletes\\\/\",\"name\":\"Sponsored athletes - Sunclimbing\",\"isPartOf\":{\"@id\":\"https:\\\/\\\/sunclimbing.com\\\/#website\"},\"primaryImageOfPage\":{\"@id\":\"https:\\\/\\\/sunclimbing.com\\\/sponsored-athletes\\\/#primaryimage\"},\"image\":{\"@id\":\"https:\\\/\\\/sunclimbing.com\\\/sponsored-athletes\\\/#primaryimage\"},\"thumbnailUrl\":\"https:\\\/\\\/sunclimbing.com\\\/wp-content\\\/uploads\\\/2024\\\/06\\\/35eedcdd-aa26-4677-8aee-e644a469b29e-e1718110675929.jpg\",\"datePublished\":\"2024-06-11T13:40:17+00:00\",\"dateModified\":\"2026-03-03T15:13:00+00:00\",\"breadcrumb\":{\"@id\":\"https:\\\/\\\/sunclimbing.com\\\/sponsored-athletes\\\/#breadcrumb\"},\"inLanguage\":\"tr\",\"potentialAction\":[{\"@type\":\"ReadAction\",\"target\":[\"https:\\\/\\\/sunclimbing.com\\\/sponsored-athletes\\\/\"]}]},{\"@type\":\"ImageObject\",\"inLanguage\":\"tr\",\"@id\":\"https:\\\/\\\/sunclimbing.com\\\/sponsored-athletes\\\/#primaryimage\",\"url\":\"https:\\\/\\\/sunclimbing.com\\\/wp-content\\\/uploads\\\/2024\\\/06\\\/35eedcdd-aa26-4677-8aee-e644a469b29e-e1718110675929.jpg\",\"contentUrl\":\"https:\\\/\\\/sunclimbing.com\\\/wp-content\\\/uploads\\\/2024\\\/06\\\/35eedcdd-aa26-4677-8aee-e644a469b29e-e1718110675929.jpg\",\"width\":750,\"height\":520},{\"@type\":\"BreadcrumbList\",\"@id\":\"https:\\\/\\\/sunclimbing.com\\\/sponsored-athletes\\\/#breadcrumb\",\"itemListElement\":[{\"@type\":\"ListItem\",\"position\":1,\"name\":\"Home\",\"item\":\"https:\\\/\\\/sunclimbing.com\\\/\"},{\"@type\":\"ListItem\",\"position\":2,\"name\":\"Sponsored athletes\"}]},{\"@type\":\"WebSite\",\"@id\":\"https:\\\/\\\/sunclimbing.com\\\/#website\",\"url\":\"https:\\\/\\\/sunclimbing.com\\\/\",\"name\":\"Sunclimbing\",\"description\":\"\",\"publisher\":{\"@id\":\"https:\\\/\\\/sunclimbing.com\\\/#organization\"},\"potentialAction\":[{\"@type\":\"SearchAction\",\"target\":{\"@type\":\"EntryPoint\",\"urlTemplate\":\"https:\\\/\\\/sunclimbing.com\\\/?s={search_term_string}\"},\"query-input\":{\"@type\":\"PropertyValueSpecification\",\"valueRequired\":true,\"valueName\":\"search_term_string\"}}],\"inLanguage\":\"tr\"},{\"@type\":\"Organization\",\"@id\":\"https:\\\/\\\/sunclimbing.com\\\/#organization\",\"name\":\"Sunclimbing\",\"url\":\"https:\\\/\\\/sunclimbing.com\\\/\",\"logo\":{\"@type\":\"ImageObject\",\"inLanguage\":\"tr\",\"@id\":\"https:\\\/\\\/sunclimbing.com\\\/#\\\/schema\\\/logo\\\/image\\\/\",\"url\":\"https:\\\/\\\/sunclimbing.com\\\/wp-content\\\/uploads\\\/2023\\\/06\\\/sunclimbing_logo.png\",\"contentUrl\":\"https:\\\/\\\/sunclimbing.com\\\/wp-content\\\/uploads\\\/2023\\\/06\\\/sunclimbing_logo.png\",\"width\":495,\"height\":108,\"caption\":\"Sunclimbing\"},\"image\":{\"@id\":\"https:\\\/\\\/sunclimbing.com\\\/#\\\/schema\\\/logo\\\/image\\\/\"}}]}<\/script>\n<!-- \/ Yoast SEO plugin. -->","yoast_head_json":{"title":"Sponsored athletes - Sunclimbing","robots":{"index":"index","follow":"follow","max-snippet":"max-snippet:-1","max-image-preview":"max-image-preview:large","max-video-preview":"max-video-preview:-1"},"canonical":"https:\/\/sunclimbing.com\/tr\/sponsored-athletes\/","og_locale":"tr_TR","og_type":"article","og_title":"Sponsored athletes - Sunclimbing","og_description":"Sponsored athletes At Sunclimbing, we are passionate about supporting young, motivated climbers. We know that the road to the top is often fraught with challenges, especially for talented athletes who don&#8217;t always have the financial means to realize their dreams. That is why we have made it our mission to offer these young talents the [&hellip;]","og_url":"https:\/\/sunclimbing.com\/tr\/sponsored-athletes\/","og_site_name":"Sunclimbing","article_modified_time":"2026-03-03T15:13:00+00:00","og_image":[{"width":750,"height":520,"url":"https:\/\/sunclimbing.com\/wp-content\/uploads\/2024\/06\/35eedcdd-aa26-4677-8aee-e644a469b29e-e1718110675929.jpg","type":"image\/jpeg"}],"twitter_card":"summary_large_image","twitter_misc":{"Tahmini okuma s\u00fcresi":"3 dakika"},"schema":{"@context":"https:\/\/schema.org","@graph":[{"@type":"WebPage","@id":"https:\/\/sunclimbing.com\/sponsored-athletes\/","url":"https:\/\/sunclimbing.com\/sponsored-athletes\/","name":"Sponsored athletes - Sunclimbing","isPartOf":{"@id":"https:\/\/sunclimbing.com\/#website"},"primaryImageOfPage":{"@id":"https:\/\/sunclimbing.com\/sponsored-athletes\/#primaryimage"},"image":{"@id":"https:\/\/sunclimbing.com\/sponsored-athletes\/#primaryimage"},"thumbnailUrl":"https:\/\/sunclimbing.com\/wp-content\/uploads\/2024\/06\/35eedcdd-aa26-4677-8aee-e644a469b29e-e1718110675929.jpg","datePublished":"2024-06-11T13:40:17+00:00","dateModified":"2026-03-03T15:13:00+00:00","breadcrumb":{"@id":"https:\/\/sunclimbing.com\/sponsored-athletes\/#breadcrumb"},"inLanguage":"tr","potentialAction":[{"@type":"ReadAction","target":["https:\/\/sunclimbing.com\/sponsored-athletes\/"]}]},{"@type":"ImageObject","inLanguage":"tr","@id":"https:\/\/sunclimbing.com\/sponsored-athletes\/#primaryimage","url":"https:\/\/sunclimbing.com\/wp-content\/uploads\/2024\/06\/35eedcdd-aa26-4677-8aee-e644a469b29e-e1718110675929.jpg","contentUrl":"https:\/\/sunclimbing.com\/wp-content\/uploads\/2024\/06\/35eedcdd-aa26-4677-8aee-e644a469b29e-e1718110675929.jpg","width":750,"height":520},{"@type":"BreadcrumbList","@id":"https:\/\/sunclimbing.com\/sponsored-athletes\/#breadcrumb","itemListElement":[{"@type":"ListItem","position":1,"name":"Home","item":"https:\/\/sunclimbing.com\/"},{"@type":"ListItem","position":2,"name":"Sponsored athletes"}]},{"@type":"WebSite","@id":"https:\/\/sunclimbing.com\/#website","url":"https:\/\/sunclimbing.com\/","name":"Sunclimbing","description":"","publisher":{"@id":"https:\/\/sunclimbing.com\/#organization"},"potentialAction":[{"@type":"SearchAction","target":{"@type":"EntryPoint","urlTemplate":"https:\/\/sunclimbing.com\/?s={search_term_string}"},"query-input":{"@type":"PropertyValueSpecification","valueRequired":true,"valueName":"search_term_string"}}],"inLanguage":"tr"},{"@type":"Organization","@id":"https:\/\/sunclimbing.com\/#organization","name":"Sunclimbing","url":"https:\/\/sunclimbing.com\/","logo":{"@type":"ImageObject","inLanguage":"tr","@id":"https:\/\/sunclimbing.com\/#\/schema\/logo\/image\/","url":"https:\/\/sunclimbing.com\/wp-content\/uploads\/2023\/06\/sunclimbing_logo.png","contentUrl":"https:\/\/sunclimbing.com\/wp-content\/uploads\/2023\/06\/sunclimbing_logo.png","width":495,"height":108,"caption":"Sunclimbing"},"image":{"@id":"https:\/\/sunclimbing.com\/#\/schema\/logo\/image\/"}}]}},"_links":{"self":[{"href":"https:\/\/sunclimbing.com\/tr\/wp-json\/wp\/v2\/pages\/4308","targetHints":{"allow":["GET"]}}],"collection":[{"href":"https:\/\/sunclimbing.com\/tr\/wp-json\/wp\/v2\/pages"}],"about":[{"href":"https:\/\/sunclimbing.com\/tr\/wp-json\/wp\/v2\/types\/page"}],"author":[{"embeddable":true,"href":"https:\/\/sunclimbing.com\/tr\/wp-json\/wp\/v2\/users\/4"}],"replies":[{"embeddable":true,"href":"https:\/\/sunclimbing.com\/tr\/wp-json\/wp\/v2\/comments?post=4308"}],"version-history":[{"count":13,"href":"https:\/\/sunclimbing.com\/tr\/wp-json\/wp\/v2\/pages\/4308\/revisions"}],"predecessor-version":[{"id":4891,"href":"https:\/\/sunclimbing.com\/tr\/wp-json\/wp\/v2\/pages\/4308\/revisions\/4891"}],"wp:featuredmedia":[{"embeddable":true,"href":"https:\/\/sunclimbing.com\/tr\/wp-json\/wp\/v2\/media\/4330"}],"wp:attachment":[{"href":"https:\/\/sunclimbing.com\/tr\/wp-json\/wp\/v2\/media?parent=4308"}],"curies":[{"name":"wp","href":"https:\/\/api.w.org\/{rel}","templated":true}]}}