{"id":4304,"date":"2024-06-11T14:47:29","date_gmt":"2024-06-11T11:47:29","guid":{"rendered":"https:\/\/sunclimbing.com\/?page_id=4304"},"modified":"2025-01-07T14:49:43","modified_gmt":"2025-01-07T11:49:43","slug":"fall-training-on-the-rock","status":"publish","type":"page","link":"https:\/\/sunclimbing.com\/tr\/fall-training-on-the-rock\/","title":{"rendered":"Kayada d\u00fc\u015f\u00fc\u015f tekni\u011fi e\u011fitimi"},"content":{"rendered":"<div class=\"wp-block-cover\"><span aria-hidden=\"true\" class=\"wp-block-cover__background has-background-dim\" style=\"background-color:#665b4f\"><\/span><img loading=\"lazy\" decoding=\"async\" width=\"749\" height=\"933\" src=\"https:\/\/sunclimbing.com\/wp-content\/uploads\/2024\/06\/1c759bdf-571d-4d70-ba70-3592f18e62c6.jpg\" class=\"wp-block-cover__image-background wp-post-image\" alt=\"\" data-object-fit=\"cover\" srcset=\"https:\/\/sunclimbing.com\/wp-content\/uploads\/2024\/06\/1c759bdf-571d-4d70-ba70-3592f18e62c6.jpg 749w, https:\/\/sunclimbing.com\/wp-content\/uploads\/2024\/06\/1c759bdf-571d-4d70-ba70-3592f18e62c6-241x300.jpg 241w, https:\/\/sunclimbing.com\/wp-content\/uploads\/2024\/06\/1c759bdf-571d-4d70-ba70-3592f18e62c6-10x12.jpg 10w\" sizes=\"auto, (max-width: 749px) 100vw, 749px\" \/><div class=\"wp-block-cover__inner-container is-layout-flow wp-block-cover-is-layout-flow\">\n<div class=\"wp-block-group has-base-color has-text-color has-global-padding is-layout-constrained wp-block-group-is-layout-constrained\">\n<p class=\"has-text-align-center has-tertiary-color has-text-color has-mansalva-font-family has-large-font-size\">Pi\u015fman olmaktansa g\u00fcvende olmak daha iyidir<\/p>\n\n\n<h1 style=\"margin-top:0;margin-right:0;margin-bottom:0;margin-left:0;\" class=\"has-text-align-center wp-block-post-title\">Kayada d\u00fc\u015f\u00fc\u015f tekni\u011fi e\u011fitimi<\/h1><\/div>\n<\/div><\/div>\n\n\n\n<div class=\"wp-block-group has-global-padding is-layout-constrained wp-container-core-group-is-layout-a62636b3 wp-block-group-is-layout-constrained\">\n<div class=\"wp-block-columns is-layout-flex wp-container-core-columns-is-layout-28f84493 wp-block-columns-is-layout-flex\">\n<div class=\"wp-block-column is-layout-flow wp-block-column-is-layout-flow\" style=\"flex-basis:66.66%\">\n<h4 class=\"wp-block-heading\">D\u00fc\u015f\u00fc\u015f tekni\u011fi e\u011fitimi (Yar\u0131m g\u00fcn)<\/h4>\n\n\n\n<p>\u00c7o\u011fu t\u0131rman\u0131c\u0131 d\u00fc\u015fmekten korkar veya t\u0131rman\u0131\u015fa ilk ba\u015flad\u0131\u011f\u0131nda korkmu\u015ftur ve bu do\u011fald\u0131r. Ancak d\u00fc\u015f\u00fc\u015f tekni\u011fi e\u011fitimi alarak ve d\u00fc\u015f\u00fc\u015f pratikleri yaparak bu korkunun a\u015f\u0131lmas\u0131 m\u00fcmk\u00fcnd\u00fcr. D\u00fc\u015fmekten korkmuyorsan\u0131z bile, nas\u0131l d\u00fc\u015fece\u011finizi bilmek t\u0131rman\u0131\u015fta \u00e7ok \u00f6nemlidir. Bu e\u011fitimle t\u0131rman\u0131c\u0131lar ger\u00e7ek\u00e7i senaryolarda d\u00fc\u015f\u00fc\u015f\u00fc g\u00fcvenli ve kontroll\u00fc bir \u015fekilde nas\u0131l y\u00f6neteceklerini \u00f6\u011frenirler. <\/p>\n\n\n\n<p>D\u00fc\u015f\u00fc\u015f tekni\u011fi e\u011fitiminin i\u00e7eri\u011fi:<\/p>\n\n\n\n<ul class=\"wp-block-list\">\n<li>Sim\u00fcle edilmi\u015f d\u00fc\u015fmeler: Kat\u0131l\u0131mc\u0131lar\u0131n d\u00fc\u015f\u00fc\u015f dinamiklerini anlamak i\u00e7in farkl\u0131 y\u00fcksekliklerden ve pozisyonlardan kontroll\u00fc d\u00fc\u015f\u00fc\u015fler ger\u00e7ekle\u015ftirdi\u011fi hedefli egzersizler.<\/li>\n\n\n\n<li>D\u00fc\u015f\u00fc\u015f\u00fc \u00f6nleme teknikleri: D\u00fc\u015fme riskini en aza indirmeye yard\u0131mc\u0131 olan teknik ve davran\u0131\u015flar\u0131n \u00f6\u011fretilmesi.<\/li>\n\n\n\n<li>Kendi kendini kurtarma teknikleri: G\u00fcvenli iple ini\u015f ve d\u00fc\u015f\u00fc\u015ften sonra kendini kurtarma y\u00f6ntemleri.<\/li>\n\n\n\n<li>Ekip koordinasyonu: Acil bir durumda h\u0131zl\u0131 ve g\u00fcvenli bir \u015fekilde hareket edebilmek i\u00e7in etkili ileti\u015fim ve ekip \u00e7al\u0131\u015fmas\u0131 egzersizleri.<\/li>\n<\/ul>\n\n\n\n<p>E\u011fitim programlar\u0131m\u0131z, kat\u0131l\u0131mc\u0131lara uzman bilgisi ve pratik ipu\u00e7lar\u0131 sa\u011flayan deneyimli ve sertifikal\u0131 e\u011fitmenler taraf\u0131ndan verilmektedir. G\u00fcvenlik ve uygulamal\u0131 \u00f6\u011frenmeye g\u00fc\u00e7l\u00fc bir \u015fekilde odaklanarak, t\u0131rman\u0131c\u0131lara becerilerini geli\u015ftirmeleri ve farkl\u0131 durumlarda g\u00fcvenli bir \u015fekilde hareket etmeleri i\u00e7in en iyi ortam\u0131 sunuyoruz. \u0130ster yeni ba\u015flayan ister ileri seviye olsun, kurslar\u0131m\u0131z her t\u0131rman\u0131c\u0131ya g\u00fcvenli ve kendinden emin bir \u015fekilde t\u0131rmanmak i\u00e7in ihtiya\u00e7 duyduklar\u0131 bilgi ve becerileri vermek \u00fczere tasarlanm\u0131\u015ft\u0131r.<\/p>\n<\/div>\n\n\n\n<div class=\"wp-block-column is-layout-flow wp-block-column-is-layout-flow\" style=\"flex-basis:33.33%\">\n<div class=\"wp-block-group has-contrast-color has-tertiary-background-color has-text-color has-background has-link-color wp-elements-78384378796e27c82a2c43206f4cb32c has-global-padding is-layout-constrained wp-container-core-group-is-layout-67c150cf wp-block-group-is-layout-constrained\" style=\"border-radius:0.5em;padding-top:var(--wp--preset--spacing--30);padding-right:var(--wp--preset--spacing--30);padding-bottom:var(--wp--preset--spacing--30);padding-left:var(--wp--preset--spacing--30)\">\n<div class=\"wp-block-group has-global-padding is-layout-constrained wp-container-core-group-is-layout-92b9201d wp-block-group-is-layout-constrained\">\n<h2 class=\"wp-block-heading has-palanquin-font-family has-medium-font-size\" style=\"text-transform:uppercase\">\u015eARTLAR<\/h2>\n\n\n\n<p>Top-rope veya lider t\u0131rman\u0131\u015f deneyimi<\/p>\n<\/div>\n\n\n\n<div class=\"wp-block-group has-global-padding is-layout-constrained wp-container-core-group-is-layout-92b9201d wp-block-group-is-layout-constrained\">\n<h2 class=\"wp-block-heading has-palanquin-font-family has-medium-font-size\" style=\"text-transform:uppercase\">GET\u0130R\u0130LMES\u0130 GEREKENLER<\/h2>\n\n\n\n<ul class=\"wp-block-list\">\n<li>Kaya t\u0131rman\u0131\u015f ayakkab\u0131lar\u0131 da dahil olmak \u00fczere rahat k\u0131yafetler (Hava ko\u015fullar\u0131na g\u00f6re ya\u011fmurluk, mont, vb.)<\/li>\n\n\n\n<li>G\u00fcne\u015f korumas\u0131<\/li>\n\n\n\n<li>Hava ko\u015fullar\u0131na g\u00f6re g\u00fcne\u015f korumas\u0131<\/li>\n<\/ul>\n<\/div>\n<\/div>\n<\/div>\n<\/div>\n\n\n\n<div class=\"wp-block-group has-global-padding is-layout-constrained wp-block-group-is-layout-constrained\">\n<h2 class=\"wp-block-heading has-tertiary-color has-text-color has-palanquin-font-family\" style=\"text-transform:uppercase\">PROGRAM<\/h2>\n\n\n\n<div class=\"wp-block-columns is-layout-flex wp-container-core-columns-is-layout-28f84493 wp-block-columns-is-layout-flex\">\n<div class=\"wp-block-column is-layout-flow wp-block-column-is-layout-flow\">\n<p><strong>1. G\u00dcN (3-4 saat)<\/strong><\/p>\n\n\n\n<ul class=\"wp-block-list\">\n<li>\u0130pe kontroll\u00fc d\u00fc\u015f\u00fc\u015f<\/li>\n\n\n\n<li>\u0130pe kontrols\u00fcz d\u00fc\u015f\u00fc\u015f<\/li>\n\n\n\n<li>T\u0131rman\u0131c\u0131n\u0131n d\u00fc\u015ferken do\u011fru duru\u015fu<\/li>\n\n\n\n<li>Do\u011fru emniyet alma<\/li>\n\n\n\n<li>V\u00fccut dinami\u011fi kullanarak emniyet alma<\/li>\n\n\n\n<li>A\u011f\u0131rl\u0131k farkl\u0131l\u0131klar\u0131 ve bunlar\u0131n nas\u0131l y\u00f6netilece\u011fi (\u00f6rn. \u201cOHM\u201d kullan\u0131m\u0131)<\/li>\n\n\n\n<li>Yaralanmalar\u0131 \u00f6nlemek i\u00e7in kayan\u0131n g\u00f6zlenmesi, ''okunmas\u0131''<\/li>\n<\/ul>\n<\/div>\n<\/div>\n<\/div>\n\n\n\n<div class=\"wp-block-group has-global-padding is-layout-constrained wp-block-group-is-layout-constrained\">\n<h2 class=\"wp-block-heading has-tertiary-color has-text-color has-palanquin-font-family\" style=\"text-transform:uppercase\">Fiyatlarimiz<\/h2>\n\n\n\n<figure class=\"wp-block-table\"><table><tbody><tr><td><strong>1\/2 day<\/strong><\/td><\/tr><tr><td>115,00 \u20ac (ki\u015fi ba\u015f\u0131)<\/td><\/tr><\/tbody><\/table><figcaption class=\"wp-element-caption\">T\u00fcm fiyatlar ki\u015fi ba\u015f\u0131 ve Euro baz\u0131ndad\u0131r.<\/figcaption><\/figure>\n\n\n\n<p><strong>3 ki\u015fiden fazla olan gruplar i\u00e7in ki\u015fi ba\u015f\u0131 % 20 grup indirimimiz bulunmaktad\u0131r.<\/strong><\/p>\n\n\n\n<p>Nakit \u00f6demeye % 10 indirim uygulamaktay\u0131z.<\/p>\n<\/div>\n\n\n\n<div class=\"wp-block-columns is-layout-flex wp-container-core-columns-is-layout-28f84493 wp-block-columns-is-layout-flex\">\n<div class=\"wp-block-column is-layout-flow wp-block-column-is-layout-flow\">\n<h2 class=\"wp-block-heading has-tertiary-color has-text-color has-palanquin-font-family\" style=\"text-transform:uppercase\">PROGRAMA DAH\u0130L OLANLAR<\/h2>\n\n\n\n<p>Guidance and instructions by top qualified rock climbing instructors, certified by the Austrian Alpine Club.<\/p>\n\n\n\n<p>Sun Climbing'den emniyet kemeri, ip, ekspres, emniyet aleti ve kask gibi gerekli t\u00fcm t\u0131rman\u0131\u015f ekipmanlar\u0131. Gerekirse t\u0131rman\u0131\u015f ayakkab\u0131lar\u0131 kiralanabilir.<\/p>\n\n\n\n<p>T\u0131rman\u0131\u015f ve t\u0131rman\u0131\u015f teknikleri hakk\u0131nda diledi\u011finiz kadar soru-cevap. Kafan\u0131zda soru i\u015fareti kalmamas\u0131 i\u00e7in size elimizden geldi\u011fince yard\u0131mc\u0131 olaca\u011f\u0131z.<\/p>\n\n\n\n<p>Sizin ve grubunuzun g\u00fcn boyunca \u00e7ekilmi\u015f harika t\u0131rman\u0131\u015f foto\u011fraflar\u0131. G\u00fcn\u00fcn sonunda bu foto\u011fraflar\u0131 sizinle payla\u015faca\u011f\u0131z.<\/p>\n<\/div>\n\n\n\n<div class=\"wp-block-column is-layout-flow wp-block-column-is-layout-flow\">\n<h2 class=\"wp-block-heading has-tertiary-color has-text-color has-palanquin-font-family\" style=\"text-transform:uppercase\">PROGRAMA DAH\u0130L OLMAYANLAR<\/h2>\n\n\n\n<p>\u0130htiya\u00e7 halinde Sunclimbing'den t\u0131rman\u0131\u015f ayakkab\u0131s\u0131 kiralanabilir.<\/p>\n\n\n\n<p>Geyikbay\u0131r\u0131'na ve Sunclimbing'e ula\u015f\u0131m sizin taraf\u0131n\u0131zdan organize edilmelidir. Ancak transfer almak isterseniz l\u00fctfen bize ula\u015f\u0131n.<\/p>\n\n\n\n<p>T\u0131rman\u0131\u015f\u0131 G\u00fcn\u00fc i\u00e7in ki\u015fi ba\u015f\u0131 8,00 \u20ac kar\u015f\u0131l\u0131\u011f\u0131nda paketlenmi\u015f bir \u00f6\u011fle yeme\u011fi de sunabiliriz. L\u00fctfen kurs rezervasyonu yaparken bize bildirin.<\/p>\n<\/div>\n<\/div>\n\n\n\n<div class=\"wp-block-group has-global-padding is-layout-constrained wp-block-group-is-layout-constrained\">\n<h2 class=\"wp-block-heading has-tertiary-color has-text-color has-palanquin-font-family\" style=\"text-transform:uppercase\">Nas\u0131l rezervasyon yap\u0131l\u0131r<\/h2>\n\n\n\n<div class=\"wp-block-group has-tertiary-background-color has-background has-global-padding is-layout-constrained wp-container-core-group-is-layout-80fb368b wp-block-group-is-layout-constrained\" style=\"padding-top:var(--wp--preset--spacing--30);padding-right:var(--wp--preset--spacing--30);padding-bottom:var(--wp--preset--spacing--30);padding-left:var(--wp--preset--spacing--30)\">\n<p class=\"translation-block\">L\u00fctfen dikkat: Kurs takvimi rezervasyonumuz yak\u0131nda etkinle\u015ftirilecektir, o zamana kadar l\u00fctfen rezervasyon i\u00e7in do\u011frudan bizimle ileti\u015fime ge\u00e7in.<\/p>\n<\/div>\n<\/div>\n<\/div>\n\n\n\n<div style=\"height:100px\" aria-hidden=\"true\" class=\"wp-block-spacer\"><\/div>","protected":false},"excerpt":{"rendered":"<p>Fall training on the rock (1\/2 day) Another focus of our program is fall training on the rocks. In realistic scenarios, participants learn how to manage falls safely and in a controlled manner. The fall training includes: Our training programs are led by experienced and certified trainers who provide participants with expert knowledge and practical [&hellip;]<\/p>\n","protected":false},"author":4,"featured_media":4312,"parent":0,"menu_order":0,"comment_status":"closed","ping_status":"closed","template":"","meta":{"footnotes":""},"class_list":["post-4304","page","type-page","status-publish","has-post-thumbnail","hentry"],"yoast_head":"<!-- This site is optimized with the Yoast SEO plugin v27.3 - https:\/\/yoast.com\/product\/yoast-seo-wordpress\/ -->\n<title>Fall training on the rock - Sunclimbing<\/title>\n<meta name=\"robots\" content=\"index, follow, max-snippet:-1, max-image-preview:large, max-video-preview:-1\" \/>\n<link rel=\"canonical\" href=\"https:\/\/sunclimbing.com\/tr\/fall-training-on-the-rock\/\" \/>\n<meta property=\"og:locale\" content=\"tr_TR\" \/>\n<meta property=\"og:type\" content=\"article\" \/>\n<meta property=\"og:title\" content=\"Fall training on the rock - Sunclimbing\" \/>\n<meta property=\"og:description\" content=\"Fall training on the rock (1\/2 day) Another focus of our program is fall training on the rocks. In realistic scenarios, participants learn how to manage falls safely and in a controlled manner. The fall training includes: Our training programs are led by experienced and certified trainers who provide participants with expert knowledge and practical [&hellip;]\" \/>\n<meta property=\"og:url\" content=\"https:\/\/sunclimbing.com\/tr\/fall-training-on-the-rock\/\" \/>\n<meta property=\"og:site_name\" content=\"Sunclimbing\" \/>\n<meta property=\"article:modified_time\" content=\"2025-01-07T11:49:43+00:00\" \/>\n<meta property=\"og:image\" content=\"https:\/\/sunclimbing.com\/wp-content\/uploads\/2024\/06\/1c759bdf-571d-4d70-ba70-3592f18e62c6.jpg\" \/>\n\t<meta property=\"og:image:width\" content=\"749\" \/>\n\t<meta property=\"og:image:height\" content=\"933\" \/>\n\t<meta property=\"og:image:type\" content=\"image\/jpeg\" \/>\n<meta name=\"twitter:card\" content=\"summary_large_image\" \/>\n<meta name=\"twitter:label1\" content=\"Tahmini okuma s\u00fcresi\" \/>\n\t<meta name=\"twitter:data1\" content=\"5 dakika\" \/>\n<script type=\"application\/ld+json\" class=\"yoast-schema-graph\">{\"@context\":\"https:\\\/\\\/schema.org\",\"@graph\":[{\"@type\":\"WebPage\",\"@id\":\"https:\\\/\\\/sunclimbing.com\\\/fall-training-on-the-rock\\\/\",\"url\":\"https:\\\/\\\/sunclimbing.com\\\/fall-training-on-the-rock\\\/\",\"name\":\"Fall training on the rock - Sunclimbing\",\"isPartOf\":{\"@id\":\"https:\\\/\\\/sunclimbing.com\\\/#website\"},\"primaryImageOfPage\":{\"@id\":\"https:\\\/\\\/sunclimbing.com\\\/fall-training-on-the-rock\\\/#primaryimage\"},\"image\":{\"@id\":\"https:\\\/\\\/sunclimbing.com\\\/fall-training-on-the-rock\\\/#primaryimage\"},\"thumbnailUrl\":\"https:\\\/\\\/sunclimbing.com\\\/wp-content\\\/uploads\\\/2024\\\/06\\\/1c759bdf-571d-4d70-ba70-3592f18e62c6.jpg\",\"datePublished\":\"2024-06-11T11:47:29+00:00\",\"dateModified\":\"2025-01-07T11:49:43+00:00\",\"breadcrumb\":{\"@id\":\"https:\\\/\\\/sunclimbing.com\\\/fall-training-on-the-rock\\\/#breadcrumb\"},\"inLanguage\":\"tr\",\"potentialAction\":[{\"@type\":\"ReadAction\",\"target\":[\"https:\\\/\\\/sunclimbing.com\\\/fall-training-on-the-rock\\\/\"]}]},{\"@type\":\"ImageObject\",\"inLanguage\":\"tr\",\"@id\":\"https:\\\/\\\/sunclimbing.com\\\/fall-training-on-the-rock\\\/#primaryimage\",\"url\":\"https:\\\/\\\/sunclimbing.com\\\/wp-content\\\/uploads\\\/2024\\\/06\\\/1c759bdf-571d-4d70-ba70-3592f18e62c6.jpg\",\"contentUrl\":\"https:\\\/\\\/sunclimbing.com\\\/wp-content\\\/uploads\\\/2024\\\/06\\\/1c759bdf-571d-4d70-ba70-3592f18e62c6.jpg\",\"width\":749,\"height\":933},{\"@type\":\"BreadcrumbList\",\"@id\":\"https:\\\/\\\/sunclimbing.com\\\/fall-training-on-the-rock\\\/#breadcrumb\",\"itemListElement\":[{\"@type\":\"ListItem\",\"position\":1,\"name\":\"Home\",\"item\":\"https:\\\/\\\/sunclimbing.com\\\/\"},{\"@type\":\"ListItem\",\"position\":2,\"name\":\"Fall training on the rock\"}]},{\"@type\":\"WebSite\",\"@id\":\"https:\\\/\\\/sunclimbing.com\\\/#website\",\"url\":\"https:\\\/\\\/sunclimbing.com\\\/\",\"name\":\"Sunclimbing\",\"description\":\"\",\"publisher\":{\"@id\":\"https:\\\/\\\/sunclimbing.com\\\/#organization\"},\"potentialAction\":[{\"@type\":\"SearchAction\",\"target\":{\"@type\":\"EntryPoint\",\"urlTemplate\":\"https:\\\/\\\/sunclimbing.com\\\/?s={search_term_string}\"},\"query-input\":{\"@type\":\"PropertyValueSpecification\",\"valueRequired\":true,\"valueName\":\"search_term_string\"}}],\"inLanguage\":\"tr\"},{\"@type\":\"Organization\",\"@id\":\"https:\\\/\\\/sunclimbing.com\\\/#organization\",\"name\":\"Sunclimbing\",\"url\":\"https:\\\/\\\/sunclimbing.com\\\/\",\"logo\":{\"@type\":\"ImageObject\",\"inLanguage\":\"tr\",\"@id\":\"https:\\\/\\\/sunclimbing.com\\\/#\\\/schema\\\/logo\\\/image\\\/\",\"url\":\"https:\\\/\\\/sunclimbing.com\\\/wp-content\\\/uploads\\\/2023\\\/06\\\/sunclimbing_logo.png\",\"contentUrl\":\"https:\\\/\\\/sunclimbing.com\\\/wp-content\\\/uploads\\\/2023\\\/06\\\/sunclimbing_logo.png\",\"width\":495,\"height\":108,\"caption\":\"Sunclimbing\"},\"image\":{\"@id\":\"https:\\\/\\\/sunclimbing.com\\\/#\\\/schema\\\/logo\\\/image\\\/\"}}]}<\/script>\n<!-- \/ Yoast SEO plugin. -->","yoast_head_json":{"title":"Fall training on the rock - Sunclimbing","robots":{"index":"index","follow":"follow","max-snippet":"max-snippet:-1","max-image-preview":"max-image-preview:large","max-video-preview":"max-video-preview:-1"},"canonical":"https:\/\/sunclimbing.com\/tr\/fall-training-on-the-rock\/","og_locale":"tr_TR","og_type":"article","og_title":"Fall training on the rock - Sunclimbing","og_description":"Fall training on the rock (1\/2 day) Another focus of our program is fall training on the rocks. In realistic scenarios, participants learn how to manage falls safely and in a controlled manner. The fall training includes: Our training programs are led by experienced and certified trainers who provide participants with expert knowledge and practical [&hellip;]","og_url":"https:\/\/sunclimbing.com\/tr\/fall-training-on-the-rock\/","og_site_name":"Sunclimbing","article_modified_time":"2025-01-07T11:49:43+00:00","og_image":[{"width":749,"height":933,"url":"https:\/\/sunclimbing.com\/wp-content\/uploads\/2024\/06\/1c759bdf-571d-4d70-ba70-3592f18e62c6.jpg","type":"image\/jpeg"}],"twitter_card":"summary_large_image","twitter_misc":{"Tahmini okuma s\u00fcresi":"5 dakika"},"schema":{"@context":"https:\/\/schema.org","@graph":[{"@type":"WebPage","@id":"https:\/\/sunclimbing.com\/fall-training-on-the-rock\/","url":"https:\/\/sunclimbing.com\/fall-training-on-the-rock\/","name":"Fall training on the rock - Sunclimbing","isPartOf":{"@id":"https:\/\/sunclimbing.com\/#website"},"primaryImageOfPage":{"@id":"https:\/\/sunclimbing.com\/fall-training-on-the-rock\/#primaryimage"},"image":{"@id":"https:\/\/sunclimbing.com\/fall-training-on-the-rock\/#primaryimage"},"thumbnailUrl":"https:\/\/sunclimbing.com\/wp-content\/uploads\/2024\/06\/1c759bdf-571d-4d70-ba70-3592f18e62c6.jpg","datePublished":"2024-06-11T11:47:29+00:00","dateModified":"2025-01-07T11:49:43+00:00","breadcrumb":{"@id":"https:\/\/sunclimbing.com\/fall-training-on-the-rock\/#breadcrumb"},"inLanguage":"tr","potentialAction":[{"@type":"ReadAction","target":["https:\/\/sunclimbing.com\/fall-training-on-the-rock\/"]}]},{"@type":"ImageObject","inLanguage":"tr","@id":"https:\/\/sunclimbing.com\/fall-training-on-the-rock\/#primaryimage","url":"https:\/\/sunclimbing.com\/wp-content\/uploads\/2024\/06\/1c759bdf-571d-4d70-ba70-3592f18e62c6.jpg","contentUrl":"https:\/\/sunclimbing.com\/wp-content\/uploads\/2024\/06\/1c759bdf-571d-4d70-ba70-3592f18e62c6.jpg","width":749,"height":933},{"@type":"BreadcrumbList","@id":"https:\/\/sunclimbing.com\/fall-training-on-the-rock\/#breadcrumb","itemListElement":[{"@type":"ListItem","position":1,"name":"Home","item":"https:\/\/sunclimbing.com\/"},{"@type":"ListItem","position":2,"name":"Fall training on the rock"}]},{"@type":"WebSite","@id":"https:\/\/sunclimbing.com\/#website","url":"https:\/\/sunclimbing.com\/","name":"Sunclimbing","description":"","publisher":{"@id":"https:\/\/sunclimbing.com\/#organization"},"potentialAction":[{"@type":"SearchAction","target":{"@type":"EntryPoint","urlTemplate":"https:\/\/sunclimbing.com\/?s={search_term_string}"},"query-input":{"@type":"PropertyValueSpecification","valueRequired":true,"valueName":"search_term_string"}}],"inLanguage":"tr"},{"@type":"Organization","@id":"https:\/\/sunclimbing.com\/#organization","name":"Sunclimbing","url":"https:\/\/sunclimbing.com\/","logo":{"@type":"ImageObject","inLanguage":"tr","@id":"https:\/\/sunclimbing.com\/#\/schema\/logo\/image\/","url":"https:\/\/sunclimbing.com\/wp-content\/uploads\/2023\/06\/sunclimbing_logo.png","contentUrl":"https:\/\/sunclimbing.com\/wp-content\/uploads\/2023\/06\/sunclimbing_logo.png","width":495,"height":108,"caption":"Sunclimbing"},"image":{"@id":"https:\/\/sunclimbing.com\/#\/schema\/logo\/image\/"}}]}},"_links":{"self":[{"href":"https:\/\/sunclimbing.com\/tr\/wp-json\/wp\/v2\/pages\/4304","targetHints":{"allow":["GET"]}}],"collection":[{"href":"https:\/\/sunclimbing.com\/tr\/wp-json\/wp\/v2\/pages"}],"about":[{"href":"https:\/\/sunclimbing.com\/tr\/wp-json\/wp\/v2\/types\/page"}],"author":[{"embeddable":true,"href":"https:\/\/sunclimbing.com\/tr\/wp-json\/wp\/v2\/users\/4"}],"replies":[{"embeddable":true,"href":"https:\/\/sunclimbing.com\/tr\/wp-json\/wp\/v2\/comments?post=4304"}],"version-history":[{"count":7,"href":"https:\/\/sunclimbing.com\/tr\/wp-json\/wp\/v2\/pages\/4304\/revisions"}],"predecessor-version":[{"id":4757,"href":"https:\/\/sunclimbing.com\/tr\/wp-json\/wp\/v2\/pages\/4304\/revisions\/4757"}],"wp:featuredmedia":[{"embeddable":true,"href":"https:\/\/sunclimbing.com\/tr\/wp-json\/wp\/v2\/media\/4312"}],"wp:attachment":[{"href":"https:\/\/sunclimbing.com\/tr\/wp-json\/wp\/v2\/media?parent=4304"}],"curies":[{"name":"wp","href":"https:\/\/api.w.org\/{rel}","templated":true}]}}