{"id":4196,"date":"2024-05-08T12:06:55","date_gmt":"2024-05-08T09:06:55","guid":{"rendered":"https:\/\/sunclimbing.com\/?page_id=4196"},"modified":"2024-06-05T16:20:43","modified_gmt":"2024-06-05T13:20:43","slug":"guiding","status":"publish","type":"page","link":"https:\/\/sunclimbing.com\/tr\/guiding\/","title":{"rendered":"Rehberlik"},"content":{"rendered":"<div class=\"wp-block-cover\"><span aria-hidden=\"true\" class=\"wp-block-cover__background has-background-dim\" style=\"background-color:#7c7366\"><\/span><img loading=\"lazy\" decoding=\"async\" width=\"1921\" height=\"1920\" src=\"https:\/\/sunclimbing.com\/wp-content\/uploads\/2023\/06\/2G3A1872-edited.jpg\" class=\"wp-block-cover__image-background wp-post-image\" alt=\"\" data-object-fit=\"cover\" data-object-position=\"56% 67%\" style=\"object-position:56% 67%;\" srcset=\"https:\/\/sunclimbing.com\/wp-content\/uploads\/2023\/06\/2G3A1872-edited.jpg 1921w, https:\/\/sunclimbing.com\/wp-content\/uploads\/2023\/06\/2G3A1872-edited-300x300.jpg 300w, https:\/\/sunclimbing.com\/wp-content\/uploads\/2023\/06\/2G3A1872-edited-1024x1024.jpg 1024w, https:\/\/sunclimbing.com\/wp-content\/uploads\/2023\/06\/2G3A1872-edited-150x150.jpg 150w, https:\/\/sunclimbing.com\/wp-content\/uploads\/2023\/06\/2G3A1872-edited-768x768.jpg 768w, https:\/\/sunclimbing.com\/wp-content\/uploads\/2023\/06\/2G3A1872-edited-1536x1536.jpg 1536w\" sizes=\"auto, (max-width: 1921px) 100vw, 1921px\" \/><div class=\"wp-block-cover__inner-container is-layout-flow wp-block-cover-is-layout-flow\">\n<div class=\"wp-block-group has-base-color has-text-color has-global-padding is-layout-constrained wp-block-group-is-layout-constrained\">\n<h2 class=\"wp-block-heading has-text-align-center has-tertiary-color has-text-color\" style=\"margin-top:0;margin-right:0;margin-bottom:0;margin-left:0\">Let us guide you to new summits<\/h2>\n\n\n<h1 style=\"margin-top:0;margin-right:0;margin-bottom:0;margin-left:0;\" class=\"has-text-align-center wp-block-post-title\">Rehberlik<\/h1><\/div>\n<\/div><\/div>\n\n\n\n<h3 class=\"wp-block-heading\">Rehberlik<\/h3>\n\n\n\n<p>Discover the thrill of outdoor climbing with our expert guiding services. Whether you&#8217;re a beginner looking to learn the basics or an experienced climber aiming to conquer new heights, our certified guides are here to help. We offer personalized climbing experiences tailored to your skill level and goals. Join us for a safe, fun, and exhilarating adventure in one of the most stunning climbing locations. Let us guide you to new summits and unforgettable memories.<\/p>\n\n\n\n<div class=\"wp-block-group has-contrast-color has-tertiary-background-color has-text-color has-background has-link-color has-small-font-size wp-elements-13dafcdbf25e831d3271ec5fc4cca2d1 has-global-padding is-layout-constrained wp-container-core-group-is-layout-80fb368b wp-block-group-is-layout-constrained\" style=\"padding-top:var(--wp--preset--spacing--30);padding-right:var(--wp--preset--spacing--30);padding-bottom:var(--wp--preset--spacing--30);padding-left:var(--wp--preset--spacing--30)\">\n<p><strong>L\u00fctfen dikkat: Kurs takvimi rezervasyonlar\u0131m\u0131z yak\u0131nda etkinle\u015ftirilecektir, o zamana kadar l\u00fctfen rezervasyon i\u00e7in do\u011frudan bizimle ileti\u015fime ge\u00e7in. <a href=\"https:\/\/sunclimbing.com\/tr\/contact\/\">contact us<\/a> directly for reservations or bookings.<\/strong><\/p>\n<\/div>\n\n\n\n<h2 class=\"wp-block-heading has-text-align-center has-palanquin-font-family has-xxx-large-font-size\">Choose your option<\/h2>\n\n\n\n<div class=\"wp-block-group has-global-padding is-layout-constrained wp-block-group-is-layout-constrained\" style=\"margin-top:var(--wp--preset--spacing--70);margin-bottom:var(--wp--preset--spacing--70)\">\n<div class=\"wp-block-group alignwide is-style-raster is-style-grid is-style-grid-4 is-content-justification-space-between is-layout-flex wp-container-core-group-is-layout-4152fef3 wp-block-group-is-layout-flex\">\n<div class=\"wp-block-group has-global-padding is-layout-constrained wp-block-group-is-layout-constrained\">\n<figure class=\"wp-block-image aligncenter size-thumbnail is-style-rounded\"><a href=\"https:\/\/sunclimbing.com\/tr\/courses\/private-guiding\/\"><img loading=\"lazy\" decoding=\"async\" width=\"150\" height=\"150\" src=\"https:\/\/sunclimbing.com\/wp-content\/uploads\/2023\/06\/2G3A1872-edited-150x150.jpg\" alt=\"\" class=\"wp-image-2253\" srcset=\"https:\/\/sunclimbing.com\/wp-content\/uploads\/2023\/06\/2G3A1872-edited-150x150.jpg 150w, https:\/\/sunclimbing.com\/wp-content\/uploads\/2023\/06\/2G3A1872-edited-300x300.jpg 300w, https:\/\/sunclimbing.com\/wp-content\/uploads\/2023\/06\/2G3A1872-edited-1024x1024.jpg 1024w, https:\/\/sunclimbing.com\/wp-content\/uploads\/2023\/06\/2G3A1872-edited-768x768.jpg 768w, https:\/\/sunclimbing.com\/wp-content\/uploads\/2023\/06\/2G3A1872-edited-1536x1536.jpg 1536w, https:\/\/sunclimbing.com\/wp-content\/uploads\/2023\/06\/2G3A1872-edited.jpg 1921w\" sizes=\"auto, (max-width: 150px) 100vw, 150px\" \/><\/a><\/figure>\n\n\n\n<h4 class=\"wp-block-heading has-text-align-center has-large-font-size translation-block\" style=\"line-height:1.3\"><a href=\"https:\/\/sunclimbing.com\/tr\/courses\/private-guiding\/\" target=\"_self\">Rehberlik<\/a><\/h4>\n\n\n\n<p class=\"has-text-align-center\">Rehberlik hizmetimiz az tecr\u00fcbeli dahil t\u00fcm t\u0131rman\u0131c\u0131lar i\u00e7indir, motivasyonunuzun y\u00fcksek olmas\u0131 yeterli!<\/p>\n\n\n\n<div class=\"wp-block-buttons is-content-justification-center is-layout-flex wp-container-core-buttons-is-layout-a89b3969 wp-block-buttons-is-layout-flex\">\n<div class=\"wp-block-button\"><a class=\"wp-block-button__link wp-element-button\" href=\"https:\/\/sunclimbing.com\/tr\/courses\/private-guiding\/\">Learn more<\/a><\/div>\n<\/div>\n<\/div>\n\n\n\n<div class=\"wp-block-group is-style-default has-global-padding is-layout-constrained wp-block-group-is-layout-constrained\">\n<figure class=\"wp-block-image aligncenter size-thumbnail is-style-rounded\"><a href=\"https:\/\/sunclimbing.com\/tr\/course-overview\/discovery-climbing\/\"><img loading=\"lazy\" decoding=\"async\" width=\"150\" height=\"150\" src=\"https:\/\/sunclimbing.com\/wp-content\/uploads\/2023\/06\/2G3A3950-edited-150x150.jpg\" alt=\"\" class=\"wp-image-2251\" srcset=\"https:\/\/sunclimbing.com\/wp-content\/uploads\/2023\/06\/2G3A3950-edited-150x150.jpg 150w, https:\/\/sunclimbing.com\/wp-content\/uploads\/2023\/06\/2G3A3950-edited-300x300.jpg 300w, https:\/\/sunclimbing.com\/wp-content\/uploads\/2023\/06\/2G3A3950-edited-1024x1024.jpg 1024w, https:\/\/sunclimbing.com\/wp-content\/uploads\/2023\/06\/2G3A3950-edited-768x768.jpg 768w, https:\/\/sunclimbing.com\/wp-content\/uploads\/2023\/06\/2G3A3950-edited-1536x1536.jpg 1536w, https:\/\/sunclimbing.com\/wp-content\/uploads\/2023\/06\/2G3A3950-edited.jpg 1921w\" sizes=\"auto, (max-width: 150px) 100vw, 150px\" \/><\/a><\/figure>\n\n\n\n<h4 class=\"wp-block-heading has-text-align-center has-large-font-size\" style=\"line-height:1.3\"><a href=\"https:\/\/sunclimbing.com\/tr\/course-overview\/discovery-climbing\/\" data-type=\"page\" data-id=\"2114\">Deneme<\/a> <br><a href=\"https:\/\/sunclimbing.com\/tr\/course-overview\/discovery-climbing\/\" data-type=\"page\" data-id=\"2114\">T\u0131rman\u0131\u015f<\/a><\/h4>\n\n\n\n<p class=\"has-text-align-center\">T\u0131rman\u0131\u015f\u0131 denemek isteyen herkes i\u00e7in m\u00fckemmel bir se\u00e7enek<\/p>\n\n\n\n<div class=\"wp-block-buttons is-content-justification-center is-layout-flex wp-container-core-buttons-is-layout-a89b3969 wp-block-buttons-is-layout-flex\">\n<div class=\"wp-block-button\"><a class=\"wp-block-button__link wp-element-button\" href=\"https:\/\/sunclimbing.com\/tr\/course-overview\/discovery-climbing\/\">Learn more<\/a><\/div>\n<\/div>\n<\/div>\n\n\n\n<div class=\"wp-block-group has-global-padding is-layout-constrained wp-block-group-is-layout-constrained\">\n<figure class=\"wp-block-image aligncenter size-thumbnail is-style-rounded\"><a href=\"https:\/\/sunclimbing.com\/tr\/course-overview\/families-kids\/\"><img loading=\"lazy\" decoding=\"async\" width=\"150\" height=\"150\" src=\"https:\/\/sunclimbing.com\/wp-content\/uploads\/2023\/05\/Familie-and-Kids-edited-150x150.jpg\" alt=\"\" class=\"wp-image-110\" srcset=\"https:\/\/sunclimbing.com\/wp-content\/uploads\/2023\/05\/Familie-and-Kids-edited-150x150.jpg 150w, https:\/\/sunclimbing.com\/wp-content\/uploads\/2023\/05\/Familie-and-Kids-edited-300x300.jpg 300w, https:\/\/sunclimbing.com\/wp-content\/uploads\/2023\/05\/Familie-and-Kids-edited-1024x1024.jpg 1024w, https:\/\/sunclimbing.com\/wp-content\/uploads\/2023\/05\/Familie-and-Kids-edited-768x768.jpg 768w, https:\/\/sunclimbing.com\/wp-content\/uploads\/2023\/05\/Familie-and-Kids-edited-1536x1536.jpg 1536w, https:\/\/sunclimbing.com\/wp-content\/uploads\/2023\/05\/Familie-and-Kids-edited-2048x2048.jpg 2048w\" sizes=\"auto, (max-width: 150px) 100vw, 150px\" \/><\/a><\/figure>\n\n\n\n<h4 class=\"wp-block-heading has-text-align-center has-large-font-size\" style=\"line-height:1.3\"><a href=\"https:\/\/sunclimbing.com\/tr\/course-overview\/families-kids\/\" data-type=\"page\" data-id=\"2120\">Aile <\/a><br><a href=\"https:\/\/sunclimbing.com\/tr\/course-overview\/families-kids\/\" data-type=\"page\" data-id=\"2120\">T\u0131rman\u0131\u015f\u0131<\/a><\/h4>\n\n\n\n<p class=\"has-text-align-center\">\u00c7ocuklar\u0131n\u0131z da m\u0131 t\u0131rmanmak istiyor? En k\u00fc\u00e7\u00fcklerimiz ve aileleri i\u00e7in her ya\u015fa uygun kurslar\u0131m\u0131z mevcuttur<\/p>\n\n\n\n<div class=\"wp-block-buttons is-content-justification-center is-layout-flex wp-container-core-buttons-is-layout-a89b3969 wp-block-buttons-is-layout-flex\">\n<div class=\"wp-block-button\"><a class=\"wp-block-button__link wp-element-button\" href=\"https:\/\/sunclimbing.com\/tr\/course-overview\/families-kids\/\">Learn more<\/a><\/div>\n<\/div>\n<\/div>\n\n\n\n<div class=\"wp-block-group has-global-padding is-layout-constrained wp-block-group-is-layout-constrained\">\n<figure class=\"wp-block-image aligncenter size-thumbnail is-style-rounded\"><a href=\"https:\/\/sunclimbing.com\/tr\/course-overview\/deep-water-solo\/\"><img loading=\"lazy\" decoding=\"async\" width=\"150\" height=\"150\" src=\"https:\/\/sunclimbing.com\/wp-content\/uploads\/2023\/06\/Deep-water-solo-edited-150x150.jpg\" alt=\"\" class=\"wp-image-2255\" srcset=\"https:\/\/sunclimbing.com\/wp-content\/uploads\/2023\/06\/Deep-water-solo-edited-150x150.jpg 150w, https:\/\/sunclimbing.com\/wp-content\/uploads\/2023\/06\/Deep-water-solo-edited-300x300.jpg 300w, https:\/\/sunclimbing.com\/wp-content\/uploads\/2023\/06\/Deep-water-solo-edited-1024x1024.jpg 1024w, https:\/\/sunclimbing.com\/wp-content\/uploads\/2023\/06\/Deep-water-solo-edited-768x768.jpg 768w, https:\/\/sunclimbing.com\/wp-content\/uploads\/2023\/06\/Deep-water-solo-edited-1536x1536.jpg 1536w, https:\/\/sunclimbing.com\/wp-content\/uploads\/2023\/06\/Deep-water-solo-edited-2048x2048.jpg 2048w\" sizes=\"auto, (max-width: 150px) 100vw, 150px\" \/><\/a><\/figure>\n\n\n\n<h4 class=\"wp-block-heading has-text-align-center has-large-font-size\" style=\"line-height:1.3\"><a href=\"https:\/\/sunclimbing.com\/tr\/course-overview\/deep-water-solo\/\" data-type=\"page\" data-id=\"2144\">Deep Water <\/a><br><a href=\"https:\/\/sunclimbing.com\/tr\/course-overview\/deep-water-solo\/\" data-type=\"page\" data-id=\"2144\">Solo<\/a><\/h4>\n\n\n\n<p class=\"has-text-align-center\">Olympos yak\u0131nlar\u0131ndaki sahilde bulunan deep water solo b\u00f6lgesinde suyun \u00fczerinde t\u0131rmanmaya haz\u0131r olun<\/p>\n\n\n\n<div class=\"wp-block-buttons is-content-justification-center is-layout-flex wp-container-core-buttons-is-layout-a89b3969 wp-block-buttons-is-layout-flex\">\n<div class=\"wp-block-button\"><a class=\"wp-block-button__link wp-element-button\" href=\"https:\/\/sunclimbing.com\/tr\/course-overview\/deep-water-solo\/\">Learn more<\/a><\/div>\n<\/div>\n<\/div>\n<\/div>\n<\/div>\n\n\n\n<hr class=\"wp-block-separator has-alpha-channel-opacity\"\/>\n\n\n\n<div class=\"wp-block-media-text is-stacked-on-mobile is-image-fill\" style=\"grid-template-columns:41% auto\"><figure class=\"wp-block-media-text__media\" style=\"background-image:url(https:\/\/sunclimbing.com\/wp-content\/uploads\/2023\/06\/2G3A3955-1024x683.jpg);background-position:54% 39%\"><img loading=\"lazy\" decoding=\"async\" width=\"1024\" height=\"683\" src=\"https:\/\/sunclimbing.com\/wp-content\/uploads\/2023\/06\/2G3A3955-1024x683.jpg\" alt=\"\" class=\"wp-image-2037 size-full\" srcset=\"https:\/\/sunclimbing.com\/wp-content\/uploads\/2023\/06\/2G3A3955-1024x683.jpg 1024w, https:\/\/sunclimbing.com\/wp-content\/uploads\/2023\/06\/2G3A3955-300x200.jpg 300w, https:\/\/sunclimbing.com\/wp-content\/uploads\/2023\/06\/2G3A3955-768x512.jpg 768w, https:\/\/sunclimbing.com\/wp-content\/uploads\/2023\/06\/2G3A3955-1536x1024.jpg 1536w, https:\/\/sunclimbing.com\/wp-content\/uploads\/2023\/06\/2G3A3955-2048x1365.jpg 2048w\" sizes=\"auto, (max-width: 1024px) 100vw, 1024px\" \/><\/figure><div class=\"wp-block-media-text__content\">\n<div class=\"wp-block-group has-global-padding is-layout-constrained wp-block-group-is-layout-constrained\">\n<h2 class=\"wp-block-heading has-palanquin-font-family\">E\u011fitmenleriniz<\/h2>\n\n\n\n<p class=\"translation-block\">Kurslar\u0131m\u0131z, g\u00fcvenli, verimli ve keyifli bir \u015fekilde t\u0131rmanman\u0131z i\u00e7in bilmeniz gereken her \u015feyi size \u00f6\u011fretecek deneyimli ve sertifikal\u0131 e\u011fitmenler taraf\u0131ndan verilmektedir.<\/p>\n\n\n\n<p>G\u00fcvenli\u011fe \u00f6nem veriyor ve kat\u0131l\u0131mc\u0131lar\u0131m\u0131z\u0131n daima g\u00fcvende olmas\u0131n\u0131 sa\u011fl\u0131yoruz. Kurslar\u0131m\u0131zda risklerin nas\u0131l fark edilece\u011fini ve bunlardan nas\u0131l ka\u00e7\u0131n\u0131laca\u011f\u0131n\u0131 \u00f6\u011fretiyoruz. Sunclimbing'deki t\u00fcm e\u011fitmenlerimiz Avusturya Alpin Kul\u00fcb\u00fc taraf\u0131ndan sertifikaland\u0131r\u0131lm\u0131\u015ft\u0131r ve en son g\u00fcvenlik standartlar\u0131na ve tavsiyelerine g\u00f6re \u00e7al\u0131\u015fmaktad\u0131rlar.<\/p>\n\n\n\n<p>Geyikbay\u0131r\u0131'ndaki t\u0131rman\u0131\u015f kurslar\u0131m\u0131zla yeni bir tutku ke\u015ffedebilir ve d\u00fcnyan\u0131n en heyecan verici sporlar\u0131ndan birini deneyimleyebilirsiniz. <strong>Hemen rezervasyonunuzu yapt\u0131r\u0131n ve t\u0131rman\u0131\u015f\u0131n ne kadar keyifli olabilece\u011fini deneyimleyin!<\/strong><\/p>\n\n\n\n<div class=\"wp-block-buttons is-layout-flex wp-block-buttons-is-layout-flex\">\n<div class=\"wp-block-button\"><a class=\"wp-block-button__link wp-element-button\" href=\"https:\/\/sunclimbing.com\/tr\/about-us\/\">E\u011fitmenlerimizi tan\u0131y\u0131n<\/a><\/div>\n<\/div>\n<\/div>\n<\/div><\/div>\n\n\n\n<div style=\"height:100px\" aria-hidden=\"true\" class=\"wp-block-spacer\"><\/div>","protected":false},"excerpt":{"rendered":"<p>Private Guiding Discover the thrill of outdoor climbing with our expert guiding services. Whether you&#8217;re a beginner looking to learn the basics or an experienced climber aiming to conquer new heights, our certified guides are here to help. We offer personalized climbing experiences tailored to your skill level and goals. Join us for a safe, [&hellip;]<\/p>\n","protected":false},"author":4,"featured_media":2253,"parent":0,"menu_order":0,"comment_status":"closed","ping_status":"closed","template":"","meta":{"footnotes":""},"class_list":["post-4196","page","type-page","status-publish","has-post-thumbnail","hentry"],"yoast_head":"<!-- This site is optimized with the Yoast SEO plugin v27.3 - https:\/\/yoast.com\/product\/yoast-seo-wordpress\/ -->\n<title>Private Guiding - Sunclimbing<\/title>\n<meta name=\"robots\" content=\"index, follow, max-snippet:-1, max-image-preview:large, max-video-preview:-1\" \/>\n<link rel=\"canonical\" href=\"https:\/\/sunclimbing.com\/tr\/guiding\/\" \/>\n<meta property=\"og:locale\" content=\"tr_TR\" \/>\n<meta property=\"og:type\" content=\"article\" \/>\n<meta property=\"og:title\" content=\"Private Guiding - Sunclimbing\" \/>\n<meta property=\"og:description\" content=\"Private Guiding Discover the thrill of outdoor climbing with our expert guiding services. Whether you&#8217;re a beginner looking to learn the basics or an experienced climber aiming to conquer new heights, our certified guides are here to help. We offer personalized climbing experiences tailored to your skill level and goals. Join us for a safe, [&hellip;]\" \/>\n<meta property=\"og:url\" content=\"https:\/\/sunclimbing.com\/tr\/guiding\/\" \/>\n<meta property=\"og:site_name\" content=\"Sunclimbing\" \/>\n<meta property=\"article:modified_time\" content=\"2024-06-05T13:20:43+00:00\" \/>\n<meta property=\"og:image\" content=\"https:\/\/sunclimbing.com\/wp-content\/uploads\/2023\/06\/2G3A1872-edited.jpg\" \/>\n\t<meta property=\"og:image:width\" content=\"1921\" \/>\n\t<meta property=\"og:image:height\" content=\"1920\" \/>\n\t<meta property=\"og:image:type\" content=\"image\/jpeg\" \/>\n<meta name=\"twitter:card\" content=\"summary_large_image\" \/>\n<meta name=\"twitter:label1\" content=\"Tahmini okuma s\u00fcresi\" \/>\n\t<meta name=\"twitter:data1\" content=\"1 dakika\" \/>\n<script type=\"application\/ld+json\" class=\"yoast-schema-graph\">{\"@context\":\"https:\\\/\\\/schema.org\",\"@graph\":[{\"@type\":\"WebPage\",\"@id\":\"https:\\\/\\\/sunclimbing.com\\\/guiding\\\/\",\"url\":\"https:\\\/\\\/sunclimbing.com\\\/guiding\\\/\",\"name\":\"Private Guiding - Sunclimbing\",\"isPartOf\":{\"@id\":\"https:\\\/\\\/sunclimbing.com\\\/#website\"},\"primaryImageOfPage\":{\"@id\":\"https:\\\/\\\/sunclimbing.com\\\/guiding\\\/#primaryimage\"},\"image\":{\"@id\":\"https:\\\/\\\/sunclimbing.com\\\/guiding\\\/#primaryimage\"},\"thumbnailUrl\":\"https:\\\/\\\/sunclimbing.com\\\/wp-content\\\/uploads\\\/2023\\\/06\\\/2G3A1872-edited.jpg\",\"datePublished\":\"2024-05-08T09:06:55+00:00\",\"dateModified\":\"2024-06-05T13:20:43+00:00\",\"breadcrumb\":{\"@id\":\"https:\\\/\\\/sunclimbing.com\\\/guiding\\\/#breadcrumb\"},\"inLanguage\":\"tr\",\"potentialAction\":[{\"@type\":\"ReadAction\",\"target\":[\"https:\\\/\\\/sunclimbing.com\\\/guiding\\\/\"]}]},{\"@type\":\"ImageObject\",\"inLanguage\":\"tr\",\"@id\":\"https:\\\/\\\/sunclimbing.com\\\/guiding\\\/#primaryimage\",\"url\":\"https:\\\/\\\/sunclimbing.com\\\/wp-content\\\/uploads\\\/2023\\\/06\\\/2G3A1872-edited.jpg\",\"contentUrl\":\"https:\\\/\\\/sunclimbing.com\\\/wp-content\\\/uploads\\\/2023\\\/06\\\/2G3A1872-edited.jpg\",\"width\":1921,\"height\":1920},{\"@type\":\"BreadcrumbList\",\"@id\":\"https:\\\/\\\/sunclimbing.com\\\/guiding\\\/#breadcrumb\",\"itemListElement\":[{\"@type\":\"ListItem\",\"position\":1,\"name\":\"Home\",\"item\":\"https:\\\/\\\/sunclimbing.com\\\/\"},{\"@type\":\"ListItem\",\"position\":2,\"name\":\"Private Guiding\"}]},{\"@type\":\"WebSite\",\"@id\":\"https:\\\/\\\/sunclimbing.com\\\/#website\",\"url\":\"https:\\\/\\\/sunclimbing.com\\\/\",\"name\":\"Sunclimbing\",\"description\":\"\",\"publisher\":{\"@id\":\"https:\\\/\\\/sunclimbing.com\\\/#organization\"},\"potentialAction\":[{\"@type\":\"SearchAction\",\"target\":{\"@type\":\"EntryPoint\",\"urlTemplate\":\"https:\\\/\\\/sunclimbing.com\\\/?s={search_term_string}\"},\"query-input\":{\"@type\":\"PropertyValueSpecification\",\"valueRequired\":true,\"valueName\":\"search_term_string\"}}],\"inLanguage\":\"tr\"},{\"@type\":\"Organization\",\"@id\":\"https:\\\/\\\/sunclimbing.com\\\/#organization\",\"name\":\"Sunclimbing\",\"url\":\"https:\\\/\\\/sunclimbing.com\\\/\",\"logo\":{\"@type\":\"ImageObject\",\"inLanguage\":\"tr\",\"@id\":\"https:\\\/\\\/sunclimbing.com\\\/#\\\/schema\\\/logo\\\/image\\\/\",\"url\":\"https:\\\/\\\/sunclimbing.com\\\/wp-content\\\/uploads\\\/2023\\\/06\\\/sunclimbing_logo.png\",\"contentUrl\":\"https:\\\/\\\/sunclimbing.com\\\/wp-content\\\/uploads\\\/2023\\\/06\\\/sunclimbing_logo.png\",\"width\":495,\"height\":108,\"caption\":\"Sunclimbing\"},\"image\":{\"@id\":\"https:\\\/\\\/sunclimbing.com\\\/#\\\/schema\\\/logo\\\/image\\\/\"}}]}<\/script>\n<!-- \/ Yoast SEO plugin. -->","yoast_head_json":{"title":"Private Guiding - Sunclimbing","robots":{"index":"index","follow":"follow","max-snippet":"max-snippet:-1","max-image-preview":"max-image-preview:large","max-video-preview":"max-video-preview:-1"},"canonical":"https:\/\/sunclimbing.com\/tr\/guiding\/","og_locale":"tr_TR","og_type":"article","og_title":"Private Guiding - Sunclimbing","og_description":"Private Guiding Discover the thrill of outdoor climbing with our expert guiding services. Whether you&#8217;re a beginner looking to learn the basics or an experienced climber aiming to conquer new heights, our certified guides are here to help. We offer personalized climbing experiences tailored to your skill level and goals. Join us for a safe, [&hellip;]","og_url":"https:\/\/sunclimbing.com\/tr\/guiding\/","og_site_name":"Sunclimbing","article_modified_time":"2024-06-05T13:20:43+00:00","og_image":[{"width":1921,"height":1920,"url":"https:\/\/sunclimbing.com\/wp-content\/uploads\/2023\/06\/2G3A1872-edited.jpg","type":"image\/jpeg"}],"twitter_card":"summary_large_image","twitter_misc":{"Tahmini okuma s\u00fcresi":"1 dakika"},"schema":{"@context":"https:\/\/schema.org","@graph":[{"@type":"WebPage","@id":"https:\/\/sunclimbing.com\/guiding\/","url":"https:\/\/sunclimbing.com\/guiding\/","name":"Private Guiding - Sunclimbing","isPartOf":{"@id":"https:\/\/sunclimbing.com\/#website"},"primaryImageOfPage":{"@id":"https:\/\/sunclimbing.com\/guiding\/#primaryimage"},"image":{"@id":"https:\/\/sunclimbing.com\/guiding\/#primaryimage"},"thumbnailUrl":"https:\/\/sunclimbing.com\/wp-content\/uploads\/2023\/06\/2G3A1872-edited.jpg","datePublished":"2024-05-08T09:06:55+00:00","dateModified":"2024-06-05T13:20:43+00:00","breadcrumb":{"@id":"https:\/\/sunclimbing.com\/guiding\/#breadcrumb"},"inLanguage":"tr","potentialAction":[{"@type":"ReadAction","target":["https:\/\/sunclimbing.com\/guiding\/"]}]},{"@type":"ImageObject","inLanguage":"tr","@id":"https:\/\/sunclimbing.com\/guiding\/#primaryimage","url":"https:\/\/sunclimbing.com\/wp-content\/uploads\/2023\/06\/2G3A1872-edited.jpg","contentUrl":"https:\/\/sunclimbing.com\/wp-content\/uploads\/2023\/06\/2G3A1872-edited.jpg","width":1921,"height":1920},{"@type":"BreadcrumbList","@id":"https:\/\/sunclimbing.com\/guiding\/#breadcrumb","itemListElement":[{"@type":"ListItem","position":1,"name":"Home","item":"https:\/\/sunclimbing.com\/"},{"@type":"ListItem","position":2,"name":"Private Guiding"}]},{"@type":"WebSite","@id":"https:\/\/sunclimbing.com\/#website","url":"https:\/\/sunclimbing.com\/","name":"Sunclimbing","description":"","publisher":{"@id":"https:\/\/sunclimbing.com\/#organization"},"potentialAction":[{"@type":"SearchAction","target":{"@type":"EntryPoint","urlTemplate":"https:\/\/sunclimbing.com\/?s={search_term_string}"},"query-input":{"@type":"PropertyValueSpecification","valueRequired":true,"valueName":"search_term_string"}}],"inLanguage":"tr"},{"@type":"Organization","@id":"https:\/\/sunclimbing.com\/#organization","name":"Sunclimbing","url":"https:\/\/sunclimbing.com\/","logo":{"@type":"ImageObject","inLanguage":"tr","@id":"https:\/\/sunclimbing.com\/#\/schema\/logo\/image\/","url":"https:\/\/sunclimbing.com\/wp-content\/uploads\/2023\/06\/sunclimbing_logo.png","contentUrl":"https:\/\/sunclimbing.com\/wp-content\/uploads\/2023\/06\/sunclimbing_logo.png","width":495,"height":108,"caption":"Sunclimbing"},"image":{"@id":"https:\/\/sunclimbing.com\/#\/schema\/logo\/image\/"}}]}},"_links":{"self":[{"href":"https:\/\/sunclimbing.com\/tr\/wp-json\/wp\/v2\/pages\/4196","targetHints":{"allow":["GET"]}}],"collection":[{"href":"https:\/\/sunclimbing.com\/tr\/wp-json\/wp\/v2\/pages"}],"about":[{"href":"https:\/\/sunclimbing.com\/tr\/wp-json\/wp\/v2\/types\/page"}],"author":[{"embeddable":true,"href":"https:\/\/sunclimbing.com\/tr\/wp-json\/wp\/v2\/users\/4"}],"replies":[{"embeddable":true,"href":"https:\/\/sunclimbing.com\/tr\/wp-json\/wp\/v2\/comments?post=4196"}],"version-history":[{"count":7,"href":"https:\/\/sunclimbing.com\/tr\/wp-json\/wp\/v2\/pages\/4196\/revisions"}],"predecessor-version":[{"id":4273,"href":"https:\/\/sunclimbing.com\/tr\/wp-json\/wp\/v2\/pages\/4196\/revisions\/4273"}],"wp:featuredmedia":[{"embeddable":true,"href":"https:\/\/sunclimbing.com\/tr\/wp-json\/wp\/v2\/media\/2253"}],"wp:attachment":[{"href":"https:\/\/sunclimbing.com\/tr\/wp-json\/wp\/v2\/media?parent=4196"}],"curies":[{"name":"wp","href":"https:\/\/api.w.org\/{rel}","templated":true}]}}