{"id":4052,"date":"2024-04-29T18:15:03","date_gmt":"2024-04-29T15:15:03","guid":{"rendered":"https:\/\/sunclimbing.com\/?page_id=4052"},"modified":"2024-06-11T15:05:20","modified_gmt":"2024-06-11T12:05:20","slug":"further-training","status":"publish","type":"page","link":"https:\/\/sunclimbing.com\/tr\/further-training\/","title":{"rendered":"\u0130leri E\u011fitim"},"content":{"rendered":"<div class=\"wp-block-cover\"><span aria-hidden=\"true\" class=\"wp-block-cover__background has-background-dim\" style=\"background-color:#7c7366\"><\/span><img loading=\"lazy\" decoding=\"async\" width=\"1707\" height=\"2560\" src=\"https:\/\/sunclimbing.com\/wp-content\/uploads\/2023\/06\/2G3A3758-scaled.jpg\" class=\"wp-block-cover__image-background wp-post-image\" alt=\"\" data-object-fit=\"cover\" data-object-position=\"54% 26%\" style=\"object-position:54% 26%;\" srcset=\"https:\/\/sunclimbing.com\/wp-content\/uploads\/2023\/06\/2G3A3758-scaled.jpg 1707w, https:\/\/sunclimbing.com\/wp-content\/uploads\/2023\/06\/2G3A3758-200x300.jpg 200w, https:\/\/sunclimbing.com\/wp-content\/uploads\/2023\/06\/2G3A3758-683x1024.jpg 683w, https:\/\/sunclimbing.com\/wp-content\/uploads\/2023\/06\/2G3A3758-768x1152.jpg 768w, https:\/\/sunclimbing.com\/wp-content\/uploads\/2023\/06\/2G3A3758-1024x1536.jpg 1024w, https:\/\/sunclimbing.com\/wp-content\/uploads\/2023\/06\/2G3A3758-1365x2048.jpg 1365w\" sizes=\"auto, (max-width: 1707px) 100vw, 1707px\" \/><div class=\"wp-block-cover__inner-container is-layout-flow wp-block-cover-is-layout-flow\">\n<div class=\"wp-block-group has-base-color has-text-color has-global-padding is-layout-constrained wp-block-group-is-layout-constrained\">\n<h2 class=\"wp-block-heading has-text-align-center has-tertiary-color has-text-color\" style=\"margin-top:0;margin-right:0;margin-bottom:0;margin-left:0\">Do\u011fada t\u0131rmanman\u0131n keyfini ya\u015fay\u0131n<\/h2>\n\n\n<h1 style=\"margin-top:0;margin-right:0;margin-bottom:0;margin-left:0;\" class=\"has-text-align-center wp-block-post-title\">\u0130leri E\u011fitim<\/h1><\/div>\n<\/div><\/div>\n\n\n\n<h3 class=\"wp-block-heading\">\u0130leri E\u011fitim<\/h3>\n\n\n\n<p>Tamamlama ve ileri e\u011fitim kurslar\u0131m\u0131zla t\u0131rman\u0131\u015f uzmanl\u0131\u011f\u0131n\u0131z\u0131 geni\u015fletin. \u0130ster sertifikal\u0131 bir t\u0131rman\u0131\u015f e\u011fitmeni olmay\u0131, ister acil bir durumda ilk m\u00fcdahaleyi yapabilmeyi hedefleyin, sizin i\u00e7in birbirinden ilgin\u00e7 programlar\u0131m\u0131z var. Deneyimli e\u011fitmenlerimiz; ileri teknikler, acil durum m\u00fcdahalesi ve liderlik becerileri konusunda kapsaml\u0131 e\u011fitimler sunar. Ba\u015fkalar\u0131na rehberlik etmek ve g\u00fcvenli bir t\u0131rman\u0131\u015f ortam\u0131 sa\u011flamak i\u00e7in kendinizi bilgi ve belgelerle donat\u0131n. Tamamlama ve ileri e\u011fitim kurslar\u0131m\u0131za kat\u0131l\u0131n ve t\u0131rman\u0131\u015f kariyerinizde bir sonraki ad\u0131m\u0131 at\u0131n!<\/p>\n\n\n\n<div class=\"wp-block-group has-contrast-color has-tertiary-background-color has-text-color has-background has-link-color has-small-font-size wp-elements-13dafcdbf25e831d3271ec5fc4cca2d1 has-global-padding is-layout-constrained wp-container-core-group-is-layout-80fb368b wp-block-group-is-layout-constrained\" style=\"padding-top:var(--wp--preset--spacing--30);padding-right:var(--wp--preset--spacing--30);padding-bottom:var(--wp--preset--spacing--30);padding-left:var(--wp--preset--spacing--30)\">\n<p><strong>L\u00fctfen dikkat: Kurs takvimi rezervasyonlar\u0131m\u0131z yak\u0131nda etkinle\u015ftirilecektir, o zamana kadar l\u00fctfen rezervasyon i\u00e7in do\u011frudan bizimle ileti\u015fime ge\u00e7in. <a href=\"https:\/\/sunclimbing.com\/tr\/contact\/\">contact us<\/a> directly for reservations or bookings.<\/strong><\/p>\n<\/div>\n\n\n\n<h3 class=\"wp-block-heading has-text-align-center\">Kursunuzu Se\u00e7in<\/h3>\n\n\n\n<div class=\"wp-block-group has-global-padding is-layout-constrained wp-block-group-is-layout-constrained\" style=\"margin-top:var(--wp--preset--spacing--80);margin-bottom:var(--wp--preset--spacing--80)\">\n<div class=\"wp-block-group alignwide is-style-grid-4 is-content-justification-space-between is-layout-flex wp-container-core-group-is-layout-4152fef3 wp-block-group-is-layout-flex\">\n<div class=\"wp-block-group has-global-padding is-layout-constrained wp-block-group-is-layout-constrained\">\n<figure class=\"wp-block-image aligncenter size-thumbnail is-style-rounded\"><a href=\"https:\/\/sunclimbing.com\/tr\/course-overview\/become-a-trainer\/\"><img loading=\"lazy\" decoding=\"async\" width=\"150\" height=\"150\" src=\"https:\/\/sunclimbing.com\/wp-content\/uploads\/2023\/06\/2G3A3758-edited-150x150.jpg\" alt=\"\" class=\"wp-image-2132\" srcset=\"https:\/\/sunclimbing.com\/wp-content\/uploads\/2023\/06\/2G3A3758-edited-150x150.jpg 150w, https:\/\/sunclimbing.com\/wp-content\/uploads\/2023\/06\/2G3A3758-edited-300x300.jpg 300w, https:\/\/sunclimbing.com\/wp-content\/uploads\/2023\/06\/2G3A3758-edited-1024x1024.jpg 1024w, https:\/\/sunclimbing.com\/wp-content\/uploads\/2023\/06\/2G3A3758-edited-768x768.jpg 768w, https:\/\/sunclimbing.com\/wp-content\/uploads\/2023\/06\/2G3A3758-edited-1536x1536.jpg 1536w, https:\/\/sunclimbing.com\/wp-content\/uploads\/2023\/06\/2G3A3758-edited.jpg 1920w\" sizes=\"auto, (max-width: 150px) 100vw, 150px\" \/><\/a><\/figure>\n\n\n\n<h4 class=\"wp-block-heading has-text-align-center has-large-font-size translation-block\" style=\"line-height:1.3\"><a href=\"https:\/\/sunclimbing.com\/tr\/course-overview\/become-a-trainer\/\" data-type=\"page\" data-id=\"2140\" target=\"_self\">E\u011fitmenlik<br>E\u011fitimi<\/a><\/h4>\n\n\n\n<p class=\"has-text-align-center\">T\u0131rman\u0131\u015f e\u011fitmeni olmak ister misiniz? Size \u00f6\u011fretebiliriz!<\/p>\n\n\n\n<div class=\"wp-block-buttons is-content-justification-center is-layout-flex wp-container-core-buttons-is-layout-a89b3969 wp-block-buttons-is-layout-flex\">\n<div class=\"wp-block-button\"><a class=\"wp-block-button__link wp-element-button\" href=\"https:\/\/sunclimbing.com\/tr\/course-overview\/become-a-trainer\/\">Learn more<\/a><\/div>\n<\/div>\n<\/div>\n\n\n\n<div class=\"wp-block-group has-global-padding is-layout-constrained wp-block-group-is-layout-constrained\">\n<figure class=\"wp-block-image aligncenter size-thumbnail is-style-rounded\"><a href=\"https:\/\/sunclimbing.com\/tr\/course-overview\/first-response\/\"><img loading=\"lazy\" decoding=\"async\" width=\"150\" height=\"150\" src=\"https:\/\/sunclimbing.com\/wp-content\/uploads\/2023\/06\/2G3A3834-edited-150x150.jpg\" alt=\"\" class=\"wp-image-2131\" srcset=\"https:\/\/sunclimbing.com\/wp-content\/uploads\/2023\/06\/2G3A3834-edited-150x150.jpg 150w, https:\/\/sunclimbing.com\/wp-content\/uploads\/2023\/06\/2G3A3834-edited-300x300.jpg 300w, https:\/\/sunclimbing.com\/wp-content\/uploads\/2023\/06\/2G3A3834-edited-1024x1024.jpg 1024w, https:\/\/sunclimbing.com\/wp-content\/uploads\/2023\/06\/2G3A3834-edited-768x768.jpg 768w, https:\/\/sunclimbing.com\/wp-content\/uploads\/2023\/06\/2G3A3834-edited-1536x1536.jpg 1536w, https:\/\/sunclimbing.com\/wp-content\/uploads\/2023\/06\/2G3A3834-edited.jpg 1921w\" sizes=\"auto, (max-width: 150px) 100vw, 150px\" \/><\/a><\/figure>\n\n\n\n<h4 class=\"wp-block-heading has-text-align-center has-large-font-size translation-block\" style=\"line-height:1.3\"><a href=\"https:\/\/sunclimbing.com\/tr\/course-overview\/first-response\/\" data-type=\"page\" data-id=\"2142\" target=\"_self\">\u0130lk<br>Yard\u0131m<\/a><\/h4>\n\n\n\n<p class=\"has-text-align-center\">\u0130lk yard\u0131m kurslar\u0131 size acil durumlarda ba\u015fkalar\u0131na ihtiyac\u0131 olan ilk m\u00fcdahaleyi yapmay\u0131 sa\u011flar<\/p>\n\n\n\n<div class=\"wp-block-buttons is-content-justification-center is-layout-flex wp-container-core-buttons-is-layout-a89b3969 wp-block-buttons-is-layout-flex\">\n<div class=\"wp-block-button\"><a class=\"wp-block-button__link wp-element-button\" href=\"https:\/\/sunclimbing.com\/tr\/course-overview\/first-response\/\">Learn more<\/a><\/div>\n<\/div>\n<\/div>\n\n\n\n<div class=\"wp-block-group has-global-padding is-layout-constrained wp-block-group-is-layout-constrained\">\n<figure class=\"wp-block-image aligncenter size-thumbnail is-style-rounded\"><img loading=\"lazy\" decoding=\"async\" width=\"150\" height=\"150\" src=\"https:\/\/sunclimbing.com\/wp-content\/uploads\/2023\/06\/2G3A3194-150x150.jpg\" alt=\"\" class=\"wp-image-1987\"\/><\/figure>\n\n\n\n<h4 class=\"wp-block-heading has-text-align-center has-large-font-size translation-block\" style=\"line-height:1.3\"><a href=\"https:\/\/sunclimbing.com\/tr\/ppe-safety-training\/\" target=\"_self\">Ki\u015fisel Koruyucu<br>Donan\u0131m Muayene E\u011fitimi<\/a><\/h4>\n\n\n\n<p class=\"has-text-align-center\">T\u0131rman\u0131\u015f ve da\u011fc\u0131l\u0131k ekipmanlar\u0131n\u0131z\u0131n muayenesine odaklanan e\u011fitim<\/p>\n\n\n\n<div class=\"wp-block-buttons is-content-justification-center is-layout-flex wp-container-core-buttons-is-layout-a89b3969 wp-block-buttons-is-layout-flex\">\n<div class=\"wp-block-button\"><a class=\"wp-block-button__link wp-element-button\" href=\"https:\/\/sunclimbing.com\/tr\/ppe-safety-training\/\">Learn more<\/a><\/div>\n<\/div>\n<\/div>\n\n\n\n<div class=\"wp-block-group has-global-padding is-layout-constrained wp-block-group-is-layout-constrained\">\n<figure class=\"wp-block-image aligncenter size-thumbnail is-style-rounded\"><img loading=\"lazy\" decoding=\"async\" width=\"150\" height=\"150\" src=\"https:\/\/sunclimbing.com\/wp-content\/uploads\/2024\/06\/Arda-am-Fels4-150x150.jpeg\" alt=\"\" class=\"wp-image-4334\"\/><\/figure>\n\n\n\n<h4 class=\"wp-block-heading has-text-align-center has-large-font-size translation-block\" style=\"line-height:1.3\"><a href=\"https:\/\/sunclimbing.com\/tr\/fall-training-on-the-rock\/\" target=\"_self\">D\u00fc\u015f\u00fc\u015f Tekni\u011fi<br>E\u011fitimi<\/a><\/h4>\n\n\n\n<p class=\"has-text-align-center\">Ger\u00e7ek\u00e7i senaryolarla d\u00fc\u015f\u00fc\u015f\u00fc g\u00fcvenli ve kontroll\u00fc bir \u015fekilde y\u00f6netmeyi \u00f6\u011frenece\u011finiz e\u011fitim<\/p>\n\n\n\n<div class=\"wp-block-buttons is-content-justification-center is-layout-flex wp-container-core-buttons-is-layout-a89b3969 wp-block-buttons-is-layout-flex\">\n<div class=\"wp-block-button\"><a class=\"wp-block-button__link wp-element-button\" href=\"https:\/\/sunclimbing.com\/tr\/further-training\/\">Learn more<\/a><\/div>\n<\/div>\n<\/div>\n<\/div>\n<\/div>\n\n\n\n<hr class=\"wp-block-separator has-alpha-channel-opacity\"\/>\n\n\n\n<div class=\"wp-block-media-text is-stacked-on-mobile is-image-fill\" style=\"grid-template-columns:41% auto\"><figure class=\"wp-block-media-text__media\" style=\"background-image:url(https:\/\/sunclimbing.com\/wp-content\/uploads\/2023\/06\/2G3A3955-1024x683.jpg);background-position:54% 39%\"><img loading=\"lazy\" decoding=\"async\" width=\"1024\" height=\"683\" src=\"https:\/\/sunclimbing.com\/wp-content\/uploads\/2023\/06\/2G3A3955-1024x683.jpg\" alt=\"\" class=\"wp-image-2037 size-full\" srcset=\"https:\/\/sunclimbing.com\/wp-content\/uploads\/2023\/06\/2G3A3955-1024x683.jpg 1024w, https:\/\/sunclimbing.com\/wp-content\/uploads\/2023\/06\/2G3A3955-300x200.jpg 300w, https:\/\/sunclimbing.com\/wp-content\/uploads\/2023\/06\/2G3A3955-768x512.jpg 768w, https:\/\/sunclimbing.com\/wp-content\/uploads\/2023\/06\/2G3A3955-1536x1024.jpg 1536w, https:\/\/sunclimbing.com\/wp-content\/uploads\/2023\/06\/2G3A3955-2048x1365.jpg 2048w\" sizes=\"auto, (max-width: 1024px) 100vw, 1024px\" \/><\/figure><div class=\"wp-block-media-text__content\">\n<div class=\"wp-block-group has-global-padding is-layout-constrained wp-block-group-is-layout-constrained\">\n<h2 class=\"wp-block-heading has-palanquin-font-family\">E\u011fitmenleriniz<\/h2>\n\n\n\n<p class=\"translation-block\">Kurslar\u0131m\u0131z, g\u00fcvenli, verimli ve keyifli bir \u015fekilde t\u0131rmanman\u0131z i\u00e7in bilmeniz gereken her \u015feyi size \u00f6\u011fretecek deneyimli ve sertifikal\u0131 e\u011fitmenler taraf\u0131ndan verilmektedir.<\/p>\n\n\n\n<p>G\u00fcvenli\u011fe \u00f6nem veriyor ve kat\u0131l\u0131mc\u0131lar\u0131m\u0131z\u0131n daima g\u00fcvende olmas\u0131n\u0131 sa\u011fl\u0131yoruz. Kurslar\u0131m\u0131zda risklerin nas\u0131l fark edilece\u011fini ve bunlardan nas\u0131l ka\u00e7\u0131n\u0131laca\u011f\u0131n\u0131 \u00f6\u011fretiyoruz. Sunclimbing'deki t\u00fcm e\u011fitmenlerimiz Avusturya Alpin Kul\u00fcb\u00fc taraf\u0131ndan sertifikaland\u0131r\u0131lm\u0131\u015ft\u0131r ve en son g\u00fcvenlik standartlar\u0131na ve tavsiyelerine g\u00f6re \u00e7al\u0131\u015fmaktad\u0131rlar.<\/p>\n\n\n\n<p>Geyikbay\u0131r\u0131'ndaki t\u0131rman\u0131\u015f kurslar\u0131m\u0131zla yeni bir tutku ke\u015ffedebilir ve d\u00fcnyan\u0131n en heyecan verici sporlar\u0131ndan birini deneyimleyebilirsiniz. <strong>Hemen rezervasyonunuzu yapt\u0131r\u0131n ve t\u0131rman\u0131\u015f\u0131n ne kadar keyifli olabilece\u011fini deneyimleyin!<\/strong><\/p>\n\n\n\n<div class=\"wp-block-buttons is-layout-flex wp-block-buttons-is-layout-flex\">\n<div class=\"wp-block-button\"><a class=\"wp-block-button__link wp-element-button\" href=\"https:\/\/sunclimbing.com\/tr\/about-us\/\">E\u011fitmenlerimizi tan\u0131y\u0131n<\/a><\/div>\n<\/div>\n<\/div>\n<\/div><\/div>\n\n\n\n<div style=\"height:100px\" aria-hidden=\"true\" class=\"wp-block-spacer\"><\/div>","protected":false},"excerpt":{"rendered":"<p>Further training Expand your climbing expertise with our further training courses. Whether you aspire to become a certified climbing trainer or want to enhance your safety skills with our First Response course, we have the perfect programs for you. Our experienced instructors provide comprehensive training in advanced techniques, emergency response, and leadership skills. Equip yourself [&hellip;]<\/p>\n","protected":false},"author":1,"featured_media":2017,"parent":0,"menu_order":0,"comment_status":"closed","ping_status":"closed","template":"","meta":{"footnotes":""},"class_list":["post-4052","page","type-page","status-publish","has-post-thumbnail","hentry"],"yoast_head":"<!-- This site is optimized with the Yoast SEO plugin v27.4 - https:\/\/yoast.com\/product\/yoast-seo-wordpress\/ -->\n<title>Further Training - Sunclimbing<\/title>\n<meta name=\"robots\" content=\"index, follow, max-snippet:-1, max-image-preview:large, max-video-preview:-1\" \/>\n<link rel=\"canonical\" href=\"https:\/\/sunclimbing.com\/tr\/further-training\/\" \/>\n<meta property=\"og:locale\" content=\"tr_TR\" \/>\n<meta property=\"og:type\" content=\"article\" \/>\n<meta property=\"og:title\" content=\"Further Training - Sunclimbing\" \/>\n<meta property=\"og:description\" content=\"Further training Expand your climbing expertise with our further training courses. Whether you aspire to become a certified climbing trainer or want to enhance your safety skills with our First Response course, we have the perfect programs for you. Our experienced instructors provide comprehensive training in advanced techniques, emergency response, and leadership skills. Equip yourself [&hellip;]\" \/>\n<meta property=\"og:url\" content=\"https:\/\/sunclimbing.com\/tr\/further-training\/\" \/>\n<meta property=\"og:site_name\" content=\"Sunclimbing\" \/>\n<meta property=\"article:modified_time\" content=\"2024-06-11T12:05:20+00:00\" \/>\n<meta property=\"og:image\" content=\"https:\/\/sunclimbing.com\/wp-content\/uploads\/2023\/06\/2G3A3758-scaled.jpg\" \/>\n\t<meta property=\"og:image:width\" content=\"1707\" \/>\n\t<meta property=\"og:image:height\" content=\"2560\" \/>\n\t<meta property=\"og:image:type\" content=\"image\/jpeg\" \/>\n<meta name=\"twitter:card\" content=\"summary_large_image\" \/>\n<meta name=\"twitter:label1\" content=\"Tahmini okuma s\u00fcresi\" \/>\n\t<meta name=\"twitter:data1\" content=\"2 dakika\" \/>\n<script type=\"application\/ld+json\" class=\"yoast-schema-graph\">{\"@context\":\"https:\\\/\\\/schema.org\",\"@graph\":[{\"@type\":\"WebPage\",\"@id\":\"https:\\\/\\\/sunclimbing.com\\\/further-training\\\/\",\"url\":\"https:\\\/\\\/sunclimbing.com\\\/further-training\\\/\",\"name\":\"Further Training - Sunclimbing\",\"isPartOf\":{\"@id\":\"https:\\\/\\\/sunclimbing.com\\\/#website\"},\"primaryImageOfPage\":{\"@id\":\"https:\\\/\\\/sunclimbing.com\\\/further-training\\\/#primaryimage\"},\"image\":{\"@id\":\"https:\\\/\\\/sunclimbing.com\\\/further-training\\\/#primaryimage\"},\"thumbnailUrl\":\"https:\\\/\\\/sunclimbing.com\\\/wp-content\\\/uploads\\\/2023\\\/06\\\/2G3A3758-scaled.jpg\",\"datePublished\":\"2024-04-29T15:15:03+00:00\",\"dateModified\":\"2024-06-11T12:05:20+00:00\",\"breadcrumb\":{\"@id\":\"https:\\\/\\\/sunclimbing.com\\\/further-training\\\/#breadcrumb\"},\"inLanguage\":\"tr\",\"potentialAction\":[{\"@type\":\"ReadAction\",\"target\":[\"https:\\\/\\\/sunclimbing.com\\\/further-training\\\/\"]}]},{\"@type\":\"ImageObject\",\"inLanguage\":\"tr\",\"@id\":\"https:\\\/\\\/sunclimbing.com\\\/further-training\\\/#primaryimage\",\"url\":\"https:\\\/\\\/sunclimbing.com\\\/wp-content\\\/uploads\\\/2023\\\/06\\\/2G3A3758-scaled.jpg\",\"contentUrl\":\"https:\\\/\\\/sunclimbing.com\\\/wp-content\\\/uploads\\\/2023\\\/06\\\/2G3A3758-scaled.jpg\",\"width\":1707,\"height\":2560},{\"@type\":\"BreadcrumbList\",\"@id\":\"https:\\\/\\\/sunclimbing.com\\\/further-training\\\/#breadcrumb\",\"itemListElement\":[{\"@type\":\"ListItem\",\"position\":1,\"name\":\"Home\",\"item\":\"https:\\\/\\\/sunclimbing.com\\\/\"},{\"@type\":\"ListItem\",\"position\":2,\"name\":\"Further Training\"}]},{\"@type\":\"WebSite\",\"@id\":\"https:\\\/\\\/sunclimbing.com\\\/#website\",\"url\":\"https:\\\/\\\/sunclimbing.com\\\/\",\"name\":\"Sunclimbing\",\"description\":\"\",\"publisher\":{\"@id\":\"https:\\\/\\\/sunclimbing.com\\\/#organization\"},\"potentialAction\":[{\"@type\":\"SearchAction\",\"target\":{\"@type\":\"EntryPoint\",\"urlTemplate\":\"https:\\\/\\\/sunclimbing.com\\\/?s={search_term_string}\"},\"query-input\":{\"@type\":\"PropertyValueSpecification\",\"valueRequired\":true,\"valueName\":\"search_term_string\"}}],\"inLanguage\":\"tr\"},{\"@type\":\"Organization\",\"@id\":\"https:\\\/\\\/sunclimbing.com\\\/#organization\",\"name\":\"Sunclimbing\",\"url\":\"https:\\\/\\\/sunclimbing.com\\\/\",\"logo\":{\"@type\":\"ImageObject\",\"inLanguage\":\"tr\",\"@id\":\"https:\\\/\\\/sunclimbing.com\\\/#\\\/schema\\\/logo\\\/image\\\/\",\"url\":\"https:\\\/\\\/sunclimbing.com\\\/wp-content\\\/uploads\\\/2023\\\/06\\\/sunclimbing_logo.png\",\"contentUrl\":\"https:\\\/\\\/sunclimbing.com\\\/wp-content\\\/uploads\\\/2023\\\/06\\\/sunclimbing_logo.png\",\"width\":495,\"height\":108,\"caption\":\"Sunclimbing\"},\"image\":{\"@id\":\"https:\\\/\\\/sunclimbing.com\\\/#\\\/schema\\\/logo\\\/image\\\/\"}}]}<\/script>\n<!-- \/ Yoast SEO plugin. -->","yoast_head_json":{"title":"Further Training - Sunclimbing","robots":{"index":"index","follow":"follow","max-snippet":"max-snippet:-1","max-image-preview":"max-image-preview:large","max-video-preview":"max-video-preview:-1"},"canonical":"https:\/\/sunclimbing.com\/tr\/further-training\/","og_locale":"tr_TR","og_type":"article","og_title":"Further Training - Sunclimbing","og_description":"Further training Expand your climbing expertise with our further training courses. Whether you aspire to become a certified climbing trainer or want to enhance your safety skills with our First Response course, we have the perfect programs for you. Our experienced instructors provide comprehensive training in advanced techniques, emergency response, and leadership skills. Equip yourself [&hellip;]","og_url":"https:\/\/sunclimbing.com\/tr\/further-training\/","og_site_name":"Sunclimbing","article_modified_time":"2024-06-11T12:05:20+00:00","og_image":[{"width":1707,"height":2560,"url":"https:\/\/sunclimbing.com\/wp-content\/uploads\/2023\/06\/2G3A3758-scaled.jpg","type":"image\/jpeg"}],"twitter_card":"summary_large_image","twitter_misc":{"Tahmini okuma s\u00fcresi":"2 dakika"},"schema":{"@context":"https:\/\/schema.org","@graph":[{"@type":"WebPage","@id":"https:\/\/sunclimbing.com\/further-training\/","url":"https:\/\/sunclimbing.com\/further-training\/","name":"Further Training - Sunclimbing","isPartOf":{"@id":"https:\/\/sunclimbing.com\/#website"},"primaryImageOfPage":{"@id":"https:\/\/sunclimbing.com\/further-training\/#primaryimage"},"image":{"@id":"https:\/\/sunclimbing.com\/further-training\/#primaryimage"},"thumbnailUrl":"https:\/\/sunclimbing.com\/wp-content\/uploads\/2023\/06\/2G3A3758-scaled.jpg","datePublished":"2024-04-29T15:15:03+00:00","dateModified":"2024-06-11T12:05:20+00:00","breadcrumb":{"@id":"https:\/\/sunclimbing.com\/further-training\/#breadcrumb"},"inLanguage":"tr","potentialAction":[{"@type":"ReadAction","target":["https:\/\/sunclimbing.com\/further-training\/"]}]},{"@type":"ImageObject","inLanguage":"tr","@id":"https:\/\/sunclimbing.com\/further-training\/#primaryimage","url":"https:\/\/sunclimbing.com\/wp-content\/uploads\/2023\/06\/2G3A3758-scaled.jpg","contentUrl":"https:\/\/sunclimbing.com\/wp-content\/uploads\/2023\/06\/2G3A3758-scaled.jpg","width":1707,"height":2560},{"@type":"BreadcrumbList","@id":"https:\/\/sunclimbing.com\/further-training\/#breadcrumb","itemListElement":[{"@type":"ListItem","position":1,"name":"Home","item":"https:\/\/sunclimbing.com\/"},{"@type":"ListItem","position":2,"name":"Further Training"}]},{"@type":"WebSite","@id":"https:\/\/sunclimbing.com\/#website","url":"https:\/\/sunclimbing.com\/","name":"Sunclimbing","description":"","publisher":{"@id":"https:\/\/sunclimbing.com\/#organization"},"potentialAction":[{"@type":"SearchAction","target":{"@type":"EntryPoint","urlTemplate":"https:\/\/sunclimbing.com\/?s={search_term_string}"},"query-input":{"@type":"PropertyValueSpecification","valueRequired":true,"valueName":"search_term_string"}}],"inLanguage":"tr"},{"@type":"Organization","@id":"https:\/\/sunclimbing.com\/#organization","name":"Sunclimbing","url":"https:\/\/sunclimbing.com\/","logo":{"@type":"ImageObject","inLanguage":"tr","@id":"https:\/\/sunclimbing.com\/#\/schema\/logo\/image\/","url":"https:\/\/sunclimbing.com\/wp-content\/uploads\/2023\/06\/sunclimbing_logo.png","contentUrl":"https:\/\/sunclimbing.com\/wp-content\/uploads\/2023\/06\/sunclimbing_logo.png","width":495,"height":108,"caption":"Sunclimbing"},"image":{"@id":"https:\/\/sunclimbing.com\/#\/schema\/logo\/image\/"}}]}},"_links":{"self":[{"href":"https:\/\/sunclimbing.com\/tr\/wp-json\/wp\/v2\/pages\/4052","targetHints":{"allow":["GET"]}}],"collection":[{"href":"https:\/\/sunclimbing.com\/tr\/wp-json\/wp\/v2\/pages"}],"about":[{"href":"https:\/\/sunclimbing.com\/tr\/wp-json\/wp\/v2\/types\/page"}],"author":[{"embeddable":true,"href":"https:\/\/sunclimbing.com\/tr\/wp-json\/wp\/v2\/users\/1"}],"replies":[{"embeddable":true,"href":"https:\/\/sunclimbing.com\/tr\/wp-json\/wp\/v2\/comments?post=4052"}],"version-history":[{"count":3,"href":"https:\/\/sunclimbing.com\/tr\/wp-json\/wp\/v2\/pages\/4052\/revisions"}],"predecessor-version":[{"id":4289,"href":"https:\/\/sunclimbing.com\/tr\/wp-json\/wp\/v2\/pages\/4052\/revisions\/4289"}],"wp:featuredmedia":[{"embeddable":true,"href":"https:\/\/sunclimbing.com\/tr\/wp-json\/wp\/v2\/media\/2017"}],"wp:attachment":[{"href":"https:\/\/sunclimbing.com\/tr\/wp-json\/wp\/v2\/media?parent=4052"}],"curies":[{"name":"wp","href":"https:\/\/api.w.org\/{rel}","templated":true}]}}