{"id":4046,"date":"2024-04-29T18:11:01","date_gmt":"2024-04-29T15:11:01","guid":{"rendered":"https:\/\/sunclimbing.com\/?page_id=4046"},"modified":"2024-06-05T16:44:20","modified_gmt":"2024-06-05T13:44:20","slug":"advanced-courses","status":"publish","type":"page","link":"https:\/\/sunclimbing.com\/tr\/advanced-courses\/","title":{"rendered":"\u0130leri Seviye Kurslar"},"content":{"rendered":"<div class=\"wp-block-cover is-light\"><span aria-hidden=\"true\" class=\"wp-block-cover__background has-background-dim\" style=\"background-color:#7c7366\"><\/span><img loading=\"lazy\" decoding=\"async\" width=\"2560\" height=\"1707\" src=\"https:\/\/sunclimbing.com\/wp-content\/uploads\/2023\/05\/MG_0434-scaled-1.jpg\" class=\"wp-block-cover__image-background wp-post-image\" alt=\"\" data-object-fit=\"cover\" data-object-position=\"50% 36%\" style=\"object-position:50% 36%;\" srcset=\"https:\/\/sunclimbing.com\/wp-content\/uploads\/2023\/05\/MG_0434-scaled-1.jpg 2560w, https:\/\/sunclimbing.com\/wp-content\/uploads\/2023\/05\/MG_0434-scaled-1-300x200.jpg 300w, https:\/\/sunclimbing.com\/wp-content\/uploads\/2023\/05\/MG_0434-scaled-1-1024x683.jpg 1024w, https:\/\/sunclimbing.com\/wp-content\/uploads\/2023\/05\/MG_0434-scaled-1-768x512.jpg 768w, https:\/\/sunclimbing.com\/wp-content\/uploads\/2023\/05\/MG_0434-scaled-1-1536x1024.jpg 1536w, https:\/\/sunclimbing.com\/wp-content\/uploads\/2023\/05\/MG_0434-scaled-1-2048x1366.jpg 2048w\" sizes=\"auto, (max-width: 2560px) 100vw, 2560px\" \/><div class=\"wp-block-cover__inner-container is-layout-flow wp-block-cover-is-layout-flow\">\n<div class=\"wp-block-group has-base-color has-text-color has-global-padding is-layout-constrained wp-block-group-is-layout-constrained\">\n<h2 class=\"wp-block-heading has-text-align-center has-tertiary-color has-text-color\" style=\"margin-top:0;margin-right:0;margin-bottom:0;margin-left:0\">Do\u011fada t\u0131rmanman\u0131n keyfini ya\u015fay\u0131n<\/h2>\n\n\n<h1 style=\"margin-top:0;margin-right:0;margin-bottom:0;margin-left:0;\" class=\"has-text-align-center wp-block-post-title\">\u0130leri Seviye Kurslar<\/h1><\/div>\n<\/div><\/div>\n\n\n\n<h3 class=\"wp-block-heading\">\u0130leri seviye t\u0131rman\u0131\u015f kurslar\u0131<\/h3>\n\n\n\n<p>\u0130leri seviye kurslar\u0131m\u0131zla t\u0131rman\u0131\u015f becerilerinizi bir \u00fcst seviyeye ta\u015f\u0131y\u0131n. Deneyimli t\u0131rman\u0131c\u0131lar i\u00e7in tasarlanan bu kurslar, ileri tekniklere, lider t\u0131rman\u0131\u015fa, \u00e7ok ip boylu rota stratejilerine ve daha fazlas\u0131na odaklan\u0131r. Uzman e\u011fitmenlerimiz, zorlu rotalar\u0131n \u00fcstesinden gelmenize ve performans\u0131n\u0131z\u0131 art\u0131rman\u0131za yard\u0131mc\u0131 olmak i\u00e7in ki\u015fiselle\u015ftirilmi\u015f rehberlik sa\u011flar. \u0130ster becerilerinizi geli\u015ftirmek ister s\u0131n\u0131rlar\u0131n\u0131z\u0131 zorlamak istiyor olun, ileri seviye kurslar\u0131m\u0131z t\u0131rman\u0131\u015f deneyiminizi geli\u015ftirmek i\u00e7in m\u00fckemmel bir f\u0131rsat sunar. Bize kat\u0131l\u0131n ve potansiyelinizi ke\u015ffedin!<\/p>\n\n\n\n<div class=\"wp-block-group has-contrast-color has-tertiary-background-color has-text-color has-background has-link-color has-small-font-size wp-elements-13dafcdbf25e831d3271ec5fc4cca2d1 has-global-padding is-layout-constrained wp-container-core-group-is-layout-80fb368b wp-block-group-is-layout-constrained\" style=\"padding-top:var(--wp--preset--spacing--30);padding-right:var(--wp--preset--spacing--30);padding-bottom:var(--wp--preset--spacing--30);padding-left:var(--wp--preset--spacing--30)\">\n<p><strong>L\u00fctfen dikkat: Kurs takvimi rezervasyonlar\u0131m\u0131z yak\u0131nda etkinle\u015ftirilecektir, o zamana kadar l\u00fctfen rezervasyon i\u00e7in do\u011frudan bizimle ileti\u015fime ge\u00e7in. <a href=\"https:\/\/sunclimbing.com\/tr\/contact\/\">contact us<\/a> directly for reservations or bookings.<\/strong><\/p>\n<\/div>\n\n\n\n<h3 class=\"wp-block-heading has-text-align-center\"><strong>Kursunuzu Se\u00e7in<\/strong><\/h3>\n\n\n\n<div class=\"wp-block-group has-global-padding is-layout-constrained wp-block-group-is-layout-constrained\" style=\"margin-top:var(--wp--preset--spacing--80);margin-bottom:var(--wp--preset--spacing--80)\">\n<div class=\"wp-block-group alignwide is-style-raster is-style-grid-2 is-nowrap is-layout-flex wp-container-core-group-is-layout-6c531013 wp-block-group-is-layout-flex\">\n<div class=\"wp-block-group has-global-padding is-layout-constrained wp-block-group-is-layout-constrained\">\n<figure class=\"wp-block-image aligncenter size-large is-resized is-style-rounded\"><img loading=\"lazy\" decoding=\"async\" width=\"1024\" height=\"683\" src=\"https:\/\/sunclimbing.com\/wp-content\/uploads\/2023\/05\/MG_0434-scaled-1-1024x683.jpg\" alt=\"\" class=\"wp-image-448\" style=\"aspect-ratio:1;object-fit:cover;width:153px;height:undefinedpx\" srcset=\"https:\/\/sunclimbing.com\/wp-content\/uploads\/2023\/05\/MG_0434-scaled-1-1024x683.jpg 1024w, https:\/\/sunclimbing.com\/wp-content\/uploads\/2023\/05\/MG_0434-scaled-1-300x200.jpg 300w, https:\/\/sunclimbing.com\/wp-content\/uploads\/2023\/05\/MG_0434-scaled-1-768x512.jpg 768w, https:\/\/sunclimbing.com\/wp-content\/uploads\/2023\/05\/MG_0434-scaled-1-1536x1024.jpg 1536w, https:\/\/sunclimbing.com\/wp-content\/uploads\/2023\/05\/MG_0434-scaled-1-2048x1366.jpg 2048w\" sizes=\"auto, (max-width: 1024px) 100vw, 1024px\" \/><\/figure>\n\n\n\n<h4 class=\"wp-block-heading has-text-align-center has-large-font-size translation-block\" style=\"line-height:1.3\"><a href=\"https:\/\/sunclimbing.com\/tr\/courses-2\/advanced-climbing\/\" data-type=\"page\" data-id=\"2714\" target=\"_self\">\u0130leri Seviye<br>Kurs<\/a><\/h4>\n\n\n\n<p class=\"has-text-align-center\">T\u0131rman\u0131\u015flar\u0131n\u0131 bir \u00fcst seviyeye ta\u015f\u0131mak isteyen deneyimli t\u0131rman\u0131c\u0131lar i\u00e7in ileri seviye e\u011fitim<\/p>\n\n\n\n<div class=\"wp-block-buttons is-content-justification-center is-layout-flex wp-container-core-buttons-is-layout-a89b3969 wp-block-buttons-is-layout-flex\">\n<div class=\"wp-block-button\"><a class=\"wp-block-button__link wp-element-button\" href=\"https:\/\/sunclimbing.com\/tr\/courses-2\/advanced-climbing\/\">Learn more<\/a><\/div>\n<\/div>\n<\/div>\n\n\n\n<div class=\"wp-block-group has-global-padding is-layout-constrained wp-block-group-is-layout-constrained\">\n<figure class=\"wp-block-image aligncenter size-thumbnail is-style-rounded\"><a href=\"https:\/\/sunclimbing.com\/tr\/course-overview\/multipitch-climbing\/\"><img loading=\"lazy\" decoding=\"async\" width=\"150\" height=\"150\" src=\"https:\/\/sunclimbing.com\/wp-content\/uploads\/2023\/06\/DJI_0874-edited-150x150.jpg\" alt=\"\" class=\"wp-image-2267\" srcset=\"https:\/\/sunclimbing.com\/wp-content\/uploads\/2023\/06\/DJI_0874-edited-150x150.jpg 150w, https:\/\/sunclimbing.com\/wp-content\/uploads\/2023\/06\/DJI_0874-edited-300x300.jpg 300w, https:\/\/sunclimbing.com\/wp-content\/uploads\/2023\/06\/DJI_0874-edited-1024x1024.jpg 1024w, https:\/\/sunclimbing.com\/wp-content\/uploads\/2023\/06\/DJI_0874-edited-768x768.jpg 768w, https:\/\/sunclimbing.com\/wp-content\/uploads\/2023\/06\/DJI_0874-edited-1536x1536.jpg 1536w, https:\/\/sunclimbing.com\/wp-content\/uploads\/2023\/06\/DJI_0874-edited-2048x2048.jpg 2048w\" sizes=\"auto, (max-width: 150px) 100vw, 150px\" \/><\/a><\/figure>\n\n\n\n<h4 class=\"wp-block-heading has-text-align-center has-large-font-size translation-block\" style=\"line-height:1.3\"><a href=\"https:\/\/sunclimbing.com\/tr\/course-overview\/multipitch-climbing\/\" data-type=\"page\" data-id=\"2118\" target=\"_self\">\u00c7ok \u0130p Boylu<br>T\u0131rman\u0131\u015f Kursu<\/a><\/h4>\n\n\n\n<p class=\"has-text-align-center\">Kayada lider t\u0131rman\u0131\u015f deneyimi olan ve \u00e7ok ip boylu rota t\u0131rmanmak isteyen t\u0131rman\u0131c\u0131lar i\u00e7in<\/p>\n\n\n\n<div class=\"wp-block-buttons is-content-justification-center is-layout-flex wp-container-core-buttons-is-layout-a89b3969 wp-block-buttons-is-layout-flex\">\n<div class=\"wp-block-button\"><a class=\"wp-block-button__link wp-element-button\" href=\"https:\/\/sunclimbing.com\/tr\/course-overview\/multipitch-climbing\/\">Learn more<\/a><\/div>\n<\/div>\n<\/div>\n<\/div>\n<\/div>\n\n\n\n<hr class=\"wp-block-separator has-alpha-channel-opacity\"\/>\n\n\n\n<div class=\"wp-block-media-text is-stacked-on-mobile is-image-fill\" style=\"grid-template-columns:41% auto\"><figure class=\"wp-block-media-text__media\" style=\"background-image:url(https:\/\/sunclimbing.com\/wp-content\/uploads\/2023\/06\/2G3A3955-1024x683.jpg);background-position:54% 39%\"><img loading=\"lazy\" decoding=\"async\" width=\"1024\" height=\"683\" src=\"https:\/\/sunclimbing.com\/wp-content\/uploads\/2023\/06\/2G3A3955-1024x683.jpg\" alt=\"\" class=\"wp-image-2037 size-full\" srcset=\"https:\/\/sunclimbing.com\/wp-content\/uploads\/2023\/06\/2G3A3955-1024x683.jpg 1024w, https:\/\/sunclimbing.com\/wp-content\/uploads\/2023\/06\/2G3A3955-300x200.jpg 300w, https:\/\/sunclimbing.com\/wp-content\/uploads\/2023\/06\/2G3A3955-768x512.jpg 768w, https:\/\/sunclimbing.com\/wp-content\/uploads\/2023\/06\/2G3A3955-1536x1024.jpg 1536w, https:\/\/sunclimbing.com\/wp-content\/uploads\/2023\/06\/2G3A3955-2048x1365.jpg 2048w\" sizes=\"auto, (max-width: 1024px) 100vw, 1024px\" \/><\/figure><div class=\"wp-block-media-text__content\">\n<div class=\"wp-block-group has-global-padding is-layout-constrained wp-block-group-is-layout-constrained\">\n<h2 class=\"wp-block-heading has-palanquin-font-family\">E\u011fitmenleriniz<\/h2>\n\n\n\n<p class=\"translation-block\">Kurslar\u0131m\u0131z, g\u00fcvenli, verimli ve keyifli bir \u015fekilde t\u0131rmanman\u0131z i\u00e7in bilmeniz gereken her \u015feyi size \u00f6\u011fretecek deneyimli ve sertifikal\u0131 e\u011fitmenler taraf\u0131ndan verilmektedir.<\/p>\n\n\n\n<p>G\u00fcvenli\u011fe \u00f6nem veriyor ve kat\u0131l\u0131mc\u0131lar\u0131m\u0131z\u0131n daima g\u00fcvende olmas\u0131n\u0131 sa\u011fl\u0131yoruz. Kurslar\u0131m\u0131zda risklerin nas\u0131l fark edilece\u011fini ve bunlardan nas\u0131l ka\u00e7\u0131n\u0131laca\u011f\u0131n\u0131 \u00f6\u011fretiyoruz. Sunclimbing'deki t\u00fcm e\u011fitmenlerimiz Avusturya Alpin Kul\u00fcb\u00fc taraf\u0131ndan sertifikaland\u0131r\u0131lm\u0131\u015ft\u0131r ve en son g\u00fcvenlik standartlar\u0131na ve tavsiyelerine g\u00f6re \u00e7al\u0131\u015fmaktad\u0131rlar.<\/p>\n\n\n\n<p>Geyikbay\u0131r\u0131'ndaki t\u0131rman\u0131\u015f kurslar\u0131m\u0131zla yeni bir tutku ke\u015ffedebilir ve d\u00fcnyan\u0131n en heyecan verici sporlar\u0131ndan birini deneyimleyebilirsiniz. <strong>Hemen rezervasyonunuzu yapt\u0131r\u0131n ve t\u0131rman\u0131\u015f\u0131n ne kadar keyifli olabilece\u011fini deneyimleyin!<\/strong><\/p>\n\n\n\n<div class=\"wp-block-buttons is-layout-flex wp-block-buttons-is-layout-flex\">\n<div class=\"wp-block-button\"><a class=\"wp-block-button__link wp-element-button\" href=\"https:\/\/sunclimbing.com\/tr\/about-us\/\">E\u011fitmenlerimizi tan\u0131y\u0131n<\/a><\/div>\n<\/div>\n<\/div>\n<\/div><\/div>\n\n\n\n<div style=\"height:100px\" aria-hidden=\"true\" class=\"wp-block-spacer\"><\/div>","protected":false},"excerpt":{"rendered":"<p>Advanced courses Take your climbing skills to the next level with our advanced courses. Designed for experienced climbers, these courses focus on advanced techniques, lead climbing, multi-pitch strategies, and more. Our expert instructors provide personalized guidance to help you tackle challenging routes and improve your performance. Whether you\u2019re looking to refine your skills or push [&hellip;]<\/p>\n","protected":false},"author":1,"featured_media":448,"parent":0,"menu_order":0,"comment_status":"closed","ping_status":"closed","template":"","meta":{"footnotes":""},"class_list":["post-4046","page","type-page","status-publish","has-post-thumbnail","hentry"],"yoast_head":"<!-- This site is optimized with the Yoast SEO plugin v27.4 - https:\/\/yoast.com\/product\/yoast-seo-wordpress\/ -->\n<title>Advanced Courses - Sunclimbing<\/title>\n<meta name=\"robots\" content=\"index, follow, max-snippet:-1, max-image-preview:large, max-video-preview:-1\" \/>\n<link rel=\"canonical\" href=\"https:\/\/sunclimbing.com\/tr\/advanced-courses\/\" \/>\n<meta property=\"og:locale\" content=\"tr_TR\" \/>\n<meta property=\"og:type\" content=\"article\" \/>\n<meta property=\"og:title\" content=\"Advanced Courses - Sunclimbing\" \/>\n<meta property=\"og:description\" content=\"Advanced courses Take your climbing skills to the next level with our advanced courses. Designed for experienced climbers, these courses focus on advanced techniques, lead climbing, multi-pitch strategies, and more. Our expert instructors provide personalized guidance to help you tackle challenging routes and improve your performance. Whether you\u2019re looking to refine your skills or push [&hellip;]\" \/>\n<meta property=\"og:url\" content=\"https:\/\/sunclimbing.com\/tr\/advanced-courses\/\" \/>\n<meta property=\"og:site_name\" content=\"Sunclimbing\" \/>\n<meta property=\"article:modified_time\" content=\"2024-06-05T13:44:20+00:00\" \/>\n<meta property=\"og:image\" content=\"https:\/\/sunclimbing.com\/wp-content\/uploads\/2023\/05\/MG_0434-scaled-1-1024x683.jpg\" \/>\n\t<meta property=\"og:image:width\" content=\"1024\" \/>\n\t<meta property=\"og:image:height\" content=\"683\" \/>\n\t<meta property=\"og:image:type\" content=\"image\/jpeg\" \/>\n<meta name=\"twitter:card\" content=\"summary_large_image\" \/>\n<meta name=\"twitter:label1\" content=\"Tahmini okuma s\u00fcresi\" \/>\n\t<meta name=\"twitter:data1\" content=\"2 dakika\" \/>\n<script type=\"application\/ld+json\" class=\"yoast-schema-graph\">{\"@context\":\"https:\\\/\\\/schema.org\",\"@graph\":[{\"@type\":\"WebPage\",\"@id\":\"https:\\\/\\\/sunclimbing.com\\\/advanced-courses\\\/\",\"url\":\"https:\\\/\\\/sunclimbing.com\\\/advanced-courses\\\/\",\"name\":\"Advanced Courses - Sunclimbing\",\"isPartOf\":{\"@id\":\"https:\\\/\\\/sunclimbing.com\\\/#website\"},\"primaryImageOfPage\":{\"@id\":\"https:\\\/\\\/sunclimbing.com\\\/advanced-courses\\\/#primaryimage\"},\"image\":{\"@id\":\"https:\\\/\\\/sunclimbing.com\\\/advanced-courses\\\/#primaryimage\"},\"thumbnailUrl\":\"https:\\\/\\\/sunclimbing.com\\\/wp-content\\\/uploads\\\/2023\\\/05\\\/MG_0434-scaled-1.jpg\",\"datePublished\":\"2024-04-29T15:11:01+00:00\",\"dateModified\":\"2024-06-05T13:44:20+00:00\",\"breadcrumb\":{\"@id\":\"https:\\\/\\\/sunclimbing.com\\\/advanced-courses\\\/#breadcrumb\"},\"inLanguage\":\"tr\",\"potentialAction\":[{\"@type\":\"ReadAction\",\"target\":[\"https:\\\/\\\/sunclimbing.com\\\/advanced-courses\\\/\"]}]},{\"@type\":\"ImageObject\",\"inLanguage\":\"tr\",\"@id\":\"https:\\\/\\\/sunclimbing.com\\\/advanced-courses\\\/#primaryimage\",\"url\":\"https:\\\/\\\/sunclimbing.com\\\/wp-content\\\/uploads\\\/2023\\\/05\\\/MG_0434-scaled-1.jpg\",\"contentUrl\":\"https:\\\/\\\/sunclimbing.com\\\/wp-content\\\/uploads\\\/2023\\\/05\\\/MG_0434-scaled-1.jpg\",\"width\":2560,\"height\":1707},{\"@type\":\"BreadcrumbList\",\"@id\":\"https:\\\/\\\/sunclimbing.com\\\/advanced-courses\\\/#breadcrumb\",\"itemListElement\":[{\"@type\":\"ListItem\",\"position\":1,\"name\":\"Home\",\"item\":\"https:\\\/\\\/sunclimbing.com\\\/\"},{\"@type\":\"ListItem\",\"position\":2,\"name\":\"Advanced Courses\"}]},{\"@type\":\"WebSite\",\"@id\":\"https:\\\/\\\/sunclimbing.com\\\/#website\",\"url\":\"https:\\\/\\\/sunclimbing.com\\\/\",\"name\":\"Sunclimbing\",\"description\":\"\",\"publisher\":{\"@id\":\"https:\\\/\\\/sunclimbing.com\\\/#organization\"},\"potentialAction\":[{\"@type\":\"SearchAction\",\"target\":{\"@type\":\"EntryPoint\",\"urlTemplate\":\"https:\\\/\\\/sunclimbing.com\\\/?s={search_term_string}\"},\"query-input\":{\"@type\":\"PropertyValueSpecification\",\"valueRequired\":true,\"valueName\":\"search_term_string\"}}],\"inLanguage\":\"tr\"},{\"@type\":\"Organization\",\"@id\":\"https:\\\/\\\/sunclimbing.com\\\/#organization\",\"name\":\"Sunclimbing\",\"url\":\"https:\\\/\\\/sunclimbing.com\\\/\",\"logo\":{\"@type\":\"ImageObject\",\"inLanguage\":\"tr\",\"@id\":\"https:\\\/\\\/sunclimbing.com\\\/#\\\/schema\\\/logo\\\/image\\\/\",\"url\":\"https:\\\/\\\/sunclimbing.com\\\/wp-content\\\/uploads\\\/2023\\\/06\\\/sunclimbing_logo.png\",\"contentUrl\":\"https:\\\/\\\/sunclimbing.com\\\/wp-content\\\/uploads\\\/2023\\\/06\\\/sunclimbing_logo.png\",\"width\":495,\"height\":108,\"caption\":\"Sunclimbing\"},\"image\":{\"@id\":\"https:\\\/\\\/sunclimbing.com\\\/#\\\/schema\\\/logo\\\/image\\\/\"}}]}<\/script>\n<!-- \/ Yoast SEO plugin. -->","yoast_head_json":{"title":"Advanced Courses - Sunclimbing","robots":{"index":"index","follow":"follow","max-snippet":"max-snippet:-1","max-image-preview":"max-image-preview:large","max-video-preview":"max-video-preview:-1"},"canonical":"https:\/\/sunclimbing.com\/tr\/advanced-courses\/","og_locale":"tr_TR","og_type":"article","og_title":"Advanced Courses - Sunclimbing","og_description":"Advanced courses Take your climbing skills to the next level with our advanced courses. Designed for experienced climbers, these courses focus on advanced techniques, lead climbing, multi-pitch strategies, and more. Our expert instructors provide personalized guidance to help you tackle challenging routes and improve your performance. Whether you\u2019re looking to refine your skills or push [&hellip;]","og_url":"https:\/\/sunclimbing.com\/tr\/advanced-courses\/","og_site_name":"Sunclimbing","article_modified_time":"2024-06-05T13:44:20+00:00","og_image":[{"width":1024,"height":683,"url":"https:\/\/sunclimbing.com\/wp-content\/uploads\/2023\/05\/MG_0434-scaled-1-1024x683.jpg","type":"image\/jpeg"}],"twitter_card":"summary_large_image","twitter_misc":{"Tahmini okuma s\u00fcresi":"2 dakika"},"schema":{"@context":"https:\/\/schema.org","@graph":[{"@type":"WebPage","@id":"https:\/\/sunclimbing.com\/advanced-courses\/","url":"https:\/\/sunclimbing.com\/advanced-courses\/","name":"Advanced Courses - Sunclimbing","isPartOf":{"@id":"https:\/\/sunclimbing.com\/#website"},"primaryImageOfPage":{"@id":"https:\/\/sunclimbing.com\/advanced-courses\/#primaryimage"},"image":{"@id":"https:\/\/sunclimbing.com\/advanced-courses\/#primaryimage"},"thumbnailUrl":"https:\/\/sunclimbing.com\/wp-content\/uploads\/2023\/05\/MG_0434-scaled-1.jpg","datePublished":"2024-04-29T15:11:01+00:00","dateModified":"2024-06-05T13:44:20+00:00","breadcrumb":{"@id":"https:\/\/sunclimbing.com\/advanced-courses\/#breadcrumb"},"inLanguage":"tr","potentialAction":[{"@type":"ReadAction","target":["https:\/\/sunclimbing.com\/advanced-courses\/"]}]},{"@type":"ImageObject","inLanguage":"tr","@id":"https:\/\/sunclimbing.com\/advanced-courses\/#primaryimage","url":"https:\/\/sunclimbing.com\/wp-content\/uploads\/2023\/05\/MG_0434-scaled-1.jpg","contentUrl":"https:\/\/sunclimbing.com\/wp-content\/uploads\/2023\/05\/MG_0434-scaled-1.jpg","width":2560,"height":1707},{"@type":"BreadcrumbList","@id":"https:\/\/sunclimbing.com\/advanced-courses\/#breadcrumb","itemListElement":[{"@type":"ListItem","position":1,"name":"Home","item":"https:\/\/sunclimbing.com\/"},{"@type":"ListItem","position":2,"name":"Advanced Courses"}]},{"@type":"WebSite","@id":"https:\/\/sunclimbing.com\/#website","url":"https:\/\/sunclimbing.com\/","name":"Sunclimbing","description":"","publisher":{"@id":"https:\/\/sunclimbing.com\/#organization"},"potentialAction":[{"@type":"SearchAction","target":{"@type":"EntryPoint","urlTemplate":"https:\/\/sunclimbing.com\/?s={search_term_string}"},"query-input":{"@type":"PropertyValueSpecification","valueRequired":true,"valueName":"search_term_string"}}],"inLanguage":"tr"},{"@type":"Organization","@id":"https:\/\/sunclimbing.com\/#organization","name":"Sunclimbing","url":"https:\/\/sunclimbing.com\/","logo":{"@type":"ImageObject","inLanguage":"tr","@id":"https:\/\/sunclimbing.com\/#\/schema\/logo\/image\/","url":"https:\/\/sunclimbing.com\/wp-content\/uploads\/2023\/06\/sunclimbing_logo.png","contentUrl":"https:\/\/sunclimbing.com\/wp-content\/uploads\/2023\/06\/sunclimbing_logo.png","width":495,"height":108,"caption":"Sunclimbing"},"image":{"@id":"https:\/\/sunclimbing.com\/#\/schema\/logo\/image\/"}}]}},"_links":{"self":[{"href":"https:\/\/sunclimbing.com\/tr\/wp-json\/wp\/v2\/pages\/4046","targetHints":{"allow":["GET"]}}],"collection":[{"href":"https:\/\/sunclimbing.com\/tr\/wp-json\/wp\/v2\/pages"}],"about":[{"href":"https:\/\/sunclimbing.com\/tr\/wp-json\/wp\/v2\/types\/page"}],"author":[{"embeddable":true,"href":"https:\/\/sunclimbing.com\/tr\/wp-json\/wp\/v2\/users\/1"}],"replies":[{"embeddable":true,"href":"https:\/\/sunclimbing.com\/tr\/wp-json\/wp\/v2\/comments?post=4046"}],"version-history":[{"count":3,"href":"https:\/\/sunclimbing.com\/tr\/wp-json\/wp\/v2\/pages\/4046\/revisions"}],"predecessor-version":[{"id":4284,"href":"https:\/\/sunclimbing.com\/tr\/wp-json\/wp\/v2\/pages\/4046\/revisions\/4284"}],"wp:featuredmedia":[{"embeddable":true,"href":"https:\/\/sunclimbing.com\/tr\/wp-json\/wp\/v2\/media\/448"}],"wp:attachment":[{"href":"https:\/\/sunclimbing.com\/tr\/wp-json\/wp\/v2\/media?parent=4046"}],"curies":[{"name":"wp","href":"https:\/\/api.w.org\/{rel}","templated":true}]}}