{"id":4032,"date":"2024-04-29T18:01:25","date_gmt":"2024-04-29T15:01:25","guid":{"rendered":"https:\/\/sunclimbing.com\/?page_id=4032"},"modified":"2024-06-05T16:40:47","modified_gmt":"2024-06-05T13:40:47","slug":"beginner-courses","status":"publish","type":"page","link":"https:\/\/sunclimbing.com\/tr\/beginner-courses\/","title":{"rendered":"Temel Seviye Kurslar"},"content":{"rendered":"<div class=\"wp-block-cover\"><span aria-hidden=\"true\" class=\"wp-block-cover__background has-background-dim\" style=\"background-color:#7c7366\"><\/span><img loading=\"lazy\" decoding=\"async\" width=\"1921\" height=\"1920\" src=\"https:\/\/sunclimbing.com\/wp-content\/uploads\/2023\/05\/Personal-guide-edited.jpg\" class=\"wp-block-cover__image-background wp-post-image\" alt=\"\" data-object-fit=\"cover\" data-object-position=\"50% 36%\" style=\"object-position:50% 36%;\" srcset=\"https:\/\/sunclimbing.com\/wp-content\/uploads\/2023\/05\/Personal-guide-edited.jpg 1921w, https:\/\/sunclimbing.com\/wp-content\/uploads\/2023\/05\/Personal-guide-edited-300x300.jpg 300w, https:\/\/sunclimbing.com\/wp-content\/uploads\/2023\/05\/Personal-guide-edited-1024x1024.jpg 1024w, https:\/\/sunclimbing.com\/wp-content\/uploads\/2023\/05\/Personal-guide-edited-150x150.jpg 150w, https:\/\/sunclimbing.com\/wp-content\/uploads\/2023\/05\/Personal-guide-edited-768x768.jpg 768w, https:\/\/sunclimbing.com\/wp-content\/uploads\/2023\/05\/Personal-guide-edited-1536x1536.jpg 1536w\" sizes=\"auto, (max-width: 1921px) 100vw, 1921px\" \/><div class=\"wp-block-cover__inner-container is-layout-flow wp-block-cover-is-layout-flow\">\n<div class=\"wp-block-group has-base-color has-text-color has-global-padding is-layout-constrained wp-block-group-is-layout-constrained\">\n<h2 class=\"wp-block-heading has-text-align-center has-tertiary-color has-text-color\" style=\"margin-top:0;margin-right:0;margin-bottom:0;margin-left:0\">Do\u011fada t\u0131rmanman\u0131n keyfini ya\u015fay\u0131n<\/h2>\n\n\n<h1 style=\"margin-top:0;margin-right:0;margin-bottom:0;margin-left:0;\" class=\"has-text-align-center wp-block-post-title\">Temel Seviye Kurslar<\/h1><\/div>\n<\/div><\/div>\n\n\n\n<h3 class=\"wp-block-heading\">Temel Seviye Kurslar<\/h3>\n\n\n\n<p>T\u0131rman\u0131\u015f ser\u00fcveninize ba\u015flamaya haz\u0131r m\u0131s\u0131n\u0131z? Ba\u015flang\u0131\u00e7 kurslar\u0131m\u0131z, sizi g\u00fcvenli ve destekleyici bir ortamda kaya t\u0131rman\u0131\u015f\u0131n\u0131n temelleriyle tan\u0131\u015ft\u0131rmak i\u00e7in tasarlanm\u0131\u015ft\u0131r. Deneyimli e\u011fitmenlerimizin rehberli\u011finde temel teknikleri ve g\u00fcvenlik prosed\u00fcrlerini \u00f6\u011frenin ve kaya \u00fczerinde g\u00fcven kazan\u0131n. \u0130ster t\u0131rman\u0131\u015fa yeni ba\u015fl\u0131yor, ister salondan kayaya ge\u00e7mek istiyor olun, kurslar\u0131m\u0131z aras\u0131ndan size uygun olan\u0131 bulacaks\u0131n\u0131z. Bize kat\u0131l\u0131n ve nitelikli bir t\u0131rman\u0131c\u0131 olma yolunda ilk ad\u0131mlar\u0131n\u0131z\u0131 at\u0131n!<\/p>\n\n\n\n<div class=\"wp-block-group has-contrast-color has-tertiary-background-color has-text-color has-background has-link-color has-small-font-size wp-elements-13dafcdbf25e831d3271ec5fc4cca2d1 has-global-padding is-layout-constrained wp-container-core-group-is-layout-80fb368b wp-block-group-is-layout-constrained\" style=\"padding-top:var(--wp--preset--spacing--30);padding-right:var(--wp--preset--spacing--30);padding-bottom:var(--wp--preset--spacing--30);padding-left:var(--wp--preset--spacing--30)\">\n<p><strong>L\u00fctfen dikkat: Kurs takvimi rezervasyonlar\u0131m\u0131z yak\u0131nda etkinle\u015ftirilecektir, o zamana kadar l\u00fctfen rezervasyon i\u00e7in do\u011frudan bizimle ileti\u015fime ge\u00e7in. <a href=\"https:\/\/sunclimbing.com\/tr\/contact\/\">contact us<\/a> directly for reservations or bookings.<\/strong><\/p>\n<\/div>\n\n\n\n<h3 class=\"wp-block-heading has-text-align-center\">Kursunuzu Se\u00e7in<\/h3>\n\n\n\n<div class=\"wp-block-group has-global-padding is-layout-constrained wp-block-group-is-layout-constrained\" style=\"margin-top:var(--wp--preset--spacing--80);margin-bottom:var(--wp--preset--spacing--80)\">\n<div class=\"wp-block-group alignwide is-style-raster is-style-grid-2 is-content-justification-space-between is-nowrap is-layout-flex wp-container-core-group-is-layout-4e2e7437 wp-block-group-is-layout-flex\">\n<div class=\"wp-block-group has-global-padding is-layout-constrained wp-block-group-is-layout-constrained\">\n<figure class=\"wp-block-image aligncenter size-thumbnail is-style-rounded\"><a href=\"https:\/\/sunclimbing.com\/tr\/course-overview\/beginner-climbing\/\"><img loading=\"lazy\" decoding=\"async\" width=\"150\" height=\"150\" src=\"https:\/\/sunclimbing.com\/wp-content\/uploads\/2023\/06\/2G3A3991-edited-150x150.jpg\" alt=\"\" class=\"wp-image-2252\" srcset=\"https:\/\/sunclimbing.com\/wp-content\/uploads\/2023\/06\/2G3A3991-edited-150x150.jpg 150w, https:\/\/sunclimbing.com\/wp-content\/uploads\/2023\/06\/2G3A3991-edited-300x300.jpg 300w, https:\/\/sunclimbing.com\/wp-content\/uploads\/2023\/06\/2G3A3991-edited-1024x1024.jpg 1024w, https:\/\/sunclimbing.com\/wp-content\/uploads\/2023\/06\/2G3A3991-edited-768x768.jpg 768w, https:\/\/sunclimbing.com\/wp-content\/uploads\/2023\/06\/2G3A3991-edited-1536x1536.jpg 1536w, https:\/\/sunclimbing.com\/wp-content\/uploads\/2023\/06\/2G3A3991-edited.jpg 1920w\" sizes=\"auto, (max-width: 150px) 100vw, 150px\" \/><\/a><\/figure>\n\n\n\n<h4 class=\"wp-block-heading has-text-align-center has-large-font-size translation-block\" style=\"line-height:1.3\"><a href=\"https:\/\/sunclimbing.com\/tr\/course-overview\/beginner-climbing\/\" data-type=\"page\" data-id=\"2116\" target=\"_self\">Temel Seviye<br>Kurs<\/a><\/h4>\n\n\n\n<p class=\"has-text-align-center\">Kaya t\u0131rman\u0131\u015f\u0131nda hi\u00e7 deneyimi olmayan veya \u00e7ok az deneyimi olan t\u0131rman\u0131c\u0131lar i\u00e7in temel e\u011fitim<\/p>\n\n\n\n<div class=\"wp-block-buttons is-content-justification-center is-layout-flex wp-container-core-buttons-is-layout-a89b3969 wp-block-buttons-is-layout-flex\">\n<div class=\"wp-block-button\"><a class=\"wp-block-button__link wp-element-button\" href=\"https:\/\/sunclimbing.com\/tr\/course-overview\/beginner-climbing\/\">Learn more<\/a><\/div>\n<\/div>\n<\/div>\n\n\n\n<div class=\"wp-block-group has-global-padding is-layout-constrained wp-block-group-is-layout-constrained\">\n<figure class=\"wp-block-image aligncenter size-large is-resized is-style-rounded\"><a href=\"https:\/\/sunclimbing.com\/tr\/courses-2\/gym-to-rock-climbing\/\"><img loading=\"lazy\" decoding=\"async\" width=\"1920\" height=\"1920\" src=\"https:\/\/sunclimbing.com\/wp-content\/uploads\/2023\/09\/2G3A1907-edited-2.jpg\" alt=\"\" class=\"wp-image-2746\" style=\"aspect-ratio:1;object-fit:cover;width:153px;height:undefinedpx\" srcset=\"https:\/\/sunclimbing.com\/wp-content\/uploads\/2023\/09\/2G3A1907-edited-2.jpg 1920w, https:\/\/sunclimbing.com\/wp-content\/uploads\/2023\/09\/2G3A1907-edited-2-300x300.jpg 300w, https:\/\/sunclimbing.com\/wp-content\/uploads\/2023\/09\/2G3A1907-edited-2-1024x1024.jpg 1024w, https:\/\/sunclimbing.com\/wp-content\/uploads\/2023\/09\/2G3A1907-edited-2-150x150.jpg 150w, https:\/\/sunclimbing.com\/wp-content\/uploads\/2023\/09\/2G3A1907-edited-2-768x768.jpg 768w, https:\/\/sunclimbing.com\/wp-content\/uploads\/2023\/09\/2G3A1907-edited-2-1536x1536.jpg 1536w\" sizes=\"auto, (max-width: 1920px) 100vw, 1920px\" \/><\/a><\/figure>\n\n\n\n<h4 class=\"wp-block-heading has-text-align-center has-large-font-size translation-block\" style=\"line-height:1.3\"><a href=\"https:\/\/sunclimbing.com\/tr\/courses-2\/gym-to-rock-climbing\/\" data-type=\"page\" data-id=\"2719\" target=\"_self\">Indoor Outdoor<br>T\u0131rman\u0131\u015f Kursu<\/a><\/h4>\n\n\n\n<p class=\"has-text-align-center\">T\u0131rman\u0131\u015flar\u0131n\u0131 kayaya ta\u015f\u0131mak isteyen spor salonunda deneyimli t\u0131rman\u0131c\u0131lar i\u00e7in<\/p>\n\n\n\n<div class=\"wp-block-buttons is-content-justification-center is-layout-flex wp-container-core-buttons-is-layout-a89b3969 wp-block-buttons-is-layout-flex\">\n<div class=\"wp-block-button\"><a class=\"wp-block-button__link wp-element-button\" href=\"https:\/\/sunclimbing.com\/tr\/courses-2\/gym-to-rock-climbing\/\">Learn more<\/a><\/div>\n<\/div>\n<\/div>\n<\/div>\n<\/div>\n\n\n\n<hr class=\"wp-block-separator has-alpha-channel-opacity\"\/>\n\n\n\n<div class=\"wp-block-media-text is-stacked-on-mobile is-image-fill\" style=\"grid-template-columns:41% auto\"><figure class=\"wp-block-media-text__media\" style=\"background-image:url(https:\/\/sunclimbing.com\/wp-content\/uploads\/2023\/06\/2G3A3955-1024x683.jpg);background-position:54% 39%\"><img loading=\"lazy\" decoding=\"async\" width=\"1024\" height=\"683\" src=\"https:\/\/sunclimbing.com\/wp-content\/uploads\/2023\/06\/2G3A3955-1024x683.jpg\" alt=\"\" class=\"wp-image-2037 size-full\" srcset=\"https:\/\/sunclimbing.com\/wp-content\/uploads\/2023\/06\/2G3A3955-1024x683.jpg 1024w, https:\/\/sunclimbing.com\/wp-content\/uploads\/2023\/06\/2G3A3955-300x200.jpg 300w, https:\/\/sunclimbing.com\/wp-content\/uploads\/2023\/06\/2G3A3955-768x512.jpg 768w, https:\/\/sunclimbing.com\/wp-content\/uploads\/2023\/06\/2G3A3955-1536x1024.jpg 1536w, https:\/\/sunclimbing.com\/wp-content\/uploads\/2023\/06\/2G3A3955-2048x1365.jpg 2048w\" sizes=\"auto, (max-width: 1024px) 100vw, 1024px\" \/><\/figure><div class=\"wp-block-media-text__content\">\n<div class=\"wp-block-group has-global-padding is-layout-constrained wp-block-group-is-layout-constrained\">\n<h2 class=\"wp-block-heading has-palanquin-font-family\">E\u011fitmenleriniz<\/h2>\n\n\n\n<p class=\"translation-block\">Kurslar\u0131m\u0131z, g\u00fcvenli, verimli ve keyifli bir \u015fekilde t\u0131rmanman\u0131z i\u00e7in bilmeniz gereken her \u015feyi size \u00f6\u011fretecek deneyimli ve sertifikal\u0131 e\u011fitmenler taraf\u0131ndan verilmektedir.<\/p>\n\n\n\n<p>G\u00fcvenli\u011fe \u00f6nem veriyor ve kat\u0131l\u0131mc\u0131lar\u0131m\u0131z\u0131n daima g\u00fcvende olmas\u0131n\u0131 sa\u011fl\u0131yoruz. Kurslar\u0131m\u0131zda risklerin nas\u0131l fark edilece\u011fini ve bunlardan nas\u0131l ka\u00e7\u0131n\u0131laca\u011f\u0131n\u0131 \u00f6\u011fretiyoruz. Sunclimbing'deki t\u00fcm e\u011fitmenlerimiz Avusturya Alpin Kul\u00fcb\u00fc taraf\u0131ndan sertifikaland\u0131r\u0131lm\u0131\u015ft\u0131r ve en son g\u00fcvenlik standartlar\u0131na ve tavsiyelerine g\u00f6re \u00e7al\u0131\u015fmaktad\u0131rlar.<\/p>\n\n\n\n<p>Geyikbay\u0131r\u0131'ndaki t\u0131rman\u0131\u015f kurslar\u0131m\u0131zla yeni bir tutku ke\u015ffedebilir ve d\u00fcnyan\u0131n en heyecan verici sporlar\u0131ndan birini deneyimleyebilirsiniz. <strong>Hemen rezervasyonunuzu yapt\u0131r\u0131n ve t\u0131rman\u0131\u015f\u0131n ne kadar keyifli olabilece\u011fini deneyimleyin!<\/strong><\/p>\n\n\n\n<div class=\"wp-block-buttons is-layout-flex wp-block-buttons-is-layout-flex\">\n<div class=\"wp-block-button\"><a class=\"wp-block-button__link wp-element-button\" href=\"https:\/\/sunclimbing.com\/tr\/about-us\/\">E\u011fitmenlerimizi tan\u0131y\u0131n<\/a><\/div>\n<\/div>\n<\/div>\n<\/div><\/div>\n\n\n\n<div style=\"height:100px\" aria-hidden=\"true\" class=\"wp-block-spacer\"><\/div>","protected":false},"excerpt":{"rendered":"<p>Beginner courses Ready to start your climbing adventure? Our beginner courses are designed to introduce you to the fundamentals of outdoor climbing in a safe and supportive environment. Learn essential techniques, safety protocols, and gain confidence on the rock with the guidance of our experienced instructors. Whether you\u2019re new to climbing or looking to transition [&hellip;]<\/p>\n","protected":false},"author":1,"featured_media":109,"parent":0,"menu_order":0,"comment_status":"closed","ping_status":"closed","template":"","meta":{"footnotes":""},"class_list":["post-4032","page","type-page","status-publish","has-post-thumbnail","hentry"],"yoast_head":"<!-- This site is optimized with the Yoast SEO plugin v27.4 - https:\/\/yoast.com\/product\/yoast-seo-wordpress\/ -->\n<title>Beginner Courses - Sunclimbing<\/title>\n<meta name=\"robots\" content=\"index, follow, max-snippet:-1, max-image-preview:large, max-video-preview:-1\" \/>\n<link rel=\"canonical\" href=\"https:\/\/sunclimbing.com\/tr\/beginner-courses\/\" \/>\n<meta property=\"og:locale\" content=\"tr_TR\" \/>\n<meta property=\"og:type\" content=\"article\" \/>\n<meta property=\"og:title\" content=\"Beginner Courses - Sunclimbing\" \/>\n<meta property=\"og:description\" content=\"Beginner courses Ready to start your climbing adventure? Our beginner courses are designed to introduce you to the fundamentals of outdoor climbing in a safe and supportive environment. Learn essential techniques, safety protocols, and gain confidence on the rock with the guidance of our experienced instructors. Whether you\u2019re new to climbing or looking to transition [&hellip;]\" \/>\n<meta property=\"og:url\" content=\"https:\/\/sunclimbing.com\/tr\/beginner-courses\/\" \/>\n<meta property=\"og:site_name\" content=\"Sunclimbing\" \/>\n<meta property=\"article:modified_time\" content=\"2024-06-05T13:40:47+00:00\" \/>\n<meta property=\"og:image\" content=\"https:\/\/sunclimbing.com\/wp-content\/uploads\/2023\/05\/Personal-guide-edited.jpg\" \/>\n\t<meta property=\"og:image:width\" content=\"1921\" \/>\n\t<meta property=\"og:image:height\" content=\"1920\" \/>\n\t<meta property=\"og:image:type\" content=\"image\/jpeg\" \/>\n<meta name=\"twitter:card\" content=\"summary_large_image\" \/>\n<meta name=\"twitter:label1\" content=\"Tahmini okuma s\u00fcresi\" \/>\n\t<meta name=\"twitter:data1\" content=\"2 dakika\" \/>\n<script type=\"application\/ld+json\" class=\"yoast-schema-graph\">{\"@context\":\"https:\\\/\\\/schema.org\",\"@graph\":[{\"@type\":\"WebPage\",\"@id\":\"https:\\\/\\\/sunclimbing.com\\\/beginner-courses\\\/\",\"url\":\"https:\\\/\\\/sunclimbing.com\\\/beginner-courses\\\/\",\"name\":\"Beginner Courses - Sunclimbing\",\"isPartOf\":{\"@id\":\"https:\\\/\\\/sunclimbing.com\\\/#website\"},\"primaryImageOfPage\":{\"@id\":\"https:\\\/\\\/sunclimbing.com\\\/beginner-courses\\\/#primaryimage\"},\"image\":{\"@id\":\"https:\\\/\\\/sunclimbing.com\\\/beginner-courses\\\/#primaryimage\"},\"thumbnailUrl\":\"https:\\\/\\\/sunclimbing.com\\\/wp-content\\\/uploads\\\/2023\\\/05\\\/Personal-guide-edited.jpg\",\"datePublished\":\"2024-04-29T15:01:25+00:00\",\"dateModified\":\"2024-06-05T13:40:47+00:00\",\"breadcrumb\":{\"@id\":\"https:\\\/\\\/sunclimbing.com\\\/beginner-courses\\\/#breadcrumb\"},\"inLanguage\":\"tr\",\"potentialAction\":[{\"@type\":\"ReadAction\",\"target\":[\"https:\\\/\\\/sunclimbing.com\\\/beginner-courses\\\/\"]}]},{\"@type\":\"ImageObject\",\"inLanguage\":\"tr\",\"@id\":\"https:\\\/\\\/sunclimbing.com\\\/beginner-courses\\\/#primaryimage\",\"url\":\"https:\\\/\\\/sunclimbing.com\\\/wp-content\\\/uploads\\\/2023\\\/05\\\/Personal-guide-edited.jpg\",\"contentUrl\":\"https:\\\/\\\/sunclimbing.com\\\/wp-content\\\/uploads\\\/2023\\\/05\\\/Personal-guide-edited.jpg\",\"width\":1921,\"height\":1920},{\"@type\":\"BreadcrumbList\",\"@id\":\"https:\\\/\\\/sunclimbing.com\\\/beginner-courses\\\/#breadcrumb\",\"itemListElement\":[{\"@type\":\"ListItem\",\"position\":1,\"name\":\"Home\",\"item\":\"https:\\\/\\\/sunclimbing.com\\\/\"},{\"@type\":\"ListItem\",\"position\":2,\"name\":\"Beginner Courses\"}]},{\"@type\":\"WebSite\",\"@id\":\"https:\\\/\\\/sunclimbing.com\\\/#website\",\"url\":\"https:\\\/\\\/sunclimbing.com\\\/\",\"name\":\"Sunclimbing\",\"description\":\"\",\"publisher\":{\"@id\":\"https:\\\/\\\/sunclimbing.com\\\/#organization\"},\"potentialAction\":[{\"@type\":\"SearchAction\",\"target\":{\"@type\":\"EntryPoint\",\"urlTemplate\":\"https:\\\/\\\/sunclimbing.com\\\/?s={search_term_string}\"},\"query-input\":{\"@type\":\"PropertyValueSpecification\",\"valueRequired\":true,\"valueName\":\"search_term_string\"}}],\"inLanguage\":\"tr\"},{\"@type\":\"Organization\",\"@id\":\"https:\\\/\\\/sunclimbing.com\\\/#organization\",\"name\":\"Sunclimbing\",\"url\":\"https:\\\/\\\/sunclimbing.com\\\/\",\"logo\":{\"@type\":\"ImageObject\",\"inLanguage\":\"tr\",\"@id\":\"https:\\\/\\\/sunclimbing.com\\\/#\\\/schema\\\/logo\\\/image\\\/\",\"url\":\"https:\\\/\\\/sunclimbing.com\\\/wp-content\\\/uploads\\\/2023\\\/06\\\/sunclimbing_logo.png\",\"contentUrl\":\"https:\\\/\\\/sunclimbing.com\\\/wp-content\\\/uploads\\\/2023\\\/06\\\/sunclimbing_logo.png\",\"width\":495,\"height\":108,\"caption\":\"Sunclimbing\"},\"image\":{\"@id\":\"https:\\\/\\\/sunclimbing.com\\\/#\\\/schema\\\/logo\\\/image\\\/\"}}]}<\/script>\n<!-- \/ Yoast SEO plugin. -->","yoast_head_json":{"title":"Beginner Courses - Sunclimbing","robots":{"index":"index","follow":"follow","max-snippet":"max-snippet:-1","max-image-preview":"max-image-preview:large","max-video-preview":"max-video-preview:-1"},"canonical":"https:\/\/sunclimbing.com\/tr\/beginner-courses\/","og_locale":"tr_TR","og_type":"article","og_title":"Beginner Courses - Sunclimbing","og_description":"Beginner courses Ready to start your climbing adventure? Our beginner courses are designed to introduce you to the fundamentals of outdoor climbing in a safe and supportive environment. Learn essential techniques, safety protocols, and gain confidence on the rock with the guidance of our experienced instructors. Whether you\u2019re new to climbing or looking to transition [&hellip;]","og_url":"https:\/\/sunclimbing.com\/tr\/beginner-courses\/","og_site_name":"Sunclimbing","article_modified_time":"2024-06-05T13:40:47+00:00","og_image":[{"width":1921,"height":1920,"url":"https:\/\/sunclimbing.com\/wp-content\/uploads\/2023\/05\/Personal-guide-edited.jpg","type":"image\/jpeg"}],"twitter_card":"summary_large_image","twitter_misc":{"Tahmini okuma s\u00fcresi":"2 dakika"},"schema":{"@context":"https:\/\/schema.org","@graph":[{"@type":"WebPage","@id":"https:\/\/sunclimbing.com\/beginner-courses\/","url":"https:\/\/sunclimbing.com\/beginner-courses\/","name":"Beginner Courses - Sunclimbing","isPartOf":{"@id":"https:\/\/sunclimbing.com\/#website"},"primaryImageOfPage":{"@id":"https:\/\/sunclimbing.com\/beginner-courses\/#primaryimage"},"image":{"@id":"https:\/\/sunclimbing.com\/beginner-courses\/#primaryimage"},"thumbnailUrl":"https:\/\/sunclimbing.com\/wp-content\/uploads\/2023\/05\/Personal-guide-edited.jpg","datePublished":"2024-04-29T15:01:25+00:00","dateModified":"2024-06-05T13:40:47+00:00","breadcrumb":{"@id":"https:\/\/sunclimbing.com\/beginner-courses\/#breadcrumb"},"inLanguage":"tr","potentialAction":[{"@type":"ReadAction","target":["https:\/\/sunclimbing.com\/beginner-courses\/"]}]},{"@type":"ImageObject","inLanguage":"tr","@id":"https:\/\/sunclimbing.com\/beginner-courses\/#primaryimage","url":"https:\/\/sunclimbing.com\/wp-content\/uploads\/2023\/05\/Personal-guide-edited.jpg","contentUrl":"https:\/\/sunclimbing.com\/wp-content\/uploads\/2023\/05\/Personal-guide-edited.jpg","width":1921,"height":1920},{"@type":"BreadcrumbList","@id":"https:\/\/sunclimbing.com\/beginner-courses\/#breadcrumb","itemListElement":[{"@type":"ListItem","position":1,"name":"Home","item":"https:\/\/sunclimbing.com\/"},{"@type":"ListItem","position":2,"name":"Beginner Courses"}]},{"@type":"WebSite","@id":"https:\/\/sunclimbing.com\/#website","url":"https:\/\/sunclimbing.com\/","name":"Sunclimbing","description":"","publisher":{"@id":"https:\/\/sunclimbing.com\/#organization"},"potentialAction":[{"@type":"SearchAction","target":{"@type":"EntryPoint","urlTemplate":"https:\/\/sunclimbing.com\/?s={search_term_string}"},"query-input":{"@type":"PropertyValueSpecification","valueRequired":true,"valueName":"search_term_string"}}],"inLanguage":"tr"},{"@type":"Organization","@id":"https:\/\/sunclimbing.com\/#organization","name":"Sunclimbing","url":"https:\/\/sunclimbing.com\/","logo":{"@type":"ImageObject","inLanguage":"tr","@id":"https:\/\/sunclimbing.com\/#\/schema\/logo\/image\/","url":"https:\/\/sunclimbing.com\/wp-content\/uploads\/2023\/06\/sunclimbing_logo.png","contentUrl":"https:\/\/sunclimbing.com\/wp-content\/uploads\/2023\/06\/sunclimbing_logo.png","width":495,"height":108,"caption":"Sunclimbing"},"image":{"@id":"https:\/\/sunclimbing.com\/#\/schema\/logo\/image\/"}}]}},"_links":{"self":[{"href":"https:\/\/sunclimbing.com\/tr\/wp-json\/wp\/v2\/pages\/4032","targetHints":{"allow":["GET"]}}],"collection":[{"href":"https:\/\/sunclimbing.com\/tr\/wp-json\/wp\/v2\/pages"}],"about":[{"href":"https:\/\/sunclimbing.com\/tr\/wp-json\/wp\/v2\/types\/page"}],"author":[{"embeddable":true,"href":"https:\/\/sunclimbing.com\/tr\/wp-json\/wp\/v2\/users\/1"}],"replies":[{"embeddable":true,"href":"https:\/\/sunclimbing.com\/tr\/wp-json\/wp\/v2\/comments?post=4032"}],"version-history":[{"count":7,"href":"https:\/\/sunclimbing.com\/tr\/wp-json\/wp\/v2\/pages\/4032\/revisions"}],"predecessor-version":[{"id":4282,"href":"https:\/\/sunclimbing.com\/tr\/wp-json\/wp\/v2\/pages\/4032\/revisions\/4282"}],"wp:featuredmedia":[{"embeddable":true,"href":"https:\/\/sunclimbing.com\/tr\/wp-json\/wp\/v2\/media\/109"}],"wp:attachment":[{"href":"https:\/\/sunclimbing.com\/tr\/wp-json\/wp\/v2\/media?parent=4032"}],"curies":[{"name":"wp","href":"https:\/\/api.w.org\/{rel}","templated":true}]}}