{"id":3094,"date":"2023-10-17T22:11:19","date_gmt":"2023-10-17T19:11:19","guid":{"rendered":"https:\/\/sunclimbing.com\/?page_id=3094"},"modified":"2023-11-11T12:12:03","modified_gmt":"2023-11-11T09:12:03","slug":"sunclimbing-opening-celebrations","status":"publish","type":"page","link":"https:\/\/sunclimbing.com\/tr\/specials\/sunclimbing-opening-celebrations\/","title":{"rendered":"Sunclimbing A\u00e7\u0131l\u0131\u015f Kutlamalar\u0131"},"content":{"rendered":"<div class=\"wp-block-cover\"><span aria-hidden=\"true\" class=\"wp-block-cover__background has-background-dim\"><\/span><img loading=\"lazy\" decoding=\"async\" width=\"1846\" height=\"1204\" src=\"https:\/\/sunclimbing.com\/wp-content\/uploads\/2023\/10\/Bildschirmfoto-2023-10-17-um-17.34.49.png\" class=\"wp-block-cover__image-background wp-post-image\" alt=\"\" data-object-fit=\"cover\" data-object-position=\"27% 28%\" style=\"object-position:27% 28%;\" srcset=\"https:\/\/sunclimbing.com\/wp-content\/uploads\/2023\/10\/Bildschirmfoto-2023-10-17-um-17.34.49.png 1846w, https:\/\/sunclimbing.com\/wp-content\/uploads\/2023\/10\/Bildschirmfoto-2023-10-17-um-17.34.49-300x196.png 300w, https:\/\/sunclimbing.com\/wp-content\/uploads\/2023\/10\/Bildschirmfoto-2023-10-17-um-17.34.49-1024x668.png 1024w, https:\/\/sunclimbing.com\/wp-content\/uploads\/2023\/10\/Bildschirmfoto-2023-10-17-um-17.34.49-768x501.png 768w, https:\/\/sunclimbing.com\/wp-content\/uploads\/2023\/10\/Bildschirmfoto-2023-10-17-um-17.34.49-1536x1002.png 1536w\" sizes=\"auto, (max-width: 1846px) 100vw, 1846px\" \/><div class=\"wp-block-cover__inner-container has-global-padding is-layout-constrained wp-block-cover-is-layout-constrained\">\n<h3 class=\"wp-block-heading alignwide has-text-align-center has-base-color has-text-color\" id=\"we-re-a-studio-in-berlin-with-an-international-practice-in-architecture-urban-planning-and-interior-design-we-believe-in-sharing-knowledge-and-promoting-dialogue-to-increase-the-creative-potential-of-collaboration\" style=\"font-size:clamp(27.894px, 1.743rem + ((1vw - 3.2px) * 2.094), 48px);line-height:1.1\">Sunclimbing A\u00e7\u0131l\u0131\u015f Kutlamalar\u0131<\/h3>\n\n\n\n<h2 class=\"wp-block-heading has-text-align-center has-tertiary-color has-text-color\">\u00fccretsiz t\u0131rman\u0131\u015f at\u00f6lyesi serisi ve b\u00fcy\u00fck rock partisi ile<\/h2>\n\n\n\n<h2 class=\"wp-block-heading has-text-align-center has-tertiary-color has-text-color\">16.-19.11.2023<\/h2>\n\n\n\n<div class=\"wp-block-buttons is-content-justification-center is-layout-flex wp-container-core-buttons-is-layout-a89b3969 wp-block-buttons-is-layout-flex\">\n<div class=\"wp-block-button\"><a class=\"wp-block-button__link has-text-align-center wp-element-button\">Be part of it!<\/a><\/div>\n<\/div>\n<\/div><\/div>\n\n\n\n<h2 class=\"wp-block-heading has-primary-color has-text-color\">Sunclimbing A\u00e7\u0131l\u0131\u015f Kutlamalar\u0131 <\/h2>\n\n\n\n<p class=\"translation-block\">Ge\u00e7ti\u011fimiz aylarda Geyikbay\u0131r\u0131'ndaki Sunclimbing kaya t\u0131rman\u0131\u015f merkezimiz b\u00fcy\u00fck bir de\u011fi\u015fim ge\u00e7irdi ve \u015fimdi her zamankinden daha canl\u0131.<\/p>\n\n\n\n<p class=\"has-text-align-center\">\u2600\ufe0f\u2600\ufe0f\u2600\ufe0f <\/p>\n\n\n\n<p class=\"translation-block\">16 Kas\u0131m 2023 Per\u015fembe g\u00fcn\u00fcnden 19 Kas\u0131m 2023 Pazar g\u00fcn\u00fcne kadar 4 g\u00fcn s\u00fcrecek kutlamalar boyunca, sadece yepyeni manzaral\u0131 teras\u0131m\u0131z ve e\u011fitim platformuyla yenilenmi\u015f ma\u011fazam\u0131z\u0131 de\u011fil, ayn\u0131 zamanda yeni kurs tekliflerimizi, \u201cT\u0131rman\u0131\u015f ve Yoga Haftas\u0131\u201d gibi yeni tatil paketlerimizi ve destek veren ortaklar\u0131m\u0131z\u0131 kutlamak istiyoruz. Ayr\u0131ca bizi enerjik bir \u015fekilde destekleyenlere de \u00e7ok te\u015fekk\u00fcr etmek istiyoruz.<\/p>\n\n\n\n<p class=\"translation-block\">Bunu yapmak i\u00e7in, \u00fccretsiz (yani sizin i\u00e7in hi\u00e7bir maliyet yok! Ger\u00e7ekten mi? Evet!) t\u0131rman\u0131\u015f at\u00f6lyeleri, bir film gecesi, hat\u0131rlanacak bir a\u00e7\u0131l\u0131\u015f partisi ve \u00e7ok daha e\u011flenceli aktivitelerden olu\u015fan dolu dolu bir program haz\u0131rlad\u0131k.<\/p>\n\n\n\n<div class=\"wp-block-cover has-parallax\" style=\"padding-top:var(--wp--preset--spacing--80);padding-bottom:var(--wp--preset--spacing--80)\"><span aria-hidden=\"true\" class=\"wp-block-cover__background has-background-dim\"><\/span><div class=\"wp-block-cover__image-background wp-image-3099 has-parallax\" style=\"background-position:50% 50%;background-image:url(https:\/\/sunclimbing.com\/wp-content\/uploads\/2023\/10\/Bildschirmfoto-2023-10-17-um-17.34.49.png);\"><\/div><div class=\"wp-block-cover__inner-container has-global-padding is-layout-constrained wp-block-cover-is-layout-constrained\">\n<h2 class=\"wp-block-heading has-text-align-center has-tertiary-color has-text-color has-large-font-size\"><strong>Bunun bir par\u00e7as\u0131 olun ve bize kat\u0131l\u0131n!<\/strong><\/h2>\n<\/div><\/div>\n\n\n\n<p class=\"has-text-align-center\"><strong>Hepinizi kutlamalarda bize kat\u0131lmaya davet ediyoruz!<\/strong>!<\/p>\n\n\n\n<p>\u00d6n\u00fcm\u00fczdeki haftalarda bu web sitesini d\u00fczenli olarak g\u00fcncelleyece\u011fiz, b\u00f6ylece yak\u0131nda programla ilgili t\u00fcm bilgiler burada mevcut olacak. Geli\u015fmelerden haberdar olmak istiyorsan\u0131z, bizi Instagram'da da takip edebilirsiniz! <a href=\"https:\/\/www.instagram.com\/sunclimbing_geyikbayiri\/\">Instagram<\/a>!<\/p>\n\n\n\n<p class=\"has-base-color has-primary-background-color has-text-color has-background\"><strong>Neleri d\u00f6rt g\u00f6zle bekleyebilirsiniz:<\/strong> <\/p>\n\n\n\n<div class=\"wp-block-columns is-layout-flex wp-container-core-columns-is-layout-28f84493 wp-block-columns-is-layout-flex\">\n<div class=\"wp-block-column is-layout-flow wp-block-column-is-layout-flow\">\n<ul class=\"wp-block-list\">\n<li>Hangboard kullanarak nas\u0131l antrenman yap\u0131l\u0131r<\/li>\n\n\n\n<li>Antrenman performans\u0131n\u0131z\u0131 artt\u0131rmak<\/li>\n\n\n\n<li>Betastick nas\u0131l kullan\u0131l\u0131r<\/li>\n\n\n\n<li>GriGri+ ve Connect Adjust nas\u0131l kullan\u0131l\u0131r<\/li>\n\n\n\n<li>Halat tutucular\u0131n evrimi<\/li>\n\n\n\n<li>Ki\u015fisel koruyucu donan\u0131m ve t\u0131rman\u0131\u015f malzemeleri hakk\u0131nda bilmeniz gereken ilgin\u00e7 ger\u00e7ekler<\/li>\n\n\n\n<li>Ohm nas\u0131l kullan\u0131l\u0131r <\/li>\n<\/ul>\n<\/div>\n\n\n\n<div class=\"wp-block-column is-layout-flow wp-block-column-is-layout-flow\">\n<ul class=\"wp-block-list\">\n<li>Kayada kendini kurtarma<\/li>\n\n\n\n<li>\u0130lk yard\u0131m<\/li>\n\n\n\n<li>Sakatl\u0131klarla nas\u0131l ba\u015fa \u00e7\u0131k\u0131l\u0131r<\/li>\n\n\n\n<li>T\u0131rman\u0131c\u0131lar i\u00e7in do\u011fru beslenme<\/li>\n\n\n\n<li>G\u00fcne do\u011fru ba\u015flamak i\u00e7in sabah yogas\u0131<\/li>\n\n\n\n<li>Avusturya Alpin Kul\u00fcb\u00fc \u00dcyeli\u011fi ve kay\u0131t imkan\u0131 hakk\u0131nda bilgi<\/li>\n\n\n\n<li>ve \u00e7ok daha fazlas\u0131!<\/li>\n<\/ul>\n<\/div>\n<\/div>\n\n\n\n<p class=\"has-text-align-center has-primary-color has-tertiary-background-color has-text-color has-background\"><a href=\"https:\/\/sunclimbing.com\/wp-content\/uploads\/2023\/11\/Sunclimbing-Opening-Celebrations_online_v6.pdf\">T\u00dcM PROGRAMI burada bulabilirsiniz!<\/a><\/p>\n\n\n\n<p class=\"has-base-color has-primary-background-color has-text-color has-background translation-block\">Ayr\u0131ca, 17.11.2023 Cuma ak\u015fam\u0131n\u0131 teras\u0131m\u0131zda dinlendirici bir Film Gecesi ve 18.11.2023 Cumartesi ak\u015fam\u0131n\u0131 resmi A\u00e7\u0131l\u0131\u015f Partimiz i\u00e7in bo\u015f b\u0131rakt\u0131\u011f\u0131n\u0131zdan emin olun.<\/p>\n\n\n\n<div class=\"wp-block-buttons is-content-justification-center is-layout-flex wp-container-core-buttons-is-layout-a89b3969 wp-block-buttons-is-layout-flex\">\n<div class=\"wp-block-button\"><a class=\"wp-block-button__link has-tertiary-background-color has-background has-text-align-center wp-element-button\">\u015eimdi kay\u0131t olun!<\/a><\/div>\n<\/div>\n\n\n\n<hr class=\"wp-block-separator has-alpha-channel-opacity\"\/>\n\n\n\n<div style=\"height:100px\" aria-hidden=\"true\" class=\"wp-block-spacer\"><\/div>\n\n\n<div class=\"em em-view-container\" id=\"em-view-2075481971\" data-view=\"list\">\r\n\t<div class=\"em pixelbones em-list em-events-list\" id=\"em-events-list-2075481971\" data-view-id=\"2075481971\">\r\n\tCurrently, there are no events planned.\t<\/div>\r\n<\/div>\n\n\n\n<div style=\"height:100px\" aria-hidden=\"true\" class=\"wp-block-spacer\"><\/div>","protected":false},"excerpt":{"rendered":"<p>Sunclimbing Opening Celebrations Over the last months, our Sunclimbing rock climbing base in Geyikbayiri had a huge makeover and now shines brighter than ever. \u2600\ufe0f\u2600\ufe0f\u2600\ufe0f During 4 days of celebrations, from Thursday, 16.11. to Sunday, 19.11.2023, we do not only want to celebrate our new shop with its beautiful rock-view terraces and the brand-new training [&hellip;]<\/p>\n","protected":false},"author":4,"featured_media":3099,"parent":976,"menu_order":0,"comment_status":"closed","ping_status":"closed","template":"","meta":{"footnotes":""},"class_list":["post-3094","page","type-page","status-publish","has-post-thumbnail","hentry"],"yoast_head":"<!-- This site is optimized with the Yoast SEO plugin v27.3 - https:\/\/yoast.com\/product\/yoast-seo-wordpress\/ -->\n<title>Sunclimbing Opening Celebrations - Sunclimbing<\/title>\n<meta name=\"robots\" content=\"index, follow, max-snippet:-1, max-image-preview:large, max-video-preview:-1\" \/>\n<link rel=\"canonical\" href=\"http:\/\/sunclimbing.com\/tr\/specials\/sunclimbing-opening-celebrations\/\" \/>\n<meta property=\"og:locale\" content=\"tr_TR\" \/>\n<meta property=\"og:type\" content=\"article\" \/>\n<meta property=\"og:title\" content=\"Sunclimbing Opening Celebrations - Sunclimbing\" \/>\n<meta property=\"og:description\" content=\"Sunclimbing Opening Celebrations Over the last months, our Sunclimbing rock climbing base in Geyikbayiri had a huge makeover and now shines brighter than ever. \u2600\ufe0f\u2600\ufe0f\u2600\ufe0f During 4 days of celebrations, from Thursday, 16.11. to Sunday, 19.11.2023, we do not only want to celebrate our new shop with its beautiful rock-view terraces and the brand-new training [&hellip;]\" \/>\n<meta property=\"og:url\" content=\"http:\/\/sunclimbing.com\/tr\/specials\/sunclimbing-opening-celebrations\/\" \/>\n<meta property=\"og:site_name\" content=\"Sunclimbing\" \/>\n<meta property=\"article:modified_time\" content=\"2023-11-11T09:12:03+00:00\" \/>\n<meta property=\"og:image\" content=\"https:\/\/sunclimbing.com\/wp-content\/uploads\/2023\/10\/Bildschirmfoto-2023-10-17-um-17.34.49.png\" \/>\n\t<meta property=\"og:image:width\" content=\"1846\" \/>\n\t<meta property=\"og:image:height\" content=\"1204\" \/>\n\t<meta property=\"og:image:type\" content=\"image\/png\" \/>\n<meta name=\"twitter:card\" content=\"summary_large_image\" \/>\n<meta name=\"twitter:label1\" content=\"Tahmini okuma s\u00fcresi\" \/>\n\t<meta name=\"twitter:data1\" content=\"2 dakika\" \/>\n<script type=\"application\/ld+json\" class=\"yoast-schema-graph\">{\"@context\":\"https:\\\/\\\/schema.org\",\"@graph\":[{\"@type\":\"WebPage\",\"@id\":\"http:\\\/\\\/sunclimbing.com\\\/tr\\\/specials\\\/sunclimbing-opening-celebrations\\\/\",\"url\":\"http:\\\/\\\/sunclimbing.com\\\/tr\\\/specials\\\/sunclimbing-opening-celebrations\\\/\",\"name\":\"Sunclimbing Opening Celebrations - Sunclimbing\",\"isPartOf\":{\"@id\":\"https:\\\/\\\/sunclimbing.com\\\/#website\"},\"primaryImageOfPage\":{\"@id\":\"http:\\\/\\\/sunclimbing.com\\\/tr\\\/specials\\\/sunclimbing-opening-celebrations\\\/#primaryimage\"},\"image\":{\"@id\":\"http:\\\/\\\/sunclimbing.com\\\/tr\\\/specials\\\/sunclimbing-opening-celebrations\\\/#primaryimage\"},\"thumbnailUrl\":\"https:\\\/\\\/sunclimbing.com\\\/wp-content\\\/uploads\\\/2023\\\/10\\\/Bildschirmfoto-2023-10-17-um-17.34.49.png\",\"datePublished\":\"2023-10-17T19:11:19+00:00\",\"dateModified\":\"2023-11-11T09:12:03+00:00\",\"breadcrumb\":{\"@id\":\"http:\\\/\\\/sunclimbing.com\\\/tr\\\/specials\\\/sunclimbing-opening-celebrations\\\/#breadcrumb\"},\"inLanguage\":\"tr\",\"potentialAction\":[{\"@type\":\"ReadAction\",\"target\":[\"http:\\\/\\\/sunclimbing.com\\\/tr\\\/specials\\\/sunclimbing-opening-celebrations\\\/\"]}]},{\"@type\":\"ImageObject\",\"inLanguage\":\"tr\",\"@id\":\"http:\\\/\\\/sunclimbing.com\\\/tr\\\/specials\\\/sunclimbing-opening-celebrations\\\/#primaryimage\",\"url\":\"https:\\\/\\\/sunclimbing.com\\\/wp-content\\\/uploads\\\/2023\\\/10\\\/Bildschirmfoto-2023-10-17-um-17.34.49.png\",\"contentUrl\":\"https:\\\/\\\/sunclimbing.com\\\/wp-content\\\/uploads\\\/2023\\\/10\\\/Bildschirmfoto-2023-10-17-um-17.34.49.png\",\"width\":1846,\"height\":1204},{\"@type\":\"BreadcrumbList\",\"@id\":\"http:\\\/\\\/sunclimbing.com\\\/tr\\\/specials\\\/sunclimbing-opening-celebrations\\\/#breadcrumb\",\"itemListElement\":[{\"@type\":\"ListItem\",\"position\":1,\"name\":\"Home\",\"item\":\"https:\\\/\\\/sunclimbing.com\\\/\"},{\"@type\":\"ListItem\",\"position\":2,\"name\":\"Climbing specials\",\"item\":\"https:\\\/\\\/sunclimbing.com\\\/specials\\\/\"},{\"@type\":\"ListItem\",\"position\":3,\"name\":\"Sunclimbing Opening Celebrations\"}]},{\"@type\":\"WebSite\",\"@id\":\"https:\\\/\\\/sunclimbing.com\\\/#website\",\"url\":\"https:\\\/\\\/sunclimbing.com\\\/\",\"name\":\"Sunclimbing\",\"description\":\"\",\"publisher\":{\"@id\":\"https:\\\/\\\/sunclimbing.com\\\/#organization\"},\"potentialAction\":[{\"@type\":\"SearchAction\",\"target\":{\"@type\":\"EntryPoint\",\"urlTemplate\":\"https:\\\/\\\/sunclimbing.com\\\/?s={search_term_string}\"},\"query-input\":{\"@type\":\"PropertyValueSpecification\",\"valueRequired\":true,\"valueName\":\"search_term_string\"}}],\"inLanguage\":\"tr\"},{\"@type\":\"Organization\",\"@id\":\"https:\\\/\\\/sunclimbing.com\\\/#organization\",\"name\":\"Sunclimbing\",\"url\":\"https:\\\/\\\/sunclimbing.com\\\/\",\"logo\":{\"@type\":\"ImageObject\",\"inLanguage\":\"tr\",\"@id\":\"https:\\\/\\\/sunclimbing.com\\\/#\\\/schema\\\/logo\\\/image\\\/\",\"url\":\"https:\\\/\\\/sunclimbing.com\\\/wp-content\\\/uploads\\\/2023\\\/06\\\/sunclimbing_logo.png\",\"contentUrl\":\"https:\\\/\\\/sunclimbing.com\\\/wp-content\\\/uploads\\\/2023\\\/06\\\/sunclimbing_logo.png\",\"width\":495,\"height\":108,\"caption\":\"Sunclimbing\"},\"image\":{\"@id\":\"https:\\\/\\\/sunclimbing.com\\\/#\\\/schema\\\/logo\\\/image\\\/\"}}]}<\/script>\n<!-- \/ Yoast SEO plugin. -->","yoast_head_json":{"title":"Sunclimbing Opening Celebrations - Sunclimbing","robots":{"index":"index","follow":"follow","max-snippet":"max-snippet:-1","max-image-preview":"max-image-preview:large","max-video-preview":"max-video-preview:-1"},"canonical":"http:\/\/sunclimbing.com\/tr\/specials\/sunclimbing-opening-celebrations\/","og_locale":"tr_TR","og_type":"article","og_title":"Sunclimbing Opening Celebrations - Sunclimbing","og_description":"Sunclimbing Opening Celebrations Over the last months, our Sunclimbing rock climbing base in Geyikbayiri had a huge makeover and now shines brighter than ever. \u2600\ufe0f\u2600\ufe0f\u2600\ufe0f During 4 days of celebrations, from Thursday, 16.11. to Sunday, 19.11.2023, we do not only want to celebrate our new shop with its beautiful rock-view terraces and the brand-new training [&hellip;]","og_url":"http:\/\/sunclimbing.com\/tr\/specials\/sunclimbing-opening-celebrations\/","og_site_name":"Sunclimbing","article_modified_time":"2023-11-11T09:12:03+00:00","og_image":[{"width":1846,"height":1204,"url":"https:\/\/sunclimbing.com\/wp-content\/uploads\/2023\/10\/Bildschirmfoto-2023-10-17-um-17.34.49.png","type":"image\/png"}],"twitter_card":"summary_large_image","twitter_misc":{"Tahmini okuma s\u00fcresi":"2 dakika"},"schema":{"@context":"https:\/\/schema.org","@graph":[{"@type":"WebPage","@id":"http:\/\/sunclimbing.com\/tr\/specials\/sunclimbing-opening-celebrations\/","url":"http:\/\/sunclimbing.com\/tr\/specials\/sunclimbing-opening-celebrations\/","name":"Sunclimbing Opening Celebrations - Sunclimbing","isPartOf":{"@id":"https:\/\/sunclimbing.com\/#website"},"primaryImageOfPage":{"@id":"http:\/\/sunclimbing.com\/tr\/specials\/sunclimbing-opening-celebrations\/#primaryimage"},"image":{"@id":"http:\/\/sunclimbing.com\/tr\/specials\/sunclimbing-opening-celebrations\/#primaryimage"},"thumbnailUrl":"https:\/\/sunclimbing.com\/wp-content\/uploads\/2023\/10\/Bildschirmfoto-2023-10-17-um-17.34.49.png","datePublished":"2023-10-17T19:11:19+00:00","dateModified":"2023-11-11T09:12:03+00:00","breadcrumb":{"@id":"http:\/\/sunclimbing.com\/tr\/specials\/sunclimbing-opening-celebrations\/#breadcrumb"},"inLanguage":"tr","potentialAction":[{"@type":"ReadAction","target":["http:\/\/sunclimbing.com\/tr\/specials\/sunclimbing-opening-celebrations\/"]}]},{"@type":"ImageObject","inLanguage":"tr","@id":"http:\/\/sunclimbing.com\/tr\/specials\/sunclimbing-opening-celebrations\/#primaryimage","url":"https:\/\/sunclimbing.com\/wp-content\/uploads\/2023\/10\/Bildschirmfoto-2023-10-17-um-17.34.49.png","contentUrl":"https:\/\/sunclimbing.com\/wp-content\/uploads\/2023\/10\/Bildschirmfoto-2023-10-17-um-17.34.49.png","width":1846,"height":1204},{"@type":"BreadcrumbList","@id":"http:\/\/sunclimbing.com\/tr\/specials\/sunclimbing-opening-celebrations\/#breadcrumb","itemListElement":[{"@type":"ListItem","position":1,"name":"Home","item":"https:\/\/sunclimbing.com\/"},{"@type":"ListItem","position":2,"name":"Climbing specials","item":"https:\/\/sunclimbing.com\/specials\/"},{"@type":"ListItem","position":3,"name":"Sunclimbing Opening Celebrations"}]},{"@type":"WebSite","@id":"https:\/\/sunclimbing.com\/#website","url":"https:\/\/sunclimbing.com\/","name":"Sunclimbing","description":"","publisher":{"@id":"https:\/\/sunclimbing.com\/#organization"},"potentialAction":[{"@type":"SearchAction","target":{"@type":"EntryPoint","urlTemplate":"https:\/\/sunclimbing.com\/?s={search_term_string}"},"query-input":{"@type":"PropertyValueSpecification","valueRequired":true,"valueName":"search_term_string"}}],"inLanguage":"tr"},{"@type":"Organization","@id":"https:\/\/sunclimbing.com\/#organization","name":"Sunclimbing","url":"https:\/\/sunclimbing.com\/","logo":{"@type":"ImageObject","inLanguage":"tr","@id":"https:\/\/sunclimbing.com\/#\/schema\/logo\/image\/","url":"https:\/\/sunclimbing.com\/wp-content\/uploads\/2023\/06\/sunclimbing_logo.png","contentUrl":"https:\/\/sunclimbing.com\/wp-content\/uploads\/2023\/06\/sunclimbing_logo.png","width":495,"height":108,"caption":"Sunclimbing"},"image":{"@id":"https:\/\/sunclimbing.com\/#\/schema\/logo\/image\/"}}]}},"_links":{"self":[{"href":"https:\/\/sunclimbing.com\/tr\/wp-json\/wp\/v2\/pages\/3094","targetHints":{"allow":["GET"]}}],"collection":[{"href":"https:\/\/sunclimbing.com\/tr\/wp-json\/wp\/v2\/pages"}],"about":[{"href":"https:\/\/sunclimbing.com\/tr\/wp-json\/wp\/v2\/types\/page"}],"author":[{"embeddable":true,"href":"https:\/\/sunclimbing.com\/tr\/wp-json\/wp\/v2\/users\/4"}],"replies":[{"embeddable":true,"href":"https:\/\/sunclimbing.com\/tr\/wp-json\/wp\/v2\/comments?post=3094"}],"version-history":[{"count":34,"href":"https:\/\/sunclimbing.com\/tr\/wp-json\/wp\/v2\/pages\/3094\/revisions"}],"predecessor-version":[{"id":3728,"href":"https:\/\/sunclimbing.com\/tr\/wp-json\/wp\/v2\/pages\/3094\/revisions\/3728"}],"up":[{"embeddable":true,"href":"https:\/\/sunclimbing.com\/tr\/wp-json\/wp\/v2\/pages\/976"}],"wp:featuredmedia":[{"embeddable":true,"href":"https:\/\/sunclimbing.com\/tr\/wp-json\/wp\/v2\/media\/3099"}],"wp:attachment":[{"href":"https:\/\/sunclimbing.com\/tr\/wp-json\/wp\/v2\/media?parent=3094"}],"curies":[{"name":"wp","href":"https:\/\/api.w.org\/{rel}","templated":true}]}}