{"id":3065,"date":"2023-11-12T13:55:56","date_gmt":"2023-11-12T10:55:56","guid":{"rendered":"https:\/\/sunclimbing.com\/?page_id=3065"},"modified":"2024-11-27T12:33:52","modified_gmt":"2024-11-27T09:33:52","slug":"holidays","status":"publish","type":"page","link":"https:\/\/sunclimbing.com\/tr\/holidays\/","title":{"rendered":"Tatiller"},"content":{"rendered":"<div class=\"wp-block-cover is-light\"><span aria-hidden=\"true\" class=\"wp-block-cover__background has-background-dim\" style=\"background-color:#6d8ead\"><\/span><img loading=\"lazy\" decoding=\"async\" width=\"1920\" height=\"2560\" src=\"https:\/\/sunclimbing.com\/wp-content\/uploads\/2023\/09\/IMG_2040-scaled.jpg\" class=\"wp-block-cover__image-background wp-post-image\" alt=\"\" data-object-fit=\"cover\" data-object-position=\"51% 38%\" style=\"object-position:51% 38%;\" srcset=\"https:\/\/sunclimbing.com\/wp-content\/uploads\/2023\/09\/IMG_2040-scaled.jpg 1920w, https:\/\/sunclimbing.com\/wp-content\/uploads\/2023\/09\/IMG_2040-225x300.jpg 225w, https:\/\/sunclimbing.com\/wp-content\/uploads\/2023\/09\/IMG_2040-768x1024.jpg 768w, https:\/\/sunclimbing.com\/wp-content\/uploads\/2023\/09\/IMG_2040-1152x1536.jpg 1152w, https:\/\/sunclimbing.com\/wp-content\/uploads\/2023\/09\/IMG_2040-1536x2048.jpg 1536w\" sizes=\"auto, (max-width: 1920px) 100vw, 1920px\" \/><div class=\"wp-block-cover__inner-container has-global-padding is-layout-constrained wp-block-cover-is-layout-constrained\">\n<h2 class=\"wp-block-heading has-text-align-center has-tertiary-color has-text-color has-link-color wp-elements-c0839c808aba3d223ee6dbe10b50c300\">Gelin birlikte keyifli vakit ge\u00e7irelim<\/h2>\n\n\n\n<h3 class=\"wp-block-heading has-text-align-center has-base-color has-text-color has-link-color has-x-large-font-size wp-elements-e25b05893c771b9f14d87f596d284054\">Sunclimbing'le Tatil<\/h3>\n<\/div><\/div>\n\n\n\n<h3 class=\"wp-block-heading\">Sunclimbing'le Tatil<\/h3>\n\n\n\n<p>T\u00fcrkiye'nin farkl\u0131 b\u00f6lgelerinden Antalya Geyikbay\u0131r\u0131'na t\u0131rmanmaya gelin! Veya Geyikbay\u0131r\u0131'nda t\u0131rman\u0131\u015f\u0131 di\u011fer aktivitelerle birle\u015ftirmek mi istiyorsunuz? Tatil tekliflerimize g\u00f6z at\u0131n: <\/p>\n\n\n<div class=\"em em-view-container\" id=\"em-view-1958721218\" data-view=\"grid\" style=\"--view-grid-width : 250px\">\r\n\t<div class=\"em pixelbones em-list em-events-list em-grid em-events-grid\" id=\"em-events-grid-1958721218\" data-view-id=\"1958721218\">\r\n\tCurrently, there are no events planned.\t<\/div>\r\n<\/div>\n\n\n\n<div style=\"height:100px\" aria-hidden=\"true\" class=\"wp-block-spacer\"><\/div>","protected":false},"excerpt":{"rendered":"<p>Sunclimbing Holidays Escape the cold European autumn, winter and spring and come climbing in Geyikbayiri (Antalya, Turkey)! Or you want to spend more time in Geyikbayiri and combine climbing with other adventurous activities? Check out our holiday offers:<\/p>","protected":false},"author":4,"featured_media":2931,"parent":0,"menu_order":0,"comment_status":"closed","ping_status":"closed","template":"","meta":{"footnotes":""},"class_list":["post-3065","page","type-page","status-publish","has-post-thumbnail","hentry"],"yoast_head":"<!-- This site is optimized with the Yoast SEO plugin v27.3 - https:\/\/yoast.com\/product\/yoast-seo-wordpress\/ -->\n<title>Holidays - Sunclimbing<\/title>\n<meta name=\"robots\" content=\"index, follow, max-snippet:-1, max-image-preview:large, max-video-preview:-1\" \/>\n<link rel=\"canonical\" href=\"https:\/\/sunclimbing.com\/tr\/holidays\/\" \/>\n<meta property=\"og:locale\" content=\"tr_TR\" \/>\n<meta property=\"og:type\" content=\"article\" \/>\n<meta property=\"og:title\" content=\"Holidays - Sunclimbing\" \/>\n<meta property=\"og:description\" content=\"Sunclimbing Holidays Escape the cold European autumn, winter and spring and come climbing in Geyikbayiri (Antalya, Turkey)! Or you want to spend more time in Geyikbayiri and combine climbing with other adventurous activities? Check out our holiday offers:\" \/>\n<meta property=\"og:url\" content=\"https:\/\/sunclimbing.com\/tr\/holidays\/\" \/>\n<meta property=\"og:site_name\" content=\"Sunclimbing\" \/>\n<meta property=\"article:modified_time\" content=\"2024-11-27T09:33:52+00:00\" \/>\n<meta property=\"og:image\" content=\"https:\/\/sunclimbing.com\/wp-content\/uploads\/2023\/09\/IMG_2040-scaled.jpg\" \/>\n\t<meta property=\"og:image:width\" content=\"1920\" \/>\n\t<meta property=\"og:image:height\" content=\"2560\" \/>\n\t<meta property=\"og:image:type\" content=\"image\/jpeg\" \/>\n<meta name=\"twitter:card\" content=\"summary_large_image\" \/>\n<meta name=\"twitter:label1\" content=\"Tahmini okuma s\u00fcresi\" \/>\n\t<meta name=\"twitter:data1\" content=\"1 dakika\" \/>\n<script type=\"application\/ld+json\" class=\"yoast-schema-graph\">{\"@context\":\"https:\\\/\\\/schema.org\",\"@graph\":[{\"@type\":\"WebPage\",\"@id\":\"https:\\\/\\\/sunclimbing.com\\\/holidays\\\/\",\"url\":\"https:\\\/\\\/sunclimbing.com\\\/holidays\\\/\",\"name\":\"Holidays - Sunclimbing\",\"isPartOf\":{\"@id\":\"https:\\\/\\\/sunclimbing.com\\\/#website\"},\"primaryImageOfPage\":{\"@id\":\"https:\\\/\\\/sunclimbing.com\\\/holidays\\\/#primaryimage\"},\"image\":{\"@id\":\"https:\\\/\\\/sunclimbing.com\\\/holidays\\\/#primaryimage\"},\"thumbnailUrl\":\"https:\\\/\\\/sunclimbing.com\\\/wp-content\\\/uploads\\\/2023\\\/09\\\/IMG_2040-scaled.jpg\",\"datePublished\":\"2023-11-12T10:55:56+00:00\",\"dateModified\":\"2024-11-27T09:33:52+00:00\",\"breadcrumb\":{\"@id\":\"https:\\\/\\\/sunclimbing.com\\\/holidays\\\/#breadcrumb\"},\"inLanguage\":\"tr\",\"potentialAction\":[{\"@type\":\"ReadAction\",\"target\":[\"https:\\\/\\\/sunclimbing.com\\\/holidays\\\/\"]}]},{\"@type\":\"ImageObject\",\"inLanguage\":\"tr\",\"@id\":\"https:\\\/\\\/sunclimbing.com\\\/holidays\\\/#primaryimage\",\"url\":\"https:\\\/\\\/sunclimbing.com\\\/wp-content\\\/uploads\\\/2023\\\/09\\\/IMG_2040-scaled.jpg\",\"contentUrl\":\"https:\\\/\\\/sunclimbing.com\\\/wp-content\\\/uploads\\\/2023\\\/09\\\/IMG_2040-scaled.jpg\",\"width\":1920,\"height\":2560,\"caption\":\"Enjoy the view!\"},{\"@type\":\"BreadcrumbList\",\"@id\":\"https:\\\/\\\/sunclimbing.com\\\/holidays\\\/#breadcrumb\",\"itemListElement\":[{\"@type\":\"ListItem\",\"position\":1,\"name\":\"Home\",\"item\":\"https:\\\/\\\/sunclimbing.com\\\/\"},{\"@type\":\"ListItem\",\"position\":2,\"name\":\"Holidays\"}]},{\"@type\":\"WebSite\",\"@id\":\"https:\\\/\\\/sunclimbing.com\\\/#website\",\"url\":\"https:\\\/\\\/sunclimbing.com\\\/\",\"name\":\"Sunclimbing\",\"description\":\"\",\"publisher\":{\"@id\":\"https:\\\/\\\/sunclimbing.com\\\/#organization\"},\"potentialAction\":[{\"@type\":\"SearchAction\",\"target\":{\"@type\":\"EntryPoint\",\"urlTemplate\":\"https:\\\/\\\/sunclimbing.com\\\/?s={search_term_string}\"},\"query-input\":{\"@type\":\"PropertyValueSpecification\",\"valueRequired\":true,\"valueName\":\"search_term_string\"}}],\"inLanguage\":\"tr\"},{\"@type\":\"Organization\",\"@id\":\"https:\\\/\\\/sunclimbing.com\\\/#organization\",\"name\":\"Sunclimbing\",\"url\":\"https:\\\/\\\/sunclimbing.com\\\/\",\"logo\":{\"@type\":\"ImageObject\",\"inLanguage\":\"tr\",\"@id\":\"https:\\\/\\\/sunclimbing.com\\\/#\\\/schema\\\/logo\\\/image\\\/\",\"url\":\"https:\\\/\\\/sunclimbing.com\\\/wp-content\\\/uploads\\\/2023\\\/06\\\/sunclimbing_logo.png\",\"contentUrl\":\"https:\\\/\\\/sunclimbing.com\\\/wp-content\\\/uploads\\\/2023\\\/06\\\/sunclimbing_logo.png\",\"width\":495,\"height\":108,\"caption\":\"Sunclimbing\"},\"image\":{\"@id\":\"https:\\\/\\\/sunclimbing.com\\\/#\\\/schema\\\/logo\\\/image\\\/\"}}]}<\/script>\n<!-- \/ Yoast SEO plugin. -->","yoast_head_json":{"title":"Holidays - Sunclimbing","robots":{"index":"index","follow":"follow","max-snippet":"max-snippet:-1","max-image-preview":"max-image-preview:large","max-video-preview":"max-video-preview:-1"},"canonical":"https:\/\/sunclimbing.com\/tr\/holidays\/","og_locale":"tr_TR","og_type":"article","og_title":"Holidays - Sunclimbing","og_description":"Sunclimbing Holidays Escape the cold European autumn, winter and spring and come climbing in Geyikbayiri (Antalya, Turkey)! Or you want to spend more time in Geyikbayiri and combine climbing with other adventurous activities? Check out our holiday offers:","og_url":"https:\/\/sunclimbing.com\/tr\/holidays\/","og_site_name":"Sunclimbing","article_modified_time":"2024-11-27T09:33:52+00:00","og_image":[{"width":1920,"height":2560,"url":"https:\/\/sunclimbing.com\/wp-content\/uploads\/2023\/09\/IMG_2040-scaled.jpg","type":"image\/jpeg"}],"twitter_card":"summary_large_image","twitter_misc":{"Tahmini okuma s\u00fcresi":"1 dakika"},"schema":{"@context":"https:\/\/schema.org","@graph":[{"@type":"WebPage","@id":"https:\/\/sunclimbing.com\/holidays\/","url":"https:\/\/sunclimbing.com\/holidays\/","name":"Holidays - Sunclimbing","isPartOf":{"@id":"https:\/\/sunclimbing.com\/#website"},"primaryImageOfPage":{"@id":"https:\/\/sunclimbing.com\/holidays\/#primaryimage"},"image":{"@id":"https:\/\/sunclimbing.com\/holidays\/#primaryimage"},"thumbnailUrl":"https:\/\/sunclimbing.com\/wp-content\/uploads\/2023\/09\/IMG_2040-scaled.jpg","datePublished":"2023-11-12T10:55:56+00:00","dateModified":"2024-11-27T09:33:52+00:00","breadcrumb":{"@id":"https:\/\/sunclimbing.com\/holidays\/#breadcrumb"},"inLanguage":"tr","potentialAction":[{"@type":"ReadAction","target":["https:\/\/sunclimbing.com\/holidays\/"]}]},{"@type":"ImageObject","inLanguage":"tr","@id":"https:\/\/sunclimbing.com\/holidays\/#primaryimage","url":"https:\/\/sunclimbing.com\/wp-content\/uploads\/2023\/09\/IMG_2040-scaled.jpg","contentUrl":"https:\/\/sunclimbing.com\/wp-content\/uploads\/2023\/09\/IMG_2040-scaled.jpg","width":1920,"height":2560,"caption":"Enjoy the view!"},{"@type":"BreadcrumbList","@id":"https:\/\/sunclimbing.com\/holidays\/#breadcrumb","itemListElement":[{"@type":"ListItem","position":1,"name":"Home","item":"https:\/\/sunclimbing.com\/"},{"@type":"ListItem","position":2,"name":"Holidays"}]},{"@type":"WebSite","@id":"https:\/\/sunclimbing.com\/#website","url":"https:\/\/sunclimbing.com\/","name":"Sunclimbing","description":"","publisher":{"@id":"https:\/\/sunclimbing.com\/#organization"},"potentialAction":[{"@type":"SearchAction","target":{"@type":"EntryPoint","urlTemplate":"https:\/\/sunclimbing.com\/?s={search_term_string}"},"query-input":{"@type":"PropertyValueSpecification","valueRequired":true,"valueName":"search_term_string"}}],"inLanguage":"tr"},{"@type":"Organization","@id":"https:\/\/sunclimbing.com\/#organization","name":"Sunclimbing","url":"https:\/\/sunclimbing.com\/","logo":{"@type":"ImageObject","inLanguage":"tr","@id":"https:\/\/sunclimbing.com\/#\/schema\/logo\/image\/","url":"https:\/\/sunclimbing.com\/wp-content\/uploads\/2023\/06\/sunclimbing_logo.png","contentUrl":"https:\/\/sunclimbing.com\/wp-content\/uploads\/2023\/06\/sunclimbing_logo.png","width":495,"height":108,"caption":"Sunclimbing"},"image":{"@id":"https:\/\/sunclimbing.com\/#\/schema\/logo\/image\/"}}]}},"_links":{"self":[{"href":"https:\/\/sunclimbing.com\/tr\/wp-json\/wp\/v2\/pages\/3065","targetHints":{"allow":["GET"]}}],"collection":[{"href":"https:\/\/sunclimbing.com\/tr\/wp-json\/wp\/v2\/pages"}],"about":[{"href":"https:\/\/sunclimbing.com\/tr\/wp-json\/wp\/v2\/types\/page"}],"author":[{"embeddable":true,"href":"https:\/\/sunclimbing.com\/tr\/wp-json\/wp\/v2\/users\/4"}],"replies":[{"embeddable":true,"href":"https:\/\/sunclimbing.com\/tr\/wp-json\/wp\/v2\/comments?post=3065"}],"version-history":[{"count":26,"href":"https:\/\/sunclimbing.com\/tr\/wp-json\/wp\/v2\/pages\/3065\/revisions"}],"predecessor-version":[{"id":4736,"href":"https:\/\/sunclimbing.com\/tr\/wp-json\/wp\/v2\/pages\/3065\/revisions\/4736"}],"wp:featuredmedia":[{"embeddable":true,"href":"https:\/\/sunclimbing.com\/tr\/wp-json\/wp\/v2\/media\/2931"}],"wp:attachment":[{"href":"https:\/\/sunclimbing.com\/tr\/wp-json\/wp\/v2\/media?parent=3065"}],"curies":[{"name":"wp","href":"https:\/\/api.w.org\/{rel}","templated":true}]}}