{"id":2967,"date":"2023-09-13T15:32:23","date_gmt":"2023-09-13T12:32:23","guid":{"rendered":"https:\/\/sunclimbing.com\/?page_id=2967"},"modified":"2024-04-29T13:20:16","modified_gmt":"2024-04-29T10:20:16","slug":"accommodation-for-climbers","status":"publish","type":"page","link":"https:\/\/sunclimbing.com\/tr\/accommodation-for-climbers\/","title":{"rendered":"T\u0131rman\u0131c\u0131lar i\u00e7in Konaklama"},"content":{"rendered":"<div class=\"wp-block-cover\"><span aria-hidden=\"true\" class=\"wp-block-cover__background has-background-dim\"><\/span><img loading=\"lazy\" decoding=\"async\" width=\"2560\" height=\"1707\" class=\"wp-block-cover__image-background wp-image-1815\" alt=\"\" src=\"https:\/\/sunclimbing.com\/wp-content\/uploads\/2023\/06\/2G3A1578-scaled.jpg\" style=\"object-position:50% 38%\" data-object-fit=\"cover\" data-object-position=\"50% 38%\" srcset=\"https:\/\/sunclimbing.com\/wp-content\/uploads\/2023\/06\/2G3A1578-scaled.jpg 2560w, https:\/\/sunclimbing.com\/wp-content\/uploads\/2023\/06\/2G3A1578-300x200.jpg 300w, https:\/\/sunclimbing.com\/wp-content\/uploads\/2023\/06\/2G3A1578-1024x683.jpg 1024w, https:\/\/sunclimbing.com\/wp-content\/uploads\/2023\/06\/2G3A1578-768x512.jpg 768w, https:\/\/sunclimbing.com\/wp-content\/uploads\/2023\/06\/2G3A1578-1536x1024.jpg 1536w, https:\/\/sunclimbing.com\/wp-content\/uploads\/2023\/06\/2G3A1578-2048x1365.jpg 2048w\" sizes=\"auto, (max-width: 2560px) 100vw, 2560px\" \/><div class=\"wp-block-cover__inner-container is-layout-flow wp-block-cover-is-layout-flow\">\n<div class=\"wp-block-group has-base-color has-text-color has-global-padding is-layout-constrained wp-block-group-is-layout-constrained\">\n<h2 class=\"wp-block-heading has-text-align-center has-tertiary-color has-text-color\" style=\"margin-top:0;margin-right:0;margin-bottom:0;margin-left:0\">Geyikbay\u0131r\u0131'ndaki Eviniz<\/h2>\n\n\n<h3 style=\"margin-top:0;margin-right:0;margin-bottom:0;margin-left:0;\" class=\"has-text-align-center wp-block-post-title\">T\u0131rman\u0131c\u0131lar i\u00e7in Konaklama<\/h3><\/div>\n<\/div><\/div>\n\n\n\n<h2 class=\"wp-block-heading\">Geyikbay\u0131r\u0131'nda t\u0131rman\u0131c\u0131lar i\u00e7in kamplar<\/h2>\n\n\n\n<p>Sunclimbing'e ve kayalara yak\u0131n, harika insanlar taraf\u0131ndan i\u015fletilen, t\u0131rman\u0131c\u0131lar i\u00e7in bir\u00e7ok g\u00fczel kamp bulabilirsiniz. Misafirperverli\u011fi, sevgiyle tasarlanm\u0131\u015f bungalovlar\u0131, g\u00fczel do\u011fadaki kamp alanlar\u0131n\u0131, etkinlikleri, iyi yemekleri ve ne\u015feli atmosferi seveceksiniz. Mevcut kamp se\u00e7eneklerini burada bulabilirsiniz:<\/p>\n\n\n\n<p><\/p>\n\n\n\n<ul class=\"wp-block-list\">\n<li><a href=\"https:\/\/www.campgeyik.com\">Camp Geyik<\/a> <\/li>\n\n\n\n<li><a href=\"https:\/\/www.flyinggoat.camp\">Flying Goat Climbers Camping<\/a><\/li>\n\n\n\n<li><a href=\"https:\/\/josito.de\">Jo.Si.To Camp<\/a><\/li>\n\n\n\n<li><a href=\"https:\/\/www.ridocamp.net\">Rido Camping<\/a><\/li>\n\n\n\n<li><a href=\"https:\/\/www.instagram.com\/thegreenhousegeyikbayiri\/\">The Green House<\/a><\/li>\n\n\n\n<li><a href=\"https:\/\/www.thelandgeyikbayiri.com\">The Land<\/a><\/li>\n\n\n\n<li><a href=\"https:\/\/peakguesthouses.com\">Peak Guesthouses<\/a><\/li>\n<\/ul>\n\n\n\n<p><\/p>","protected":false},"excerpt":{"rendered":"<p>Camps for climbers in Geyikbayiri Close to the Sunclimbing base and close to the rocks you can find several beautiful camps for climbers, run by awesome people. You will love the hospitality, the bungalows designed with love, the campgrounds in beautiful nature, the events, the good food and the joyful atmosphere. Find here a choice [&hellip;]<\/p>\n","protected":false},"author":4,"featured_media":1816,"parent":0,"menu_order":0,"comment_status":"closed","ping_status":"closed","template":"","meta":{"footnotes":""},"class_list":["post-2967","page","type-page","status-publish","has-post-thumbnail","hentry"],"yoast_head":"<!-- This site is optimized with the Yoast SEO plugin v27.3 - https:\/\/yoast.com\/product\/yoast-seo-wordpress\/ -->\n<title>Accommodation for climbers - Sunclimbing<\/title>\n<meta name=\"robots\" content=\"index, follow, max-snippet:-1, max-image-preview:large, max-video-preview:-1\" \/>\n<link rel=\"canonical\" href=\"https:\/\/sunclimbing.com\/tr\/accommodation-for-climbers\/\" \/>\n<meta property=\"og:locale\" content=\"tr_TR\" \/>\n<meta property=\"og:type\" content=\"article\" \/>\n<meta property=\"og:title\" content=\"Accommodation for climbers - Sunclimbing\" \/>\n<meta property=\"og:description\" content=\"Camps for climbers in Geyikbayiri Close to the Sunclimbing base and close to the rocks you can find several beautiful camps for climbers, run by awesome people. You will love the hospitality, the bungalows designed with love, the campgrounds in beautiful nature, the events, the good food and the joyful atmosphere. Find here a choice [&hellip;]\" \/>\n<meta property=\"og:url\" content=\"https:\/\/sunclimbing.com\/tr\/accommodation-for-climbers\/\" \/>\n<meta property=\"og:site_name\" content=\"Sunclimbing\" \/>\n<meta property=\"article:modified_time\" content=\"2024-04-29T10:20:16+00:00\" \/>\n<meta property=\"og:image\" content=\"https:\/\/sunclimbing.com\/wp-content\/uploads\/2023\/06\/2G3A1580-scaled.jpg\" \/>\n\t<meta property=\"og:image:width\" content=\"2560\" \/>\n\t<meta property=\"og:image:height\" content=\"1707\" \/>\n\t<meta property=\"og:image:type\" content=\"image\/jpeg\" \/>\n<meta name=\"twitter:card\" content=\"summary_large_image\" \/>\n<meta name=\"twitter:label1\" content=\"Tahmini okuma s\u00fcresi\" \/>\n\t<meta name=\"twitter:data1\" content=\"1 dakika\" \/>\n<script type=\"application\/ld+json\" class=\"yoast-schema-graph\">{\"@context\":\"https:\\\/\\\/schema.org\",\"@graph\":[{\"@type\":\"WebPage\",\"@id\":\"https:\\\/\\\/sunclimbing.com\\\/accommodation-for-climbers\\\/\",\"url\":\"https:\\\/\\\/sunclimbing.com\\\/accommodation-for-climbers\\\/\",\"name\":\"Accommodation for climbers - Sunclimbing\",\"isPartOf\":{\"@id\":\"https:\\\/\\\/sunclimbing.com\\\/#website\"},\"primaryImageOfPage\":{\"@id\":\"https:\\\/\\\/sunclimbing.com\\\/accommodation-for-climbers\\\/#primaryimage\"},\"image\":{\"@id\":\"https:\\\/\\\/sunclimbing.com\\\/accommodation-for-climbers\\\/#primaryimage\"},\"thumbnailUrl\":\"https:\\\/\\\/sunclimbing.com\\\/wp-content\\\/uploads\\\/2023\\\/06\\\/2G3A1580-scaled.jpg\",\"datePublished\":\"2023-09-13T12:32:23+00:00\",\"dateModified\":\"2024-04-29T10:20:16+00:00\",\"breadcrumb\":{\"@id\":\"https:\\\/\\\/sunclimbing.com\\\/accommodation-for-climbers\\\/#breadcrumb\"},\"inLanguage\":\"tr\",\"potentialAction\":[{\"@type\":\"ReadAction\",\"target\":[\"https:\\\/\\\/sunclimbing.com\\\/accommodation-for-climbers\\\/\"]}]},{\"@type\":\"ImageObject\",\"inLanguage\":\"tr\",\"@id\":\"https:\\\/\\\/sunclimbing.com\\\/accommodation-for-climbers\\\/#primaryimage\",\"url\":\"https:\\\/\\\/sunclimbing.com\\\/wp-content\\\/uploads\\\/2023\\\/06\\\/2G3A1580-scaled.jpg\",\"contentUrl\":\"https:\\\/\\\/sunclimbing.com\\\/wp-content\\\/uploads\\\/2023\\\/06\\\/2G3A1580-scaled.jpg\",\"width\":2560,\"height\":1707},{\"@type\":\"BreadcrumbList\",\"@id\":\"https:\\\/\\\/sunclimbing.com\\\/accommodation-for-climbers\\\/#breadcrumb\",\"itemListElement\":[{\"@type\":\"ListItem\",\"position\":1,\"name\":\"Home\",\"item\":\"https:\\\/\\\/sunclimbing.com\\\/\"},{\"@type\":\"ListItem\",\"position\":2,\"name\":\"Accommodation for climbers\"}]},{\"@type\":\"WebSite\",\"@id\":\"https:\\\/\\\/sunclimbing.com\\\/#website\",\"url\":\"https:\\\/\\\/sunclimbing.com\\\/\",\"name\":\"Sunclimbing\",\"description\":\"\",\"publisher\":{\"@id\":\"https:\\\/\\\/sunclimbing.com\\\/#organization\"},\"potentialAction\":[{\"@type\":\"SearchAction\",\"target\":{\"@type\":\"EntryPoint\",\"urlTemplate\":\"https:\\\/\\\/sunclimbing.com\\\/?s={search_term_string}\"},\"query-input\":{\"@type\":\"PropertyValueSpecification\",\"valueRequired\":true,\"valueName\":\"search_term_string\"}}],\"inLanguage\":\"tr\"},{\"@type\":\"Organization\",\"@id\":\"https:\\\/\\\/sunclimbing.com\\\/#organization\",\"name\":\"Sunclimbing\",\"url\":\"https:\\\/\\\/sunclimbing.com\\\/\",\"logo\":{\"@type\":\"ImageObject\",\"inLanguage\":\"tr\",\"@id\":\"https:\\\/\\\/sunclimbing.com\\\/#\\\/schema\\\/logo\\\/image\\\/\",\"url\":\"https:\\\/\\\/sunclimbing.com\\\/wp-content\\\/uploads\\\/2023\\\/06\\\/sunclimbing_logo.png\",\"contentUrl\":\"https:\\\/\\\/sunclimbing.com\\\/wp-content\\\/uploads\\\/2023\\\/06\\\/sunclimbing_logo.png\",\"width\":495,\"height\":108,\"caption\":\"Sunclimbing\"},\"image\":{\"@id\":\"https:\\\/\\\/sunclimbing.com\\\/#\\\/schema\\\/logo\\\/image\\\/\"}}]}<\/script>\n<!-- \/ Yoast SEO plugin. -->","yoast_head_json":{"title":"Accommodation for climbers - Sunclimbing","robots":{"index":"index","follow":"follow","max-snippet":"max-snippet:-1","max-image-preview":"max-image-preview:large","max-video-preview":"max-video-preview:-1"},"canonical":"https:\/\/sunclimbing.com\/tr\/accommodation-for-climbers\/","og_locale":"tr_TR","og_type":"article","og_title":"Accommodation for climbers - Sunclimbing","og_description":"Camps for climbers in Geyikbayiri Close to the Sunclimbing base and close to the rocks you can find several beautiful camps for climbers, run by awesome people. You will love the hospitality, the bungalows designed with love, the campgrounds in beautiful nature, the events, the good food and the joyful atmosphere. Find here a choice [&hellip;]","og_url":"https:\/\/sunclimbing.com\/tr\/accommodation-for-climbers\/","og_site_name":"Sunclimbing","article_modified_time":"2024-04-29T10:20:16+00:00","og_image":[{"width":2560,"height":1707,"url":"https:\/\/sunclimbing.com\/wp-content\/uploads\/2023\/06\/2G3A1580-scaled.jpg","type":"image\/jpeg"}],"twitter_card":"summary_large_image","twitter_misc":{"Tahmini okuma s\u00fcresi":"1 dakika"},"schema":{"@context":"https:\/\/schema.org","@graph":[{"@type":"WebPage","@id":"https:\/\/sunclimbing.com\/accommodation-for-climbers\/","url":"https:\/\/sunclimbing.com\/accommodation-for-climbers\/","name":"Accommodation for climbers - Sunclimbing","isPartOf":{"@id":"https:\/\/sunclimbing.com\/#website"},"primaryImageOfPage":{"@id":"https:\/\/sunclimbing.com\/accommodation-for-climbers\/#primaryimage"},"image":{"@id":"https:\/\/sunclimbing.com\/accommodation-for-climbers\/#primaryimage"},"thumbnailUrl":"https:\/\/sunclimbing.com\/wp-content\/uploads\/2023\/06\/2G3A1580-scaled.jpg","datePublished":"2023-09-13T12:32:23+00:00","dateModified":"2024-04-29T10:20:16+00:00","breadcrumb":{"@id":"https:\/\/sunclimbing.com\/accommodation-for-climbers\/#breadcrumb"},"inLanguage":"tr","potentialAction":[{"@type":"ReadAction","target":["https:\/\/sunclimbing.com\/accommodation-for-climbers\/"]}]},{"@type":"ImageObject","inLanguage":"tr","@id":"https:\/\/sunclimbing.com\/accommodation-for-climbers\/#primaryimage","url":"https:\/\/sunclimbing.com\/wp-content\/uploads\/2023\/06\/2G3A1580-scaled.jpg","contentUrl":"https:\/\/sunclimbing.com\/wp-content\/uploads\/2023\/06\/2G3A1580-scaled.jpg","width":2560,"height":1707},{"@type":"BreadcrumbList","@id":"https:\/\/sunclimbing.com\/accommodation-for-climbers\/#breadcrumb","itemListElement":[{"@type":"ListItem","position":1,"name":"Home","item":"https:\/\/sunclimbing.com\/"},{"@type":"ListItem","position":2,"name":"Accommodation for climbers"}]},{"@type":"WebSite","@id":"https:\/\/sunclimbing.com\/#website","url":"https:\/\/sunclimbing.com\/","name":"Sunclimbing","description":"","publisher":{"@id":"https:\/\/sunclimbing.com\/#organization"},"potentialAction":[{"@type":"SearchAction","target":{"@type":"EntryPoint","urlTemplate":"https:\/\/sunclimbing.com\/?s={search_term_string}"},"query-input":{"@type":"PropertyValueSpecification","valueRequired":true,"valueName":"search_term_string"}}],"inLanguage":"tr"},{"@type":"Organization","@id":"https:\/\/sunclimbing.com\/#organization","name":"Sunclimbing","url":"https:\/\/sunclimbing.com\/","logo":{"@type":"ImageObject","inLanguage":"tr","@id":"https:\/\/sunclimbing.com\/#\/schema\/logo\/image\/","url":"https:\/\/sunclimbing.com\/wp-content\/uploads\/2023\/06\/sunclimbing_logo.png","contentUrl":"https:\/\/sunclimbing.com\/wp-content\/uploads\/2023\/06\/sunclimbing_logo.png","width":495,"height":108,"caption":"Sunclimbing"},"image":{"@id":"https:\/\/sunclimbing.com\/#\/schema\/logo\/image\/"}}]}},"_links":{"self":[{"href":"https:\/\/sunclimbing.com\/tr\/wp-json\/wp\/v2\/pages\/2967","targetHints":{"allow":["GET"]}}],"collection":[{"href":"https:\/\/sunclimbing.com\/tr\/wp-json\/wp\/v2\/pages"}],"about":[{"href":"https:\/\/sunclimbing.com\/tr\/wp-json\/wp\/v2\/types\/page"}],"author":[{"embeddable":true,"href":"https:\/\/sunclimbing.com\/tr\/wp-json\/wp\/v2\/users\/4"}],"replies":[{"embeddable":true,"href":"https:\/\/sunclimbing.com\/tr\/wp-json\/wp\/v2\/comments?post=2967"}],"version-history":[{"count":7,"href":"https:\/\/sunclimbing.com\/tr\/wp-json\/wp\/v2\/pages\/2967\/revisions"}],"predecessor-version":[{"id":3977,"href":"https:\/\/sunclimbing.com\/tr\/wp-json\/wp\/v2\/pages\/2967\/revisions\/3977"}],"wp:featuredmedia":[{"embeddable":true,"href":"https:\/\/sunclimbing.com\/tr\/wp-json\/wp\/v2\/media\/1816"}],"wp:attachment":[{"href":"https:\/\/sunclimbing.com\/tr\/wp-json\/wp\/v2\/media?parent=2967"}],"curies":[{"name":"wp","href":"https:\/\/api.w.org\/{rel}","templated":true}]}}