{"id":2719,"date":"2023-09-03T11:50:32","date_gmt":"2023-09-03T08:50:32","guid":{"rendered":"http:\/\/wordpress.p643590.webspaceconfig.de\/?page_id=2719"},"modified":"2025-08-29T14:38:46","modified_gmt":"2025-08-29T11:38:46","slug":"gym-to-rock-climbing","status":"publish","type":"page","link":"https:\/\/sunclimbing.com\/tr\/courses\/gym-to-rock-climbing\/","title":{"rendered":"Indoor Outdoor T\u0131rman\u0131\u015f Kursu"},"content":{"rendered":"<div class=\"wp-block-cover\"><img loading=\"lazy\" decoding=\"async\" width=\"1707\" height=\"2560\" class=\"wp-block-cover__image-background wp-image-1835\" alt=\"\" src=\"https:\/\/sunclimbing.com\/wp-content\/uploads\/2023\/06\/2G3A1693-scaled.jpg\" style=\"object-position:46% 70%\" data-object-fit=\"cover\" data-object-position=\"46% 70%\" srcset=\"https:\/\/sunclimbing.com\/wp-content\/uploads\/2023\/06\/2G3A1693-scaled.jpg 1707w, https:\/\/sunclimbing.com\/wp-content\/uploads\/2023\/06\/2G3A1693-200x300.jpg 200w, https:\/\/sunclimbing.com\/wp-content\/uploads\/2023\/06\/2G3A1693-683x1024.jpg 683w, https:\/\/sunclimbing.com\/wp-content\/uploads\/2023\/06\/2G3A1693-768x1152.jpg 768w, https:\/\/sunclimbing.com\/wp-content\/uploads\/2023\/06\/2G3A1693-1024x1536.jpg 1024w, https:\/\/sunclimbing.com\/wp-content\/uploads\/2023\/06\/2G3A1693-1365x2048.jpg 1365w\" sizes=\"auto, (max-width: 1707px) 100vw, 1707px\" \/><span aria-hidden=\"true\" class=\"wp-block-cover__background has-background-dim\"><\/span><div class=\"wp-block-cover__inner-container is-layout-flow wp-block-cover-is-layout-flow\">\n<div class=\"wp-block-group has-base-color has-text-color has-global-padding is-layout-constrained wp-block-group-is-layout-constrained\">\n<p class=\"has-text-align-center has-tertiary-color has-text-color has-mansalva-font-family has-large-font-size\">Plastikten Kayaya<\/p>\n\n\n<h1 style=\"margin-top:0;margin-right:0;margin-bottom:0;margin-left:0;\" class=\"has-text-align-center wp-block-post-title\">Indoor Outdoor T\u0131rman\u0131\u015f Kursu<\/h1><\/div>\n<\/div><\/div>\n\n\n\n<div class=\"wp-block-group has-global-padding is-layout-constrained wp-container-core-group-is-layout-a62636b3 wp-block-group-is-layout-constrained\">\n<div class=\"wp-block-columns is-layout-flex wp-container-core-columns-is-layout-28f84493 wp-block-columns-is-layout-flex\">\n<div class=\"wp-block-column is-layout-flow wp-block-column-is-layout-flow\" style=\"flex-basis:66.66%\">\n<h2 class=\"wp-block-heading has-palanquin-font-family\"><strong>Indoor Outdoor T\u0131rman\u0131\u015f Kursu<\/strong><\/h2>\n\n\n\n<p>Bu kurs, kaya t\u0131rman\u0131\u015f\u0131na ba\u015flamak isteyen, salonda ipli rotalara t\u0131rmanm\u0131\u015f t\u0131rman\u0131c\u0131lar i\u00e7in m\u00fckemmel bir kurstur.<\/p>\n\n\n\n<p>E\u011fer ip tekniklerini bilmiyor veya hi\u00e7 \u00fcstten emniyetli t\u0131rman\u0131\u015f veya lider t\u0131rman\u0131\u015f yapmad\u0131ysan\u0131z, temel seviye kursumuz daha uygundur, l\u00fctfen o sayfam\u0131za g\u00f6z at\u0131n.<br>Our certified climbing instructors (Austrian Alpine Club and Turkish Mountain Federation) will help you make the transition from gym to rock with our From Gym to Rock course.<\/p>\n\n\n\n<p class=\"translation-block\">Indoor outdoor t\u0131rman\u0131\u015f kursunda size kayada t\u0131rman\u0131\u015f i\u00e7in \u00f6nemli fakt\u00f6rlerin yan\u0131 s\u0131ra salon ve kaya t\u0131rman\u0131\u015f\u0131 aras\u0131ndaki farklar\u0131 tan\u0131taca\u011f\u0131z.\nKayada g\u00fcvenli bir \u015fekilde t\u0131rmanmak; tutamak bulmak, deneyece\u011finiz rotay\u0131 belirlemek ve nerede dinlenece\u011finizi bulmak gibi tekniklere ek olarak, t\u00fcm emniyet sistemini ve d\u00fc\u011f\u00fcmleri yak\u0131ndan anlamay\u0131 ve birka\u00e7 ekstra tehlikenin fark\u0131nda olmay\u0131 gerektirir.\nDaha \u00f6nce hi\u00e7 kayada bulunmam\u0131\u015f olman\u0131z Temel Seviye Kursu'na kat\u0131lman\u0131z gerekti\u011fi anlam\u0131na gelmedi\u011fi gibi salonda lider t\u0131rman\u0131\u015f yapm\u0131\u015f olman\u0131z da kayada liderlik yapmaya haz\u0131r oldu\u011funuz anlam\u0131na gelmez. Yani bu kurs sizin i\u00e7in do\u011fru \u015fey olabilir!<\/p>\n\n\n\n<p>E\u011fitim g\u00fcnlerinde t\u0131rmanmak i\u00e7in bolca zaman\u0131n\u0131z olacak ve e\u011fitmenlerimiz size t\u0131rman\u0131\u015f (dik y\u00fczeyde hareket tekni\u011fi) ve ip teknikleri konusunda e\u011fitmenlik yapacak. B\u00f6ylece eminiz ki kayada hem e\u011flenceli hem de \u00f6\u011fretici birka\u00e7 g\u00fcn ge\u00e7ireceksiniz!<\/p>\n<\/div>\n\n\n\n<div class=\"wp-block-column is-layout-flow wp-block-column-is-layout-flow\" style=\"flex-basis:33.33%\">\n<div class=\"wp-block-group has-contrast-color has-tertiary-background-color has-text-color has-background has-link-color wp-elements-9955265201be0026fd91ba9c23febaef has-global-padding is-layout-constrained wp-container-core-group-is-layout-67c150cf wp-block-group-is-layout-constrained\" style=\"border-radius:0.5em;padding-top:var(--wp--preset--spacing--30);padding-right:var(--wp--preset--spacing--30);padding-bottom:var(--wp--preset--spacing--30);padding-left:var(--wp--preset--spacing--30)\">\n<h2 class=\"wp-block-heading has-palanquin-font-family has-medium-font-size\" style=\"text-transform:uppercase\">\u015eARTLAR<\/h2>\n\n\n\n<ul class=\"wp-block-list\">\n<li>Salondan kazan\u0131lan temel t\u0131rman\u0131\u015f becerileri<\/li>\n\n\n\n<li>Kayada top-rope t\u0131rman\u0131\u015f deneyimi veya salonda lider t\u0131rman\u0131\u015f deneyimi<\/li>\n\n\n\n<li>Baz\u0131 kapal\u0131 alan lider t\u0131rman\u0131\u015f deneyimi<\/li>\n\n\n\n<li>Ba\u011f\u0131ms\u0131z bir kaya t\u0131rman\u0131c\u0131s\u0131 olma iste\u011fi<\/li>\n<\/ul>\n\n\n\n<h2 class=\"wp-block-heading has-palanquin-font-family has-medium-font-size\" style=\"text-transform:uppercase\">GET\u0130R\u0130LMES\u0130 GEREKENLER<\/h2>\n\n\n\n<ul class=\"wp-block-list\">\n<li>Patikada y\u00fcr\u00fcyebilece\u011finiz ayakkab\u0131lar da dahil olmak \u00fczere rahat k\u0131yafetler (Hava ko\u015fullar\u0131na g\u00f6re ya\u011fmurluk, mont, vb.)<\/li>\n\n\n\n<li>G\u00fcne\u015f korumas\u0131<\/li>\n\n\n\n<li>Hava ko\u015fullar\u0131na g\u00f6re g\u00fcne\u015f korumas\u0131<\/li>\n<\/ul>\n<\/div>\n<\/div>\n<\/div>\n\n\n\n<div class=\"wp-block-group has-global-padding is-layout-constrained wp-block-group-is-layout-constrained\">\n<h2 class=\"wp-block-heading has-tertiary-color has-text-color has-palanquin-font-family\" style=\"text-transform:uppercase\">PROGRAM<\/h2>\n\n\n\n<p>\u00d6nceden kazan\u0131lm\u0131\u015f bilgilerinize ve mevcut zaman\u0131n\u0131za ba\u011fl\u0131 olarak, bu kursu \u00fc\u00e7 farkl\u0131 versiyonda sunuyoruz:<\/p>\n\n\n\n<ul class=\"wp-block-list\">\n<li class=\"translation-block\">Tam kurs: 3 g\u00fcn, g\u00fcnde 5 saat<\/li>\n\n\n\n<li class=\"translation-block\">H\u0131zland\u0131r\u0131lm\u0131\u015f kurs: 2 g\u00fcn, g\u00fcnde 6 saat<\/li>\n\n\n\n<li class=\"translation-block\">Yar\u0131m g\u00fcnl\u00fck kurs: 3 g\u00fcn, g\u00fcnde 3 saat<\/li>\n<\/ul>\n\n\n\n<div class=\"wp-block-columns is-layout-flex wp-container-core-columns-is-layout-28f84493 wp-block-columns-is-layout-flex\">\n<div class=\"wp-block-column is-layout-flow wp-block-column-is-layout-flow\">\n<p><strong>1. ve 2. G\u00dcN (her biri 3-6 saat, yukar\u0131daki se\u00e7enekleri inceleyebilirsiniz)<\/strong><\/p>\n\n\n\n<ul class=\"wp-block-list\">\n<li>Lider emniyet alma<\/li>\n\n\n\n<li>Lider t\u0131rman\u0131\u015f<\/li>\n\n\n\n<li>Spor t\u0131rman\u0131\u015f ekipmanlar\u0131n\u0131n do\u011fru kullan\u0131m\u0131<\/li>\n\n\n\n<li>\u0130stasyon ve malzemelerin toplanmas\u0131<\/li>\n\n\n\n<li>Rehber kitap kullanma<\/li>\n\n\n\n<li>T\u0131rman\u0131\u015f \u00e7a\u011fr\u0131lar\u0131 ve ileti\u015fim<\/li>\n\n\n\n<li>Temel hareket becerileri<\/li>\n\n\n\n<li>Outdoor risklerine ili\u015fkin temel anlay\u0131\u015f<\/li>\n\n\n\n<li>G\u00fcven in\u015fa etmek<\/li>\n<\/ul>\n<\/div>\n\n\n\n<div class=\"wp-block-column is-layout-flow wp-block-column-is-layout-flow\">\n<p><strong>3. G\u00dcN (3-6 saat)<\/strong><\/p>\n\n\n\n<ul class=\"wp-block-list\">\n<li>Kaya t\u0131rman\u0131\u015f\u0131 \ud83d\ude42<\/li>\n<\/ul>\n<\/div>\n<\/div>\n<\/div>\n\n\n\n<div class=\"wp-block-group has-global-padding is-layout-constrained wp-block-group-is-layout-constrained\">\n<h2 class=\"wp-block-heading has-tertiary-color has-text-color has-palanquin-font-family\" style=\"text-transform:uppercase\">Fiyatlarimiz<\/h2>\n\n\n\n<figure class=\"wp-block-table\"><table><tbody><tr><td><strong>Rezervasyon yapt\u0131ran ki\u015fi say\u0131s\u0131<\/strong><\/td><td><strong>3 g\u00fcn (g\u00fcnl\u00fck 5 saat) (full course)<\/strong><\/td><td><strong>2 g\u00fcn (g\u00fcnl\u00fck 6 saat) (express course)<\/strong><\/td><td><strong>3 g\u00fcn (g\u00fcnl\u00fck 3 saat) (half-day course)<\/strong><\/td><\/tr><tr><td>1 ki\u015fi<\/td><td>500,00 \u20ac p.p.<\/td><td>360,00 \u20ac p.p.<\/td><td>360,00 \u20ac p.p.<\/td><\/tr><tr><td>2 ki\u015fi<\/td><td>360,00 \u20ac p.p.<\/td><td>295,00 \u20ac p.p.<\/td><td>295,00 \u20ac p.p.<\/td><\/tr><tr><td>3 ki\u015fi<\/td><td>300,00 \u20ac p.p.<\/td><td>270,00 \u20ac p.p.<\/td><td>270,00 \u20ac p.p.<\/td><\/tr><tr><td>4 ki\u015fi<\/td><td>250,00 \u20ac p.p.<\/td><td>225,00 \u20ac p.p.<\/td><td>225,00 \u20ac p.p.<\/td><\/tr><\/tbody><\/table><figcaption class=\"wp-element-caption\">T\u00fcm fiyatlar ki\u015fi ba\u015f\u0131 ve Euro baz\u0131ndad\u0131r.<\/figcaption><\/figure>\n\n\n\n<p><strong>Nakit \u00f6demeye % 10 indirim uygulamaktay\u0131z.<\/strong><\/p>\n\n\n\n<p>B\u00fcy\u00fck bir grubunuz varsa \u00f6zel teklif almak i\u00e7in bizimle ileti\u015fime ge\u00e7ebilirsiniz: <a href=\"mailto:office@sunclimbing.com\">office@sunclimbing.com<\/a> <\/p>\n<\/div>\n\n\n\n<div class=\"wp-block-columns is-layout-flex wp-container-core-columns-is-layout-28f84493 wp-block-columns-is-layout-flex\">\n<div class=\"wp-block-column is-layout-flow wp-block-column-is-layout-flow\">\n<h2 class=\"wp-block-heading has-tertiary-color has-text-color has-palanquin-font-family\" style=\"text-transform:uppercase\">PROGRAMA DAH\u0130L OLANLAR<\/h2>\n\n\n\n<p>T\u00fcrkiye Da\u011fc\u0131l\u0131k Federasyonu ve Avusturya Alpin Kul\u00fcb\u00fc taraf\u0131ndan sertifikaland\u0131r\u0131lm\u0131\u015f nitelikli kaya t\u0131rman\u0131\u015f\u0131 e\u011fitmenleri taraf\u0131ndan rehberlik ve e\u011fitim.<\/p>\n\n\n\n<p>Sun Climbing'den emniyet kemeri, ip, ekspres, emniyet aleti ve kask gibi gerekli t\u00fcm t\u0131rman\u0131\u015f ekipmanlar\u0131. Gerekirse t\u0131rman\u0131\u015f ayakkab\u0131lar\u0131 kiralanabilir.<\/p>\n\n\n\n<p>T\u0131rman\u0131\u015f ve t\u0131rman\u0131\u015f teknikleri hakk\u0131nda diledi\u011finiz kadar soru-cevap. Kafan\u0131zda soru i\u015fareti kalmamas\u0131 i\u00e7in size elimizden geldi\u011fince yard\u0131mc\u0131 olaca\u011f\u0131z.<\/p>\n\n\n\n<p>Sizin ve grubunuzun g\u00fcn boyunca \u00e7ekilmi\u015f harika t\u0131rman\u0131\u015f foto\u011fraflar\u0131. G\u00fcn\u00fcn sonunda bu foto\u011fraflar\u0131 sizinle payla\u015faca\u011f\u0131z.<\/p>\n<\/div>\n\n\n\n<div class=\"wp-block-column is-layout-flow wp-block-column-is-layout-flow\">\n<h2 class=\"wp-block-heading has-tertiary-color has-text-color has-palanquin-font-family\" style=\"text-transform:uppercase\">PROGRAMA DAH\u0130L OLMAYANLAR<\/h2>\n\n\n\n<p>\u0130htiya\u00e7 halinde Sunclimbing'den t\u0131rman\u0131\u015f ayakkab\u0131s\u0131 kiralanabilir.<\/p>\n\n\n\n<p>Geyikbay\u0131r\u0131'na ve Sunclimbing'e ula\u015f\u0131m sizin taraf\u0131n\u0131zdan organize edilmelidir. Ancak transfer almak isterseniz l\u00fctfen bize ula\u015f\u0131n.<\/p>\n\n\n\n<p>T\u0131rman\u0131\u015f\u0131 G\u00fcn\u00fc i\u00e7in ki\u015fi ba\u015f\u0131 8,00 \u20ac kar\u015f\u0131l\u0131\u011f\u0131nda paketlenmi\u015f bir \u00f6\u011fle yeme\u011fi de sunabiliriz. L\u00fctfen kurs rezervasyonu yaparken bize bildirin.<\/p>\n<\/div>\n<\/div>\n\n\n\n<div class=\"wp-block-group has-global-padding is-layout-constrained wp-block-group-is-layout-constrained\">\n<h2 class=\"wp-block-heading has-tertiary-color has-text-color has-palanquin-font-family\" style=\"text-transform:uppercase\">Nas\u0131l rezervasyon yap\u0131l\u0131r<\/h2>\n\n\n\n<div class=\"wp-block-group has-tertiary-background-color has-background has-global-padding is-layout-constrained wp-container-core-group-is-layout-80fb368b wp-block-group-is-layout-constrained\" style=\"padding-top:var(--wp--preset--spacing--30);padding-right:var(--wp--preset--spacing--30);padding-bottom:var(--wp--preset--spacing--30);padding-left:var(--wp--preset--spacing--30)\">\n<p class=\"translation-block\">L\u00fctfen dikkat: Kurs takvimi rezervasyonumuz yak\u0131nda etkinle\u015ftirilecektir, o zamana kadar l\u00fctfen rezervasyon i\u00e7in do\u011frudan bizimle ileti\u015fime ge\u00e7in.<\/p>\n<\/div>\n<\/div>\n\n\n\n<div class=\"wp-block-group has-global-padding is-layout-constrained wp-block-group-is-layout-constrained\">\n<h2 class=\"wp-block-heading has-tertiary-color has-text-color has-palanquin-font-family\" style=\"text-transform:uppercase\">Impressions of a Gym to Rock Climbing Day:<\/h2>\n\n\n\n<figure class=\"wp-block-gallery has-nested-images columns-default is-cropped wp-block-gallery-1 is-layout-flex wp-block-gallery-is-layout-flex\">\n<figure class=\"wp-block-image size-large\"><img loading=\"lazy\" decoding=\"async\" width=\"768\" height=\"1024\" data-id=\"2929\" src=\"https:\/\/sunclimbing.com\/wp-content\/uploads\/2023\/09\/Ohne-Titel8-768x1024.jpg\" alt=\"\" class=\"wp-image-2929\" srcset=\"https:\/\/sunclimbing.com\/wp-content\/uploads\/2023\/09\/Ohne-Titel8-768x1024.jpg 768w, https:\/\/sunclimbing.com\/wp-content\/uploads\/2023\/09\/Ohne-Titel8-225x300.jpg 225w, https:\/\/sunclimbing.com\/wp-content\/uploads\/2023\/09\/Ohne-Titel8-1152x1536.jpg 1152w, https:\/\/sunclimbing.com\/wp-content\/uploads\/2023\/09\/Ohne-Titel8-1536x2048.jpg 1536w, https:\/\/sunclimbing.com\/wp-content\/uploads\/2023\/09\/Ohne-Titel8-scaled.jpg 1920w\" sizes=\"auto, (max-width: 768px) 100vw, 768px\" \/><\/figure>\n\n\n\n<figure class=\"wp-block-image size-large\"><img loading=\"lazy\" decoding=\"async\" width=\"683\" height=\"1024\" data-id=\"1853\" src=\"https:\/\/sunclimbing.com\/wp-content\/uploads\/2023\/06\/2G3A1865-683x1024.jpg\" alt=\"\" class=\"wp-image-1853\" srcset=\"https:\/\/sunclimbing.com\/wp-content\/uploads\/2023\/06\/2G3A1865-683x1024.jpg 683w, https:\/\/sunclimbing.com\/wp-content\/uploads\/2023\/06\/2G3A1865-200x300.jpg 200w, https:\/\/sunclimbing.com\/wp-content\/uploads\/2023\/06\/2G3A1865-768x1152.jpg 768w, https:\/\/sunclimbing.com\/wp-content\/uploads\/2023\/06\/2G3A1865-1024x1536.jpg 1024w, https:\/\/sunclimbing.com\/wp-content\/uploads\/2023\/06\/2G3A1865-1365x2048.jpg 1365w, https:\/\/sunclimbing.com\/wp-content\/uploads\/2023\/06\/2G3A1865-scaled.jpg 1707w\" sizes=\"auto, (max-width: 683px) 100vw, 683px\" \/><\/figure>\n\n\n\n<figure class=\"wp-block-image size-large\"><img loading=\"lazy\" decoding=\"async\" width=\"768\" height=\"1024\" data-id=\"2926\" src=\"https:\/\/sunclimbing.com\/wp-content\/uploads\/2023\/09\/Ohne-Titel6-768x1024.jpg\" alt=\"\" class=\"wp-image-2926\" srcset=\"https:\/\/sunclimbing.com\/wp-content\/uploads\/2023\/09\/Ohne-Titel6-768x1024.jpg 768w, https:\/\/sunclimbing.com\/wp-content\/uploads\/2023\/09\/Ohne-Titel6-225x300.jpg 225w, https:\/\/sunclimbing.com\/wp-content\/uploads\/2023\/09\/Ohne-Titel6-1152x1536.jpg 1152w, https:\/\/sunclimbing.com\/wp-content\/uploads\/2023\/09\/Ohne-Titel6-1536x2048.jpg 1536w, https:\/\/sunclimbing.com\/wp-content\/uploads\/2023\/09\/Ohne-Titel6-scaled.jpg 1920w\" sizes=\"auto, (max-width: 768px) 100vw, 768px\" \/><\/figure>\n\n\n\n<figure class=\"wp-block-image size-large\"><img loading=\"lazy\" decoding=\"async\" width=\"1024\" height=\"683\" data-id=\"29\" src=\"https:\/\/sunclimbing.com\/wp-content\/uploads\/2023\/05\/Dont-know-1024x683.jpg\" alt=\"\" class=\"wp-image-29\" srcset=\"https:\/\/sunclimbing.com\/wp-content\/uploads\/2023\/05\/Dont-know-1024x683.jpg 1024w, https:\/\/sunclimbing.com\/wp-content\/uploads\/2023\/05\/Dont-know-300x200.jpg 300w, https:\/\/sunclimbing.com\/wp-content\/uploads\/2023\/05\/Dont-know-768x512.jpg 768w, https:\/\/sunclimbing.com\/wp-content\/uploads\/2023\/05\/Dont-know-1536x1024.jpg 1536w, https:\/\/sunclimbing.com\/wp-content\/uploads\/2023\/05\/Dont-know-2048x1365.jpg 2048w\" sizes=\"auto, (max-width: 1024px) 100vw, 1024px\" \/><\/figure>\n<\/figure>\n<\/div>\n<\/div>","protected":false},"excerpt":{"rendered":"<p>From Gym to Rock Climbing Course This is the perfect course for gym climbers looking to start climbing on real rock. Do you climb regularly in your local climbing gym but have yet to venture outdoors? Do you know a lot more about foot placement or conditioning than about knots or anchors?Our certified climbing instructors [&hellip;]<\/p>\n","protected":false},"author":1,"featured_media":1835,"parent":825,"menu_order":0,"comment_status":"closed","ping_status":"closed","template":"","meta":{"footnotes":""},"class_list":["post-2719","page","type-page","status-publish","has-post-thumbnail","hentry"],"yoast_head":"<!-- This site is optimized with the Yoast SEO plugin v27.4 - https:\/\/yoast.com\/product\/yoast-seo-wordpress\/ -->\n<title>From Gym to Rock Climbing - Sunclimbing<\/title>\n<meta name=\"robots\" content=\"index, follow, max-snippet:-1, max-image-preview:large, max-video-preview:-1\" \/>\n<link rel=\"canonical\" href=\"https:\/\/sunclimbing.com\/tr\/courses\/gym-to-rock-climbing\/\" \/>\n<meta property=\"og:locale\" content=\"tr_TR\" \/>\n<meta property=\"og:type\" content=\"article\" \/>\n<meta property=\"og:title\" content=\"From Gym to Rock Climbing - Sunclimbing\" \/>\n<meta property=\"og:description\" content=\"From Gym to Rock Climbing Course This is the perfect course for gym climbers looking to start climbing on real rock. Do you climb regularly in your local climbing gym but have yet to venture outdoors? Do you know a lot more about foot placement or conditioning than about knots or anchors?Our certified climbing instructors [&hellip;]\" \/>\n<meta property=\"og:url\" content=\"https:\/\/sunclimbing.com\/tr\/courses\/gym-to-rock-climbing\/\" \/>\n<meta property=\"og:site_name\" content=\"Sunclimbing\" \/>\n<meta property=\"article:modified_time\" content=\"2025-08-29T11:38:46+00:00\" \/>\n<meta property=\"og:image\" content=\"https:\/\/sunclimbing.com\/wp-content\/uploads\/2023\/06\/2G3A1693-scaled.jpg\" \/>\n\t<meta property=\"og:image:width\" content=\"1707\" \/>\n\t<meta property=\"og:image:height\" content=\"2560\" \/>\n\t<meta property=\"og:image:type\" content=\"image\/jpeg\" \/>\n<meta name=\"twitter:card\" content=\"summary_large_image\" \/>\n<meta name=\"twitter:label1\" content=\"Tahmini okuma s\u00fcresi\" \/>\n\t<meta name=\"twitter:data1\" content=\"8 dakika\" \/>\n<script type=\"application\/ld+json\" class=\"yoast-schema-graph\">{\"@context\":\"https:\\\/\\\/schema.org\",\"@graph\":[{\"@type\":\"WebPage\",\"@id\":\"https:\\\/\\\/sunclimbing.com\\\/courses\\\/gym-to-rock-climbing\\\/\",\"url\":\"https:\\\/\\\/sunclimbing.com\\\/courses\\\/gym-to-rock-climbing\\\/\",\"name\":\"From Gym to Rock Climbing - Sunclimbing\",\"isPartOf\":{\"@id\":\"https:\\\/\\\/sunclimbing.com\\\/#website\"},\"primaryImageOfPage\":{\"@id\":\"https:\\\/\\\/sunclimbing.com\\\/courses\\\/gym-to-rock-climbing\\\/#primaryimage\"},\"image\":{\"@id\":\"https:\\\/\\\/sunclimbing.com\\\/courses\\\/gym-to-rock-climbing\\\/#primaryimage\"},\"thumbnailUrl\":\"https:\\\/\\\/sunclimbing.com\\\/wp-content\\\/uploads\\\/2023\\\/06\\\/2G3A1693-scaled.jpg\",\"datePublished\":\"2023-09-03T08:50:32+00:00\",\"dateModified\":\"2025-08-29T11:38:46+00:00\",\"breadcrumb\":{\"@id\":\"https:\\\/\\\/sunclimbing.com\\\/courses\\\/gym-to-rock-climbing\\\/#breadcrumb\"},\"inLanguage\":\"tr\",\"potentialAction\":[{\"@type\":\"ReadAction\",\"target\":[\"https:\\\/\\\/sunclimbing.com\\\/courses\\\/gym-to-rock-climbing\\\/\"]}]},{\"@type\":\"ImageObject\",\"inLanguage\":\"tr\",\"@id\":\"https:\\\/\\\/sunclimbing.com\\\/courses\\\/gym-to-rock-climbing\\\/#primaryimage\",\"url\":\"https:\\\/\\\/sunclimbing.com\\\/wp-content\\\/uploads\\\/2023\\\/06\\\/2G3A1693-scaled.jpg\",\"contentUrl\":\"https:\\\/\\\/sunclimbing.com\\\/wp-content\\\/uploads\\\/2023\\\/06\\\/2G3A1693-scaled.jpg\",\"width\":1707,\"height\":2560},{\"@type\":\"BreadcrumbList\",\"@id\":\"https:\\\/\\\/sunclimbing.com\\\/courses\\\/gym-to-rock-climbing\\\/#breadcrumb\",\"itemListElement\":[{\"@type\":\"ListItem\",\"position\":1,\"name\":\"Home\",\"item\":\"https:\\\/\\\/sunclimbing.com\\\/\"},{\"@type\":\"ListItem\",\"position\":2,\"name\":\"Rock Climbing Courses\",\"item\":\"https:\\\/\\\/sunclimbing.com\\\/courses\\\/\"},{\"@type\":\"ListItem\",\"position\":3,\"name\":\"From Gym to Rock Climbing\"}]},{\"@type\":\"WebSite\",\"@id\":\"https:\\\/\\\/sunclimbing.com\\\/#website\",\"url\":\"https:\\\/\\\/sunclimbing.com\\\/\",\"name\":\"Sunclimbing\",\"description\":\"\",\"publisher\":{\"@id\":\"https:\\\/\\\/sunclimbing.com\\\/#organization\"},\"potentialAction\":[{\"@type\":\"SearchAction\",\"target\":{\"@type\":\"EntryPoint\",\"urlTemplate\":\"https:\\\/\\\/sunclimbing.com\\\/?s={search_term_string}\"},\"query-input\":{\"@type\":\"PropertyValueSpecification\",\"valueRequired\":true,\"valueName\":\"search_term_string\"}}],\"inLanguage\":\"tr\"},{\"@type\":\"Organization\",\"@id\":\"https:\\\/\\\/sunclimbing.com\\\/#organization\",\"name\":\"Sunclimbing\",\"url\":\"https:\\\/\\\/sunclimbing.com\\\/\",\"logo\":{\"@type\":\"ImageObject\",\"inLanguage\":\"tr\",\"@id\":\"https:\\\/\\\/sunclimbing.com\\\/#\\\/schema\\\/logo\\\/image\\\/\",\"url\":\"https:\\\/\\\/sunclimbing.com\\\/wp-content\\\/uploads\\\/2023\\\/06\\\/sunclimbing_logo.png\",\"contentUrl\":\"https:\\\/\\\/sunclimbing.com\\\/wp-content\\\/uploads\\\/2023\\\/06\\\/sunclimbing_logo.png\",\"width\":495,\"height\":108,\"caption\":\"Sunclimbing\"},\"image\":{\"@id\":\"https:\\\/\\\/sunclimbing.com\\\/#\\\/schema\\\/logo\\\/image\\\/\"}}]}<\/script>\n<!-- \/ Yoast SEO plugin. -->","yoast_head_json":{"title":"From Gym to Rock Climbing - Sunclimbing","robots":{"index":"index","follow":"follow","max-snippet":"max-snippet:-1","max-image-preview":"max-image-preview:large","max-video-preview":"max-video-preview:-1"},"canonical":"https:\/\/sunclimbing.com\/tr\/courses\/gym-to-rock-climbing\/","og_locale":"tr_TR","og_type":"article","og_title":"From Gym to Rock Climbing - Sunclimbing","og_description":"From Gym to Rock Climbing Course This is the perfect course for gym climbers looking to start climbing on real rock. Do you climb regularly in your local climbing gym but have yet to venture outdoors? Do you know a lot more about foot placement or conditioning than about knots or anchors?Our certified climbing instructors [&hellip;]","og_url":"https:\/\/sunclimbing.com\/tr\/courses\/gym-to-rock-climbing\/","og_site_name":"Sunclimbing","article_modified_time":"2025-08-29T11:38:46+00:00","og_image":[{"width":1707,"height":2560,"url":"https:\/\/sunclimbing.com\/wp-content\/uploads\/2023\/06\/2G3A1693-scaled.jpg","type":"image\/jpeg"}],"twitter_card":"summary_large_image","twitter_misc":{"Tahmini okuma s\u00fcresi":"8 dakika"},"schema":{"@context":"https:\/\/schema.org","@graph":[{"@type":"WebPage","@id":"https:\/\/sunclimbing.com\/courses\/gym-to-rock-climbing\/","url":"https:\/\/sunclimbing.com\/courses\/gym-to-rock-climbing\/","name":"From Gym to Rock Climbing - Sunclimbing","isPartOf":{"@id":"https:\/\/sunclimbing.com\/#website"},"primaryImageOfPage":{"@id":"https:\/\/sunclimbing.com\/courses\/gym-to-rock-climbing\/#primaryimage"},"image":{"@id":"https:\/\/sunclimbing.com\/courses\/gym-to-rock-climbing\/#primaryimage"},"thumbnailUrl":"https:\/\/sunclimbing.com\/wp-content\/uploads\/2023\/06\/2G3A1693-scaled.jpg","datePublished":"2023-09-03T08:50:32+00:00","dateModified":"2025-08-29T11:38:46+00:00","breadcrumb":{"@id":"https:\/\/sunclimbing.com\/courses\/gym-to-rock-climbing\/#breadcrumb"},"inLanguage":"tr","potentialAction":[{"@type":"ReadAction","target":["https:\/\/sunclimbing.com\/courses\/gym-to-rock-climbing\/"]}]},{"@type":"ImageObject","inLanguage":"tr","@id":"https:\/\/sunclimbing.com\/courses\/gym-to-rock-climbing\/#primaryimage","url":"https:\/\/sunclimbing.com\/wp-content\/uploads\/2023\/06\/2G3A1693-scaled.jpg","contentUrl":"https:\/\/sunclimbing.com\/wp-content\/uploads\/2023\/06\/2G3A1693-scaled.jpg","width":1707,"height":2560},{"@type":"BreadcrumbList","@id":"https:\/\/sunclimbing.com\/courses\/gym-to-rock-climbing\/#breadcrumb","itemListElement":[{"@type":"ListItem","position":1,"name":"Home","item":"https:\/\/sunclimbing.com\/"},{"@type":"ListItem","position":2,"name":"Rock Climbing Courses","item":"https:\/\/sunclimbing.com\/courses\/"},{"@type":"ListItem","position":3,"name":"From Gym to Rock Climbing"}]},{"@type":"WebSite","@id":"https:\/\/sunclimbing.com\/#website","url":"https:\/\/sunclimbing.com\/","name":"Sunclimbing","description":"","publisher":{"@id":"https:\/\/sunclimbing.com\/#organization"},"potentialAction":[{"@type":"SearchAction","target":{"@type":"EntryPoint","urlTemplate":"https:\/\/sunclimbing.com\/?s={search_term_string}"},"query-input":{"@type":"PropertyValueSpecification","valueRequired":true,"valueName":"search_term_string"}}],"inLanguage":"tr"},{"@type":"Organization","@id":"https:\/\/sunclimbing.com\/#organization","name":"Sunclimbing","url":"https:\/\/sunclimbing.com\/","logo":{"@type":"ImageObject","inLanguage":"tr","@id":"https:\/\/sunclimbing.com\/#\/schema\/logo\/image\/","url":"https:\/\/sunclimbing.com\/wp-content\/uploads\/2023\/06\/sunclimbing_logo.png","contentUrl":"https:\/\/sunclimbing.com\/wp-content\/uploads\/2023\/06\/sunclimbing_logo.png","width":495,"height":108,"caption":"Sunclimbing"},"image":{"@id":"https:\/\/sunclimbing.com\/#\/schema\/logo\/image\/"}}]}},"_links":{"self":[{"href":"https:\/\/sunclimbing.com\/tr\/wp-json\/wp\/v2\/pages\/2719","targetHints":{"allow":["GET"]}}],"collection":[{"href":"https:\/\/sunclimbing.com\/tr\/wp-json\/wp\/v2\/pages"}],"about":[{"href":"https:\/\/sunclimbing.com\/tr\/wp-json\/wp\/v2\/types\/page"}],"author":[{"embeddable":true,"href":"https:\/\/sunclimbing.com\/tr\/wp-json\/wp\/v2\/users\/1"}],"replies":[{"embeddable":true,"href":"https:\/\/sunclimbing.com\/tr\/wp-json\/wp\/v2\/comments?post=2719"}],"version-history":[{"count":17,"href":"https:\/\/sunclimbing.com\/tr\/wp-json\/wp\/v2\/pages\/2719\/revisions"}],"predecessor-version":[{"id":4822,"href":"https:\/\/sunclimbing.com\/tr\/wp-json\/wp\/v2\/pages\/2719\/revisions\/4822"}],"up":[{"embeddable":true,"href":"https:\/\/sunclimbing.com\/tr\/wp-json\/wp\/v2\/pages\/825"}],"wp:featuredmedia":[{"embeddable":true,"href":"https:\/\/sunclimbing.com\/tr\/wp-json\/wp\/v2\/media\/1835"}],"wp:attachment":[{"href":"https:\/\/sunclimbing.com\/tr\/wp-json\/wp\/v2\/media?parent=2719"}],"curies":[{"name":"wp","href":"https:\/\/api.w.org\/{rel}","templated":true}]}}