{"id":2714,"date":"2023-09-03T11:47:53","date_gmt":"2023-09-03T08:47:53","guid":{"rendered":"http:\/\/wordpress.p643590.webspaceconfig.de\/?page_id=2714"},"modified":"2025-08-29T14:43:14","modified_gmt":"2025-08-29T11:43:14","slug":"advanced-climbing","status":"publish","type":"page","link":"https:\/\/sunclimbing.com\/tr\/courses\/advanced-climbing\/","title":{"rendered":"\u0130leri Seviye Kurs"},"content":{"rendered":"<div class=\"wp-block-cover\"><img loading=\"lazy\" decoding=\"async\" width=\"1707\" height=\"2560\" class=\"wp-block-cover__image-background wp-image-1856\" alt=\"\" src=\"https:\/\/sunclimbing.com\/wp-content\/uploads\/2023\/06\/2G3A1907-scaled.jpg\" style=\"object-position:41% 80%\" data-object-fit=\"cover\" data-object-position=\"41% 80%\" srcset=\"https:\/\/sunclimbing.com\/wp-content\/uploads\/2023\/06\/2G3A1907-scaled.jpg 1707w, https:\/\/sunclimbing.com\/wp-content\/uploads\/2023\/06\/2G3A1907-200x300.jpg 200w, https:\/\/sunclimbing.com\/wp-content\/uploads\/2023\/06\/2G3A1907-683x1024.jpg 683w, https:\/\/sunclimbing.com\/wp-content\/uploads\/2023\/06\/2G3A1907-768x1152.jpg 768w, https:\/\/sunclimbing.com\/wp-content\/uploads\/2023\/06\/2G3A1907-1024x1536.jpg 1024w, https:\/\/sunclimbing.com\/wp-content\/uploads\/2023\/06\/2G3A1907-1365x2048.jpg 1365w\" sizes=\"auto, (max-width: 1707px) 100vw, 1707px\" \/><span aria-hidden=\"true\" class=\"wp-block-cover__background has-background-dim\"><\/span><div class=\"wp-block-cover__inner-container is-layout-flow wp-block-cover-is-layout-flow\">\n<div class=\"wp-block-group has-base-color has-text-color has-global-padding is-layout-constrained wp-block-group-is-layout-constrained\">\n<p class=\"has-text-align-center has-tertiary-color has-text-color has-mansalva-font-family has-large-font-size\">Top-rope'tan lider t\u0131rman\u0131\u015fa<\/p>\n\n\n<h1 style=\"margin-top:0;margin-right:0;margin-bottom:0;margin-left:0;\" class=\"has-text-align-center wp-block-post-title\">\u0130leri Seviye Kurs<\/h1><\/div>\n<\/div><\/div>\n\n\n\n<div class=\"wp-block-group has-global-padding is-layout-constrained wp-container-core-group-is-layout-a62636b3 wp-block-group-is-layout-constrained\">\n<div class=\"wp-block-columns is-layout-flex wp-container-core-columns-is-layout-28f84493 wp-block-columns-is-layout-flex\">\n<div class=\"wp-block-column is-layout-flow wp-block-column-is-layout-flow\" style=\"flex-basis:66.66%\">\n<h2 class=\"wp-block-heading has-palanquin-font-family\"><strong>\u0130leri Seviye Kaya T\u0131rman\u0131\u015f\u0131 Kursu - Lider T\u0131rman\u0131\u015f (3 g\u00fcn)<\/strong><\/h2>\n\n\n\n<p>This &#8220;Learn to Lead&#8221; course is one of our most popular courses. It is ideal for any climber with some top-rope climbing experience who would like to start&nbsp;<strong>lead climbing outdoors<\/strong>&nbsp;on single-pitch sport routes. Under the instructions of our certified rock climbing teacher (Austrian Alpine Club and Turkish Mountain Federation certification) you&#8217;ll build on your existing outdoor top-roping skills, or your existing indoor lead climbing skills. During the course you will develop the confidence to become competent in leading exciting sport climbs outdoors. The lead climbing skills you learn on this course will also enable you to lead climb on indoor walls.<\/p>\n\n\n\n<p>Deneme T\u0131rman\u0131\u015f\u0131 g\u00fcn\u00fcnde t\u0131rmanmak i\u00e7in \u00e7ok zaman\u0131n\u0131z olacak. E\u011fitmenlerimiz size teknik konusunda rehberlik edecek ve kayada ba\u015far\u0131l\u0131 ve e\u011flenceli bir g\u00fcn ge\u00e7irmenize yard\u0131mc\u0131 olacak.<\/p>\n<\/div>\n\n\n\n<div class=\"wp-block-column is-layout-flow wp-block-column-is-layout-flow\" style=\"flex-basis:33.33%\">\n<div class=\"wp-block-group has-contrast-color has-tertiary-background-color has-text-color has-background has-link-color wp-elements-2a5faec24ac9beee40b07ab2bd5a0c06 has-global-padding is-layout-constrained wp-container-core-group-is-layout-67c150cf wp-block-group-is-layout-constrained\" style=\"border-radius:0.5em;padding-top:var(--wp--preset--spacing--30);padding-right:var(--wp--preset--spacing--30);padding-bottom:var(--wp--preset--spacing--30);padding-left:var(--wp--preset--spacing--30)\">\n<h2 class=\"wp-block-heading has-palanquin-font-family has-medium-font-size\" style=\"text-transform:uppercase\">\u015eARTLAR<\/h2>\n\n\n\n<ul class=\"wp-block-list\">\n<li>Temel t\u0131rman\u0131\u015f bilgisi<\/li>\n\n\n\n<li>Kayada top-rope t\u0131rman\u0131\u015f\u0131 deneyimi veya salonda lider t\u0131rman\u0131\u015f deneyimi<\/li>\n\n\n\n<li>Kapal\u0131 alan lider t\u0131rman\u0131\u015f deneyimi<\/li>\n\n\n\n<li>Ba\u011f\u0131ms\u0131z bir kaya t\u0131rman\u0131c\u0131s\u0131 olma iste\u011fi<\/li>\n<\/ul>\n\n\n\n<h2 class=\"wp-block-heading has-palanquin-font-family has-medium-font-size\" style=\"text-transform:uppercase\">GET\u0130R\u0130LMES\u0130 GEREKENLER<\/h2>\n\n\n\n<ul class=\"wp-block-list\">\n<li>Patikada y\u00fcr\u00fcyebilece\u011finiz ayakkab\u0131lar da dahil olmak \u00fczere rahat k\u0131yafetler (Hava ko\u015fullar\u0131na g\u00f6re ya\u011fmurluk, mont, vb.)<\/li>\n\n\n\n<li>G\u00fcne\u015f korumas\u0131<\/li>\n\n\n\n<li>Hava ko\u015fullar\u0131na g\u00f6re g\u00fcne\u015f korumas\u0131<\/li>\n<\/ul>\n<\/div>\n<\/div>\n<\/div>\n\n\n\n<div class=\"wp-block-group has-global-padding is-layout-constrained wp-block-group-is-layout-constrained\">\n<h2 class=\"wp-block-heading has-tertiary-color has-text-color has-palanquin-font-family\" style=\"text-transform:uppercase\">PROGRAM<\/h2>\n\n\n\n<div class=\"wp-block-columns is-layout-flex wp-container-core-columns-is-layout-28f84493 wp-block-columns-is-layout-flex\">\n<div class=\"wp-block-column is-layout-flow wp-block-column-is-layout-flow\">\n<p><strong>1. ve 2. G\u00dcN (g\u00fcnl\u00fck 5 saat)<\/strong><\/p>\n\n\n\n<ul class=\"wp-block-list\">\n<li>Lider emniyet alma<\/li>\n\n\n\n<li>Lider t\u0131rman\u0131\u015f<\/li>\n\n\n\n<li>Spor t\u0131rman\u0131\u015f ekipmanlar\u0131n\u0131n do\u011fru kullan\u0131m\u0131<\/li>\n\n\n\n<li>\u0130stasyon ve malzemelerin toplanmas\u0131<\/li>\n\n\n\n<li>Rehber kitap kullanma<\/li>\n\n\n\n<li>T\u0131rman\u0131\u015f \u00e7a\u011fr\u0131lar\u0131 ve ileti\u015fim<\/li>\n\n\n\n<li>Temel hareket becerileri<\/li>\n\n\n\n<li>Outdoor risklerine ili\u015fkin temel anlay\u0131\u015f<\/li>\n\n\n\n<li>G\u00fcven in\u015fa etmek<\/li>\n<\/ul>\n<\/div>\n\n\n\n<div class=\"wp-block-column is-layout-flow wp-block-column-is-layout-flow\">\n<p><strong>3. G\u00dcN (5 saat)<\/strong><\/p>\n\n\n\n<ul class=\"wp-block-list\">\n<li>Kaya t\u0131rman\u0131\u015f\u0131 \ud83d\ude42<\/li>\n<\/ul>\n<\/div>\n<\/div>\n<\/div>\n\n\n\n<div class=\"wp-block-group has-global-padding is-layout-constrained wp-block-group-is-layout-constrained\">\n<h2 class=\"wp-block-heading has-tertiary-color has-text-color has-palanquin-font-family\" style=\"text-transform:uppercase\">Fiyatlarimiz<\/h2>\n\n\n\n<figure class=\"wp-block-table\"><table><tbody><tr><td><strong>Rezervasyon yapt\u0131ran ki\u015fi say\u0131s\u0131<\/strong><\/td><td><strong>3 g\u00fcn (g\u00fcnl\u00fck 5 saat)<\/strong><\/td><\/tr><tr><td>1 ki\u015fi<\/td><td>450,00 \u20ac p.p.<\/td><\/tr><tr><td>2 ki\u015fi<\/td><td>300,00 \u20ac p.p.<\/td><\/tr><tr><td>3 ki\u015fi<\/td><td>250,00 \u20ac p.p.<\/td><\/tr><tr><td>4 ki\u015fi<\/td><td>220,00 \u20ac p.p.<\/td><\/tr><\/tbody><\/table><figcaption class=\"wp-element-caption\">T\u00fcm fiyatlar ki\u015fi ba\u015f\u0131 ve Euro baz\u0131ndad\u0131r.<\/figcaption><\/figure>\n\n\n\n<p><strong>Nakit \u00f6demeye % 10 indirim uygulamaktay\u0131z.<\/strong><\/p>\n\n\n\n<p>B\u00fcy\u00fck bir grubunuz varsa \u00f6zel teklif almak i\u00e7in bizimle ileti\u015fime ge\u00e7ebilirsiniz: <a href=\"mailto:office@sunclimbing.com\">office@sunclimbing.com<\/a> <\/p>\n<\/div>\n\n\n\n<div class=\"wp-block-columns is-layout-flex wp-container-core-columns-is-layout-28f84493 wp-block-columns-is-layout-flex\">\n<div class=\"wp-block-column is-layout-flow wp-block-column-is-layout-flow\">\n<h2 class=\"wp-block-heading has-tertiary-color has-text-color has-palanquin-font-family\" style=\"text-transform:uppercase\">PROGRAMA DAH\u0130L OLANLAR<\/h2>\n\n\n\n<p>T\u00fcrkiye Da\u011fc\u0131l\u0131k Federasyonu ve Avusturya Alpin Kul\u00fcb\u00fc taraf\u0131ndan sertifikaland\u0131r\u0131lm\u0131\u015f nitelikli kaya t\u0131rman\u0131\u015f\u0131 e\u011fitmenleri taraf\u0131ndan rehberlik ve e\u011fitim.<\/p>\n\n\n\n<p>Sun Climbing'den emniyet kemeri, ip, ekspres, emniyet aleti ve kask gibi gerekli t\u00fcm t\u0131rman\u0131\u015f ekipmanlar\u0131. Gerekirse t\u0131rman\u0131\u015f ayakkab\u0131lar\u0131 kiralanabilir.<\/p>\n\n\n\n<p>T\u0131rman\u0131\u015f ve t\u0131rman\u0131\u015f teknikleri hakk\u0131nda diledi\u011finiz kadar soru-cevap. Kafan\u0131zda soru i\u015fareti kalmamas\u0131 i\u00e7in size elimizden geldi\u011fince yard\u0131mc\u0131 olaca\u011f\u0131z.<\/p>\n\n\n\n<p>Sizin ve grubunuzun g\u00fcn boyunca \u00e7ekilmi\u015f harika t\u0131rman\u0131\u015f foto\u011fraflar\u0131. G\u00fcn\u00fcn sonunda bu foto\u011fraflar\u0131 sizinle payla\u015faca\u011f\u0131z.<\/p>\n<\/div>\n\n\n\n<div class=\"wp-block-column is-layout-flow wp-block-column-is-layout-flow\">\n<h2 class=\"wp-block-heading has-tertiary-color has-text-color has-palanquin-font-family\" style=\"text-transform:uppercase\">PROGRAMA DAH\u0130L OLMAYANLAR<\/h2>\n\n\n\n<p>\u0130htiya\u00e7 halinde Sunclimbing'den t\u0131rman\u0131\u015f ayakkab\u0131s\u0131 kiralanabilir.<\/p>\n\n\n\n<p>Geyikbay\u0131r\u0131'na ve Sunclimbing'e ula\u015f\u0131m sizin taraf\u0131n\u0131zdan organize edilmelidir. Ancak transfer almak isterseniz l\u00fctfen bize ula\u015f\u0131n.<\/p>\n\n\n\n<p>T\u0131rman\u0131\u015f\u0131 G\u00fcn\u00fc i\u00e7in ki\u015fi ba\u015f\u0131 8,00 \u20ac kar\u015f\u0131l\u0131\u011f\u0131nda paketlenmi\u015f bir \u00f6\u011fle yeme\u011fi de sunabiliriz. L\u00fctfen kurs rezervasyonu yaparken bize bildirin.<\/p>\n<\/div>\n<\/div>\n\n\n\n<div class=\"wp-block-group has-global-padding is-layout-constrained wp-block-group-is-layout-constrained\">\n<h2 class=\"wp-block-heading has-tertiary-color has-text-color has-palanquin-font-family\" style=\"text-transform:uppercase\">Nas\u0131l rezervasyon yap\u0131l\u0131r<\/h2>\n\n\n\n<div class=\"wp-block-group has-tertiary-background-color has-background has-global-padding is-layout-constrained wp-container-core-group-is-layout-80fb368b wp-block-group-is-layout-constrained\" style=\"padding-top:var(--wp--preset--spacing--30);padding-right:var(--wp--preset--spacing--30);padding-bottom:var(--wp--preset--spacing--30);padding-left:var(--wp--preset--spacing--30)\">\n<p class=\"translation-block\">L\u00fctfen dikkat: Kurs takvimi rezervasyonumuz yak\u0131nda etkinle\u015ftirilecektir, o zamana kadar l\u00fctfen rezervasyon i\u00e7in do\u011frudan bizimle ileti\u015fime ge\u00e7in.<\/p>\n<\/div>\n<\/div>\n\n\n\n<div class=\"wp-block-group has-global-padding is-layout-constrained wp-block-group-is-layout-constrained\">\n<h2 class=\"wp-block-heading has-tertiary-color has-text-color has-palanquin-font-family\" style=\"text-transform:uppercase\">Impressions of an Advanced Climbing Day:<\/h2>\n\n\n\n<figure class=\"wp-block-gallery has-nested-images columns-default is-cropped wp-block-gallery-1 is-layout-flex wp-block-gallery-is-layout-flex\">\n<figure class=\"wp-block-image size-large\"><img loading=\"lazy\" decoding=\"async\" width=\"683\" height=\"1024\" data-id=\"1853\" src=\"https:\/\/sunclimbing.com\/wp-content\/uploads\/2023\/06\/2G3A1865-683x1024.jpg\" alt=\"\" class=\"wp-image-1853\" srcset=\"https:\/\/sunclimbing.com\/wp-content\/uploads\/2023\/06\/2G3A1865-683x1024.jpg 683w, https:\/\/sunclimbing.com\/wp-content\/uploads\/2023\/06\/2G3A1865-200x300.jpg 200w, https:\/\/sunclimbing.com\/wp-content\/uploads\/2023\/06\/2G3A1865-768x1152.jpg 768w, https:\/\/sunclimbing.com\/wp-content\/uploads\/2023\/06\/2G3A1865-1024x1536.jpg 1024w, https:\/\/sunclimbing.com\/wp-content\/uploads\/2023\/06\/2G3A1865-1365x2048.jpg 1365w, https:\/\/sunclimbing.com\/wp-content\/uploads\/2023\/06\/2G3A1865-scaled.jpg 1707w\" sizes=\"auto, (max-width: 683px) 100vw, 683px\" \/><\/figure>\n\n\n\n<figure class=\"wp-block-image size-large\"><img loading=\"lazy\" decoding=\"async\" width=\"683\" height=\"1024\" data-id=\"1858\" src=\"https:\/\/sunclimbing.com\/wp-content\/uploads\/2023\/06\/2G3A1914-683x1024.jpg\" alt=\"\" class=\"wp-image-1858\" srcset=\"https:\/\/sunclimbing.com\/wp-content\/uploads\/2023\/06\/2G3A1914-683x1024.jpg 683w, https:\/\/sunclimbing.com\/wp-content\/uploads\/2023\/06\/2G3A1914-200x300.jpg 200w, https:\/\/sunclimbing.com\/wp-content\/uploads\/2023\/06\/2G3A1914-768x1152.jpg 768w, https:\/\/sunclimbing.com\/wp-content\/uploads\/2023\/06\/2G3A1914-1024x1536.jpg 1024w, https:\/\/sunclimbing.com\/wp-content\/uploads\/2023\/06\/2G3A1914-1365x2048.jpg 1365w, https:\/\/sunclimbing.com\/wp-content\/uploads\/2023\/06\/2G3A1914-scaled.jpg 1707w\" sizes=\"auto, (max-width: 683px) 100vw, 683px\" \/><\/figure>\n\n\n\n<figure class=\"wp-block-image size-large\"><img loading=\"lazy\" decoding=\"async\" width=\"683\" height=\"1024\" data-id=\"1841\" src=\"https:\/\/sunclimbing.com\/wp-content\/uploads\/2023\/06\/2G3A1765-683x1024.jpg\" alt=\"\" class=\"wp-image-1841\" srcset=\"https:\/\/sunclimbing.com\/wp-content\/uploads\/2023\/06\/2G3A1765-683x1024.jpg 683w, https:\/\/sunclimbing.com\/wp-content\/uploads\/2023\/06\/2G3A1765-200x300.jpg 200w, https:\/\/sunclimbing.com\/wp-content\/uploads\/2023\/06\/2G3A1765-768x1152.jpg 768w, https:\/\/sunclimbing.com\/wp-content\/uploads\/2023\/06\/2G3A1765-1024x1536.jpg 1024w, https:\/\/sunclimbing.com\/wp-content\/uploads\/2023\/06\/2G3A1765-1365x2048.jpg 1365w, https:\/\/sunclimbing.com\/wp-content\/uploads\/2023\/06\/2G3A1765-scaled.jpg 1707w\" sizes=\"auto, (max-width: 683px) 100vw, 683px\" \/><\/figure>\n\n\n\n<figure class=\"wp-block-image size-large\"><img loading=\"lazy\" decoding=\"async\" width=\"1024\" height=\"683\" data-id=\"1830\" src=\"https:\/\/sunclimbing.com\/wp-content\/uploads\/2023\/06\/2G3A1661-1024x683.jpg\" alt=\"\" class=\"wp-image-1830\" srcset=\"https:\/\/sunclimbing.com\/wp-content\/uploads\/2023\/06\/2G3A1661-1024x683.jpg 1024w, https:\/\/sunclimbing.com\/wp-content\/uploads\/2023\/06\/2G3A1661-300x200.jpg 300w, https:\/\/sunclimbing.com\/wp-content\/uploads\/2023\/06\/2G3A1661-768x512.jpg 768w, https:\/\/sunclimbing.com\/wp-content\/uploads\/2023\/06\/2G3A1661-1536x1024.jpg 1536w, https:\/\/sunclimbing.com\/wp-content\/uploads\/2023\/06\/2G3A1661-2048x1365.jpg 2048w\" sizes=\"auto, (max-width: 1024px) 100vw, 1024px\" \/><\/figure>\n<\/figure>\n<\/div>\n<\/div>","protected":false},"excerpt":{"rendered":"<p>Advanced Rock Climbing Course &#8211; Lead Climbing (3 days) This &#8220;Learn to Lead&#8221; course is one of our most popular courses. It is ideal for any climber with some top-rope climbing experience who would like to start&nbsp;lead climbing outdoors&nbsp;on single-pitch sport routes. Under the instructions of our certified rock climbing teacher (Austrian Alpine Club and [&hellip;]<\/p>\n","protected":false},"author":1,"featured_media":2746,"parent":825,"menu_order":0,"comment_status":"closed","ping_status":"closed","template":"","meta":{"footnotes":""},"class_list":["post-2714","page","type-page","status-publish","has-post-thumbnail","hentry"],"yoast_head":"<!-- This site is optimized with the Yoast SEO plugin v27.3 - https:\/\/yoast.com\/product\/yoast-seo-wordpress\/ -->\n<title>Advanced Climbing - Sunclimbing<\/title>\n<meta name=\"robots\" content=\"index, follow, max-snippet:-1, max-image-preview:large, max-video-preview:-1\" \/>\n<link rel=\"canonical\" href=\"https:\/\/sunclimbing.com\/tr\/courses\/advanced-climbing\/\" \/>\n<meta property=\"og:locale\" content=\"tr_TR\" \/>\n<meta property=\"og:type\" content=\"article\" \/>\n<meta property=\"og:title\" content=\"Advanced Climbing - Sunclimbing\" \/>\n<meta property=\"og:description\" content=\"Advanced Rock Climbing Course &#8211; Lead Climbing (3 days) This &#8220;Learn to Lead&#8221; course is one of our most popular courses. It is ideal for any climber with some top-rope climbing experience who would like to start&nbsp;lead climbing outdoors&nbsp;on single-pitch sport routes. Under the instructions of our certified rock climbing teacher (Austrian Alpine Club and [&hellip;]\" \/>\n<meta property=\"og:url\" content=\"https:\/\/sunclimbing.com\/tr\/courses\/advanced-climbing\/\" \/>\n<meta property=\"og:site_name\" content=\"Sunclimbing\" \/>\n<meta property=\"article:modified_time\" content=\"2025-08-29T11:43:14+00:00\" \/>\n<meta property=\"og:image\" content=\"https:\/\/sunclimbing.com\/wp-content\/uploads\/2023\/09\/2G3A1907-edited-2.jpg\" \/>\n\t<meta property=\"og:image:width\" content=\"1920\" \/>\n\t<meta property=\"og:image:height\" content=\"1920\" \/>\n\t<meta property=\"og:image:type\" content=\"image\/jpeg\" \/>\n<meta name=\"twitter:card\" content=\"summary_large_image\" \/>\n<meta name=\"twitter:label1\" content=\"Tahmini okuma s\u00fcresi\" \/>\n\t<meta name=\"twitter:data1\" content=\"7 dakika\" \/>\n<script type=\"application\/ld+json\" class=\"yoast-schema-graph\">{\"@context\":\"https:\\\/\\\/schema.org\",\"@graph\":[{\"@type\":\"WebPage\",\"@id\":\"https:\\\/\\\/sunclimbing.com\\\/courses\\\/advanced-climbing\\\/\",\"url\":\"https:\\\/\\\/sunclimbing.com\\\/courses\\\/advanced-climbing\\\/\",\"name\":\"Advanced Climbing - Sunclimbing\",\"isPartOf\":{\"@id\":\"https:\\\/\\\/sunclimbing.com\\\/#website\"},\"primaryImageOfPage\":{\"@id\":\"https:\\\/\\\/sunclimbing.com\\\/courses\\\/advanced-climbing\\\/#primaryimage\"},\"image\":{\"@id\":\"https:\\\/\\\/sunclimbing.com\\\/courses\\\/advanced-climbing\\\/#primaryimage\"},\"thumbnailUrl\":\"https:\\\/\\\/sunclimbing.com\\\/wp-content\\\/uploads\\\/2023\\\/09\\\/2G3A1907-edited-2.jpg\",\"datePublished\":\"2023-09-03T08:47:53+00:00\",\"dateModified\":\"2025-08-29T11:43:14+00:00\",\"breadcrumb\":{\"@id\":\"https:\\\/\\\/sunclimbing.com\\\/courses\\\/advanced-climbing\\\/#breadcrumb\"},\"inLanguage\":\"tr\",\"potentialAction\":[{\"@type\":\"ReadAction\",\"target\":[\"https:\\\/\\\/sunclimbing.com\\\/courses\\\/advanced-climbing\\\/\"]}]},{\"@type\":\"ImageObject\",\"inLanguage\":\"tr\",\"@id\":\"https:\\\/\\\/sunclimbing.com\\\/courses\\\/advanced-climbing\\\/#primaryimage\",\"url\":\"https:\\\/\\\/sunclimbing.com\\\/wp-content\\\/uploads\\\/2023\\\/09\\\/2G3A1907-edited-2.jpg\",\"contentUrl\":\"https:\\\/\\\/sunclimbing.com\\\/wp-content\\\/uploads\\\/2023\\\/09\\\/2G3A1907-edited-2.jpg\",\"width\":1920,\"height\":1920},{\"@type\":\"BreadcrumbList\",\"@id\":\"https:\\\/\\\/sunclimbing.com\\\/courses\\\/advanced-climbing\\\/#breadcrumb\",\"itemListElement\":[{\"@type\":\"ListItem\",\"position\":1,\"name\":\"Home\",\"item\":\"https:\\\/\\\/sunclimbing.com\\\/\"},{\"@type\":\"ListItem\",\"position\":2,\"name\":\"Rock Climbing Courses\",\"item\":\"https:\\\/\\\/sunclimbing.com\\\/courses\\\/\"},{\"@type\":\"ListItem\",\"position\":3,\"name\":\"Advanced Climbing\"}]},{\"@type\":\"WebSite\",\"@id\":\"https:\\\/\\\/sunclimbing.com\\\/#website\",\"url\":\"https:\\\/\\\/sunclimbing.com\\\/\",\"name\":\"Sunclimbing\",\"description\":\"\",\"publisher\":{\"@id\":\"https:\\\/\\\/sunclimbing.com\\\/#organization\"},\"potentialAction\":[{\"@type\":\"SearchAction\",\"target\":{\"@type\":\"EntryPoint\",\"urlTemplate\":\"https:\\\/\\\/sunclimbing.com\\\/?s={search_term_string}\"},\"query-input\":{\"@type\":\"PropertyValueSpecification\",\"valueRequired\":true,\"valueName\":\"search_term_string\"}}],\"inLanguage\":\"tr\"},{\"@type\":\"Organization\",\"@id\":\"https:\\\/\\\/sunclimbing.com\\\/#organization\",\"name\":\"Sunclimbing\",\"url\":\"https:\\\/\\\/sunclimbing.com\\\/\",\"logo\":{\"@type\":\"ImageObject\",\"inLanguage\":\"tr\",\"@id\":\"https:\\\/\\\/sunclimbing.com\\\/#\\\/schema\\\/logo\\\/image\\\/\",\"url\":\"https:\\\/\\\/sunclimbing.com\\\/wp-content\\\/uploads\\\/2023\\\/06\\\/sunclimbing_logo.png\",\"contentUrl\":\"https:\\\/\\\/sunclimbing.com\\\/wp-content\\\/uploads\\\/2023\\\/06\\\/sunclimbing_logo.png\",\"width\":495,\"height\":108,\"caption\":\"Sunclimbing\"},\"image\":{\"@id\":\"https:\\\/\\\/sunclimbing.com\\\/#\\\/schema\\\/logo\\\/image\\\/\"}}]}<\/script>\n<!-- \/ Yoast SEO plugin. -->","yoast_head_json":{"title":"Advanced Climbing - Sunclimbing","robots":{"index":"index","follow":"follow","max-snippet":"max-snippet:-1","max-image-preview":"max-image-preview:large","max-video-preview":"max-video-preview:-1"},"canonical":"https:\/\/sunclimbing.com\/tr\/courses\/advanced-climbing\/","og_locale":"tr_TR","og_type":"article","og_title":"Advanced Climbing - Sunclimbing","og_description":"Advanced Rock Climbing Course &#8211; Lead Climbing (3 days) This &#8220;Learn to Lead&#8221; course is one of our most popular courses. It is ideal for any climber with some top-rope climbing experience who would like to start&nbsp;lead climbing outdoors&nbsp;on single-pitch sport routes. Under the instructions of our certified rock climbing teacher (Austrian Alpine Club and [&hellip;]","og_url":"https:\/\/sunclimbing.com\/tr\/courses\/advanced-climbing\/","og_site_name":"Sunclimbing","article_modified_time":"2025-08-29T11:43:14+00:00","og_image":[{"width":1920,"height":1920,"url":"https:\/\/sunclimbing.com\/wp-content\/uploads\/2023\/09\/2G3A1907-edited-2.jpg","type":"image\/jpeg"}],"twitter_card":"summary_large_image","twitter_misc":{"Tahmini okuma s\u00fcresi":"7 dakika"},"schema":{"@context":"https:\/\/schema.org","@graph":[{"@type":"WebPage","@id":"https:\/\/sunclimbing.com\/courses\/advanced-climbing\/","url":"https:\/\/sunclimbing.com\/courses\/advanced-climbing\/","name":"Advanced Climbing - Sunclimbing","isPartOf":{"@id":"https:\/\/sunclimbing.com\/#website"},"primaryImageOfPage":{"@id":"https:\/\/sunclimbing.com\/courses\/advanced-climbing\/#primaryimage"},"image":{"@id":"https:\/\/sunclimbing.com\/courses\/advanced-climbing\/#primaryimage"},"thumbnailUrl":"https:\/\/sunclimbing.com\/wp-content\/uploads\/2023\/09\/2G3A1907-edited-2.jpg","datePublished":"2023-09-03T08:47:53+00:00","dateModified":"2025-08-29T11:43:14+00:00","breadcrumb":{"@id":"https:\/\/sunclimbing.com\/courses\/advanced-climbing\/#breadcrumb"},"inLanguage":"tr","potentialAction":[{"@type":"ReadAction","target":["https:\/\/sunclimbing.com\/courses\/advanced-climbing\/"]}]},{"@type":"ImageObject","inLanguage":"tr","@id":"https:\/\/sunclimbing.com\/courses\/advanced-climbing\/#primaryimage","url":"https:\/\/sunclimbing.com\/wp-content\/uploads\/2023\/09\/2G3A1907-edited-2.jpg","contentUrl":"https:\/\/sunclimbing.com\/wp-content\/uploads\/2023\/09\/2G3A1907-edited-2.jpg","width":1920,"height":1920},{"@type":"BreadcrumbList","@id":"https:\/\/sunclimbing.com\/courses\/advanced-climbing\/#breadcrumb","itemListElement":[{"@type":"ListItem","position":1,"name":"Home","item":"https:\/\/sunclimbing.com\/"},{"@type":"ListItem","position":2,"name":"Rock Climbing Courses","item":"https:\/\/sunclimbing.com\/courses\/"},{"@type":"ListItem","position":3,"name":"Advanced Climbing"}]},{"@type":"WebSite","@id":"https:\/\/sunclimbing.com\/#website","url":"https:\/\/sunclimbing.com\/","name":"Sunclimbing","description":"","publisher":{"@id":"https:\/\/sunclimbing.com\/#organization"},"potentialAction":[{"@type":"SearchAction","target":{"@type":"EntryPoint","urlTemplate":"https:\/\/sunclimbing.com\/?s={search_term_string}"},"query-input":{"@type":"PropertyValueSpecification","valueRequired":true,"valueName":"search_term_string"}}],"inLanguage":"tr"},{"@type":"Organization","@id":"https:\/\/sunclimbing.com\/#organization","name":"Sunclimbing","url":"https:\/\/sunclimbing.com\/","logo":{"@type":"ImageObject","inLanguage":"tr","@id":"https:\/\/sunclimbing.com\/#\/schema\/logo\/image\/","url":"https:\/\/sunclimbing.com\/wp-content\/uploads\/2023\/06\/sunclimbing_logo.png","contentUrl":"https:\/\/sunclimbing.com\/wp-content\/uploads\/2023\/06\/sunclimbing_logo.png","width":495,"height":108,"caption":"Sunclimbing"},"image":{"@id":"https:\/\/sunclimbing.com\/#\/schema\/logo\/image\/"}}]}},"_links":{"self":[{"href":"https:\/\/sunclimbing.com\/tr\/wp-json\/wp\/v2\/pages\/2714","targetHints":{"allow":["GET"]}}],"collection":[{"href":"https:\/\/sunclimbing.com\/tr\/wp-json\/wp\/v2\/pages"}],"about":[{"href":"https:\/\/sunclimbing.com\/tr\/wp-json\/wp\/v2\/types\/page"}],"author":[{"embeddable":true,"href":"https:\/\/sunclimbing.com\/tr\/wp-json\/wp\/v2\/users\/1"}],"replies":[{"embeddable":true,"href":"https:\/\/sunclimbing.com\/tr\/wp-json\/wp\/v2\/comments?post=2714"}],"version-history":[{"count":9,"href":"https:\/\/sunclimbing.com\/tr\/wp-json\/wp\/v2\/pages\/2714\/revisions"}],"predecessor-version":[{"id":4826,"href":"https:\/\/sunclimbing.com\/tr\/wp-json\/wp\/v2\/pages\/2714\/revisions\/4826"}],"up":[{"embeddable":true,"href":"https:\/\/sunclimbing.com\/tr\/wp-json\/wp\/v2\/pages\/825"}],"wp:featuredmedia":[{"embeddable":true,"href":"https:\/\/sunclimbing.com\/tr\/wp-json\/wp\/v2\/media\/2746"}],"wp:attachment":[{"href":"https:\/\/sunclimbing.com\/tr\/wp-json\/wp\/v2\/media?parent=2714"}],"curies":[{"name":"wp","href":"https:\/\/api.w.org\/{rel}","templated":true}]}}