{"id":2192,"date":"2023-06-02T00:59:53","date_gmt":"2023-06-01T21:59:53","guid":{"rendered":"https:\/\/sunclimbing.wtp\/?page_id=2192"},"modified":"2025-11-19T18:04:06","modified_gmt":"2025-11-19T15:04:06","slug":"private-guiding","status":"publish","type":"page","link":"https:\/\/sunclimbing.com\/tr\/courses\/private-guiding\/","title":{"rendered":"Rehberlik"},"content":{"rendered":"<div class=\"wp-block-cover is-light\"><span aria-hidden=\"true\" class=\"wp-block-cover__background has-background-dim\" style=\"background-color:#877f82\"><\/span><img loading=\"lazy\" decoding=\"async\" width=\"2560\" height=\"1707\" src=\"https:\/\/sunclimbing.com\/wp-content\/uploads\/2023\/06\/2G3A1872-scaled.jpg\" class=\"wp-block-cover__image-background wp-post-image\" alt=\"\" data-object-fit=\"cover\" data-object-position=\"54% 76%\" style=\"object-position:54% 76%;\" srcset=\"https:\/\/sunclimbing.com\/wp-content\/uploads\/2023\/06\/2G3A1872-scaled.jpg 2560w, https:\/\/sunclimbing.com\/wp-content\/uploads\/2023\/06\/2G3A1872-300x200.jpg 300w, https:\/\/sunclimbing.com\/wp-content\/uploads\/2023\/06\/2G3A1872-1024x683.jpg 1024w, https:\/\/sunclimbing.com\/wp-content\/uploads\/2023\/06\/2G3A1872-768x512.jpg 768w, https:\/\/sunclimbing.com\/wp-content\/uploads\/2023\/06\/2G3A1872-1536x1024.jpg 1536w, https:\/\/sunclimbing.com\/wp-content\/uploads\/2023\/06\/2G3A1872-2048x1365.jpg 2048w\" sizes=\"auto, (max-width: 2560px) 100vw, 2560px\" \/><div class=\"wp-block-cover__inner-container is-layout-flow wp-block-cover-is-layout-flow\">\n<div class=\"wp-block-group has-base-color has-text-color has-global-padding is-layout-constrained wp-block-group-is-layout-constrained\">\n<p class=\"has-text-align-center has-tertiary-color has-text-color has-mansalva-font-family has-large-font-size\">Deneyimli rehberimizin deste\u011fi ile<\/p>\n\n\n<h1 style=\"margin-top:0;margin-right:0;margin-bottom:0;margin-left:0;\" class=\"has-text-align-center wp-block-post-title\">Rehberlik<\/h1><\/div>\n<\/div><\/div>\n\n\n\n<div class=\"wp-block-group has-global-padding is-layout-constrained wp-container-core-group-is-layout-a62636b3 wp-block-group-is-layout-constrained\">\n<div class=\"wp-block-columns is-layout-flex wp-container-core-columns-is-layout-28f84493 wp-block-columns-is-layout-flex\">\n<div class=\"wp-block-column is-layout-flow wp-block-column-is-layout-flow\" style=\"flex-basis:66.66%\">\n<h4 class=\"wp-block-heading\"><strong>Rehberlik (3, 4 veya 6 saat)<\/strong><\/h4>\n\n\n\n<p>Rehberlik hizmetimiz Geyikbay\u0131r\u0131 t\u0131rman\u0131\u015f b\u00f6lgesini \u00e7ok iyi bilen deneyimli ve e\u011fitimli bir t\u0131rman\u0131\u015f partneri arayan t\u00fcm t\u0131rman\u0131c\u0131lar i\u00e7indir. Yerel t\u0131rman\u0131\u015f rehberimiz daha zor rotalar denemenize destek olacak, ihtiyac\u0131n\u0131z olan ipu\u00e7lar\u0131n\u0131 ve p\u00fcf noktalar\u0131n\u0131 payla\u015facakt\u0131r. Rehberlik hizmeti sadece ileri seviye t\u0131rman\u0131c\u0131lar i\u00e7in de\u011fil, t\u0131rman\u0131\u015f deneyimi olan ve tekniklerini geli\u015ftirmek isteyen t\u00fcm t\u0131rman\u0131c\u0131lar i\u00e7indir.<\/p>\n<\/div>\n\n\n\n<div class=\"wp-block-column is-layout-flow wp-block-column-is-layout-flow\" style=\"flex-basis:33.33%\">\n<div class=\"wp-block-group has-contrast-color has-tertiary-background-color has-text-color has-background has-link-color wp-elements-712360eb34d5dd960e4b19123a70c91d has-global-padding is-layout-constrained wp-container-core-group-is-layout-67c150cf wp-block-group-is-layout-constrained\" style=\"border-radius:0.5em;padding-top:var(--wp--preset--spacing--30);padding-right:var(--wp--preset--spacing--30);padding-bottom:var(--wp--preset--spacing--30);padding-left:var(--wp--preset--spacing--30)\">\n<h2 class=\"wp-block-heading has-palanquin-font-family has-medium-font-size\" style=\"text-transform:uppercase\">\u015eARTLAR<\/h2>\n\n\n\n<ul class=\"wp-block-list\">\n<li>T\u0131rman\u0131\u015f ve \u00f6zellikle emniyet alma deneyimi (aksi takdirde ikinci bir e\u011fitmenin ayarlanmas\u0131 gerekir)<\/li>\n<\/ul>\n\n\n\n<h2 class=\"wp-block-heading has-palanquin-font-family has-medium-font-size\" style=\"text-transform:uppercase\">GET\u0130R\u0130LMES\u0130 GEREKENLER<\/h2>\n\n\n\n<ul class=\"wp-block-list\">\n<li>Ki\u015fisel t\u0131rman\u0131\u015f ekipman\u0131 (gerekirse Sun Climbing'den kiralanabilir)<\/li>\n\n\n\n<li>G\u00fcne\u015f korumas\u0131<\/li>\n\n\n\n<li>Hava ko\u015fullar\u0131na g\u00f6re g\u00fcne\u015f korumas\u0131<\/li>\n<\/ul>\n<\/div>\n<\/div>\n<\/div>\n\n\n\n<div class=\"wp-block-group has-global-padding is-layout-constrained wp-block-group-is-layout-constrained\">\n<h2 class=\"wp-block-heading has-tertiary-color has-text-color has-palanquin-font-family\" style=\"text-transform:uppercase\">Fiyatlarimiz<\/h2>\n\n\n\n<figure class=\"wp-block-table\"><table><tbody><tr><td><strong>Rezervasyon yapt\u0131ran ki\u015fi say\u0131s\u0131<\/strong><\/td><td><strong>1\/2 G\u00fcn (3 saat)<\/strong><\/td><td><strong>3\/4 G\u00fcn (4 saat)<\/strong><\/td><td><strong>1 G\u00fcn (6 saat)<\/strong>            <\/td><\/tr><tr><td>1 ki\u015fi<\/td><td>150,00 \u20ac p.p.<\/td><td>170,00 \u20ac p.p.<\/td><td>200,00 \u20ac p.p.<\/td><\/tr><tr><td>2 ki\u015fi<\/td><td>Ki\u015fi ba\u015f\u0131 110,00 \u20ac<\/td><td>Ki\u015fi ba\u015f\u0131 130,00<\/td><td>150,00 \u20ac p.p.<\/td><\/tr><tr><td>3 ki\u015fi<\/td><td>Ki\u015fi ba\u015f\u0131 90,00 \u20ac<\/td><td>Ki\u015fi ba\u015f\u0131 110,00 \u20ac<\/td><td>Ki\u015fi ba\u015f\u0131 120,00 \u20ac<\/td><\/tr><tr><td>4 ki\u015fi<\/td><td>75,00 \u20ac (ki\u015fi ba\u015f\u0131)<\/td><td>95,00 \u20ac  (ki\u015fi ba\u015f\u0131)<\/td><td>Ki\u015fi ba\u015f\u0131 110,00 \u20ac<\/td><\/tr><\/tbody><\/table><figcaption class=\"wp-element-caption\">T\u00fcm fiyatlar ki\u015fi ba\u015f\u0131 ve Euro baz\u0131ndad\u0131r.<\/figcaption><\/figure>\n\n\n\n<p><strong>Nakit \u00f6demeye % 10 indirim uygulamaktay\u0131z.<\/strong><\/p>\n\n\n\n<p>B\u00fcy\u00fck bir grubunuz varsa \u00f6zel teklif almak i\u00e7in bizimle ileti\u015fime ge\u00e7ebilirsiniz:&nbsp;<a href=\"mailto:office@sunclimbing.com\">office@sunclimbing.com<\/a><\/p>\n<\/div>\n\n\n\n<div class=\"wp-block-columns is-layout-flex wp-container-core-columns-is-layout-28f84493 wp-block-columns-is-layout-flex\">\n<div class=\"wp-block-column is-layout-flow wp-block-column-is-layout-flow\">\n<h2 class=\"wp-block-heading has-tertiary-color has-text-color has-palanquin-font-family\" style=\"text-transform:uppercase\">PROGRAMA DAH\u0130L OLANLAR<\/h2>\n\n\n\n<p>T\u00fcrkiye Da\u011fc\u0131l\u0131k Federasyonu ve Avusturya Alpin Kul\u00fcb\u00fc taraf\u0131ndan sertifikaland\u0131r\u0131lm\u0131\u015f nitelikli kaya t\u0131rman\u0131\u015f\u0131 e\u011fitmenleri taraf\u0131ndan rehberlik ve e\u011fitim.<\/p>\n\n\n\n<p>T\u0131rman\u0131\u015f ve t\u0131rman\u0131\u015f teknikleri hakk\u0131nda diledi\u011finiz kadar soru-cevap. Kafan\u0131zda soru i\u015fareti kalmamas\u0131 i\u00e7in size elimizden geldi\u011fince yard\u0131mc\u0131 olaca\u011f\u0131z.<\/p>\n\n\n\n<p>Sizin ve grubunuzun g\u00fcn boyunca \u00e7ekilmi\u015f harika t\u0131rman\u0131\u015f foto\u011fraflar\u0131. G\u00fcn\u00fcn sonunda bu foto\u011fraflar\u0131 sizinle payla\u015faca\u011f\u0131z.<\/p>\n<\/div>\n\n\n\n<div class=\"wp-block-column is-layout-flow wp-block-column-is-layout-flow\">\n<h2 class=\"wp-block-heading has-tertiary-color has-text-color has-palanquin-font-family\" style=\"text-transform:uppercase\">PROGRAMA DAH\u0130L OLMAYANLAR<\/h2>\n\n\n\n<p>T\u0131rman\u0131\u015f ekipmanlar\u0131 dahil de\u011fildir. T\u0131rman\u0131\u015f ayakkab\u0131s\u0131 ve di\u011fer t\u0131rman\u0131\u015f ekipmanlar\u0131 gerekirse Sunclimbing'den kiralanabilir.<\/p>\n\n\n\n<p>Geyikbay\u0131r\u0131'na ve Sunclimbing'e ula\u015f\u0131m sizin taraf\u0131n\u0131zdan organize edilmelidir. Ancak transfer almak isterseniz l\u00fctfen bize ula\u015f\u0131n.<\/p>\n<\/div>\n<\/div>\n\n\n\n<div class=\"wp-block-group has-global-padding is-layout-constrained wp-block-group-is-layout-constrained\">\n<h2 class=\"wp-block-heading has-tertiary-color has-text-color has-palanquin-font-family\" style=\"text-transform:uppercase\">Nas\u0131l rezervasyon yap\u0131l\u0131r<\/h2>\n\n\n\n<div class=\"wp-block-group has-tertiary-background-color has-background has-global-padding is-layout-constrained wp-container-core-group-is-layout-80fb368b wp-block-group-is-layout-constrained\" style=\"padding-top:var(--wp--preset--spacing--30);padding-right:var(--wp--preset--spacing--30);padding-bottom:var(--wp--preset--spacing--30);padding-left:var(--wp--preset--spacing--30)\">\n<p class=\"translation-block\">L\u00fctfen dikkat: Kurs takvimi rezervasyonumuz yak\u0131nda etkinle\u015ftirilecektir, o zamana kadar l\u00fctfen rezervasyon i\u00e7in do\u011frudan bizimle ileti\u015fime ge\u00e7in.<\/p>\n<\/div>\n<\/div>\n\n\n\n<div class=\"wp-block-group has-global-padding is-layout-constrained wp-block-group-is-layout-constrained\">\n<h2 class=\"wp-block-heading has-tertiary-color has-text-color has-palanquin-font-family\" style=\"text-transform:uppercase\">REHBERL\u0130K G\u00dcN\u00dcNDEN FOTO\u011eRAFLAR<\/h2>\n\n\n\n<figure class=\"wp-block-gallery has-nested-images columns-default is-cropped wp-block-gallery-1 is-layout-flex wp-block-gallery-is-layout-flex\">\n<figure class=\"wp-block-image size-large\"><img loading=\"lazy\" decoding=\"async\" width=\"1024\" height=\"683\" data-id=\"2043\" src=\"https:\/\/sunclimbing.com\/wp-content\/uploads\/2023\/06\/2G3A4003-1024x683.jpg\" alt=\"\" class=\"wp-image-2043\" srcset=\"https:\/\/sunclimbing.com\/wp-content\/uploads\/2023\/06\/2G3A4003-1024x683.jpg 1024w, https:\/\/sunclimbing.com\/wp-content\/uploads\/2023\/06\/2G3A4003-300x200.jpg 300w, https:\/\/sunclimbing.com\/wp-content\/uploads\/2023\/06\/2G3A4003-768x512.jpg 768w, https:\/\/sunclimbing.com\/wp-content\/uploads\/2023\/06\/2G3A4003-1536x1024.jpg 1536w, https:\/\/sunclimbing.com\/wp-content\/uploads\/2023\/06\/2G3A4003-2048x1365.jpg 2048w\" sizes=\"auto, (max-width: 1024px) 100vw, 1024px\" \/><\/figure>\n\n\n\n<figure class=\"wp-block-image size-large\"><img loading=\"lazy\" decoding=\"async\" width=\"1024\" height=\"683\" data-id=\"1980\" src=\"https:\/\/sunclimbing.com\/wp-content\/uploads\/2023\/06\/2G3A2999-1024x683.jpg\" alt=\"\" class=\"wp-image-1980\" srcset=\"https:\/\/sunclimbing.com\/wp-content\/uploads\/2023\/06\/2G3A2999-1024x683.jpg 1024w, https:\/\/sunclimbing.com\/wp-content\/uploads\/2023\/06\/2G3A2999-300x200.jpg 300w, https:\/\/sunclimbing.com\/wp-content\/uploads\/2023\/06\/2G3A2999-768x512.jpg 768w, https:\/\/sunclimbing.com\/wp-content\/uploads\/2023\/06\/2G3A2999-1536x1024.jpg 1536w, https:\/\/sunclimbing.com\/wp-content\/uploads\/2023\/06\/2G3A2999-2048x1365.jpg 2048w\" sizes=\"auto, (max-width: 1024px) 100vw, 1024px\" \/><\/figure>\n\n\n\n<figure class=\"wp-block-image size-large\"><img loading=\"lazy\" decoding=\"async\" width=\"683\" height=\"1024\" data-id=\"1849\" src=\"https:\/\/sunclimbing.com\/wp-content\/uploads\/2023\/06\/2G3A1835-683x1024.jpg\" alt=\"\" class=\"wp-image-1849\" srcset=\"https:\/\/sunclimbing.com\/wp-content\/uploads\/2023\/06\/2G3A1835-683x1024.jpg 683w, https:\/\/sunclimbing.com\/wp-content\/uploads\/2023\/06\/2G3A1835-200x300.jpg 200w, https:\/\/sunclimbing.com\/wp-content\/uploads\/2023\/06\/2G3A1835-768x1152.jpg 768w, https:\/\/sunclimbing.com\/wp-content\/uploads\/2023\/06\/2G3A1835-1024x1536.jpg 1024w, https:\/\/sunclimbing.com\/wp-content\/uploads\/2023\/06\/2G3A1835-1365x2048.jpg 1365w, https:\/\/sunclimbing.com\/wp-content\/uploads\/2023\/06\/2G3A1835-scaled.jpg 1707w\" sizes=\"auto, (max-width: 683px) 100vw, 683px\" \/><\/figure>\n\n\n\n<figure class=\"wp-block-image size-large\"><img loading=\"lazy\" decoding=\"async\" width=\"683\" height=\"1024\" data-id=\"1853\" src=\"https:\/\/sunclimbing.com\/wp-content\/uploads\/2023\/06\/2G3A1865-683x1024.jpg\" alt=\"\" class=\"wp-image-1853\" srcset=\"https:\/\/sunclimbing.com\/wp-content\/uploads\/2023\/06\/2G3A1865-683x1024.jpg 683w, https:\/\/sunclimbing.com\/wp-content\/uploads\/2023\/06\/2G3A1865-200x300.jpg 200w, https:\/\/sunclimbing.com\/wp-content\/uploads\/2023\/06\/2G3A1865-768x1152.jpg 768w, https:\/\/sunclimbing.com\/wp-content\/uploads\/2023\/06\/2G3A1865-1024x1536.jpg 1024w, https:\/\/sunclimbing.com\/wp-content\/uploads\/2023\/06\/2G3A1865-1365x2048.jpg 1365w, https:\/\/sunclimbing.com\/wp-content\/uploads\/2023\/06\/2G3A1865-scaled.jpg 1707w\" sizes=\"auto, (max-width: 683px) 100vw, 683px\" \/><\/figure>\n<\/figure>\n<\/div>\n<\/div>","protected":false},"excerpt":{"rendered":"<p>Private Guiding (3, 4 or 6 hours) Private guiding is for all climbers \u2013 even those with little experience but great motivation! \u2013 who are looking for an experienced and trained climbing partner who knows the climbing area very well! Our experienced local climbing guide (certified by the Austrian Alpine Club and the Turkish Mountain [&hellip;]<\/p>\n","protected":false},"author":6,"featured_media":1855,"parent":825,"menu_order":0,"comment_status":"closed","ping_status":"closed","template":"","meta":{"footnotes":""},"class_list":["post-2192","page","type-page","status-publish","has-post-thumbnail","hentry"],"yoast_head":"<!-- This site is optimized with the Yoast SEO plugin v27.3 - https:\/\/yoast.com\/product\/yoast-seo-wordpress\/ -->\n<title>Private Guiding - Sunclimbing<\/title>\n<meta name=\"robots\" content=\"index, follow, max-snippet:-1, max-image-preview:large, max-video-preview:-1\" \/>\n<link rel=\"canonical\" href=\"https:\/\/sunclimbing.com\/tr\/courses\/private-guiding\/\" \/>\n<meta property=\"og:locale\" content=\"tr_TR\" \/>\n<meta property=\"og:type\" content=\"article\" \/>\n<meta property=\"og:title\" content=\"Private Guiding - Sunclimbing\" \/>\n<meta property=\"og:description\" content=\"Private Guiding (3, 4 or 6 hours) Private guiding is for all climbers \u2013 even those with little experience but great motivation! \u2013 who are looking for an experienced and trained climbing partner who knows the climbing area very well! Our experienced local climbing guide (certified by the Austrian Alpine Club and the Turkish Mountain [&hellip;]\" \/>\n<meta property=\"og:url\" content=\"https:\/\/sunclimbing.com\/tr\/courses\/private-guiding\/\" \/>\n<meta property=\"og:site_name\" content=\"Sunclimbing\" \/>\n<meta property=\"article:modified_time\" content=\"2025-11-19T15:04:06+00:00\" \/>\n<meta property=\"og:image\" content=\"https:\/\/sunclimbing.com\/wp-content\/uploads\/2023\/06\/2G3A1872-scaled.jpg\" \/>\n\t<meta property=\"og:image:width\" content=\"2560\" \/>\n\t<meta property=\"og:image:height\" content=\"1707\" \/>\n\t<meta property=\"og:image:type\" content=\"image\/jpeg\" \/>\n<meta name=\"twitter:card\" content=\"summary_large_image\" \/>\n<meta name=\"twitter:label1\" content=\"Tahmini okuma s\u00fcresi\" \/>\n\t<meta name=\"twitter:data1\" content=\"5 dakika\" \/>\n<script type=\"application\/ld+json\" class=\"yoast-schema-graph\">{\"@context\":\"https:\\\/\\\/schema.org\",\"@graph\":[{\"@type\":\"WebPage\",\"@id\":\"https:\\\/\\\/sunclimbing.com\\\/courses\\\/private-guiding\\\/\",\"url\":\"https:\\\/\\\/sunclimbing.com\\\/courses\\\/private-guiding\\\/\",\"name\":\"Private Guiding - Sunclimbing\",\"isPartOf\":{\"@id\":\"https:\\\/\\\/sunclimbing.com\\\/#website\"},\"primaryImageOfPage\":{\"@id\":\"https:\\\/\\\/sunclimbing.com\\\/courses\\\/private-guiding\\\/#primaryimage\"},\"image\":{\"@id\":\"https:\\\/\\\/sunclimbing.com\\\/courses\\\/private-guiding\\\/#primaryimage\"},\"thumbnailUrl\":\"https:\\\/\\\/sunclimbing.com\\\/wp-content\\\/uploads\\\/2023\\\/06\\\/2G3A1872-scaled.jpg\",\"datePublished\":\"2023-06-01T21:59:53+00:00\",\"dateModified\":\"2025-11-19T15:04:06+00:00\",\"breadcrumb\":{\"@id\":\"https:\\\/\\\/sunclimbing.com\\\/courses\\\/private-guiding\\\/#breadcrumb\"},\"inLanguage\":\"tr\",\"potentialAction\":[{\"@type\":\"ReadAction\",\"target\":[\"https:\\\/\\\/sunclimbing.com\\\/courses\\\/private-guiding\\\/\"]}]},{\"@type\":\"ImageObject\",\"inLanguage\":\"tr\",\"@id\":\"https:\\\/\\\/sunclimbing.com\\\/courses\\\/private-guiding\\\/#primaryimage\",\"url\":\"https:\\\/\\\/sunclimbing.com\\\/wp-content\\\/uploads\\\/2023\\\/06\\\/2G3A1872-scaled.jpg\",\"contentUrl\":\"https:\\\/\\\/sunclimbing.com\\\/wp-content\\\/uploads\\\/2023\\\/06\\\/2G3A1872-scaled.jpg\",\"width\":2560,\"height\":1707},{\"@type\":\"BreadcrumbList\",\"@id\":\"https:\\\/\\\/sunclimbing.com\\\/courses\\\/private-guiding\\\/#breadcrumb\",\"itemListElement\":[{\"@type\":\"ListItem\",\"position\":1,\"name\":\"Home\",\"item\":\"https:\\\/\\\/sunclimbing.com\\\/\"},{\"@type\":\"ListItem\",\"position\":2,\"name\":\"Rock Climbing Courses\",\"item\":\"https:\\\/\\\/sunclimbing.com\\\/courses\\\/\"},{\"@type\":\"ListItem\",\"position\":3,\"name\":\"Private Guiding\"}]},{\"@type\":\"WebSite\",\"@id\":\"https:\\\/\\\/sunclimbing.com\\\/#website\",\"url\":\"https:\\\/\\\/sunclimbing.com\\\/\",\"name\":\"Sunclimbing\",\"description\":\"\",\"publisher\":{\"@id\":\"https:\\\/\\\/sunclimbing.com\\\/#organization\"},\"potentialAction\":[{\"@type\":\"SearchAction\",\"target\":{\"@type\":\"EntryPoint\",\"urlTemplate\":\"https:\\\/\\\/sunclimbing.com\\\/?s={search_term_string}\"},\"query-input\":{\"@type\":\"PropertyValueSpecification\",\"valueRequired\":true,\"valueName\":\"search_term_string\"}}],\"inLanguage\":\"tr\"},{\"@type\":\"Organization\",\"@id\":\"https:\\\/\\\/sunclimbing.com\\\/#organization\",\"name\":\"Sunclimbing\",\"url\":\"https:\\\/\\\/sunclimbing.com\\\/\",\"logo\":{\"@type\":\"ImageObject\",\"inLanguage\":\"tr\",\"@id\":\"https:\\\/\\\/sunclimbing.com\\\/#\\\/schema\\\/logo\\\/image\\\/\",\"url\":\"https:\\\/\\\/sunclimbing.com\\\/wp-content\\\/uploads\\\/2023\\\/06\\\/sunclimbing_logo.png\",\"contentUrl\":\"https:\\\/\\\/sunclimbing.com\\\/wp-content\\\/uploads\\\/2023\\\/06\\\/sunclimbing_logo.png\",\"width\":495,\"height\":108,\"caption\":\"Sunclimbing\"},\"image\":{\"@id\":\"https:\\\/\\\/sunclimbing.com\\\/#\\\/schema\\\/logo\\\/image\\\/\"}}]}<\/script>\n<!-- \/ Yoast SEO plugin. -->","yoast_head_json":{"title":"Private Guiding - Sunclimbing","robots":{"index":"index","follow":"follow","max-snippet":"max-snippet:-1","max-image-preview":"max-image-preview:large","max-video-preview":"max-video-preview:-1"},"canonical":"https:\/\/sunclimbing.com\/tr\/courses\/private-guiding\/","og_locale":"tr_TR","og_type":"article","og_title":"Private Guiding - Sunclimbing","og_description":"Private Guiding (3, 4 or 6 hours) Private guiding is for all climbers \u2013 even those with little experience but great motivation! \u2013 who are looking for an experienced and trained climbing partner who knows the climbing area very well! Our experienced local climbing guide (certified by the Austrian Alpine Club and the Turkish Mountain [&hellip;]","og_url":"https:\/\/sunclimbing.com\/tr\/courses\/private-guiding\/","og_site_name":"Sunclimbing","article_modified_time":"2025-11-19T15:04:06+00:00","og_image":[{"width":2560,"height":1707,"url":"https:\/\/sunclimbing.com\/wp-content\/uploads\/2023\/06\/2G3A1872-scaled.jpg","type":"image\/jpeg"}],"twitter_card":"summary_large_image","twitter_misc":{"Tahmini okuma s\u00fcresi":"5 dakika"},"schema":{"@context":"https:\/\/schema.org","@graph":[{"@type":"WebPage","@id":"https:\/\/sunclimbing.com\/courses\/private-guiding\/","url":"https:\/\/sunclimbing.com\/courses\/private-guiding\/","name":"Private Guiding - Sunclimbing","isPartOf":{"@id":"https:\/\/sunclimbing.com\/#website"},"primaryImageOfPage":{"@id":"https:\/\/sunclimbing.com\/courses\/private-guiding\/#primaryimage"},"image":{"@id":"https:\/\/sunclimbing.com\/courses\/private-guiding\/#primaryimage"},"thumbnailUrl":"https:\/\/sunclimbing.com\/wp-content\/uploads\/2023\/06\/2G3A1872-scaled.jpg","datePublished":"2023-06-01T21:59:53+00:00","dateModified":"2025-11-19T15:04:06+00:00","breadcrumb":{"@id":"https:\/\/sunclimbing.com\/courses\/private-guiding\/#breadcrumb"},"inLanguage":"tr","potentialAction":[{"@type":"ReadAction","target":["https:\/\/sunclimbing.com\/courses\/private-guiding\/"]}]},{"@type":"ImageObject","inLanguage":"tr","@id":"https:\/\/sunclimbing.com\/courses\/private-guiding\/#primaryimage","url":"https:\/\/sunclimbing.com\/wp-content\/uploads\/2023\/06\/2G3A1872-scaled.jpg","contentUrl":"https:\/\/sunclimbing.com\/wp-content\/uploads\/2023\/06\/2G3A1872-scaled.jpg","width":2560,"height":1707},{"@type":"BreadcrumbList","@id":"https:\/\/sunclimbing.com\/courses\/private-guiding\/#breadcrumb","itemListElement":[{"@type":"ListItem","position":1,"name":"Home","item":"https:\/\/sunclimbing.com\/"},{"@type":"ListItem","position":2,"name":"Rock Climbing Courses","item":"https:\/\/sunclimbing.com\/courses\/"},{"@type":"ListItem","position":3,"name":"Private Guiding"}]},{"@type":"WebSite","@id":"https:\/\/sunclimbing.com\/#website","url":"https:\/\/sunclimbing.com\/","name":"Sunclimbing","description":"","publisher":{"@id":"https:\/\/sunclimbing.com\/#organization"},"potentialAction":[{"@type":"SearchAction","target":{"@type":"EntryPoint","urlTemplate":"https:\/\/sunclimbing.com\/?s={search_term_string}"},"query-input":{"@type":"PropertyValueSpecification","valueRequired":true,"valueName":"search_term_string"}}],"inLanguage":"tr"},{"@type":"Organization","@id":"https:\/\/sunclimbing.com\/#organization","name":"Sunclimbing","url":"https:\/\/sunclimbing.com\/","logo":{"@type":"ImageObject","inLanguage":"tr","@id":"https:\/\/sunclimbing.com\/#\/schema\/logo\/image\/","url":"https:\/\/sunclimbing.com\/wp-content\/uploads\/2023\/06\/sunclimbing_logo.png","contentUrl":"https:\/\/sunclimbing.com\/wp-content\/uploads\/2023\/06\/sunclimbing_logo.png","width":495,"height":108,"caption":"Sunclimbing"},"image":{"@id":"https:\/\/sunclimbing.com\/#\/schema\/logo\/image\/"}}]}},"_links":{"self":[{"href":"https:\/\/sunclimbing.com\/tr\/wp-json\/wp\/v2\/pages\/2192","targetHints":{"allow":["GET"]}}],"collection":[{"href":"https:\/\/sunclimbing.com\/tr\/wp-json\/wp\/v2\/pages"}],"about":[{"href":"https:\/\/sunclimbing.com\/tr\/wp-json\/wp\/v2\/types\/page"}],"author":[{"embeddable":true,"href":"https:\/\/sunclimbing.com\/tr\/wp-json\/wp\/v2\/users\/6"}],"replies":[{"embeddable":true,"href":"https:\/\/sunclimbing.com\/tr\/wp-json\/wp\/v2\/comments?post=2192"}],"version-history":[{"count":18,"href":"https:\/\/sunclimbing.com\/tr\/wp-json\/wp\/v2\/pages\/2192\/revisions"}],"predecessor-version":[{"id":4820,"href":"https:\/\/sunclimbing.com\/tr\/wp-json\/wp\/v2\/pages\/2192\/revisions\/4820"}],"up":[{"embeddable":true,"href":"https:\/\/sunclimbing.com\/tr\/wp-json\/wp\/v2\/pages\/825"}],"wp:featuredmedia":[{"embeddable":true,"href":"https:\/\/sunclimbing.com\/tr\/wp-json\/wp\/v2\/media\/1855"}],"wp:attachment":[{"href":"https:\/\/sunclimbing.com\/tr\/wp-json\/wp\/v2\/media?parent=2192"}],"curies":[{"name":"wp","href":"https:\/\/api.w.org\/{rel}","templated":true}]}}