{"id":2144,"date":"2023-06-01T17:00:13","date_gmt":"2023-06-01T14:00:13","guid":{"rendered":"https:\/\/sunclimbing.wtp\/?page_id=2144"},"modified":"2025-01-15T12:32:32","modified_gmt":"2025-01-15T09:32:32","slug":"deep-water-solo","status":"publish","type":"page","link":"https:\/\/sunclimbing.com\/tr\/courses\/deep-water-solo\/","title":{"rendered":"Deep Water Solo"},"content":{"rendered":"<div class=\"wp-block-cover is-light\"><span aria-hidden=\"true\" class=\"wp-block-cover__background has-background-dim\"><\/span><img loading=\"lazy\" decoding=\"async\" width=\"2160\" height=\"2160\" class=\"wp-block-cover__image-background wp-image-2255\" alt=\"\" src=\"https:\/\/sunclimbing.com\/wp-content\/uploads\/2023\/06\/Deep-water-solo-edited.jpg\" style=\"object-position:53% 86%\" data-object-fit=\"cover\" data-object-position=\"53% 86%\" srcset=\"https:\/\/sunclimbing.com\/wp-content\/uploads\/2023\/06\/Deep-water-solo-edited.jpg 2160w, https:\/\/sunclimbing.com\/wp-content\/uploads\/2023\/06\/Deep-water-solo-edited-300x300.jpg 300w, https:\/\/sunclimbing.com\/wp-content\/uploads\/2023\/06\/Deep-water-solo-edited-1024x1024.jpg 1024w, https:\/\/sunclimbing.com\/wp-content\/uploads\/2023\/06\/Deep-water-solo-edited-150x150.jpg 150w, https:\/\/sunclimbing.com\/wp-content\/uploads\/2023\/06\/Deep-water-solo-edited-768x768.jpg 768w, https:\/\/sunclimbing.com\/wp-content\/uploads\/2023\/06\/Deep-water-solo-edited-1536x1536.jpg 1536w, https:\/\/sunclimbing.com\/wp-content\/uploads\/2023\/06\/Deep-water-solo-edited-2048x2048.jpg 2048w\" sizes=\"auto, (max-width: 2160px) 100vw, 2160px\" \/><div class=\"wp-block-cover__inner-container is-layout-flow wp-block-cover-is-layout-flow\">\n<div class=\"wp-block-group has-base-color has-text-color has-global-padding is-layout-constrained wp-block-group-is-layout-constrained\">\n<p class=\"has-text-align-center has-tertiary-color has-text-color has-mansalva-font-family has-large-font-size\">Sudan kayaya, ve tekrar suya<\/p>\n\n\n<h1 style=\"margin-top:0;margin-right:0;margin-bottom:0;margin-left:0;\" class=\"has-text-align-center wp-block-post-title\">Deep Water Solo<\/h1><\/div>\n<\/div><\/div>\n\n\n\n<div class=\"wp-block-group has-global-padding is-layout-constrained wp-container-core-group-is-layout-a62636b3 wp-block-group-is-layout-constrained\">\n<div class=\"wp-block-columns is-layout-flex wp-container-core-columns-is-layout-28f84493 wp-block-columns-is-layout-flex\">\n<div class=\"wp-block-column is-layout-flow wp-block-column-is-layout-flow\" style=\"flex-basis:66.66%\">\n<h4 class=\"wp-block-heading\"><strong>Deep Water Solo T\u0131rman\u0131\u015f G\u00fcn\u00fc<\/strong> ( 1 G\u00fcn - sadece Mart'tan Ekim'e kadar)<\/h4>\n\n\n\n<p><strong>Sizi, suyun \u00fcst\u00fcnde t\u0131rmanman\u0131n heyecan verici d\u00fcnyas\u0131n\u0131 ke\u015ffetmeye davet ediyoruz.<\/strong><\/p>\n\n\n\n<p>K\u0131y\u0131lar\u0131m\u0131z\u0131n etkileyici kaya olu\u015fumlar\u0131nda, alt\u0131n\u0131zda masmavi denizden ba\u015fka hi\u00e7bir \u015fey olmadan t\u0131rman\u0131\u015f yapt\u0131\u011f\u0131n\u0131z\u0131 hayal edin. Deep Water Solo'da (DWS) d\u00fc\u015fmeniz durumunda su g\u00fcvenli bir d\u00fc\u015f\u00fc\u015f sa\u011flad\u0131\u011f\u0131 i\u00e7in ipe veya emniyet kemerine ihtiyac\u0131n\u0131z yoktur. Sadece bir \u00e7ift ayakkab\u0131 ve dilerseniz toz ile t\u00fcm g\u00fcn t\u0131rmanabilirsiniz.<\/p>\n\n\n\n<p><strong>Deneyimli t\u0131rman\u0131\u015f rehberlerimiz sizi en berrak sular\u0131n ve en muhte\u015fem kayalar\u0131n bulundu\u011fu noktalara bir g\u00fcnl\u00fck tura \u00e7\u0131karacak. <\/strong><\/p>\n\n\n\n<p>G\u00fcn\u00fcm\u00fcz, sizi t\u0131rman\u0131\u015f noktalar\u0131na g\u00fcvenle g\u00f6t\u00fcrecek olan konforlu teknemizde ba\u015fl\u0131yor. Tur boyunca yiyecek ihtiya\u00e7lar\u0131n\u0131z taraf\u0131m\u0131zdan kar\u015f\u0131lanacakt\u0131r, teknede lezzetli bir \u00f6\u011flen yeme\u011fi ve at\u0131\u015ft\u0131rmal\u0131klar yiyebilirsiniz.<\/p>\n\n\n\n<p>G\u00fcvenli\u011finiz bizim \u00f6nceli\u011fimizdir. T\u0131rman\u0131\u015fa ba\u015flamadan \u00f6nce, DWS teknikleri ve g\u00fcvenli d\u00fc\u015f\u00fc\u015f hakk\u0131nda detayl\u0131 bir bilgilendirme alacaks\u0131n\u0131z. Ayr\u0131ca, kabiliyetinize g\u00f6re t\u0131rman\u0131\u015f rotalar\u0131 se\u00e7menizde de yard\u0131mc\u0131 olaca\u011f\u0131z.<\/p>\n\n\n\n<p>Adrenalin ve e\u011flence dolu bir g\u00fcn\u00fcn ard\u0131ndan teknemizde dinlenebilir, g\u00fcne\u015fin ve denizin tad\u0131n\u0131 \u00e7\u0131karabilirsiniz.<\/p>\n\n\n\n<h2 class=\"wp-block-heading has-tertiary-color has-text-color has-link-color has-palanquin-font-family wp-elements-750780927c962523abaa79650d6a8c39\">PROGRAM<\/h2>\n\n\n\n<p><\/p>\n\n\n\n<ul class=\"wp-block-list\">\n<li>Bulu\u015fma Noktas\u0131: Sabah 10:00'da \u00c7\u0131ral\u0131 Plaj\u0131'nda veya transfer i\u00e7in Geyikbay\u0131r\u0131'nda<\/li>\n\n\n\n<li>Kayaya giderken teknede DWS ve g\u00fcvenlik e\u011fitimi<\/li>\n\n\n\n<li>T\u0131rman\u0131\u015f \ud83d\ude42<\/li>\n\n\n\n<li>Rotalar 8 ila 20 metre aras\u0131nda, dereceler 5c+ ila 7c aras\u0131ndad\u0131r (rotalar hakk\u0131nda bilgi i\u00e7in Antalya rehber kitab\u0131n\u0131n 294, 296, 298 ve 314. sayfalar\u0131na bak\u0131n\u0131z)<\/li>\n\n\n\n<li>\u0130stenirse y\u00fczmek i\u00e7in baz\u0131 sakl\u0131 plajlar\u0131 ziyaret etmek m\u00fcmk\u00fcnd\u00fcr.<\/li>\n\n\n\n<li>\u00c7\u0131ral\u0131 Plaj\u0131'na d\u00f6n\u00fc\u015f: yakla\u015f\u0131k 16:00<\/li>\n<\/ul>\n<\/div>\n\n\n\n<div class=\"wp-block-column is-layout-flow wp-block-column-is-layout-flow\" style=\"flex-basis:33.33%\">\n<div class=\"wp-block-group has-contrast-color has-tertiary-background-color has-text-color has-background has-link-color wp-elements-1d32beb21320583e63fcabd57ab2e779 has-global-padding is-layout-constrained wp-container-core-group-is-layout-67c150cf wp-block-group-is-layout-constrained\" style=\"border-radius:0.5em;padding-top:var(--wp--preset--spacing--30);padding-right:var(--wp--preset--spacing--30);padding-bottom:var(--wp--preset--spacing--30);padding-left:var(--wp--preset--spacing--30)\">\n<h2 class=\"wp-block-heading has-palanquin-font-family has-medium-font-size\" style=\"text-transform:uppercase\">\u015eARTLAR<\/h2>\n\n\n\n<ul class=\"wp-block-list\">\n<li>T\u0131rman\u0131\u015f deneyimi<\/li>\n\n\n\n<li>SADECE deneyimli y\u00fcz\u00fcc\u00fcler<\/li>\n<\/ul>\n\n\n\n<h2 class=\"wp-block-heading has-palanquin-font-family has-medium-font-size\" style=\"text-transform:uppercase\">GET\u0130R\u0130LMES\u0130 GEREKENLER<\/h2>\n\n\n\n<ul class=\"wp-block-list\">\n<li>Ki\u015fisel t\u0131rman\u0131\u015f ekipman\u0131 (gerekirse Sun Climbing'den kiralanabilir)<\/li>\n\n\n\n<li>G\u00fcne\u015f korumas\u0131<\/li>\n\n\n\n<li>Havlu<\/li>\n<\/ul>\n<\/div>\n<\/div>\n<\/div>\n\n\n\n<div class=\"wp-block-group has-global-padding is-layout-constrained wp-block-group-is-layout-constrained\">\n<h2 class=\"wp-block-heading has-tertiary-color has-text-color has-palanquin-font-family\" style=\"text-transform:uppercase\">Fiyatlarimiz<\/h2>\n\n\n\n<figure class=\"wp-block-table\"><table><tbody><tr><td><strong>1 g\u00fcn (teknede 6 saat)<\/strong>            <\/td><\/tr><tr><td>265,00 \u20ac (ki\u015fi ba\u015f\u0131)<\/td><\/tr><\/tbody><\/table><figcaption class=\"wp-element-caption\">T\u00fcm fiyatlar ki\u015fi ba\u015f\u0131 ve Euro baz\u0131ndad\u0131r.<\/figcaption><\/figure>\n\n\n\n<p>Only if there are 5 or more people the excursion can be guaranteed.<\/p>\n\n\n\n<p><strong>Nakit \u00f6demeye % 10 indirim uygulamaktay\u0131z.<\/strong><\/p>\n<\/div>\n\n\n\n<div class=\"wp-block-columns is-layout-flex wp-container-core-columns-is-layout-28f84493 wp-block-columns-is-layout-flex\">\n<div class=\"wp-block-column is-layout-flow wp-block-column-is-layout-flow\">\n<h2 class=\"wp-block-heading has-tertiary-color has-text-color has-palanquin-font-family\" style=\"text-transform:uppercase\">PROGRAMA DAH\u0130L OLANLAR<\/h2>\n\n\n\n<p>\u00c7\u0131ral\u0131'ya transfer ve Geyikbay\u0131r\u0131'na geri d\u00f6n\u00fc\u015f (yakla\u015f\u0131k 1,5 saat).<\/p>\n\n\n\n<p>T\u0131rman\u0131\u015f g\u00fcn\u00fcn\u00fc ihtiya\u00e7lar\u0131n\u0131za ve isteklerinize g\u00f6re uyarlayacak profesyonel, yerel bir t\u0131rman\u0131\u015f rehberi ile Olimpos sahil \u015feridinde teknede 6 saat.<\/p>\n\n\n\n<p>\u00d6\u011fle yeme\u011fi ve at\u0131\u015ft\u0131rmal\u0131klar (\u0130\u00e7ecekler teknede sat\u0131n al\u0131nabilir, sadece nakit ge\u00e7erlidir)<\/p>\n\n\n\n<p>T\u0131rman\u0131\u015f ve t\u0131rman\u0131\u015f teknikleri hakk\u0131nda diledi\u011finiz kadar soru-cevap. Kafan\u0131zda soru i\u015fareti kalmamas\u0131 i\u00e7in size elimizden geldi\u011fince yard\u0131mc\u0131 olaca\u011f\u0131z.<\/p>\n\n\n\n<p>Sizin ve grubunuzun g\u00fcn boyunca \u00e7ekilmi\u015f harika t\u0131rman\u0131\u015f foto\u011fraflar\u0131. G\u00fcn\u00fcn sonunda bu foto\u011fraflar\u0131 sizinle payla\u015faca\u011f\u0131z.<\/p>\n<\/div>\n\n\n\n<div class=\"wp-block-column is-layout-flow wp-block-column-is-layout-flow\">\n<h2 class=\"wp-block-heading has-tertiary-color has-text-color has-palanquin-font-family\" style=\"text-transform:uppercase\">PROGRAMA DAH\u0130L OLMAYANLAR<\/h2>\n\n\n\n<p>Climbing equipment is not included (Climbing shoes and other climbing equipment can be rented at Sunclimbing if needed).<\/p>\n\n\n\n<p>Geyikbay\u0131r\u0131'na ve Sunclimbing'e ula\u015f\u0131m sizin taraf\u0131n\u0131zdan organize edilmelidir. Ancak transfer almak isterseniz l\u00fctfen bize ula\u015f\u0131n.<\/p>\n<\/div>\n<\/div>\n\n\n\n<div class=\"wp-block-group has-global-padding is-layout-constrained wp-block-group-is-layout-constrained\">\n<h2 class=\"wp-block-heading has-tertiary-color has-text-color has-palanquin-font-family\" style=\"text-transform:uppercase\">Nas\u0131l rezervasyon yap\u0131l\u0131r<\/h2>\n\n\n\n<div class=\"wp-block-group has-tertiary-background-color has-background has-global-padding is-layout-constrained wp-container-core-group-is-layout-80fb368b wp-block-group-is-layout-constrained\" style=\"padding-top:var(--wp--preset--spacing--30);padding-right:var(--wp--preset--spacing--30);padding-bottom:var(--wp--preset--spacing--30);padding-left:var(--wp--preset--spacing--30)\">\n<p class=\"translation-block\">L\u00fctfen dikkat: Kurs takvimi rezervasyonumuz yak\u0131nda etkinle\u015ftirilecektir, o zamana kadar l\u00fctfen rezervasyon i\u00e7in do\u011frudan bizimle ileti\u015fime ge\u00e7in.<\/p>\n<\/div>\n<\/div>\n\n\n\n<h2 class=\"wp-block-heading has-tertiary-color has-text-color has-link-color has-palanquin-font-family wp-elements-e65e642c8149f4853c1c726ff8b5453c\">DEEP WATER SOLO TIRMANI\u015e G\u00dcN\u00dcNDEN IZLENIMLER<\/h2>\n\n\n\n<figure class=\"wp-block-gallery has-nested-images columns-default is-cropped wp-block-gallery-1 is-layout-flex wp-block-gallery-is-layout-flex\">\n<figure class=\"wp-block-image size-large\"><img loading=\"lazy\" decoding=\"async\" width=\"683\" height=\"1024\" data-id=\"4574\" src=\"https:\/\/sunclimbing.com\/wp-content\/uploads\/2024\/06\/olimpos-dws-mumin-683x1024.jpg\" alt=\"\" class=\"wp-image-4574\" srcset=\"https:\/\/sunclimbing.com\/wp-content\/uploads\/2024\/06\/olimpos-dws-mumin-683x1024.jpg 683w, https:\/\/sunclimbing.com\/wp-content\/uploads\/2024\/06\/olimpos-dws-mumin-200x300.jpg 200w, https:\/\/sunclimbing.com\/wp-content\/uploads\/2024\/06\/olimpos-dws-mumin-768x1152.jpg 768w, https:\/\/sunclimbing.com\/wp-content\/uploads\/2024\/06\/olimpos-dws-mumin-8x12.jpg 8w, https:\/\/sunclimbing.com\/wp-content\/uploads\/2024\/06\/olimpos-dws-mumin.jpg 1000w\" sizes=\"auto, (max-width: 683px) 100vw, 683px\" \/><figcaption class=\"wp-element-caption\">Photo by \u00d6zt\u00fcrk Kayikci<\/figcaption><\/figure>\n\n\n\n<figure class=\"wp-block-image size-large\"><img loading=\"lazy\" decoding=\"async\" width=\"683\" height=\"1024\" data-id=\"4575\" src=\"https:\/\/sunclimbing.com\/wp-content\/uploads\/2024\/06\/olimpos-dws-volkan-683x1024.jpg\" alt=\"\" class=\"wp-image-4575\" srcset=\"https:\/\/sunclimbing.com\/wp-content\/uploads\/2024\/06\/olimpos-dws-volkan-683x1024.jpg 683w, https:\/\/sunclimbing.com\/wp-content\/uploads\/2024\/06\/olimpos-dws-volkan-200x300.jpg 200w, https:\/\/sunclimbing.com\/wp-content\/uploads\/2024\/06\/olimpos-dws-volkan-768x1152.jpg 768w, https:\/\/sunclimbing.com\/wp-content\/uploads\/2024\/06\/olimpos-dws-volkan-8x12.jpg 8w, https:\/\/sunclimbing.com\/wp-content\/uploads\/2024\/06\/olimpos-dws-volkan.jpg 1000w\" sizes=\"auto, (max-width: 683px) 100vw, 683px\" \/><figcaption class=\"wp-element-caption\">Photo by \u00d6zt\u00fcrk Kayikci<\/figcaption><\/figure>\n\n\n\n<figure class=\"wp-block-image size-large\"><img loading=\"lazy\" decoding=\"async\" width=\"683\" height=\"1024\" data-id=\"4573\" src=\"https:\/\/sunclimbing.com\/wp-content\/uploads\/2024\/06\/olimpos-dws-683x1024.jpg\" alt=\"\" class=\"wp-image-4573\" srcset=\"https:\/\/sunclimbing.com\/wp-content\/uploads\/2024\/06\/olimpos-dws-683x1024.jpg 683w, https:\/\/sunclimbing.com\/wp-content\/uploads\/2024\/06\/olimpos-dws-200x300.jpg 200w, https:\/\/sunclimbing.com\/wp-content\/uploads\/2024\/06\/olimpos-dws-768x1152.jpg 768w, https:\/\/sunclimbing.com\/wp-content\/uploads\/2024\/06\/olimpos-dws-8x12.jpg 8w, https:\/\/sunclimbing.com\/wp-content\/uploads\/2024\/06\/olimpos-dws.jpg 1000w\" sizes=\"auto, (max-width: 683px) 100vw, 683px\" \/><figcaption class=\"wp-element-caption\">Photo by \u00d6zt\u00fcrk Kayikci<\/figcaption><\/figure>\n\n\n\n<figure class=\"wp-block-image size-large\"><img loading=\"lazy\" decoding=\"async\" width=\"1024\" height=\"683\" data-id=\"4576\" src=\"https:\/\/sunclimbing.com\/wp-content\/uploads\/2024\/06\/olimpos-sectors-1024x683.jpg\" alt=\"\" class=\"wp-image-4576\" srcset=\"https:\/\/sunclimbing.com\/wp-content\/uploads\/2024\/06\/olimpos-sectors-1024x683.jpg 1024w, https:\/\/sunclimbing.com\/wp-content\/uploads\/2024\/06\/olimpos-sectors-300x200.jpg 300w, https:\/\/sunclimbing.com\/wp-content\/uploads\/2024\/06\/olimpos-sectors-768x512.jpg 768w, https:\/\/sunclimbing.com\/wp-content\/uploads\/2024\/06\/olimpos-sectors-18x12.jpg 18w, https:\/\/sunclimbing.com\/wp-content\/uploads\/2024\/06\/olimpos-sectors.jpg 1500w\" sizes=\"auto, (max-width: 1024px) 100vw, 1024px\" \/><figcaption class=\"wp-element-caption\">Photo by \u00d6zt\u00fcrk Kayikci<\/figcaption><\/figure>\n<\/figure>\n\n\n\n<div style=\"height:100px\" aria-hidden=\"true\" class=\"wp-block-spacer\"><\/div>\n<\/div>","protected":false},"excerpt":{"rendered":"<p>Deep Water Solo Climbing (1 day &#8211; from March to October only) We invite you to discover the exciting world of deep water soloing &#8211; the ultimate form of climbing above water. Imagine free climbing on the impressive rock formations of the Turkish coast, with nothing but the clear blue sea below you. With Deep [&hellip;]<\/p>\n","protected":false},"author":1,"featured_media":2255,"parent":825,"menu_order":0,"comment_status":"closed","ping_status":"closed","template":"","meta":{"footnotes":""},"class_list":["post-2144","page","type-page","status-publish","has-post-thumbnail","hentry"],"yoast_head":"<!-- This site is optimized with the Yoast SEO plugin v27.3 - https:\/\/yoast.com\/product\/yoast-seo-wordpress\/ -->\n<title>Deep Water Solo - Sunclimbing<\/title>\n<meta name=\"robots\" content=\"index, follow, max-snippet:-1, max-image-preview:large, max-video-preview:-1\" \/>\n<link rel=\"canonical\" href=\"https:\/\/sunclimbing.com\/tr\/courses\/deep-water-solo\/\" \/>\n<meta property=\"og:locale\" content=\"tr_TR\" \/>\n<meta property=\"og:type\" content=\"article\" \/>\n<meta property=\"og:title\" content=\"Deep Water Solo - Sunclimbing\" \/>\n<meta property=\"og:description\" content=\"Deep Water Solo Climbing (1 day &#8211; from March to October only) We invite you to discover the exciting world of deep water soloing &#8211; the ultimate form of climbing above water. Imagine free climbing on the impressive rock formations of the Turkish coast, with nothing but the clear blue sea below you. With Deep [&hellip;]\" \/>\n<meta property=\"og:url\" content=\"https:\/\/sunclimbing.com\/tr\/courses\/deep-water-solo\/\" \/>\n<meta property=\"og:site_name\" content=\"Sunclimbing\" \/>\n<meta property=\"article:modified_time\" content=\"2025-01-15T09:32:32+00:00\" \/>\n<meta property=\"og:image\" content=\"https:\/\/sunclimbing.com\/wp-content\/uploads\/2023\/06\/Deep-water-solo-edited.jpg\" \/>\n\t<meta property=\"og:image:width\" content=\"2160\" \/>\n\t<meta property=\"og:image:height\" content=\"2160\" \/>\n\t<meta property=\"og:image:type\" content=\"image\/jpeg\" \/>\n<meta name=\"twitter:card\" content=\"summary_large_image\" \/>\n<meta name=\"twitter:label1\" content=\"Tahmini okuma s\u00fcresi\" \/>\n\t<meta name=\"twitter:data1\" content=\"7 dakika\" \/>\n<script type=\"application\/ld+json\" class=\"yoast-schema-graph\">{\"@context\":\"https:\\\/\\\/schema.org\",\"@graph\":[{\"@type\":\"WebPage\",\"@id\":\"https:\\\/\\\/sunclimbing.com\\\/courses\\\/deep-water-solo\\\/\",\"url\":\"https:\\\/\\\/sunclimbing.com\\\/courses\\\/deep-water-solo\\\/\",\"name\":\"Deep Water Solo - Sunclimbing\",\"isPartOf\":{\"@id\":\"https:\\\/\\\/sunclimbing.com\\\/#website\"},\"primaryImageOfPage\":{\"@id\":\"https:\\\/\\\/sunclimbing.com\\\/courses\\\/deep-water-solo\\\/#primaryimage\"},\"image\":{\"@id\":\"https:\\\/\\\/sunclimbing.com\\\/courses\\\/deep-water-solo\\\/#primaryimage\"},\"thumbnailUrl\":\"https:\\\/\\\/sunclimbing.com\\\/wp-content\\\/uploads\\\/2023\\\/06\\\/Deep-water-solo-edited.jpg\",\"datePublished\":\"2023-06-01T14:00:13+00:00\",\"dateModified\":\"2025-01-15T09:32:32+00:00\",\"breadcrumb\":{\"@id\":\"https:\\\/\\\/sunclimbing.com\\\/courses\\\/deep-water-solo\\\/#breadcrumb\"},\"inLanguage\":\"tr\",\"potentialAction\":[{\"@type\":\"ReadAction\",\"target\":[\"https:\\\/\\\/sunclimbing.com\\\/courses\\\/deep-water-solo\\\/\"]}]},{\"@type\":\"ImageObject\",\"inLanguage\":\"tr\",\"@id\":\"https:\\\/\\\/sunclimbing.com\\\/courses\\\/deep-water-solo\\\/#primaryimage\",\"url\":\"https:\\\/\\\/sunclimbing.com\\\/wp-content\\\/uploads\\\/2023\\\/06\\\/Deep-water-solo-edited.jpg\",\"contentUrl\":\"https:\\\/\\\/sunclimbing.com\\\/wp-content\\\/uploads\\\/2023\\\/06\\\/Deep-water-solo-edited.jpg\",\"width\":2160,\"height\":2160},{\"@type\":\"BreadcrumbList\",\"@id\":\"https:\\\/\\\/sunclimbing.com\\\/courses\\\/deep-water-solo\\\/#breadcrumb\",\"itemListElement\":[{\"@type\":\"ListItem\",\"position\":1,\"name\":\"Home\",\"item\":\"https:\\\/\\\/sunclimbing.com\\\/\"},{\"@type\":\"ListItem\",\"position\":2,\"name\":\"Rock Climbing Courses\",\"item\":\"https:\\\/\\\/sunclimbing.com\\\/courses\\\/\"},{\"@type\":\"ListItem\",\"position\":3,\"name\":\"Deep Water Solo\"}]},{\"@type\":\"WebSite\",\"@id\":\"https:\\\/\\\/sunclimbing.com\\\/#website\",\"url\":\"https:\\\/\\\/sunclimbing.com\\\/\",\"name\":\"Sunclimbing\",\"description\":\"\",\"publisher\":{\"@id\":\"https:\\\/\\\/sunclimbing.com\\\/#organization\"},\"potentialAction\":[{\"@type\":\"SearchAction\",\"target\":{\"@type\":\"EntryPoint\",\"urlTemplate\":\"https:\\\/\\\/sunclimbing.com\\\/?s={search_term_string}\"},\"query-input\":{\"@type\":\"PropertyValueSpecification\",\"valueRequired\":true,\"valueName\":\"search_term_string\"}}],\"inLanguage\":\"tr\"},{\"@type\":\"Organization\",\"@id\":\"https:\\\/\\\/sunclimbing.com\\\/#organization\",\"name\":\"Sunclimbing\",\"url\":\"https:\\\/\\\/sunclimbing.com\\\/\",\"logo\":{\"@type\":\"ImageObject\",\"inLanguage\":\"tr\",\"@id\":\"https:\\\/\\\/sunclimbing.com\\\/#\\\/schema\\\/logo\\\/image\\\/\",\"url\":\"https:\\\/\\\/sunclimbing.com\\\/wp-content\\\/uploads\\\/2023\\\/06\\\/sunclimbing_logo.png\",\"contentUrl\":\"https:\\\/\\\/sunclimbing.com\\\/wp-content\\\/uploads\\\/2023\\\/06\\\/sunclimbing_logo.png\",\"width\":495,\"height\":108,\"caption\":\"Sunclimbing\"},\"image\":{\"@id\":\"https:\\\/\\\/sunclimbing.com\\\/#\\\/schema\\\/logo\\\/image\\\/\"}}]}<\/script>\n<!-- \/ Yoast SEO plugin. -->","yoast_head_json":{"title":"Deep Water Solo - Sunclimbing","robots":{"index":"index","follow":"follow","max-snippet":"max-snippet:-1","max-image-preview":"max-image-preview:large","max-video-preview":"max-video-preview:-1"},"canonical":"https:\/\/sunclimbing.com\/tr\/courses\/deep-water-solo\/","og_locale":"tr_TR","og_type":"article","og_title":"Deep Water Solo - Sunclimbing","og_description":"Deep Water Solo Climbing (1 day &#8211; from March to October only) We invite you to discover the exciting world of deep water soloing &#8211; the ultimate form of climbing above water. Imagine free climbing on the impressive rock formations of the Turkish coast, with nothing but the clear blue sea below you. With Deep [&hellip;]","og_url":"https:\/\/sunclimbing.com\/tr\/courses\/deep-water-solo\/","og_site_name":"Sunclimbing","article_modified_time":"2025-01-15T09:32:32+00:00","og_image":[{"width":2160,"height":2160,"url":"https:\/\/sunclimbing.com\/wp-content\/uploads\/2023\/06\/Deep-water-solo-edited.jpg","type":"image\/jpeg"}],"twitter_card":"summary_large_image","twitter_misc":{"Tahmini okuma s\u00fcresi":"7 dakika"},"schema":{"@context":"https:\/\/schema.org","@graph":[{"@type":"WebPage","@id":"https:\/\/sunclimbing.com\/courses\/deep-water-solo\/","url":"https:\/\/sunclimbing.com\/courses\/deep-water-solo\/","name":"Deep Water Solo - Sunclimbing","isPartOf":{"@id":"https:\/\/sunclimbing.com\/#website"},"primaryImageOfPage":{"@id":"https:\/\/sunclimbing.com\/courses\/deep-water-solo\/#primaryimage"},"image":{"@id":"https:\/\/sunclimbing.com\/courses\/deep-water-solo\/#primaryimage"},"thumbnailUrl":"https:\/\/sunclimbing.com\/wp-content\/uploads\/2023\/06\/Deep-water-solo-edited.jpg","datePublished":"2023-06-01T14:00:13+00:00","dateModified":"2025-01-15T09:32:32+00:00","breadcrumb":{"@id":"https:\/\/sunclimbing.com\/courses\/deep-water-solo\/#breadcrumb"},"inLanguage":"tr","potentialAction":[{"@type":"ReadAction","target":["https:\/\/sunclimbing.com\/courses\/deep-water-solo\/"]}]},{"@type":"ImageObject","inLanguage":"tr","@id":"https:\/\/sunclimbing.com\/courses\/deep-water-solo\/#primaryimage","url":"https:\/\/sunclimbing.com\/wp-content\/uploads\/2023\/06\/Deep-water-solo-edited.jpg","contentUrl":"https:\/\/sunclimbing.com\/wp-content\/uploads\/2023\/06\/Deep-water-solo-edited.jpg","width":2160,"height":2160},{"@type":"BreadcrumbList","@id":"https:\/\/sunclimbing.com\/courses\/deep-water-solo\/#breadcrumb","itemListElement":[{"@type":"ListItem","position":1,"name":"Home","item":"https:\/\/sunclimbing.com\/"},{"@type":"ListItem","position":2,"name":"Rock Climbing Courses","item":"https:\/\/sunclimbing.com\/courses\/"},{"@type":"ListItem","position":3,"name":"Deep Water Solo"}]},{"@type":"WebSite","@id":"https:\/\/sunclimbing.com\/#website","url":"https:\/\/sunclimbing.com\/","name":"Sunclimbing","description":"","publisher":{"@id":"https:\/\/sunclimbing.com\/#organization"},"potentialAction":[{"@type":"SearchAction","target":{"@type":"EntryPoint","urlTemplate":"https:\/\/sunclimbing.com\/?s={search_term_string}"},"query-input":{"@type":"PropertyValueSpecification","valueRequired":true,"valueName":"search_term_string"}}],"inLanguage":"tr"},{"@type":"Organization","@id":"https:\/\/sunclimbing.com\/#organization","name":"Sunclimbing","url":"https:\/\/sunclimbing.com\/","logo":{"@type":"ImageObject","inLanguage":"tr","@id":"https:\/\/sunclimbing.com\/#\/schema\/logo\/image\/","url":"https:\/\/sunclimbing.com\/wp-content\/uploads\/2023\/06\/sunclimbing_logo.png","contentUrl":"https:\/\/sunclimbing.com\/wp-content\/uploads\/2023\/06\/sunclimbing_logo.png","width":495,"height":108,"caption":"Sunclimbing"},"image":{"@id":"https:\/\/sunclimbing.com\/#\/schema\/logo\/image\/"}}]}},"_links":{"self":[{"href":"https:\/\/sunclimbing.com\/tr\/wp-json\/wp\/v2\/pages\/2144","targetHints":{"allow":["GET"]}}],"collection":[{"href":"https:\/\/sunclimbing.com\/tr\/wp-json\/wp\/v2\/pages"}],"about":[{"href":"https:\/\/sunclimbing.com\/tr\/wp-json\/wp\/v2\/types\/page"}],"author":[{"embeddable":true,"href":"https:\/\/sunclimbing.com\/tr\/wp-json\/wp\/v2\/users\/1"}],"replies":[{"embeddable":true,"href":"https:\/\/sunclimbing.com\/tr\/wp-json\/wp\/v2\/comments?post=2144"}],"version-history":[{"count":17,"href":"https:\/\/sunclimbing.com\/tr\/wp-json\/wp\/v2\/pages\/2144\/revisions"}],"predecessor-version":[{"id":4778,"href":"https:\/\/sunclimbing.com\/tr\/wp-json\/wp\/v2\/pages\/2144\/revisions\/4778"}],"up":[{"embeddable":true,"href":"https:\/\/sunclimbing.com\/tr\/wp-json\/wp\/v2\/pages\/825"}],"wp:featuredmedia":[{"embeddable":true,"href":"https:\/\/sunclimbing.com\/tr\/wp-json\/wp\/v2\/media\/2255"}],"wp:attachment":[{"href":"https:\/\/sunclimbing.com\/tr\/wp-json\/wp\/v2\/media?parent=2144"}],"curies":[{"name":"wp","href":"https:\/\/api.w.org\/{rel}","templated":true}]}}