{"id":2140,"date":"2023-06-01T16:59:43","date_gmt":"2023-06-01T13:59:43","guid":{"rendered":"https:\/\/sunclimbing.wtp\/?page_id=2140"},"modified":"2024-06-05T13:00:09","modified_gmt":"2024-06-05T10:00:09","slug":"become-a-trainer","status":"publish","type":"page","link":"https:\/\/sunclimbing.com\/tr\/courses\/become-a-trainer\/","title":{"rendered":"E\u011fitmenlik E\u011fitimi"},"content":{"rendered":"<div class=\"wp-block-cover\"><span aria-hidden=\"true\" class=\"wp-block-cover__background has-background-dim\" style=\"background-color:#837b6d\"><\/span><img loading=\"lazy\" decoding=\"async\" width=\"1920\" height=\"1921\" src=\"https:\/\/sunclimbing.com\/wp-content\/uploads\/2023\/06\/2G3A3758-edited.jpg\" class=\"wp-block-cover__image-background wp-post-image\" alt=\"\" data-object-fit=\"cover\" data-object-position=\"50% 19%\" style=\"object-position:50% 19%;\" srcset=\"https:\/\/sunclimbing.com\/wp-content\/uploads\/2023\/06\/2G3A3758-edited.jpg 1920w, https:\/\/sunclimbing.com\/wp-content\/uploads\/2023\/06\/2G3A3758-edited-300x300.jpg 300w, https:\/\/sunclimbing.com\/wp-content\/uploads\/2023\/06\/2G3A3758-edited-1024x1024.jpg 1024w, https:\/\/sunclimbing.com\/wp-content\/uploads\/2023\/06\/2G3A3758-edited-150x150.jpg 150w, https:\/\/sunclimbing.com\/wp-content\/uploads\/2023\/06\/2G3A3758-edited-768x768.jpg 768w, https:\/\/sunclimbing.com\/wp-content\/uploads\/2023\/06\/2G3A3758-edited-1536x1536.jpg 1536w\" sizes=\"auto, (max-width: 1920px) 100vw, 1920px\" \/><div class=\"wp-block-cover__inner-container is-layout-flow wp-block-cover-is-layout-flow\">\n<div class=\"wp-block-group has-base-color has-text-color has-global-padding is-layout-constrained wp-block-group-is-layout-constrained\">\n<p class=\"has-text-align-center has-tertiary-color has-text-color has-mansalva-font-family has-large-font-size\">T\u0131rman\u0131c\u0131dan T\u0131rman\u0131\u015f E\u011fitmenine<\/p>\n\n\n<h1 style=\"margin-top:0;margin-right:0;margin-bottom:0;margin-left:0;\" class=\"has-text-align-center wp-block-post-title translation-block\"><a href=\"https:\/\/sunclimbing.com\/tr\/course-overview\/become-a-trainer\/\" data-type=\"page\" data-id=\"2140\" target=\"_self\">E\u011fitmenlik<br>E\u011fitimi<\/a><\/h1><\/div>\n<\/div><\/div>\n\n\n\n<div class=\"wp-block-group has-global-padding is-layout-constrained wp-container-core-group-is-layout-a62636b3 wp-block-group-is-layout-constrained\">\n<div class=\"wp-block-columns is-layout-flex wp-container-core-columns-is-layout-28f84493 wp-block-columns-is-layout-flex\">\n<div class=\"wp-block-column is-layout-flow wp-block-column-is-layout-flow\" style=\"flex-basis:66.66%\">\n<h2 class=\"wp-block-heading has-palanquin-font-family\">Temel seviye kurs e\u011fitmenli\u011fi e\u011fitimi<\/h2>\n\n\n\n<p>E\u011fitmenlik kursumuz, top-rope ip tekniklerini \u00f6\u011fretmek i\u00e7in do\u011fru metodolojinin kullan\u0131lmas\u0131ndan hareket becerilerinin kazan\u0131lmas\u0131na kadar t\u0131rman\u0131\u015f tekniklerini \u00f6\u011fretme konusunda e\u011fitilece\u011finiz bir programd\u0131r.<\/p>\n\n\n\n<p>Avusturya Alpin Kul\u00fcb\u00fc'n\u00fcn (\u00d6sterreichischer Alpenverein, \u00d6AV) spor t\u0131rman\u0131\u015f kurslar\u0131 i\u00e7in kulland\u0131\u011f\u0131 \u00dcbungsleiter (temel e\u011fitmen) terimi, mod\u00fcler spor e\u011fitim sisteminin ilk seviyesidir ve bu, di\u011fer t\u00fcm e\u011fitimler i\u00e7in sa\u011flam bir temel olu\u015fturur.<\/p>\n\n\n\n<p>Kat\u0131l\u0131mc\u0131 de\u011ferlendirmesi t\u00fcm kurs boyunca s\u00fcrekli olarak ger\u00e7ekle\u015ftirilir. \u015eeffaf bir 5 temel yeterlilik \u00e7izelgesi, kat\u0131l\u0131mc\u0131lar\u0131n objektif ve net bir \u015fekilde de\u011ferlendirilmesini sa\u011flar.<\/p>\n\n\n\n<p>E\u011fitim, liderlik ve \u00f6\u011fretim becerilerine odaklanmaktad\u0131r. E\u011fitmenler belirli bir standarda g\u00f6re, Alpenverein \u00fcyelerine ve gruplar\u0131na kendi seviyelerinde rehberlik etmek \u00fczere sertifikaland\u0131r\u0131l\u0131r.<\/p>\n\n\n\n<p>E\u011fitmenlik e\u011fitimleri i\u00e7in \u00f6zel kabul ko\u015fullar\u0131, ilgili e\u011fitmenlik e\u011fitiminin ayr\u0131nt\u0131l\u0131 a\u00e7\u0131klamas\u0131nda listelenmi\u015ftir. Kat\u0131l\u0131m i\u00e7in genel kriterler \u015funlard\u0131r:<\/p>\n\n\n\n<ul class=\"wp-block-list\">\n<li>&nbsp;&nbsp;&nbsp;Minimum 16 ya\u015f<\/li>\n\n\n\n<li>&nbsp;&nbsp;&nbsp;Fiziksel ve zihinsel uygunluk<\/li>\n\n\n\n<li>&nbsp;&nbsp;&nbsp;T\u0131rman\u0131\u015f dal\u0131nda derin beceri ve deneyim<\/li>\n\n\n\n<li>&nbsp;&nbsp;&nbsp;Temel teorik bilgi<\/li>\n\n\n\n<li>&nbsp;&nbsp;&nbsp;M\u00fckemmel performans ve motivasyon<\/li>\n\n\n\n<li>&nbsp;&nbsp;&nbsp;Pedagojik ve sosyal beceriler<\/li>\n<\/ul>\n\n\n\n<p>Avusturya Alpin Kul\u00fcb\u00fc (\u00d6AV) taraf\u0131ndan d\u00fczenlenmektedir.<\/p>\n<\/div>\n\n\n\n<div class=\"wp-block-column is-layout-flow wp-block-column-is-layout-flow\" style=\"flex-basis:33.33%\"><\/div>\n<\/div>\n\n\n\n<div class=\"wp-block-group has-global-padding is-layout-constrained wp-container-core-group-is-layout-5a30f31b wp-block-group-is-layout-constrained\">\n<h2 class=\"wp-block-heading has-tertiary-color has-text-color has-palanquin-font-family\" style=\"text-transform:uppercase\">TAR\u0130HLER<\/h2>\n\n\n\n<ul class=\"wp-block-list\">\n<li>istek \u00fczerine<\/li>\n<\/ul>\n<\/div>\n\n\n\n<div class=\"wp-block-group has-global-padding is-layout-constrained wp-block-group-is-layout-constrained\">\n<h2 class=\"wp-block-heading has-tertiary-color has-text-color has-palanquin-font-family\" style=\"text-transform:uppercase\">PROGRAM<\/h2>\n\n\n\n<p><strong>Spor t\u0131rman\u0131\u015f i\u00e7in temel e\u011fitmen:<\/strong><br>5 g\u00fcn boyunca 56 konu \u00fcnitesi<\/p>\n\n\n\n<ul class=\"wp-block-list\">\n<li>&nbsp;&nbsp;&nbsp;Hukuk ve sorumluluk<\/li>\n\n\n\n<li>&nbsp;&nbsp;&nbsp;Spor hekimli\u011fi ve spor biyolojisi temelleri<\/li>\n\n\n\n<li>&nbsp;&nbsp;&nbsp;Spor psikolojisi ve metodolojisinin temelleri<\/li>\n\n\n\n<li>&nbsp;&nbsp;&nbsp;Antrenman ve hareket teorisi<\/li>\n\n\n\n<li>&nbsp;&nbsp;&nbsp;Pratik egzersizler, uygulamal\u0131 ve metodik \u00e7al\u0131\u015fmalar<\/li>\n\n\n\n<li>&nbsp;&nbsp;&nbsp;Malzeme ve ekipman<\/li>\n\n\n\n<li>&nbsp;&nbsp;&nbsp;S\u0131nav<\/li>\n<\/ul>\n<\/div>\n\n\n\n<div class=\"wp-block-group has-global-padding is-layout-constrained wp-container-core-group-is-layout-5a30f31b wp-block-group-is-layout-constrained\">\n<h2 class=\"wp-block-heading has-tertiary-color has-text-color has-palanquin-font-family\" style=\"text-transform:uppercase\">F\u0130YATLAR<\/h2>\n\n\n\n<ul class=\"wp-block-list\">\n<li>Temel seviye spor t\u0131rman\u0131\u015f e\u011fitmeni - \u00f6zel teklif 250,00 \u20ac ( normalde 976,00 \u20ac)<\/li>\n<\/ul>\n<\/div>\n\n\n\n<div class=\"wp-block-group has-global-padding is-layout-constrained wp-block-group-is-layout-constrained\">\n<h2 class=\"wp-block-heading has-tertiary-color has-text-color has-palanquin-font-family\" style=\"text-transform:uppercase\">E\u011e\u0130TMEN<\/h2>\n\n\n\n<div class=\"wp-block-media-text is-stacked-on-mobile\" style=\"padding-top:0;padding-bottom:0;grid-template-columns:17% auto\"><figure class=\"wp-block-media-text__media\"><img loading=\"lazy\" decoding=\"async\" width=\"812\" height=\"1024\" src=\"https:\/\/sunclimbing.com\/wp-content\/uploads\/2023\/10\/Wolfgang-812x1024.jpg\" alt=\"\" class=\"wp-image-3210 size-large\" srcset=\"https:\/\/sunclimbing.com\/wp-content\/uploads\/2023\/10\/Wolfgang-812x1024.jpg 812w, https:\/\/sunclimbing.com\/wp-content\/uploads\/2023\/10\/Wolfgang-238x300.jpg 238w, https:\/\/sunclimbing.com\/wp-content\/uploads\/2023\/10\/Wolfgang-768x969.jpg 768w, https:\/\/sunclimbing.com\/wp-content\/uploads\/2023\/10\/Wolfgang.jpg 1032w\" sizes=\"auto, (max-width: 812px) 100vw, 812px\" \/><\/figure><div class=\"wp-block-media-text__content\">\n<p><strong>Wolfgang Vogl - Avusturya Alpin Kul\u00fcb\u00fc<\/strong><\/p>\n\n\n\n<p>Austrian Federal Teaching Team Sport Climbing<\/p>\n<\/div><\/div>\n<\/div>\n\n\n\n<div class=\"wp-block-group has-global-padding is-layout-constrained wp-block-group-is-layout-constrained\">\n<h2 class=\"wp-block-heading has-tertiary-color has-text-color has-palanquin-font-family\" style=\"text-transform:uppercase\">NASIL REZERVASYON YAPILIR<\/h2>\n\n\n\n<p>L\u00fctfen office@sunclimbing.com adresine bir e-posta g\u00f6nderin. <\/p>\n<\/div>\n<\/div>","protected":false},"excerpt":{"rendered":"<p>Basic instructor for sports climbing &#8211; Training as a course instructor for beginners&#8217; courses The instructor\/trainer course is a multiplier training course in which you are trained as an instructor (in German &#8220;\u00dcbungsleiter&#8221;). The course deals with the correct methodology for teaching the necessary rope technique and the correct operation of the latest belay devices. [&hellip;]<\/p>\n","protected":false},"author":1,"featured_media":2132,"parent":825,"menu_order":0,"comment_status":"closed","ping_status":"closed","template":"","meta":{"footnotes":""},"class_list":["post-2140","page","type-page","status-publish","has-post-thumbnail","hentry"],"yoast_head":"<!-- This site is optimized with the Yoast SEO plugin v27.3 - https:\/\/yoast.com\/product\/yoast-seo-wordpress\/ -->\n<title>Become a Trainer - Sunclimbing<\/title>\n<meta name=\"robots\" content=\"index, follow, max-snippet:-1, max-image-preview:large, max-video-preview:-1\" \/>\n<link rel=\"canonical\" href=\"https:\/\/sunclimbing.com\/tr\/courses\/become-a-trainer\/\" \/>\n<meta property=\"og:locale\" content=\"tr_TR\" \/>\n<meta property=\"og:type\" content=\"article\" \/>\n<meta property=\"og:title\" content=\"Become a Trainer - Sunclimbing\" \/>\n<meta property=\"og:description\" content=\"Basic instructor for sports climbing &#8211; Training as a course instructor for beginners&#8217; courses The instructor\/trainer course is a multiplier training course in which you are trained as an instructor (in German &#8220;\u00dcbungsleiter&#8221;). The course deals with the correct methodology for teaching the necessary rope technique and the correct operation of the latest belay devices. [&hellip;]\" \/>\n<meta property=\"og:url\" content=\"https:\/\/sunclimbing.com\/tr\/courses\/become-a-trainer\/\" \/>\n<meta property=\"og:site_name\" content=\"Sunclimbing\" \/>\n<meta property=\"article:modified_time\" content=\"2024-06-05T10:00:09+00:00\" \/>\n<meta property=\"og:image\" content=\"https:\/\/sunclimbing.com\/wp-content\/uploads\/2023\/06\/2G3A3758-edited.jpg\" \/>\n\t<meta property=\"og:image:width\" content=\"1920\" \/>\n\t<meta property=\"og:image:height\" content=\"1921\" \/>\n\t<meta property=\"og:image:type\" content=\"image\/jpeg\" \/>\n<meta name=\"twitter:card\" content=\"summary_large_image\" \/>\n<meta name=\"twitter:label1\" content=\"Tahmini okuma s\u00fcresi\" \/>\n\t<meta name=\"twitter:data1\" content=\"2 dakika\" \/>\n<script type=\"application\/ld+json\" class=\"yoast-schema-graph\">{\"@context\":\"https:\\\/\\\/schema.org\",\"@graph\":[{\"@type\":\"WebPage\",\"@id\":\"https:\\\/\\\/sunclimbing.com\\\/courses\\\/become-a-trainer\\\/\",\"url\":\"https:\\\/\\\/sunclimbing.com\\\/courses\\\/become-a-trainer\\\/\",\"name\":\"Become a Trainer - Sunclimbing\",\"isPartOf\":{\"@id\":\"https:\\\/\\\/sunclimbing.com\\\/#website\"},\"primaryImageOfPage\":{\"@id\":\"https:\\\/\\\/sunclimbing.com\\\/courses\\\/become-a-trainer\\\/#primaryimage\"},\"image\":{\"@id\":\"https:\\\/\\\/sunclimbing.com\\\/courses\\\/become-a-trainer\\\/#primaryimage\"},\"thumbnailUrl\":\"https:\\\/\\\/sunclimbing.com\\\/wp-content\\\/uploads\\\/2023\\\/06\\\/2G3A3758-edited.jpg\",\"datePublished\":\"2023-06-01T13:59:43+00:00\",\"dateModified\":\"2024-06-05T10:00:09+00:00\",\"breadcrumb\":{\"@id\":\"https:\\\/\\\/sunclimbing.com\\\/courses\\\/become-a-trainer\\\/#breadcrumb\"},\"inLanguage\":\"tr\",\"potentialAction\":[{\"@type\":\"ReadAction\",\"target\":[\"https:\\\/\\\/sunclimbing.com\\\/courses\\\/become-a-trainer\\\/\"]}]},{\"@type\":\"ImageObject\",\"inLanguage\":\"tr\",\"@id\":\"https:\\\/\\\/sunclimbing.com\\\/courses\\\/become-a-trainer\\\/#primaryimage\",\"url\":\"https:\\\/\\\/sunclimbing.com\\\/wp-content\\\/uploads\\\/2023\\\/06\\\/2G3A3758-edited.jpg\",\"contentUrl\":\"https:\\\/\\\/sunclimbing.com\\\/wp-content\\\/uploads\\\/2023\\\/06\\\/2G3A3758-edited.jpg\",\"width\":1920,\"height\":1921},{\"@type\":\"BreadcrumbList\",\"@id\":\"https:\\\/\\\/sunclimbing.com\\\/courses\\\/become-a-trainer\\\/#breadcrumb\",\"itemListElement\":[{\"@type\":\"ListItem\",\"position\":1,\"name\":\"Home\",\"item\":\"https:\\\/\\\/sunclimbing.com\\\/\"},{\"@type\":\"ListItem\",\"position\":2,\"name\":\"Rock Climbing Courses\",\"item\":\"https:\\\/\\\/sunclimbing.com\\\/courses\\\/\"},{\"@type\":\"ListItem\",\"position\":3,\"name\":\"Become a Trainer\"}]},{\"@type\":\"WebSite\",\"@id\":\"https:\\\/\\\/sunclimbing.com\\\/#website\",\"url\":\"https:\\\/\\\/sunclimbing.com\\\/\",\"name\":\"Sunclimbing\",\"description\":\"\",\"publisher\":{\"@id\":\"https:\\\/\\\/sunclimbing.com\\\/#organization\"},\"potentialAction\":[{\"@type\":\"SearchAction\",\"target\":{\"@type\":\"EntryPoint\",\"urlTemplate\":\"https:\\\/\\\/sunclimbing.com\\\/?s={search_term_string}\"},\"query-input\":{\"@type\":\"PropertyValueSpecification\",\"valueRequired\":true,\"valueName\":\"search_term_string\"}}],\"inLanguage\":\"tr\"},{\"@type\":\"Organization\",\"@id\":\"https:\\\/\\\/sunclimbing.com\\\/#organization\",\"name\":\"Sunclimbing\",\"url\":\"https:\\\/\\\/sunclimbing.com\\\/\",\"logo\":{\"@type\":\"ImageObject\",\"inLanguage\":\"tr\",\"@id\":\"https:\\\/\\\/sunclimbing.com\\\/#\\\/schema\\\/logo\\\/image\\\/\",\"url\":\"https:\\\/\\\/sunclimbing.com\\\/wp-content\\\/uploads\\\/2023\\\/06\\\/sunclimbing_logo.png\",\"contentUrl\":\"https:\\\/\\\/sunclimbing.com\\\/wp-content\\\/uploads\\\/2023\\\/06\\\/sunclimbing_logo.png\",\"width\":495,\"height\":108,\"caption\":\"Sunclimbing\"},\"image\":{\"@id\":\"https:\\\/\\\/sunclimbing.com\\\/#\\\/schema\\\/logo\\\/image\\\/\"}}]}<\/script>\n<!-- \/ Yoast SEO plugin. -->","yoast_head_json":{"title":"Become a Trainer - Sunclimbing","robots":{"index":"index","follow":"follow","max-snippet":"max-snippet:-1","max-image-preview":"max-image-preview:large","max-video-preview":"max-video-preview:-1"},"canonical":"https:\/\/sunclimbing.com\/tr\/courses\/become-a-trainer\/","og_locale":"tr_TR","og_type":"article","og_title":"Become a Trainer - Sunclimbing","og_description":"Basic instructor for sports climbing &#8211; Training as a course instructor for beginners&#8217; courses The instructor\/trainer course is a multiplier training course in which you are trained as an instructor (in German &#8220;\u00dcbungsleiter&#8221;). The course deals with the correct methodology for teaching the necessary rope technique and the correct operation of the latest belay devices. [&hellip;]","og_url":"https:\/\/sunclimbing.com\/tr\/courses\/become-a-trainer\/","og_site_name":"Sunclimbing","article_modified_time":"2024-06-05T10:00:09+00:00","og_image":[{"width":1920,"height":1921,"url":"https:\/\/sunclimbing.com\/wp-content\/uploads\/2023\/06\/2G3A3758-edited.jpg","type":"image\/jpeg"}],"twitter_card":"summary_large_image","twitter_misc":{"Tahmini okuma s\u00fcresi":"2 dakika"},"schema":{"@context":"https:\/\/schema.org","@graph":[{"@type":"WebPage","@id":"https:\/\/sunclimbing.com\/courses\/become-a-trainer\/","url":"https:\/\/sunclimbing.com\/courses\/become-a-trainer\/","name":"Become a Trainer - Sunclimbing","isPartOf":{"@id":"https:\/\/sunclimbing.com\/#website"},"primaryImageOfPage":{"@id":"https:\/\/sunclimbing.com\/courses\/become-a-trainer\/#primaryimage"},"image":{"@id":"https:\/\/sunclimbing.com\/courses\/become-a-trainer\/#primaryimage"},"thumbnailUrl":"https:\/\/sunclimbing.com\/wp-content\/uploads\/2023\/06\/2G3A3758-edited.jpg","datePublished":"2023-06-01T13:59:43+00:00","dateModified":"2024-06-05T10:00:09+00:00","breadcrumb":{"@id":"https:\/\/sunclimbing.com\/courses\/become-a-trainer\/#breadcrumb"},"inLanguage":"tr","potentialAction":[{"@type":"ReadAction","target":["https:\/\/sunclimbing.com\/courses\/become-a-trainer\/"]}]},{"@type":"ImageObject","inLanguage":"tr","@id":"https:\/\/sunclimbing.com\/courses\/become-a-trainer\/#primaryimage","url":"https:\/\/sunclimbing.com\/wp-content\/uploads\/2023\/06\/2G3A3758-edited.jpg","contentUrl":"https:\/\/sunclimbing.com\/wp-content\/uploads\/2023\/06\/2G3A3758-edited.jpg","width":1920,"height":1921},{"@type":"BreadcrumbList","@id":"https:\/\/sunclimbing.com\/courses\/become-a-trainer\/#breadcrumb","itemListElement":[{"@type":"ListItem","position":1,"name":"Home","item":"https:\/\/sunclimbing.com\/"},{"@type":"ListItem","position":2,"name":"Rock Climbing Courses","item":"https:\/\/sunclimbing.com\/courses\/"},{"@type":"ListItem","position":3,"name":"Become a Trainer"}]},{"@type":"WebSite","@id":"https:\/\/sunclimbing.com\/#website","url":"https:\/\/sunclimbing.com\/","name":"Sunclimbing","description":"","publisher":{"@id":"https:\/\/sunclimbing.com\/#organization"},"potentialAction":[{"@type":"SearchAction","target":{"@type":"EntryPoint","urlTemplate":"https:\/\/sunclimbing.com\/?s={search_term_string}"},"query-input":{"@type":"PropertyValueSpecification","valueRequired":true,"valueName":"search_term_string"}}],"inLanguage":"tr"},{"@type":"Organization","@id":"https:\/\/sunclimbing.com\/#organization","name":"Sunclimbing","url":"https:\/\/sunclimbing.com\/","logo":{"@type":"ImageObject","inLanguage":"tr","@id":"https:\/\/sunclimbing.com\/#\/schema\/logo\/image\/","url":"https:\/\/sunclimbing.com\/wp-content\/uploads\/2023\/06\/sunclimbing_logo.png","contentUrl":"https:\/\/sunclimbing.com\/wp-content\/uploads\/2023\/06\/sunclimbing_logo.png","width":495,"height":108,"caption":"Sunclimbing"},"image":{"@id":"https:\/\/sunclimbing.com\/#\/schema\/logo\/image\/"}}]}},"_links":{"self":[{"href":"https:\/\/sunclimbing.com\/tr\/wp-json\/wp\/v2\/pages\/2140","targetHints":{"allow":["GET"]}}],"collection":[{"href":"https:\/\/sunclimbing.com\/tr\/wp-json\/wp\/v2\/pages"}],"about":[{"href":"https:\/\/sunclimbing.com\/tr\/wp-json\/wp\/v2\/types\/page"}],"author":[{"embeddable":true,"href":"https:\/\/sunclimbing.com\/tr\/wp-json\/wp\/v2\/users\/1"}],"replies":[{"embeddable":true,"href":"https:\/\/sunclimbing.com\/tr\/wp-json\/wp\/v2\/comments?post=2140"}],"version-history":[{"count":13,"href":"https:\/\/sunclimbing.com\/tr\/wp-json\/wp\/v2\/pages\/2140\/revisions"}],"predecessor-version":[{"id":4241,"href":"https:\/\/sunclimbing.com\/tr\/wp-json\/wp\/v2\/pages\/2140\/revisions\/4241"}],"up":[{"embeddable":true,"href":"https:\/\/sunclimbing.com\/tr\/wp-json\/wp\/v2\/pages\/825"}],"wp:featuredmedia":[{"embeddable":true,"href":"https:\/\/sunclimbing.com\/tr\/wp-json\/wp\/v2\/media\/2132"}],"wp:attachment":[{"href":"https:\/\/sunclimbing.com\/tr\/wp-json\/wp\/v2\/media?parent=2140"}],"curies":[{"name":"wp","href":"https:\/\/api.w.org\/{rel}","templated":true}]}}