{"id":2120,"date":"2023-06-01T16:35:22","date_gmt":"2023-06-01T13:35:22","guid":{"rendered":"https:\/\/sunclimbing.wtp\/?page_id=2120"},"modified":"2025-08-29T14:40:07","modified_gmt":"2025-08-29T11:40:07","slug":"families-kids","status":"publish","type":"page","link":"https:\/\/sunclimbing.com\/tr\/courses\/families-kids\/","title":{"rendered":"Aile T\u0131rman\u0131\u015f\u0131"},"content":{"rendered":"<div class=\"wp-block-cover is-light\"><span aria-hidden=\"true\" class=\"wp-block-cover__background has-background-dim\" style=\"background-color:#888972\"><\/span><img loading=\"lazy\" decoding=\"async\" width=\"2160\" height=\"2160\" src=\"https:\/\/sunclimbing.com\/wp-content\/uploads\/2023\/05\/Familie-and-Kids-edited.jpg\" class=\"wp-block-cover__image-background wp-post-image\" alt=\"\" data-object-fit=\"cover\" srcset=\"https:\/\/sunclimbing.com\/wp-content\/uploads\/2023\/05\/Familie-and-Kids-edited.jpg 2160w, https:\/\/sunclimbing.com\/wp-content\/uploads\/2023\/05\/Familie-and-Kids-edited-300x300.jpg 300w, https:\/\/sunclimbing.com\/wp-content\/uploads\/2023\/05\/Familie-and-Kids-edited-1024x1024.jpg 1024w, https:\/\/sunclimbing.com\/wp-content\/uploads\/2023\/05\/Familie-and-Kids-edited-150x150.jpg 150w, https:\/\/sunclimbing.com\/wp-content\/uploads\/2023\/05\/Familie-and-Kids-edited-768x768.jpg 768w, https:\/\/sunclimbing.com\/wp-content\/uploads\/2023\/05\/Familie-and-Kids-edited-1536x1536.jpg 1536w, https:\/\/sunclimbing.com\/wp-content\/uploads\/2023\/05\/Familie-and-Kids-edited-2048x2048.jpg 2048w\" sizes=\"auto, (max-width: 2160px) 100vw, 2160px\" \/><div class=\"wp-block-cover__inner-container is-layout-flow wp-block-cover-is-layout-flow\">\n<div class=\"wp-block-group has-base-color has-text-color has-global-padding is-layout-constrained wp-block-group-is-layout-constrained\">\n<p class=\"has-text-align-center has-tertiary-color has-text-color has-mansalva-font-family has-large-font-size\">T\u00fcm aile ile t\u0131rman\u0131\u015f<\/p>\n\n\n<h1 style=\"margin-top:0;margin-right:0;margin-bottom:0;margin-left:0;\" class=\"has-text-align-center wp-block-post-title\">Aile T\u0131rman\u0131\u015f\u0131<\/h1><\/div>\n<\/div><\/div>\n\n\n\n<div class=\"wp-block-group has-global-padding is-layout-constrained wp-container-core-group-is-layout-a62636b3 wp-block-group-is-layout-constrained\">\n<div class=\"wp-block-columns is-layout-flex wp-container-core-columns-is-layout-28f84493 wp-block-columns-is-layout-flex\">\n<div class=\"wp-block-column is-layout-flow wp-block-column-is-layout-flow\" style=\"flex-basis:66.66%\">\n<h2 class=\"wp-block-heading has-palanquin-font-family\"><strong>Aile Kaya T\u0131rman\u0131\u015f\u0131 Kursu<\/strong><\/h2>\n\n\n\n<p>Bu program, tatilde farkl\u0131 bir deneyim ya\u015famak isteyen aileler i\u00e7in tasarlanm\u0131\u015ft\u0131r.<br>Herhangi bir t\u0131rman\u0131\u015f deneyimine ihtiyac\u0131n\u0131z yok, sadece e\u011flenceli vakit ge\u00e7irmeye haz\u0131r olmal\u0131s\u0131n\u0131z!<\/p>\n\n\n\n<h2 class=\"wp-block-heading has-palanquin-font-family\">T\u0131rman\u0131\u015f m\u00fckemmel bir aile sporudur.<\/h2>\n\n\n\n<p>Do\u011fada ailenizle \u00e7ok g\u00fczel zaman ge\u00e7irebilir, yeni insanlar tan\u0131yabilirsiniz. D\u00fcnyada bir\u00e7ok aile birlikte t\u0131rman\u0131r ve seyahat eder. \nBir sonraki tatiliniz i\u00e7in programlar\u0131m\u0131zdan birine kat\u0131l\u0131n!<\/p>\n<\/div>\n\n\n\n<div class=\"wp-block-column is-layout-flow wp-block-column-is-layout-flow\" style=\"flex-basis:33.33%\">\n<div class=\"wp-block-group has-contrast-color has-tertiary-background-color has-text-color has-background has-link-color wp-elements-b4956545be1603cdcb287cef6b4fb450 has-global-padding is-layout-constrained wp-container-core-group-is-layout-67c150cf wp-block-group-is-layout-constrained\" style=\"border-radius:0.5em;padding-top:var(--wp--preset--spacing--30);padding-right:var(--wp--preset--spacing--30);padding-bottom:var(--wp--preset--spacing--30);padding-left:var(--wp--preset--spacing--30)\">\n<h2 class=\"wp-block-heading has-palanquin-font-family has-medium-font-size\" style=\"text-transform:uppercase\">\u015eARTLAR<\/h2>\n\n\n\n<p>Kaya t\u0131rman\u0131\u015f\u0131na ilgi ve temel fiziksel kondisyon<\/p>\n\n\n\n<h2 class=\"wp-block-heading has-palanquin-font-family has-medium-font-size\" style=\"text-transform:uppercase\">GET\u0130R\u0130LMES\u0130 GEREKENLER<\/h2>\n\n\n\n<ul class=\"wp-block-list\">\n<li>Patikada y\u00fcr\u00fcyebilece\u011finiz ayakkab\u0131lar da dahil olmak \u00fczere rahat k\u0131yafetler (Hava ko\u015fullar\u0131na g\u00f6re ya\u011fmurluk, mont, vb.)<\/li>\n\n\n\n<li>G\u00fcne\u015f korumas\u0131<\/li>\n\n\n\n<li>Hava ko\u015fullar\u0131na g\u00f6re g\u00fcne\u015f korumas\u0131<\/li>\n<\/ul>\n<\/div>\n<\/div>\n<\/div>\n\n\n\n<div class=\"wp-block-group has-global-padding is-layout-constrained wp-block-group-is-layout-constrained\">\n<h2 class=\"wp-block-heading has-tertiary-color has-text-color has-palanquin-font-family\" style=\"text-transform:uppercase\">Fiyatlarimiz<\/h2>\n\n\n\n<div class=\"wp-block-group has-global-padding is-layout-constrained wp-block-group-is-layout-constrained\">\n<figure class=\"wp-block-table is-style-regular\"><table><tbody><tr><td><\/td><td><strong>1\/2 G\u00fcn (3 saat)<\/strong><\/td><td><strong>3\/4 G\u00fcn (5 saat)<\/strong><\/td><\/tr><tr><td>Aile ba\u015f\u0131na (4 yeti\u015fkin \/ \u00e7ocu\u011fa kadar)<\/td><td>280,00 \u20ac<\/td><td>380,00 \u20ac<\/td><\/tr><tr><td>Aile ba\u015f\u0131na (1 yeti\u015fkin \/ 1 \u00e7ocuk)<\/td><td>200,00 \u20ac<\/td><td>280,00 \u20ac<\/td><\/tr><\/tbody><\/table><figcaption class=\"wp-element-caption\">T\u00fcm fiyatlar aile ba\u015f\u0131na ve Euro baz\u0131ndad\u0131r.<\/figcaption><\/figure>\n\n\n\n<p><strong>Nakit \u00f6demeye % 10 indirim uygulamaktay\u0131z.<\/strong><\/p>\n<\/div>\n<\/div>\n\n\n\n<div class=\"wp-block-columns is-layout-flex wp-container-core-columns-is-layout-28f84493 wp-block-columns-is-layout-flex\">\n<div class=\"wp-block-column is-layout-flow wp-block-column-is-layout-flow\">\n<h2 class=\"wp-block-heading has-tertiary-color has-text-color has-palanquin-font-family\" style=\"text-transform:uppercase\">PROGRAMA DAH\u0130L OLANLAR<\/h2>\n\n\n\n<p>T\u00fcrkiye Da\u011fc\u0131l\u0131k Federasyonu ve Avusturya Alpin Kul\u00fcb\u00fc taraf\u0131ndan sertifikaland\u0131r\u0131lm\u0131\u015f nitelikli kaya t\u0131rman\u0131\u015f\u0131 e\u011fitmenleri taraf\u0131ndan rehberlik ve e\u011fitim.<\/p>\n\n\n\n<p>Sun Climbing'den emniyet kemeri, ip, ekspres, emniyet aleti ve kask gibi gerekli t\u00fcm t\u0131rman\u0131\u015f ekipmanlar\u0131. Gerekirse t\u0131rman\u0131\u015f ayakkab\u0131lar\u0131 kiralanabilir.<\/p>\n\n\n\n<p>T\u0131rman\u0131\u015f ve t\u0131rman\u0131\u015f teknikleri hakk\u0131nda diledi\u011finiz kadar soru-cevap. Kafan\u0131zda soru i\u015fareti kalmamas\u0131 i\u00e7in size elimizden geldi\u011fince yard\u0131mc\u0131 olaca\u011f\u0131z.<\/p>\n\n\n\n<p>Sizin ve ailenizin g\u00fcn boyunca \u00e7ekilmi\u015f harika t\u0131rman\u0131\u015f foto\u011fraflar\u0131. G\u00fcn\u00fcn sonunda bu foto\u011fraflar\u0131 sizinle payla\u015faca\u011f\u0131z.<\/p>\n<\/div>\n\n\n\n<div class=\"wp-block-column is-layout-flow wp-block-column-is-layout-flow\">\n<h2 class=\"wp-block-heading has-tertiary-color has-text-color has-palanquin-font-family\" style=\"text-transform:uppercase\">PROGRAMA DAH\u0130L OLMAYANLAR<\/h2>\n\n\n\n<p>\u0130htiya\u00e7 halinde Sunclimbing'den t\u0131rman\u0131\u015f ayakkab\u0131s\u0131 kiralanabilir.<\/p>\n\n\n\n<p>Geyikbay\u0131r\u0131'na ve Sunclimbing'e ula\u015f\u0131m sizin taraf\u0131n\u0131zdan organize edilmelidir. Ancak transfer almak isterseniz l\u00fctfen bize ula\u015f\u0131n.<\/p>\n\n\n\n<p>5 saatlik Deneme T\u0131rman\u0131\u015f\u0131 G\u00fcn\u00fc i\u00e7in ki\u015fi ba\u015f\u0131 8,00 \u20ac kar\u015f\u0131l\u0131\u011f\u0131nda paketlenmi\u015f bir \u00f6\u011fle yeme\u011fi de sunabiliriz. L\u00fctfen kurs rezervasyonu yaparken bize bildirin.<\/p>\n<\/div>\n<\/div>\n\n\n\n<div class=\"wp-block-group has-global-padding is-layout-constrained wp-block-group-is-layout-constrained\">\n<h2 class=\"wp-block-heading has-tertiary-color has-text-color has-palanquin-font-family\" style=\"text-transform:uppercase\">Nas\u0131l rezervasyon yap\u0131l\u0131r<\/h2>\n\n\n\n<div class=\"wp-block-group has-tertiary-background-color has-background has-global-padding is-layout-constrained wp-container-core-group-is-layout-80fb368b wp-block-group-is-layout-constrained\" style=\"padding-top:var(--wp--preset--spacing--30);padding-right:var(--wp--preset--spacing--30);padding-bottom:var(--wp--preset--spacing--30);padding-left:var(--wp--preset--spacing--30)\">\n<p class=\"translation-block\">L\u00fctfen dikkat: Kurs takvimi rezervasyonumuz yak\u0131nda etkinle\u015ftirilecektir, o zamana kadar l\u00fctfen rezervasyon i\u00e7in do\u011frudan bizimle ileti\u015fime ge\u00e7in.<\/p>\n<\/div>\n<\/div>\n\n\n\n<div class=\"wp-block-group has-global-padding is-layout-constrained wp-block-group-is-layout-constrained\">\n<h2 class=\"wp-block-heading has-tertiary-color has-text-color has-palanquin-font-family\" style=\"text-transform:uppercase\">Aile T\u0131rman\u0131\u015f\u0131\n G\u00dcN\u00dcNDEN FOTO\u011eRAFLAR<\/h2>\n\n\n\n<figure class=\"wp-block-gallery has-nested-images columns-default is-cropped wp-block-gallery-1 is-layout-flex wp-block-gallery-is-layout-flex\">\n<figure class=\"wp-block-image size-large\"><img loading=\"lazy\" decoding=\"async\" width=\"645\" height=\"1024\" data-id=\"2939\" src=\"https:\/\/sunclimbing.com\/wp-content\/uploads\/2023\/09\/IMG_2117-645x1024.jpg\" alt=\"\" class=\"wp-image-2939\" srcset=\"https:\/\/sunclimbing.com\/wp-content\/uploads\/2023\/09\/IMG_2117-645x1024.jpg 645w, https:\/\/sunclimbing.com\/wp-content\/uploads\/2023\/09\/IMG_2117-189x300.jpg 189w, https:\/\/sunclimbing.com\/wp-content\/uploads\/2023\/09\/IMG_2117-768x1218.jpg 768w, https:\/\/sunclimbing.com\/wp-content\/uploads\/2023\/09\/IMG_2117-968x1536.jpg 968w, https:\/\/sunclimbing.com\/wp-content\/uploads\/2023\/09\/IMG_2117-1291x2048.jpg 1291w, https:\/\/sunclimbing.com\/wp-content\/uploads\/2023\/09\/IMG_2117-scaled.jpg 1614w\" sizes=\"auto, (max-width: 645px) 100vw, 645px\" \/><\/figure>\n\n\n\n<figure class=\"wp-block-image size-large\"><img loading=\"lazy\" decoding=\"async\" width=\"683\" height=\"1024\" data-id=\"2003\" src=\"https:\/\/sunclimbing.com\/wp-content\/uploads\/2023\/06\/2G3A3512-683x1024.jpg\" alt=\"\" class=\"wp-image-2003\" srcset=\"https:\/\/sunclimbing.com\/wp-content\/uploads\/2023\/06\/2G3A3512-683x1024.jpg 683w, https:\/\/sunclimbing.com\/wp-content\/uploads\/2023\/06\/2G3A3512-200x300.jpg 200w, https:\/\/sunclimbing.com\/wp-content\/uploads\/2023\/06\/2G3A3512-768x1152.jpg 768w, https:\/\/sunclimbing.com\/wp-content\/uploads\/2023\/06\/2G3A3512-1024x1536.jpg 1024w, https:\/\/sunclimbing.com\/wp-content\/uploads\/2023\/06\/2G3A3512-1365x2048.jpg 1365w, https:\/\/sunclimbing.com\/wp-content\/uploads\/2023\/06\/2G3A3512-scaled.jpg 1707w\" sizes=\"auto, (max-width: 683px) 100vw, 683px\" \/><\/figure>\n\n\n\n<figure class=\"wp-block-image size-large\"><img loading=\"lazy\" decoding=\"async\" width=\"768\" height=\"1024\" data-id=\"30\" src=\"https:\/\/sunclimbing.com\/wp-content\/uploads\/2023\/05\/Familie-and-kids-2-768x1024.jpg\" alt=\"\" class=\"wp-image-30\" srcset=\"https:\/\/sunclimbing.com\/wp-content\/uploads\/2023\/05\/Familie-and-kids-2-768x1024.jpg 768w, https:\/\/sunclimbing.com\/wp-content\/uploads\/2023\/05\/Familie-and-kids-2-225x300.jpg 225w, https:\/\/sunclimbing.com\/wp-content\/uploads\/2023\/05\/Familie-and-kids-2-1152x1536.jpg 1152w, https:\/\/sunclimbing.com\/wp-content\/uploads\/2023\/05\/Familie-and-kids-2-1536x2048.jpg 1536w, https:\/\/sunclimbing.com\/wp-content\/uploads\/2023\/05\/Familie-and-kids-2-scaled.jpg 1920w\" sizes=\"auto, (max-width: 768px) 100vw, 768px\" \/><\/figure>\n\n\n\n<figure class=\"wp-block-image size-large\"><img loading=\"lazy\" decoding=\"async\" width=\"1024\" height=\"1024\" data-id=\"110\" src=\"https:\/\/sunclimbing.com\/wp-content\/uploads\/2023\/05\/Familie-and-Kids-edited-1024x1024.jpg\" alt=\"\" class=\"wp-image-110\" srcset=\"https:\/\/sunclimbing.com\/wp-content\/uploads\/2023\/05\/Familie-and-Kids-edited-1024x1024.jpg 1024w, https:\/\/sunclimbing.com\/wp-content\/uploads\/2023\/05\/Familie-and-Kids-edited-300x300.jpg 300w, https:\/\/sunclimbing.com\/wp-content\/uploads\/2023\/05\/Familie-and-Kids-edited-150x150.jpg 150w, https:\/\/sunclimbing.com\/wp-content\/uploads\/2023\/05\/Familie-and-Kids-edited-768x768.jpg 768w, https:\/\/sunclimbing.com\/wp-content\/uploads\/2023\/05\/Familie-and-Kids-edited-1536x1536.jpg 1536w, https:\/\/sunclimbing.com\/wp-content\/uploads\/2023\/05\/Familie-and-Kids-edited-2048x2048.jpg 2048w\" sizes=\"auto, (max-width: 1024px) 100vw, 1024px\" \/><\/figure>\n<\/figure>\n<\/div>\n<\/div>","protected":false},"excerpt":{"rendered":"<p>Families &amp; Kids Rock Climbing Course This program is designed for families who want to try another kind of adventure during holiday time.You don\u2019t need any experience, but you will have a lot of fun! Climbing is the perfect family sport You will spend a lot of great time in nature and the outdoors. Also, [&hellip;]<\/p>\n","protected":false},"author":1,"featured_media":110,"parent":825,"menu_order":0,"comment_status":"closed","ping_status":"closed","template":"","meta":{"footnotes":""},"class_list":["post-2120","page","type-page","status-publish","has-post-thumbnail","hentry"],"yoast_head":"<!-- This site is optimized with the Yoast SEO plugin v27.3 - https:\/\/yoast.com\/product\/yoast-seo-wordpress\/ -->\n<title>Families &amp; Kids - Sunclimbing<\/title>\n<meta name=\"robots\" content=\"index, follow, max-snippet:-1, max-image-preview:large, max-video-preview:-1\" \/>\n<link rel=\"canonical\" href=\"https:\/\/sunclimbing.com\/tr\/courses\/families-kids\/\" \/>\n<meta property=\"og:locale\" content=\"tr_TR\" \/>\n<meta property=\"og:type\" content=\"article\" \/>\n<meta property=\"og:title\" content=\"Families &amp; Kids - Sunclimbing\" \/>\n<meta property=\"og:description\" content=\"Families &amp; Kids Rock Climbing Course This program is designed for families who want to try another kind of adventure during holiday time.You don\u2019t need any experience, but you will have a lot of fun! Climbing is the perfect family sport You will spend a lot of great time in nature and the outdoors. Also, [&hellip;]\" \/>\n<meta property=\"og:url\" content=\"https:\/\/sunclimbing.com\/tr\/courses\/families-kids\/\" \/>\n<meta property=\"og:site_name\" content=\"Sunclimbing\" \/>\n<meta property=\"article:modified_time\" content=\"2025-08-29T11:40:07+00:00\" \/>\n<meta property=\"og:image\" content=\"https:\/\/sunclimbing.com\/wp-content\/uploads\/2023\/05\/Familie-and-Kids-edited.jpg\" \/>\n\t<meta property=\"og:image:width\" content=\"2160\" \/>\n\t<meta property=\"og:image:height\" content=\"2160\" \/>\n\t<meta property=\"og:image:type\" content=\"image\/jpeg\" \/>\n<meta name=\"twitter:card\" content=\"summary_large_image\" \/>\n<meta name=\"twitter:label1\" content=\"Tahmini okuma s\u00fcresi\" \/>\n\t<meta name=\"twitter:data1\" content=\"5 dakika\" \/>\n<script type=\"application\/ld+json\" class=\"yoast-schema-graph\">{\"@context\":\"https:\\\/\\\/schema.org\",\"@graph\":[{\"@type\":\"WebPage\",\"@id\":\"https:\\\/\\\/sunclimbing.com\\\/courses\\\/families-kids\\\/\",\"url\":\"https:\\\/\\\/sunclimbing.com\\\/courses\\\/families-kids\\\/\",\"name\":\"Families & Kids - Sunclimbing\",\"isPartOf\":{\"@id\":\"https:\\\/\\\/sunclimbing.com\\\/#website\"},\"primaryImageOfPage\":{\"@id\":\"https:\\\/\\\/sunclimbing.com\\\/courses\\\/families-kids\\\/#primaryimage\"},\"image\":{\"@id\":\"https:\\\/\\\/sunclimbing.com\\\/courses\\\/families-kids\\\/#primaryimage\"},\"thumbnailUrl\":\"https:\\\/\\\/sunclimbing.com\\\/wp-content\\\/uploads\\\/2023\\\/05\\\/Familie-and-Kids-edited.jpg\",\"datePublished\":\"2023-06-01T13:35:22+00:00\",\"dateModified\":\"2025-08-29T11:40:07+00:00\",\"breadcrumb\":{\"@id\":\"https:\\\/\\\/sunclimbing.com\\\/courses\\\/families-kids\\\/#breadcrumb\"},\"inLanguage\":\"tr\",\"potentialAction\":[{\"@type\":\"ReadAction\",\"target\":[\"https:\\\/\\\/sunclimbing.com\\\/courses\\\/families-kids\\\/\"]}]},{\"@type\":\"ImageObject\",\"inLanguage\":\"tr\",\"@id\":\"https:\\\/\\\/sunclimbing.com\\\/courses\\\/families-kids\\\/#primaryimage\",\"url\":\"https:\\\/\\\/sunclimbing.com\\\/wp-content\\\/uploads\\\/2023\\\/05\\\/Familie-and-Kids-edited.jpg\",\"contentUrl\":\"https:\\\/\\\/sunclimbing.com\\\/wp-content\\\/uploads\\\/2023\\\/05\\\/Familie-and-Kids-edited.jpg\",\"width\":2160,\"height\":2160},{\"@type\":\"BreadcrumbList\",\"@id\":\"https:\\\/\\\/sunclimbing.com\\\/courses\\\/families-kids\\\/#breadcrumb\",\"itemListElement\":[{\"@type\":\"ListItem\",\"position\":1,\"name\":\"Home\",\"item\":\"https:\\\/\\\/sunclimbing.com\\\/\"},{\"@type\":\"ListItem\",\"position\":2,\"name\":\"Rock Climbing Courses\",\"item\":\"https:\\\/\\\/sunclimbing.com\\\/courses\\\/\"},{\"@type\":\"ListItem\",\"position\":3,\"name\":\"Families &#038; Kids\"}]},{\"@type\":\"WebSite\",\"@id\":\"https:\\\/\\\/sunclimbing.com\\\/#website\",\"url\":\"https:\\\/\\\/sunclimbing.com\\\/\",\"name\":\"Sunclimbing\",\"description\":\"\",\"publisher\":{\"@id\":\"https:\\\/\\\/sunclimbing.com\\\/#organization\"},\"potentialAction\":[{\"@type\":\"SearchAction\",\"target\":{\"@type\":\"EntryPoint\",\"urlTemplate\":\"https:\\\/\\\/sunclimbing.com\\\/?s={search_term_string}\"},\"query-input\":{\"@type\":\"PropertyValueSpecification\",\"valueRequired\":true,\"valueName\":\"search_term_string\"}}],\"inLanguage\":\"tr\"},{\"@type\":\"Organization\",\"@id\":\"https:\\\/\\\/sunclimbing.com\\\/#organization\",\"name\":\"Sunclimbing\",\"url\":\"https:\\\/\\\/sunclimbing.com\\\/\",\"logo\":{\"@type\":\"ImageObject\",\"inLanguage\":\"tr\",\"@id\":\"https:\\\/\\\/sunclimbing.com\\\/#\\\/schema\\\/logo\\\/image\\\/\",\"url\":\"https:\\\/\\\/sunclimbing.com\\\/wp-content\\\/uploads\\\/2023\\\/06\\\/sunclimbing_logo.png\",\"contentUrl\":\"https:\\\/\\\/sunclimbing.com\\\/wp-content\\\/uploads\\\/2023\\\/06\\\/sunclimbing_logo.png\",\"width\":495,\"height\":108,\"caption\":\"Sunclimbing\"},\"image\":{\"@id\":\"https:\\\/\\\/sunclimbing.com\\\/#\\\/schema\\\/logo\\\/image\\\/\"}}]}<\/script>\n<!-- \/ Yoast SEO plugin. -->","yoast_head_json":{"title":"Families & Kids - Sunclimbing","robots":{"index":"index","follow":"follow","max-snippet":"max-snippet:-1","max-image-preview":"max-image-preview:large","max-video-preview":"max-video-preview:-1"},"canonical":"https:\/\/sunclimbing.com\/tr\/courses\/families-kids\/","og_locale":"tr_TR","og_type":"article","og_title":"Families & Kids - Sunclimbing","og_description":"Families &amp; Kids Rock Climbing Course This program is designed for families who want to try another kind of adventure during holiday time.You don\u2019t need any experience, but you will have a lot of fun! Climbing is the perfect family sport You will spend a lot of great time in nature and the outdoors. Also, [&hellip;]","og_url":"https:\/\/sunclimbing.com\/tr\/courses\/families-kids\/","og_site_name":"Sunclimbing","article_modified_time":"2025-08-29T11:40:07+00:00","og_image":[{"width":2160,"height":2160,"url":"https:\/\/sunclimbing.com\/wp-content\/uploads\/2023\/05\/Familie-and-Kids-edited.jpg","type":"image\/jpeg"}],"twitter_card":"summary_large_image","twitter_misc":{"Tahmini okuma s\u00fcresi":"5 dakika"},"schema":{"@context":"https:\/\/schema.org","@graph":[{"@type":"WebPage","@id":"https:\/\/sunclimbing.com\/courses\/families-kids\/","url":"https:\/\/sunclimbing.com\/courses\/families-kids\/","name":"Families & Kids - Sunclimbing","isPartOf":{"@id":"https:\/\/sunclimbing.com\/#website"},"primaryImageOfPage":{"@id":"https:\/\/sunclimbing.com\/courses\/families-kids\/#primaryimage"},"image":{"@id":"https:\/\/sunclimbing.com\/courses\/families-kids\/#primaryimage"},"thumbnailUrl":"https:\/\/sunclimbing.com\/wp-content\/uploads\/2023\/05\/Familie-and-Kids-edited.jpg","datePublished":"2023-06-01T13:35:22+00:00","dateModified":"2025-08-29T11:40:07+00:00","breadcrumb":{"@id":"https:\/\/sunclimbing.com\/courses\/families-kids\/#breadcrumb"},"inLanguage":"tr","potentialAction":[{"@type":"ReadAction","target":["https:\/\/sunclimbing.com\/courses\/families-kids\/"]}]},{"@type":"ImageObject","inLanguage":"tr","@id":"https:\/\/sunclimbing.com\/courses\/families-kids\/#primaryimage","url":"https:\/\/sunclimbing.com\/wp-content\/uploads\/2023\/05\/Familie-and-Kids-edited.jpg","contentUrl":"https:\/\/sunclimbing.com\/wp-content\/uploads\/2023\/05\/Familie-and-Kids-edited.jpg","width":2160,"height":2160},{"@type":"BreadcrumbList","@id":"https:\/\/sunclimbing.com\/courses\/families-kids\/#breadcrumb","itemListElement":[{"@type":"ListItem","position":1,"name":"Home","item":"https:\/\/sunclimbing.com\/"},{"@type":"ListItem","position":2,"name":"Rock Climbing Courses","item":"https:\/\/sunclimbing.com\/courses\/"},{"@type":"ListItem","position":3,"name":"Families &#038; Kids"}]},{"@type":"WebSite","@id":"https:\/\/sunclimbing.com\/#website","url":"https:\/\/sunclimbing.com\/","name":"Sunclimbing","description":"","publisher":{"@id":"https:\/\/sunclimbing.com\/#organization"},"potentialAction":[{"@type":"SearchAction","target":{"@type":"EntryPoint","urlTemplate":"https:\/\/sunclimbing.com\/?s={search_term_string}"},"query-input":{"@type":"PropertyValueSpecification","valueRequired":true,"valueName":"search_term_string"}}],"inLanguage":"tr"},{"@type":"Organization","@id":"https:\/\/sunclimbing.com\/#organization","name":"Sunclimbing","url":"https:\/\/sunclimbing.com\/","logo":{"@type":"ImageObject","inLanguage":"tr","@id":"https:\/\/sunclimbing.com\/#\/schema\/logo\/image\/","url":"https:\/\/sunclimbing.com\/wp-content\/uploads\/2023\/06\/sunclimbing_logo.png","contentUrl":"https:\/\/sunclimbing.com\/wp-content\/uploads\/2023\/06\/sunclimbing_logo.png","width":495,"height":108,"caption":"Sunclimbing"},"image":{"@id":"https:\/\/sunclimbing.com\/#\/schema\/logo\/image\/"}}]}},"_links":{"self":[{"href":"https:\/\/sunclimbing.com\/tr\/wp-json\/wp\/v2\/pages\/2120","targetHints":{"allow":["GET"]}}],"collection":[{"href":"https:\/\/sunclimbing.com\/tr\/wp-json\/wp\/v2\/pages"}],"about":[{"href":"https:\/\/sunclimbing.com\/tr\/wp-json\/wp\/v2\/types\/page"}],"author":[{"embeddable":true,"href":"https:\/\/sunclimbing.com\/tr\/wp-json\/wp\/v2\/users\/1"}],"replies":[{"embeddable":true,"href":"https:\/\/sunclimbing.com\/tr\/wp-json\/wp\/v2\/comments?post=2120"}],"version-history":[{"count":19,"href":"https:\/\/sunclimbing.com\/tr\/wp-json\/wp\/v2\/pages\/2120\/revisions"}],"predecessor-version":[{"id":4824,"href":"https:\/\/sunclimbing.com\/tr\/wp-json\/wp\/v2\/pages\/2120\/revisions\/4824"}],"up":[{"embeddable":true,"href":"https:\/\/sunclimbing.com\/tr\/wp-json\/wp\/v2\/pages\/825"}],"wp:featuredmedia":[{"embeddable":true,"href":"https:\/\/sunclimbing.com\/tr\/wp-json\/wp\/v2\/media\/110"}],"wp:attachment":[{"href":"https:\/\/sunclimbing.com\/tr\/wp-json\/wp\/v2\/media?parent=2120"}],"curies":[{"name":"wp","href":"https:\/\/api.w.org\/{rel}","templated":true}]}}