{"id":2118,"date":"2023-06-01T16:35:12","date_gmt":"2023-06-01T13:35:12","guid":{"rendered":"https:\/\/sunclimbing.wtp\/?page_id=2118"},"modified":"2025-01-15T12:35:35","modified_gmt":"2025-01-15T09:35:35","slug":"multipitch-climbing","status":"publish","type":"page","link":"https:\/\/sunclimbing.com\/tr\/courses\/multipitch-climbing\/","title":{"rendered":"\u00c7ok \u0130p Boylu Kurs"},"content":{"rendered":"<div class=\"wp-block-cover is-light\"><span aria-hidden=\"true\" class=\"wp-block-cover__background has-background-dim\" style=\"background-color:#8e897a\"><\/span><img loading=\"lazy\" decoding=\"async\" width=\"2560\" height=\"1917\" src=\"https:\/\/sunclimbing.com\/wp-content\/uploads\/2023\/06\/DJI_0874-scaled.jpg\" class=\"wp-block-cover__image-background wp-post-image\" alt=\"\" data-object-fit=\"cover\" data-object-position=\"35% 23%\" style=\"object-position:35% 23%;\" srcset=\"https:\/\/sunclimbing.com\/wp-content\/uploads\/2023\/06\/DJI_0874-scaled.jpg 2560w, https:\/\/sunclimbing.com\/wp-content\/uploads\/2023\/06\/DJI_0874-300x225.jpg 300w, https:\/\/sunclimbing.com\/wp-content\/uploads\/2023\/06\/DJI_0874-1024x767.jpg 1024w, https:\/\/sunclimbing.com\/wp-content\/uploads\/2023\/06\/DJI_0874-768x575.jpg 768w, https:\/\/sunclimbing.com\/wp-content\/uploads\/2023\/06\/DJI_0874-1536x1150.jpg 1536w, https:\/\/sunclimbing.com\/wp-content\/uploads\/2023\/06\/DJI_0874-2048x1534.jpg 2048w\" sizes=\"auto, (max-width: 2560px) 100vw, 2560px\" \/><div class=\"wp-block-cover__inner-container is-layout-flow wp-block-cover-is-layout-flow\">\n<div class=\"wp-block-group has-base-color has-text-color has-global-padding is-layout-constrained wp-block-group-is-layout-constrained\">\n<p class=\"has-text-align-center has-tertiary-color has-text-color has-mansalva-font-family has-large-font-size\">Zeminden Zirveye<\/p>\n\n\n<h1 style=\"margin-top:0;margin-right:0;margin-bottom:0;margin-left:0;\" class=\"has-text-align-center wp-block-post-title\">\u00c7ok \u0130p Boylu Kurs<\/h1><\/div>\n<\/div><\/div>\n\n\n\n<div class=\"wp-block-group has-global-padding is-layout-constrained wp-container-core-group-is-layout-a62636b3 wp-block-group-is-layout-constrained\">\n<div class=\"wp-block-columns is-layout-flex wp-container-core-columns-is-layout-28f84493 wp-block-columns-is-layout-flex\">\n<div class=\"wp-block-column is-layout-flow wp-block-column-is-layout-flow\" style=\"flex-basis:66.66%\">\n<h2 class=\"wp-block-heading has-palanquin-font-family\"><strong>\u00c7ok \u0130p Boylu T\u0131rman\u0131\u015f Kursu (Spor)<\/strong><\/h2>\n\n\n\n<p>\u00c7ok ip boylu t\u0131rman\u0131\u015f belki de t\u0131rman\u0131c\u0131lar i\u00e7in en heyecan verici deneyim olabilir. Yerden 60 metre y\u00fckseklikteki bir u\u00e7urumun kenar\u0131ndan sarkarken hissedilen bo\u015fluk hissinin ve bu durumda tamamen rahat hissetmenin hissiyat\u0131 bir ba\u015fkad\u0131r.<\/p>\n\n\n\n<p>\u00c7ok \u0130p Boylu T\u0131rman\u0131\u015f Kursumuz sizi kayan\u0131n en y\u00fcksek noktas\u0131na rehberli bir tura \u00e7\u0131karacakt\u0131r. Yukar\u0131dan do\u011fru bir \u015fekilde emniyet alman\u0131n, istasyon kurman\u0131n ve \u00e7ok ip boylu bir rotadan iple ini\u015fin temellerini \u00f6\u011freneceksiniz. G\u00fcn\u00fcn\u00fcz\u00fcn kalitesini artt\u0131rmak i\u00e7in zaman\u0131 verimli kullanman\u0131za yard\u0131mc\u0131 olacak baz\u0131 basit ip y\u00f6netimi tekniklerini \u00f6\u011freneceksiniz.<\/p>\n<\/div>\n\n\n\n<div class=\"wp-block-column is-layout-flow wp-block-column-is-layout-flow\" style=\"flex-basis:33.33%\">\n<div class=\"wp-block-group has-contrast-color has-tertiary-background-color has-text-color has-background has-link-color wp-elements-4c62ed428190cc45f0ae3cbc3e104899 has-global-padding is-layout-constrained wp-container-core-group-is-layout-67c150cf wp-block-group-is-layout-constrained\" style=\"border-radius:0.5em;padding-top:var(--wp--preset--spacing--30);padding-right:var(--wp--preset--spacing--30);padding-bottom:var(--wp--preset--spacing--30);padding-left:var(--wp--preset--spacing--30)\">\n<h2 class=\"wp-block-heading has-palanquin-font-family has-medium-font-size\" style=\"text-transform:uppercase\">\u015eARTLAR<\/h2>\n\n\n\n<ul class=\"wp-block-list\">\n<li>Kayada lider t\u0131rman\u0131\u015f deneyimi<\/li>\n\n\n\n<li>\u00c7ok ip boylu t\u0131rman\u0131\u015f maceralar\u0131na \u00e7\u0131karken kendilerini ve partnerlerini g\u00fcvende tutabileceklerinden emin olma iste\u011fi<\/li>\n<\/ul>\n\n\n\n<h2 class=\"wp-block-heading has-palanquin-font-family has-medium-font-size\" style=\"text-transform:uppercase\">GET\u0130R\u0130LMES\u0130 GEREKENLER<\/h2>\n\n\n\n<ul class=\"wp-block-list\">\n<li>Ki\u015fisel t\u0131rman\u0131\u015f ekipman\u0131 (gerekirse Sun Climbing'den kiralanabilir)<\/li>\n\n\n\n<li>G\u00fcne\u015f korumas\u0131<\/li>\n\n\n\n<li>Hava ko\u015fullar\u0131na g\u00f6re g\u00fcne\u015f korumas\u0131<\/li>\n<\/ul>\n<\/div>\n<\/div>\n<\/div>\n\n\n\n<div class=\"wp-block-group has-global-padding is-layout-constrained wp-block-group-is-layout-constrained\">\n<h2 class=\"wp-block-heading has-tertiary-color has-text-color has-palanquin-font-family\" style=\"text-transform:uppercase\">PROGRAM<\/h2>\n\n\n\n<div class=\"wp-block-columns is-layout-flex wp-container-core-columns-is-layout-28f84493 wp-block-columns-is-layout-flex\">\n<div class=\"wp-block-column is-layout-flow wp-block-column-is-layout-flow\">\n<p><strong>1. G\u00dcN (6 saat)<\/strong><\/p>\n\n\n\n<ul class=\"wp-block-list\">\n<li>Maksimum oran 1:2'dir<\/li>\n\n\n\n<li>\u0130stasyon kurulumu ve yukar\u0131dan emniyet almay\u0131 \u00f6\u011frenmek<\/li>\n\n\n\n<li>Lider t\u0131rman\u0131\u015f<\/li>\n\n\n\n<li>Malzeme se\u00e7imi<\/li>\n\n\n\n<li>\u0130ple ini\u015f ve ka\u00e7\u0131\u015f<\/li>\n\n\n\n<li>\u00c7ok ip boylu t\u0131rman\u0131\u015flar i\u00e7in t\u0131rman\u0131\u015f \u00e7a\u011fr\u0131lar\u0131 ve ileti\u015fim<\/li>\n\n\n\n<li>\u00c7ift ip teknikleri<\/li>\n<\/ul>\n<\/div>\n\n\n\n<div class=\"wp-block-column is-layout-flow wp-block-column-is-layout-flow\">\n<p><strong>2. G\u00dcN (ayr\u0131ca rezervasyon yap\u0131lmas\u0131 gerekir)<\/strong><\/p>\n\n\n\n<ul class=\"wp-block-list\">\n<li>\u00c7ok ip boylu bir rotaya t\u0131rman\u0131\u015f (2 ip boyu) \ud83d\ude42<\/li>\n<\/ul>\n<\/div>\n<\/div>\n<\/div>\n\n\n\n<div class=\"wp-block-group has-global-padding is-layout-constrained wp-block-group-is-layout-constrained\">\n<h2 class=\"wp-block-heading has-tertiary-color has-text-color has-palanquin-font-family\" style=\"text-transform:uppercase\">Fiyatlarimiz<\/h2>\n\n\n\n<figure class=\"wp-block-table\"><table><tbody><tr><td><strong>Rezervasyon yapt\u0131ran ki\u015fi say\u0131s\u0131<\/strong><\/td><td><strong>1 G\u00fcn (6 saat)<\/strong><\/td><\/tr><tr><td>1 ki\u015fi<\/td><td>190,00 \u20ac (ki\u015fi ba\u015f\u0131)<\/td><\/tr><tr><td>2 ki\u015fi<\/td><td>180,00 \u20ac (ki\u015fi ba\u015f\u0131)<\/td><\/tr><\/tbody><\/table><figcaption class=\"wp-element-caption\">T\u00fcm fiyatlar ki\u015fi ba\u015f\u0131 ve Euro baz\u0131ndad\u0131r.<\/figcaption><\/figure>\n\n\n\n<p><strong>Nakit \u00f6demeye % 10 indirim uygulamaktay\u0131z.<\/strong><\/p>\n<\/div>\n\n\n\n<div class=\"wp-block-columns is-layout-flex wp-container-core-columns-is-layout-28f84493 wp-block-columns-is-layout-flex\">\n<div class=\"wp-block-column is-layout-flow wp-block-column-is-layout-flow\">\n<h2 class=\"wp-block-heading has-tertiary-color has-text-color has-palanquin-font-family\" style=\"text-transform:uppercase\">PROGRAMA DAH\u0130L OLANLAR<\/h2>\n\n\n\n<p>6 hours of multi-pitch climbing class with a professional, local climbing guide (certified by the Austrian Alpine Club and the Turkish Mountain Federation) who will adapt the climbing day according to your needs and wishes.<\/p>\n\n\n\n<p>Sun Climbing'den \u00e7ok ip boylu t\u0131rman\u0131\u015f malzemeleri.<\/p>\n\n\n\n<p>T\u0131rman\u0131\u015f ve t\u0131rman\u0131\u015f teknikleri hakk\u0131nda diledi\u011finiz kadar soru-cevap. Kafan\u0131zda soru i\u015fareti kalmamas\u0131 i\u00e7in size elimizden geldi\u011fince yard\u0131mc\u0131 olaca\u011f\u0131z.<\/p>\n\n\n\n<p>Sizin ve grubunuzun g\u00fcn boyunca \u00e7ekilmi\u015f harika t\u0131rman\u0131\u015f foto\u011fraflar\u0131. G\u00fcn\u00fcn sonunda bu foto\u011fraflar\u0131 sizinle payla\u015faca\u011f\u0131z.<\/p>\n<\/div>\n\n\n\n<div class=\"wp-block-column is-layout-flow wp-block-column-is-layout-flow\">\n<h2 class=\"wp-block-heading has-tertiary-color has-text-color has-palanquin-font-family\" style=\"text-transform:uppercase\">PROGRAMA DAH\u0130L OLMAYANLAR<\/h2>\n\n\n\n<p>T\u0131rman\u0131\u015f ekipmanlar\u0131 dahil de\u011fildir. T\u0131rman\u0131\u015f ayakkab\u0131s\u0131 ve di\u011fer t\u0131rman\u0131\u015f ekipmanlar\u0131 gerekirse Sunclimbing'de kiralanabilir.<\/p>\n\n\n\n<p>Geyikbay\u0131r\u0131'na ve Sunclimbing'e ula\u015f\u0131m sizin taraf\u0131n\u0131zdan organize edilmelidir. Ancak transfer almak isterseniz l\u00fctfen bize ula\u015f\u0131n.<\/p>\n\n\n\n<p>T\u0131rman\u0131\u015f\u0131 G\u00fcn\u00fc i\u00e7in ki\u015fi ba\u015f\u0131 8,00 \u20ac kar\u015f\u0131l\u0131\u011f\u0131nda paketlenmi\u015f bir \u00f6\u011fle yeme\u011fi de sunabiliriz. L\u00fctfen kurs rezervasyonu yaparken bize bildirin.<\/p>\n<\/div>\n<\/div>\n\n\n\n<div class=\"wp-block-group has-global-padding is-layout-constrained wp-block-group-is-layout-constrained\">\n<h2 class=\"wp-block-heading has-tertiary-color has-text-color has-palanquin-font-family\" style=\"text-transform:uppercase\">Nas\u0131l rezervasyon yap\u0131l\u0131r<\/h2>\n\n\n\n<div class=\"wp-block-group has-tertiary-background-color has-background has-global-padding is-layout-constrained wp-container-core-group-is-layout-80fb368b wp-block-group-is-layout-constrained\" style=\"padding-top:var(--wp--preset--spacing--30);padding-right:var(--wp--preset--spacing--30);padding-bottom:var(--wp--preset--spacing--30);padding-left:var(--wp--preset--spacing--30)\">\n<p class=\"translation-block\">L\u00fctfen dikkat: Kurs takvimi rezervasyonumuz yak\u0131nda etkinle\u015ftirilecektir, o zamana kadar l\u00fctfen rezervasyon i\u00e7in do\u011frudan bizimle ileti\u015fime ge\u00e7in.<\/p>\n<\/div>\n<\/div>\n\n\n\n<div class=\"wp-block-group has-global-padding is-layout-constrained wp-block-group-is-layout-constrained\">\n<h2 class=\"wp-block-heading has-tertiary-color has-text-color has-palanquin-font-family\" style=\"text-transform:uppercase\">Impressions of a Multi-pitch Climbing Day:<\/h2>\n\n\n\n<figure class=\"wp-block-gallery has-nested-images columns-default is-cropped wp-block-gallery-1 is-layout-flex wp-block-gallery-is-layout-flex\">\n<figure class=\"wp-block-image size-large\"><img loading=\"lazy\" decoding=\"async\" width=\"683\" height=\"1024\" data-id=\"2050\" src=\"https:\/\/sunclimbing.com\/wp-content\/uploads\/2023\/06\/2G3A4068-683x1024.jpg\" alt=\"\" class=\"wp-image-2050\" srcset=\"https:\/\/sunclimbing.com\/wp-content\/uploads\/2023\/06\/2G3A4068-683x1024.jpg 683w, https:\/\/sunclimbing.com\/wp-content\/uploads\/2023\/06\/2G3A4068-200x300.jpg 200w, https:\/\/sunclimbing.com\/wp-content\/uploads\/2023\/06\/2G3A4068-768x1152.jpg 768w, https:\/\/sunclimbing.com\/wp-content\/uploads\/2023\/06\/2G3A4068-1024x1536.jpg 1024w, https:\/\/sunclimbing.com\/wp-content\/uploads\/2023\/06\/2G3A4068-1365x2048.jpg 1365w, https:\/\/sunclimbing.com\/wp-content\/uploads\/2023\/06\/2G3A4068-scaled.jpg 1707w\" sizes=\"auto, (max-width: 683px) 100vw, 683px\" \/><\/figure>\n\n\n\n<figure class=\"wp-block-image size-large\"><img loading=\"lazy\" decoding=\"async\" width=\"683\" height=\"1024\" data-id=\"2049\" src=\"https:\/\/sunclimbing.com\/wp-content\/uploads\/2023\/06\/2G3A4054-683x1024.jpg\" alt=\"\" class=\"wp-image-2049\" srcset=\"https:\/\/sunclimbing.com\/wp-content\/uploads\/2023\/06\/2G3A4054-683x1024.jpg 683w, https:\/\/sunclimbing.com\/wp-content\/uploads\/2023\/06\/2G3A4054-200x300.jpg 200w, https:\/\/sunclimbing.com\/wp-content\/uploads\/2023\/06\/2G3A4054-768x1152.jpg 768w, https:\/\/sunclimbing.com\/wp-content\/uploads\/2023\/06\/2G3A4054-1024x1536.jpg 1024w, https:\/\/sunclimbing.com\/wp-content\/uploads\/2023\/06\/2G3A4054-1365x2048.jpg 1365w, https:\/\/sunclimbing.com\/wp-content\/uploads\/2023\/06\/2G3A4054-scaled.jpg 1707w\" sizes=\"auto, (max-width: 683px) 100vw, 683px\" \/><\/figure>\n\n\n\n<figure class=\"wp-block-image size-large\"><img loading=\"lazy\" decoding=\"async\" width=\"1024\" height=\"767\" data-id=\"2086\" src=\"https:\/\/sunclimbing.com\/wp-content\/uploads\/2023\/06\/DJI_0833-1024x767.jpg\" alt=\"\" class=\"wp-image-2086\" srcset=\"https:\/\/sunclimbing.com\/wp-content\/uploads\/2023\/06\/DJI_0833-1024x767.jpg 1024w, https:\/\/sunclimbing.com\/wp-content\/uploads\/2023\/06\/DJI_0833-300x225.jpg 300w, https:\/\/sunclimbing.com\/wp-content\/uploads\/2023\/06\/DJI_0833-768x575.jpg 768w, https:\/\/sunclimbing.com\/wp-content\/uploads\/2023\/06\/DJI_0833-1536x1150.jpg 1536w, https:\/\/sunclimbing.com\/wp-content\/uploads\/2023\/06\/DJI_0833-2048x1534.jpg 2048w\" sizes=\"auto, (max-width: 1024px) 100vw, 1024px\" \/><\/figure>\n\n\n\n<figure class=\"wp-block-image size-large\"><img loading=\"lazy\" decoding=\"async\" width=\"1024\" height=\"767\" data-id=\"2080\" src=\"https:\/\/sunclimbing.com\/wp-content\/uploads\/2023\/06\/DJI_0817-1024x767.jpg\" alt=\"\" class=\"wp-image-2080\" srcset=\"https:\/\/sunclimbing.com\/wp-content\/uploads\/2023\/06\/DJI_0817-1024x767.jpg 1024w, https:\/\/sunclimbing.com\/wp-content\/uploads\/2023\/06\/DJI_0817-300x225.jpg 300w, https:\/\/sunclimbing.com\/wp-content\/uploads\/2023\/06\/DJI_0817-768x575.jpg 768w, https:\/\/sunclimbing.com\/wp-content\/uploads\/2023\/06\/DJI_0817-1536x1150.jpg 1536w, https:\/\/sunclimbing.com\/wp-content\/uploads\/2023\/06\/DJI_0817-2048x1534.jpg 2048w\" sizes=\"auto, (max-width: 1024px) 100vw, 1024px\" \/><\/figure>\n\n\n\n<figure class=\"wp-block-image size-large\"><img loading=\"lazy\" decoding=\"async\" width=\"1024\" height=\"767\" data-id=\"2083\" src=\"https:\/\/sunclimbing.com\/wp-content\/uploads\/2023\/06\/DJI_0828-1024x767.jpg\" alt=\"\" class=\"wp-image-2083\" srcset=\"https:\/\/sunclimbing.com\/wp-content\/uploads\/2023\/06\/DJI_0828-1024x767.jpg 1024w, https:\/\/sunclimbing.com\/wp-content\/uploads\/2023\/06\/DJI_0828-300x225.jpg 300w, https:\/\/sunclimbing.com\/wp-content\/uploads\/2023\/06\/DJI_0828-768x575.jpg 768w, https:\/\/sunclimbing.com\/wp-content\/uploads\/2023\/06\/DJI_0828-1536x1150.jpg 1536w, https:\/\/sunclimbing.com\/wp-content\/uploads\/2023\/06\/DJI_0828-2048x1534.jpg 2048w\" sizes=\"auto, (max-width: 1024px) 100vw, 1024px\" \/><\/figure>\n\n\n\n<figure class=\"wp-block-image size-large\"><img loading=\"lazy\" decoding=\"async\" width=\"1024\" height=\"767\" data-id=\"2098\" src=\"https:\/\/sunclimbing.com\/wp-content\/uploads\/2023\/06\/DJI_0874-1024x767.jpg\" alt=\"\" class=\"wp-image-2098\" srcset=\"https:\/\/sunclimbing.com\/wp-content\/uploads\/2023\/06\/DJI_0874-1024x767.jpg 1024w, https:\/\/sunclimbing.com\/wp-content\/uploads\/2023\/06\/DJI_0874-300x225.jpg 300w, https:\/\/sunclimbing.com\/wp-content\/uploads\/2023\/06\/DJI_0874-768x575.jpg 768w, https:\/\/sunclimbing.com\/wp-content\/uploads\/2023\/06\/DJI_0874-1536x1150.jpg 1536w, https:\/\/sunclimbing.com\/wp-content\/uploads\/2023\/06\/DJI_0874-2048x1534.jpg 2048w\" sizes=\"auto, (max-width: 1024px) 100vw, 1024px\" \/><\/figure>\n<\/figure>\n<\/div>\n<\/div>","protected":false},"excerpt":{"rendered":"<p>Multi-pitch Climbing Course (Sport) Multi-pitch rock climbing is perhaps the most exhilarating experience available to climbers. There is something special about the exposure one feels while hanging from the side of a cliff 60 meters above the ground and feeling totally comfortable. Our Introduction to Multi-Pitch Climbing Course will take you on a guided tour [&hellip;]<\/p>\n","protected":false},"author":1,"featured_media":2098,"parent":825,"menu_order":0,"comment_status":"closed","ping_status":"closed","template":"","meta":{"footnotes":""},"class_list":["post-2118","page","type-page","status-publish","has-post-thumbnail","hentry"],"yoast_head":"<!-- This site is optimized with the Yoast SEO plugin v27.4 - https:\/\/yoast.com\/product\/yoast-seo-wordpress\/ -->\n<title>Multi-pitch Climbing - Sunclimbing<\/title>\n<meta name=\"robots\" content=\"index, follow, max-snippet:-1, max-image-preview:large, max-video-preview:-1\" \/>\n<link rel=\"canonical\" href=\"https:\/\/sunclimbing.com\/tr\/courses\/multipitch-climbing\/\" \/>\n<meta property=\"og:locale\" content=\"tr_TR\" \/>\n<meta property=\"og:type\" content=\"article\" \/>\n<meta property=\"og:title\" content=\"Multi-pitch Climbing - Sunclimbing\" \/>\n<meta property=\"og:description\" content=\"Multi-pitch Climbing Course (Sport) Multi-pitch rock climbing is perhaps the most exhilarating experience available to climbers. There is something special about the exposure one feels while hanging from the side of a cliff 60 meters above the ground and feeling totally comfortable. Our Introduction to Multi-Pitch Climbing Course will take you on a guided tour [&hellip;]\" \/>\n<meta property=\"og:url\" content=\"https:\/\/sunclimbing.com\/tr\/courses\/multipitch-climbing\/\" \/>\n<meta property=\"og:site_name\" content=\"Sunclimbing\" \/>\n<meta property=\"article:modified_time\" content=\"2025-01-15T09:35:35+00:00\" \/>\n<meta property=\"og:image\" content=\"https:\/\/sunclimbing.com\/wp-content\/uploads\/2023\/06\/DJI_0874-scaled.jpg\" \/>\n\t<meta property=\"og:image:width\" content=\"2560\" \/>\n\t<meta property=\"og:image:height\" content=\"1917\" \/>\n\t<meta property=\"og:image:type\" content=\"image\/jpeg\" \/>\n<meta name=\"twitter:card\" content=\"summary_large_image\" \/>\n<meta name=\"twitter:label1\" content=\"Tahmini okuma s\u00fcresi\" \/>\n\t<meta name=\"twitter:data1\" content=\"7 dakika\" \/>\n<script type=\"application\/ld+json\" class=\"yoast-schema-graph\">{\"@context\":\"https:\\\/\\\/schema.org\",\"@graph\":[{\"@type\":\"WebPage\",\"@id\":\"https:\\\/\\\/sunclimbing.com\\\/courses\\\/multipitch-climbing\\\/\",\"url\":\"https:\\\/\\\/sunclimbing.com\\\/courses\\\/multipitch-climbing\\\/\",\"name\":\"Multi-pitch Climbing - Sunclimbing\",\"isPartOf\":{\"@id\":\"https:\\\/\\\/sunclimbing.com\\\/#website\"},\"primaryImageOfPage\":{\"@id\":\"https:\\\/\\\/sunclimbing.com\\\/courses\\\/multipitch-climbing\\\/#primaryimage\"},\"image\":{\"@id\":\"https:\\\/\\\/sunclimbing.com\\\/courses\\\/multipitch-climbing\\\/#primaryimage\"},\"thumbnailUrl\":\"https:\\\/\\\/sunclimbing.com\\\/wp-content\\\/uploads\\\/2023\\\/06\\\/DJI_0874-scaled.jpg\",\"datePublished\":\"2023-06-01T13:35:12+00:00\",\"dateModified\":\"2025-01-15T09:35:35+00:00\",\"breadcrumb\":{\"@id\":\"https:\\\/\\\/sunclimbing.com\\\/courses\\\/multipitch-climbing\\\/#breadcrumb\"},\"inLanguage\":\"tr\",\"potentialAction\":[{\"@type\":\"ReadAction\",\"target\":[\"https:\\\/\\\/sunclimbing.com\\\/courses\\\/multipitch-climbing\\\/\"]}]},{\"@type\":\"ImageObject\",\"inLanguage\":\"tr\",\"@id\":\"https:\\\/\\\/sunclimbing.com\\\/courses\\\/multipitch-climbing\\\/#primaryimage\",\"url\":\"https:\\\/\\\/sunclimbing.com\\\/wp-content\\\/uploads\\\/2023\\\/06\\\/DJI_0874-scaled.jpg\",\"contentUrl\":\"https:\\\/\\\/sunclimbing.com\\\/wp-content\\\/uploads\\\/2023\\\/06\\\/DJI_0874-scaled.jpg\",\"width\":2560,\"height\":1917},{\"@type\":\"BreadcrumbList\",\"@id\":\"https:\\\/\\\/sunclimbing.com\\\/courses\\\/multipitch-climbing\\\/#breadcrumb\",\"itemListElement\":[{\"@type\":\"ListItem\",\"position\":1,\"name\":\"Home\",\"item\":\"https:\\\/\\\/sunclimbing.com\\\/\"},{\"@type\":\"ListItem\",\"position\":2,\"name\":\"Rock Climbing Courses\",\"item\":\"https:\\\/\\\/sunclimbing.com\\\/courses\\\/\"},{\"@type\":\"ListItem\",\"position\":3,\"name\":\"Multi-pitch Climbing\"}]},{\"@type\":\"WebSite\",\"@id\":\"https:\\\/\\\/sunclimbing.com\\\/#website\",\"url\":\"https:\\\/\\\/sunclimbing.com\\\/\",\"name\":\"Sunclimbing\",\"description\":\"\",\"publisher\":{\"@id\":\"https:\\\/\\\/sunclimbing.com\\\/#organization\"},\"potentialAction\":[{\"@type\":\"SearchAction\",\"target\":{\"@type\":\"EntryPoint\",\"urlTemplate\":\"https:\\\/\\\/sunclimbing.com\\\/?s={search_term_string}\"},\"query-input\":{\"@type\":\"PropertyValueSpecification\",\"valueRequired\":true,\"valueName\":\"search_term_string\"}}],\"inLanguage\":\"tr\"},{\"@type\":\"Organization\",\"@id\":\"https:\\\/\\\/sunclimbing.com\\\/#organization\",\"name\":\"Sunclimbing\",\"url\":\"https:\\\/\\\/sunclimbing.com\\\/\",\"logo\":{\"@type\":\"ImageObject\",\"inLanguage\":\"tr\",\"@id\":\"https:\\\/\\\/sunclimbing.com\\\/#\\\/schema\\\/logo\\\/image\\\/\",\"url\":\"https:\\\/\\\/sunclimbing.com\\\/wp-content\\\/uploads\\\/2023\\\/06\\\/sunclimbing_logo.png\",\"contentUrl\":\"https:\\\/\\\/sunclimbing.com\\\/wp-content\\\/uploads\\\/2023\\\/06\\\/sunclimbing_logo.png\",\"width\":495,\"height\":108,\"caption\":\"Sunclimbing\"},\"image\":{\"@id\":\"https:\\\/\\\/sunclimbing.com\\\/#\\\/schema\\\/logo\\\/image\\\/\"}}]}<\/script>\n<!-- \/ Yoast SEO plugin. -->","yoast_head_json":{"title":"Multi-pitch Climbing - Sunclimbing","robots":{"index":"index","follow":"follow","max-snippet":"max-snippet:-1","max-image-preview":"max-image-preview:large","max-video-preview":"max-video-preview:-1"},"canonical":"https:\/\/sunclimbing.com\/tr\/courses\/multipitch-climbing\/","og_locale":"tr_TR","og_type":"article","og_title":"Multi-pitch Climbing - Sunclimbing","og_description":"Multi-pitch Climbing Course (Sport) Multi-pitch rock climbing is perhaps the most exhilarating experience available to climbers. There is something special about the exposure one feels while hanging from the side of a cliff 60 meters above the ground and feeling totally comfortable. Our Introduction to Multi-Pitch Climbing Course will take you on a guided tour [&hellip;]","og_url":"https:\/\/sunclimbing.com\/tr\/courses\/multipitch-climbing\/","og_site_name":"Sunclimbing","article_modified_time":"2025-01-15T09:35:35+00:00","og_image":[{"width":2560,"height":1917,"url":"https:\/\/sunclimbing.com\/wp-content\/uploads\/2023\/06\/DJI_0874-scaled.jpg","type":"image\/jpeg"}],"twitter_card":"summary_large_image","twitter_misc":{"Tahmini okuma s\u00fcresi":"7 dakika"},"schema":{"@context":"https:\/\/schema.org","@graph":[{"@type":"WebPage","@id":"https:\/\/sunclimbing.com\/courses\/multipitch-climbing\/","url":"https:\/\/sunclimbing.com\/courses\/multipitch-climbing\/","name":"Multi-pitch Climbing - Sunclimbing","isPartOf":{"@id":"https:\/\/sunclimbing.com\/#website"},"primaryImageOfPage":{"@id":"https:\/\/sunclimbing.com\/courses\/multipitch-climbing\/#primaryimage"},"image":{"@id":"https:\/\/sunclimbing.com\/courses\/multipitch-climbing\/#primaryimage"},"thumbnailUrl":"https:\/\/sunclimbing.com\/wp-content\/uploads\/2023\/06\/DJI_0874-scaled.jpg","datePublished":"2023-06-01T13:35:12+00:00","dateModified":"2025-01-15T09:35:35+00:00","breadcrumb":{"@id":"https:\/\/sunclimbing.com\/courses\/multipitch-climbing\/#breadcrumb"},"inLanguage":"tr","potentialAction":[{"@type":"ReadAction","target":["https:\/\/sunclimbing.com\/courses\/multipitch-climbing\/"]}]},{"@type":"ImageObject","inLanguage":"tr","@id":"https:\/\/sunclimbing.com\/courses\/multipitch-climbing\/#primaryimage","url":"https:\/\/sunclimbing.com\/wp-content\/uploads\/2023\/06\/DJI_0874-scaled.jpg","contentUrl":"https:\/\/sunclimbing.com\/wp-content\/uploads\/2023\/06\/DJI_0874-scaled.jpg","width":2560,"height":1917},{"@type":"BreadcrumbList","@id":"https:\/\/sunclimbing.com\/courses\/multipitch-climbing\/#breadcrumb","itemListElement":[{"@type":"ListItem","position":1,"name":"Home","item":"https:\/\/sunclimbing.com\/"},{"@type":"ListItem","position":2,"name":"Rock Climbing Courses","item":"https:\/\/sunclimbing.com\/courses\/"},{"@type":"ListItem","position":3,"name":"Multi-pitch Climbing"}]},{"@type":"WebSite","@id":"https:\/\/sunclimbing.com\/#website","url":"https:\/\/sunclimbing.com\/","name":"Sunclimbing","description":"","publisher":{"@id":"https:\/\/sunclimbing.com\/#organization"},"potentialAction":[{"@type":"SearchAction","target":{"@type":"EntryPoint","urlTemplate":"https:\/\/sunclimbing.com\/?s={search_term_string}"},"query-input":{"@type":"PropertyValueSpecification","valueRequired":true,"valueName":"search_term_string"}}],"inLanguage":"tr"},{"@type":"Organization","@id":"https:\/\/sunclimbing.com\/#organization","name":"Sunclimbing","url":"https:\/\/sunclimbing.com\/","logo":{"@type":"ImageObject","inLanguage":"tr","@id":"https:\/\/sunclimbing.com\/#\/schema\/logo\/image\/","url":"https:\/\/sunclimbing.com\/wp-content\/uploads\/2023\/06\/sunclimbing_logo.png","contentUrl":"https:\/\/sunclimbing.com\/wp-content\/uploads\/2023\/06\/sunclimbing_logo.png","width":495,"height":108,"caption":"Sunclimbing"},"image":{"@id":"https:\/\/sunclimbing.com\/#\/schema\/logo\/image\/"}}]}},"_links":{"self":[{"href":"https:\/\/sunclimbing.com\/tr\/wp-json\/wp\/v2\/pages\/2118","targetHints":{"allow":["GET"]}}],"collection":[{"href":"https:\/\/sunclimbing.com\/tr\/wp-json\/wp\/v2\/pages"}],"about":[{"href":"https:\/\/sunclimbing.com\/tr\/wp-json\/wp\/v2\/types\/page"}],"author":[{"embeddable":true,"href":"https:\/\/sunclimbing.com\/tr\/wp-json\/wp\/v2\/users\/1"}],"replies":[{"embeddable":true,"href":"https:\/\/sunclimbing.com\/tr\/wp-json\/wp\/v2\/comments?post=2118"}],"version-history":[{"count":14,"href":"https:\/\/sunclimbing.com\/tr\/wp-json\/wp\/v2\/pages\/2118\/revisions"}],"predecessor-version":[{"id":4781,"href":"https:\/\/sunclimbing.com\/tr\/wp-json\/wp\/v2\/pages\/2118\/revisions\/4781"}],"up":[{"embeddable":true,"href":"https:\/\/sunclimbing.com\/tr\/wp-json\/wp\/v2\/pages\/825"}],"wp:featuredmedia":[{"embeddable":true,"href":"https:\/\/sunclimbing.com\/tr\/wp-json\/wp\/v2\/media\/2098"}],"wp:attachment":[{"href":"https:\/\/sunclimbing.com\/tr\/wp-json\/wp\/v2\/media?parent=2118"}],"curies":[{"name":"wp","href":"https:\/\/api.w.org\/{rel}","templated":true}]}}