{"id":2116,"date":"2023-06-01T16:35:04","date_gmt":"2023-06-01T13:35:04","guid":{"rendered":"https:\/\/sunclimbing.wtp\/?page_id=2116"},"modified":"2025-08-29T14:42:19","modified_gmt":"2025-08-29T11:42:19","slug":"beginner-climbing","status":"publish","type":"page","link":"https:\/\/sunclimbing.com\/tr\/courses\/beginner-climbing\/","title":{"rendered":"Temel Seviye Kurs"},"content":{"rendered":"<div class=\"wp-block-cover\"><span aria-hidden=\"true\" class=\"wp-block-cover__background has-background-dim\" style=\"background-color:#665b4f\"><\/span><img loading=\"lazy\" decoding=\"async\" width=\"2560\" height=\"1707\" src=\"https:\/\/sunclimbing.com\/wp-content\/uploads\/2023\/06\/2G3A3998-scaled.jpg\" class=\"wp-block-cover__image-background wp-post-image\" alt=\"\" data-object-fit=\"cover\" srcset=\"https:\/\/sunclimbing.com\/wp-content\/uploads\/2023\/06\/2G3A3998-scaled.jpg 2560w, https:\/\/sunclimbing.com\/wp-content\/uploads\/2023\/06\/2G3A3998-300x200.jpg 300w, https:\/\/sunclimbing.com\/wp-content\/uploads\/2023\/06\/2G3A3998-1024x683.jpg 1024w, https:\/\/sunclimbing.com\/wp-content\/uploads\/2023\/06\/2G3A3998-768x512.jpg 768w, https:\/\/sunclimbing.com\/wp-content\/uploads\/2023\/06\/2G3A3998-1536x1024.jpg 1536w, https:\/\/sunclimbing.com\/wp-content\/uploads\/2023\/06\/2G3A3998-2048x1365.jpg 2048w\" sizes=\"auto, (max-width: 2560px) 100vw, 2560px\" \/><div class=\"wp-block-cover__inner-container is-layout-flow wp-block-cover-is-layout-flow\">\n<div class=\"wp-block-group has-base-color has-text-color has-global-padding is-layout-constrained wp-block-group-is-layout-constrained\">\n<p class=\"has-text-align-center has-tertiary-color has-text-color has-mansalva-font-family has-large-font-size\">3 g\u00fcnde t\u0131rman\u0131c\u0131 olmak i\u00e7in <\/p>\n\n\n<h1 style=\"margin-top:0;margin-right:0;margin-bottom:0;margin-left:0;\" class=\"has-text-align-center wp-block-post-title translation-block\"><a href=\"https:\/\/sunclimbing.com\/tr\/course-overview\/beginner-climbing\/\" data-type=\"page\" data-id=\"2116\" target=\"_self\">Temel Seviye<br>Kurs<\/a><\/h1><\/div>\n<\/div><\/div>\n\n\n\n<div class=\"wp-block-group has-global-padding is-layout-constrained wp-container-core-group-is-layout-a62636b3 wp-block-group-is-layout-constrained\">\n<div class=\"wp-block-columns is-layout-flex wp-container-core-columns-is-layout-28f84493 wp-block-columns-is-layout-flex\">\n<div class=\"wp-block-column is-layout-flow wp-block-column-is-layout-flow\" style=\"flex-basis:66.66%\">\n<h4 class=\"wp-block-heading translation-block\">Temel seviye kaya t\u0131rman\u0131\u015f kursu (3 g\u00fcn)<\/h4>\n\n\n\n<p class=\"translation-block\">Kaya t\u0131rman\u0131\u015f\u0131 heyecan verici bir spordur ve temel seviye kursumuz t\u0131rman\u0131\u015fa ba\u015flamak i\u00e7in harika bir yoldur. Bu kursumuz daha \u00f6nce hi\u00e7 t\u0131rmanmam\u0131\u015f veya kayada deneme t\u0131rman\u0131\u015flar\u0131 yapm\u0131\u015f olanlar i\u00e7in tasarlanm\u0131\u015ft\u0131r.<\/p>\n\n\n\n<p>In this 3 days outdoor rock climbing course for beginners, you will learn foundational climbing movement skills and top rope techniques for rock climbing outdoors &#8211; instructed by our top-qualified climbing guides (Austrian Alpine Club and Turkish Mountain Federation).<\/p>\n\n\n\n<p>Top-rope t\u0131rman\u0131\u015f\u0131 (veya top-roping) t\u0131rmanman\u0131n en kolay, en basit ve en g\u00fcvenli yoludur.<\/p>\n\n\n\n<p class=\"translation-block\">Bu kurs s\u0131ras\u0131nda sizi sadece t\u0131rman\u0131\u015fa g\u00f6t\u00fcrmeyece\u011fiz. Size top-rope sisteminin mekani\u011fini tan\u0131tacak, partnerinize nas\u0131l emniyet alaca\u011f\u0131n\u0131z\u0131 \u00f6\u011fretecek, sorumlu ve bilgili bir t\u0131rman\u0131c\u0131 olman\u0131z i\u00e7in gereken temelleri geli\u015ftirmenizi sa\u011flayaca\u011f\u0131z.<\/p>\n\n\n\n<p>Bu 3 g\u00fcnde t\u0131rmanmak i\u00e7in bolca zaman\u0131n\u0131z olacak ve e\u011fitmenlerimiz size t\u0131rman\u0131\u015f (dik y\u00fczeyde hareket tekni\u011fi) ve ip teknikleri konusunda e\u011fitmenlik yapacak. B\u00f6ylece eminiz ki kayada hem e\u011flenceli hem de \u00f6\u011fretici birka\u00e7 g\u00fcn ge\u00e7ireceksiniz!<\/p>\n<\/div>\n\n\n\n<div class=\"wp-block-column is-layout-flow wp-block-column-is-layout-flow\" style=\"flex-basis:33.33%\">\n<div class=\"wp-block-group has-contrast-color has-tertiary-background-color has-text-color has-background has-link-color wp-elements-47db1dea1fba870e052947849db969f6 has-global-padding is-layout-constrained wp-container-core-group-is-layout-67c150cf wp-block-group-is-layout-constrained\" style=\"border-radius:0.5em;padding-top:var(--wp--preset--spacing--30);padding-right:var(--wp--preset--spacing--30);padding-bottom:var(--wp--preset--spacing--30);padding-left:var(--wp--preset--spacing--30)\">\n<div class=\"wp-block-group has-global-padding is-layout-constrained wp-container-core-group-is-layout-92b9201d wp-block-group-is-layout-constrained\">\n<h2 class=\"wp-block-heading has-palanquin-font-family has-medium-font-size\" style=\"text-transform:uppercase\">\u015eARTLAR<\/h2>\n\n\n\n<p>Kaya t\u0131rman\u0131\u015f\u0131na ilgi ve temel fiziksel kondisyon<\/p>\n<\/div>\n\n\n\n<div class=\"wp-block-group has-global-padding is-layout-constrained wp-container-core-group-is-layout-92b9201d wp-block-group-is-layout-constrained\">\n<h2 class=\"wp-block-heading has-palanquin-font-family has-medium-font-size\" style=\"text-transform:uppercase\">GET\u0130R\u0130LMES\u0130 GEREKENLER<\/h2>\n\n\n\n<ul class=\"wp-block-list\">\n<li>Kaya t\u0131rman\u0131\u015f ayakkab\u0131lar\u0131 da dahil olmak \u00fczere rahat k\u0131yafetler (Hava ko\u015fullar\u0131na g\u00f6re ya\u011fmurluk, mont, vb.)<\/li>\n\n\n\n<li>G\u00fcne\u015f korumas\u0131<\/li>\n\n\n\n<li>Hava ko\u015fullar\u0131na g\u00f6re g\u00fcne\u015f korumas\u0131<\/li>\n<\/ul>\n<\/div>\n<\/div>\n<\/div>\n<\/div>\n\n\n\n<div class=\"wp-block-group has-global-padding is-layout-constrained wp-block-group-is-layout-constrained\">\n<h2 class=\"wp-block-heading has-tertiary-color has-text-color has-palanquin-font-family\" style=\"text-transform:uppercase\">PROGRAM<\/h2>\n\n\n\n<div class=\"wp-block-columns is-layout-flex wp-container-core-columns-is-layout-28f84493 wp-block-columns-is-layout-flex\">\n<div class=\"wp-block-column is-layout-flow wp-block-column-is-layout-flow\">\n<p><strong>1. G\u00dcN (5 saat)<\/strong><\/p>\n\n\n\n<ul class=\"wp-block-list\">\n<li>Kar\u015f\u0131lama, giri\u015f, hedefler, program ve konu ba\u015fl\u0131klar\u0131<\/li>\n\n\n\n<li>Kayada risk de\u011ferlendirmesi ve risk y\u00f6netimine giri\u015f<\/li>\n\n\n\n<li>T\u0131rman\u0131\u015f ekipman\u0131n\u0131 tan\u0131mak<\/li>\n\n\n\n<li>Kaya \u00fczerinde hareket etmenin temel ilkelerini \u00f6\u011frenmek ve uygulamak<\/li>\n\n\n\n<li>'Top-rope' kaya t\u0131rman\u0131\u015f\u0131na giri\u015f<\/li>\n\n\n\n<li>T\u0131rman\u0131\u015f ipine ba\u011flanmay\u0131 \u00f6\u011frenmek (d\u00fc\u011f\u00fcmler)<\/li>\n\n\n\n<li>'Top-rope' emniyet alma ve partneri zemine indirme sistemini uygulamak - uygun teknikler ve al\u0131\u015fkanl\u0131klar olu\u015fturmak<\/li>\n\n\n\n<li>T\u0131rman\u0131\u015f ileti\u015fim \u00e7a\u011fr\u0131lar\u0131n\u0131 \u00f6\u011frenmek<\/li>\n\n\n\n<li>T\u0131rman\u0131\u015f ipi kullan\u0131m\u0131 ve bak\u0131m\u0131na giri\u015f<\/li>\n\n\n\n<li>Rotalara t\u0131rman\u0131rken hareket becerileri e\u011fitimine ve geli\u015fimine devam edilmesi<\/li>\n<\/ul>\n<\/div>\n\n\n\n<div class=\"wp-block-column is-layout-flow wp-block-column-is-layout-flow\">\n<p><strong>2. G\u00dcN (5 saat)<\/strong><\/p>\n\n\n\n<ul class=\"wp-block-list\">\n<li>Sekt\u00f6rdeki kayan\u0131n tehlike de\u011ferlendirmesi ve risk y\u00f6netimi<\/li>\n\n\n\n<li>Kaya \u00fczerinde orta d\u00fczey hareket becerilerini \u00f6\u011frenmek ve uygulamak<\/li>\n\n\n\n<li>\u0130ple ini\u015f sim\u00fclasyonu e\u011fitimi ve uygulamas\u0131<\/li>\n\n\n\n<li>'Top-rope' becerilerini peki\u015ftirmek<\/li>\n\n\n\n<li>Daha dik rotalarda hareket becerileri e\u011fitimine ve geli\u015fimine devam edilmesi<\/li>\n\n\n\n<li>Kaya t\u0131rman\u0131\u015f\u0131nda daha fazla ilerleme kaydetmek i\u00e7in bilgilendirme ve talimat<\/li>\n<\/ul>\n<\/div>\n\n\n\n<div class=\"wp-block-column is-layout-flow wp-block-column-is-layout-flow\">\n<p><strong>3. G\u00dcN (5 saat)<\/strong><\/p>\n\n\n\n<ul class=\"wp-block-list\">\n<li>Kaya t\u0131rman\u0131\u015f\u0131 \ud83d\ude42<\/li>\n<\/ul>\n<\/div>\n<\/div>\n<\/div>\n\n\n\n<div class=\"wp-block-group has-global-padding is-layout-constrained wp-block-group-is-layout-constrained\">\n<h2 class=\"wp-block-heading has-tertiary-color has-text-color has-palanquin-font-family\" style=\"text-transform:uppercase\">Fiyatlarimiz<\/h2>\n\n\n\n<figure class=\"wp-block-table\"><table><tbody><tr><td><strong>Rezervasyon yapt\u0131ran ki\u015fi say\u0131s\u0131<\/strong><\/td><td><strong>3 g\u00fcn (g\u00fcnl\u00fck 5 saat)<\/strong><\/td><\/tr><tr><td>1 ki\u015fi<\/td><td>450,00 \u20ac p.p.<\/td><\/tr><tr><td>2 ki\u015fi<\/td><td>300,00 \u20ac p.p.<\/td><\/tr><tr><td>3 ki\u015fi<\/td><td>250,00 \u20ac p.p.<\/td><\/tr><tr><td>4 ki\u015fi<\/td><td>220,00 \u20ac p.p.<\/td><\/tr><\/tbody><\/table><figcaption class=\"wp-element-caption\">T\u00fcm fiyatlar ki\u015fi ba\u015f\u0131 ve Euro baz\u0131ndad\u0131r.<\/figcaption><\/figure>\n\n\n\n<p><strong>Nakit \u00f6demeye % 10 indirim uygulamaktay\u0131z.<\/strong><\/p>\n\n\n\n<p>B\u00fcy\u00fck bir grubunuz varsa \u00f6zel teklif almak i\u00e7in bizimle ileti\u015fime ge\u00e7ebilirsiniz: <a href=\"mailto:office@sunclimbing.com\">office@sunclimbing.com<\/a> <\/p>\n<\/div>\n\n\n\n<div class=\"wp-block-columns is-layout-flex wp-container-core-columns-is-layout-28f84493 wp-block-columns-is-layout-flex\">\n<div class=\"wp-block-column is-layout-flow wp-block-column-is-layout-flow\">\n<h2 class=\"wp-block-heading has-tertiary-color has-text-color has-palanquin-font-family\" style=\"text-transform:uppercase\">PROGRAMA DAH\u0130L OLANLAR<\/h2>\n\n\n\n<p>T\u00fcrkiye Da\u011fc\u0131l\u0131k Federasyonu ve Avusturya Alpin Kul\u00fcb\u00fc taraf\u0131ndan sertifikaland\u0131r\u0131lm\u0131\u015f nitelikli kaya t\u0131rman\u0131\u015f\u0131 e\u011fitmenleri taraf\u0131ndan rehberlik ve e\u011fitim.<\/p>\n\n\n\n<p>Sun Climbing'den emniyet kemeri, ip, ekspres, emniyet aleti ve kask gibi gerekli t\u00fcm t\u0131rman\u0131\u015f ekipmanlar\u0131. Gerekirse t\u0131rman\u0131\u015f ayakkab\u0131lar\u0131 kiralanabilir.<\/p>\n\n\n\n<p>T\u0131rman\u0131\u015f ve t\u0131rman\u0131\u015f teknikleri hakk\u0131nda diledi\u011finiz kadar soru-cevap. Kafan\u0131zda soru i\u015fareti kalmamas\u0131 i\u00e7in size elimizden geldi\u011fince yard\u0131mc\u0131 olaca\u011f\u0131z.<\/p>\n\n\n\n<p>Sizin ve grubunuzun g\u00fcn boyunca \u00e7ekilmi\u015f harika t\u0131rman\u0131\u015f foto\u011fraflar\u0131. G\u00fcn\u00fcn sonunda bu foto\u011fraflar\u0131 sizinle payla\u015faca\u011f\u0131z.<\/p>\n<\/div>\n\n\n\n<div class=\"wp-block-column is-layout-flow wp-block-column-is-layout-flow\">\n<h2 class=\"wp-block-heading has-tertiary-color has-text-color has-palanquin-font-family\" style=\"text-transform:uppercase\">PROGRAMA DAH\u0130L OLMAYANLAR<\/h2>\n\n\n\n<p>\u0130htiya\u00e7 halinde Sunclimbing'den t\u0131rman\u0131\u015f ayakkab\u0131s\u0131 kiralanabilir.<\/p>\n\n\n\n<p>Geyikbay\u0131r\u0131'na ve Sunclimbing'e ula\u015f\u0131m sizin taraf\u0131n\u0131zdan organize edilmelidir. Ancak transfer almak isterseniz l\u00fctfen bize ula\u015f\u0131n.<\/p>\n\n\n\n<p>T\u0131rman\u0131\u015f\u0131 G\u00fcn\u00fc i\u00e7in ki\u015fi ba\u015f\u0131 8,00 \u20ac kar\u015f\u0131l\u0131\u011f\u0131nda paketlenmi\u015f bir \u00f6\u011fle yeme\u011fi de sunabiliriz. L\u00fctfen kurs rezervasyonu yaparken bize bildirin.<\/p>\n<\/div>\n<\/div>\n\n\n\n<div class=\"wp-block-group has-global-padding is-layout-constrained wp-block-group-is-layout-constrained\">\n<h2 class=\"wp-block-heading has-tertiary-color has-text-color has-palanquin-font-family\" style=\"text-transform:uppercase\">Nas\u0131l rezervasyon yap\u0131l\u0131r<\/h2>\n\n\n\n<div class=\"wp-block-group has-tertiary-background-color has-background has-global-padding is-layout-constrained wp-container-core-group-is-layout-80fb368b wp-block-group-is-layout-constrained\" style=\"padding-top:var(--wp--preset--spacing--30);padding-right:var(--wp--preset--spacing--30);padding-bottom:var(--wp--preset--spacing--30);padding-left:var(--wp--preset--spacing--30)\">\n<p class=\"translation-block\">L\u00fctfen dikkat: Kurs takvimi rezervasyonumuz yak\u0131nda etkinle\u015ftirilecektir, o zamana kadar l\u00fctfen rezervasyon i\u00e7in do\u011frudan bizimle ileti\u015fime ge\u00e7in.<\/p>\n<\/div>\n<\/div>\n\n\n\n<div class=\"wp-block-group has-global-padding is-layout-constrained wp-block-group-is-layout-constrained\">\n<h2 class=\"wp-block-heading has-tertiary-color has-text-color has-palanquin-font-family\" style=\"text-transform:uppercase\">Yeni Ba\u015flayan Bir A\u00e7\u0131k Hava T\u0131rman\u0131\u015f G\u00fcn\u00fcnden \u0130zlenimler:<\/h2>\n\n\n\n<figure class=\"wp-block-gallery has-nested-images columns-default is-cropped wp-block-gallery-1 is-layout-flex wp-block-gallery-is-layout-flex\">\n<figure class=\"wp-block-image size-full\"><img loading=\"lazy\" decoding=\"async\" width=\"1920\" height=\"2560\" data-id=\"2929\" src=\"https:\/\/sunclimbing.com\/wp-content\/uploads\/2023\/09\/Ohne-Titel8-scaled.jpg\" alt=\"\" class=\"wp-image-2929\" srcset=\"https:\/\/sunclimbing.com\/wp-content\/uploads\/2023\/09\/Ohne-Titel8-scaled.jpg 1920w, https:\/\/sunclimbing.com\/wp-content\/uploads\/2023\/09\/Ohne-Titel8-225x300.jpg 225w, https:\/\/sunclimbing.com\/wp-content\/uploads\/2023\/09\/Ohne-Titel8-768x1024.jpg 768w, https:\/\/sunclimbing.com\/wp-content\/uploads\/2023\/09\/Ohne-Titel8-1152x1536.jpg 1152w, https:\/\/sunclimbing.com\/wp-content\/uploads\/2023\/09\/Ohne-Titel8-1536x2048.jpg 1536w\" sizes=\"auto, (max-width: 1920px) 100vw, 1920px\" \/><\/figure>\n\n\n\n<figure class=\"wp-block-image size-full\"><img loading=\"lazy\" decoding=\"async\" width=\"2560\" height=\"1707\" data-id=\"1839\" src=\"https:\/\/sunclimbing.com\/wp-content\/uploads\/2023\/06\/2G3A1737-scaled.jpg\" alt=\"\" class=\"wp-image-1839\" srcset=\"https:\/\/sunclimbing.com\/wp-content\/uploads\/2023\/06\/2G3A1737-scaled.jpg 2560w, https:\/\/sunclimbing.com\/wp-content\/uploads\/2023\/06\/2G3A1737-300x200.jpg 300w, https:\/\/sunclimbing.com\/wp-content\/uploads\/2023\/06\/2G3A1737-1024x683.jpg 1024w, https:\/\/sunclimbing.com\/wp-content\/uploads\/2023\/06\/2G3A1737-768x512.jpg 768w, https:\/\/sunclimbing.com\/wp-content\/uploads\/2023\/06\/2G3A1737-1536x1024.jpg 1536w, https:\/\/sunclimbing.com\/wp-content\/uploads\/2023\/06\/2G3A1737-2048x1365.jpg 2048w\" sizes=\"auto, (max-width: 2560px) 100vw, 2560px\" \/><\/figure>\n\n\n\n<figure class=\"wp-block-image size-full\"><img loading=\"lazy\" decoding=\"async\" width=\"1707\" height=\"2560\" data-id=\"1987\" src=\"https:\/\/sunclimbing.com\/wp-content\/uploads\/2023\/06\/2G3A3194-scaled.jpg\" alt=\"\" class=\"wp-image-1987\" srcset=\"https:\/\/sunclimbing.com\/wp-content\/uploads\/2023\/06\/2G3A3194-scaled.jpg 1707w, https:\/\/sunclimbing.com\/wp-content\/uploads\/2023\/06\/2G3A3194-200x300.jpg 200w, https:\/\/sunclimbing.com\/wp-content\/uploads\/2023\/06\/2G3A3194-683x1024.jpg 683w, https:\/\/sunclimbing.com\/wp-content\/uploads\/2023\/06\/2G3A3194-768x1152.jpg 768w, https:\/\/sunclimbing.com\/wp-content\/uploads\/2023\/06\/2G3A3194-1024x1536.jpg 1024w, https:\/\/sunclimbing.com\/wp-content\/uploads\/2023\/06\/2G3A3194-1365x2048.jpg 1365w\" sizes=\"auto, (max-width: 1707px) 100vw, 1707px\" \/><\/figure>\n\n\n\n<figure class=\"wp-block-image size-full\"><img loading=\"lazy\" decoding=\"async\" width=\"2560\" height=\"1707\" data-id=\"2013\" src=\"https:\/\/sunclimbing.com\/wp-content\/uploads\/2023\/06\/2G3A3704-scaled.jpg\" alt=\"\" class=\"wp-image-2013\" srcset=\"https:\/\/sunclimbing.com\/wp-content\/uploads\/2023\/06\/2G3A3704-scaled.jpg 2560w, https:\/\/sunclimbing.com\/wp-content\/uploads\/2023\/06\/2G3A3704-300x200.jpg 300w, https:\/\/sunclimbing.com\/wp-content\/uploads\/2023\/06\/2G3A3704-1024x683.jpg 1024w, https:\/\/sunclimbing.com\/wp-content\/uploads\/2023\/06\/2G3A3704-768x512.jpg 768w, https:\/\/sunclimbing.com\/wp-content\/uploads\/2023\/06\/2G3A3704-1536x1024.jpg 1536w, https:\/\/sunclimbing.com\/wp-content\/uploads\/2023\/06\/2G3A3704-2048x1365.jpg 2048w\" sizes=\"auto, (max-width: 2560px) 100vw, 2560px\" \/><\/figure>\n<\/figure>\n<\/div>\n<\/div>","protected":false},"excerpt":{"rendered":"<p>Rock climbing for beginners (3 days) Rock climbing is an exhilarating sport and our beginner climbing course is a great way for you to get started. The \u201cIntro to outdoor climbing\u201d&nbsp;beginner rock climbing course (3 days) is designed for those who have never climbed before or who have done some basic climbing either in the [&hellip;]<\/p>\n","protected":false},"author":1,"featured_media":2042,"parent":825,"menu_order":0,"comment_status":"closed","ping_status":"closed","template":"","meta":{"footnotes":""},"class_list":["post-2116","page","type-page","status-publish","has-post-thumbnail","hentry"],"yoast_head":"<!-- This site is optimized with the Yoast SEO plugin v27.3 - https:\/\/yoast.com\/product\/yoast-seo-wordpress\/ -->\n<title>Beginner Climbing - Sunclimbing<\/title>\n<meta name=\"robots\" content=\"index, follow, max-snippet:-1, max-image-preview:large, max-video-preview:-1\" \/>\n<link rel=\"canonical\" href=\"https:\/\/sunclimbing.com\/tr\/courses\/beginner-climbing\/\" \/>\n<meta property=\"og:locale\" content=\"tr_TR\" \/>\n<meta property=\"og:type\" content=\"article\" \/>\n<meta property=\"og:title\" content=\"Beginner Climbing - Sunclimbing\" \/>\n<meta property=\"og:description\" content=\"Rock climbing for beginners (3 days) Rock climbing is an exhilarating sport and our beginner climbing course is a great way for you to get started. The \u201cIntro to outdoor climbing\u201d&nbsp;beginner rock climbing course (3 days) is designed for those who have never climbed before or who have done some basic climbing either in the [&hellip;]\" \/>\n<meta property=\"og:url\" content=\"https:\/\/sunclimbing.com\/tr\/courses\/beginner-climbing\/\" \/>\n<meta property=\"og:site_name\" content=\"Sunclimbing\" \/>\n<meta property=\"article:modified_time\" content=\"2025-08-29T11:42:19+00:00\" \/>\n<meta property=\"og:image\" content=\"https:\/\/sunclimbing.com\/wp-content\/uploads\/2023\/06\/2G3A3998-scaled.jpg\" \/>\n\t<meta property=\"og:image:width\" content=\"2560\" \/>\n\t<meta property=\"og:image:height\" content=\"1707\" \/>\n\t<meta property=\"og:image:type\" content=\"image\/jpeg\" \/>\n<meta name=\"twitter:card\" content=\"summary_large_image\" \/>\n<meta name=\"twitter:label1\" content=\"Tahmini okuma s\u00fcresi\" \/>\n\t<meta name=\"twitter:data1\" content=\"7 dakika\" \/>\n<script type=\"application\/ld+json\" class=\"yoast-schema-graph\">{\"@context\":\"https:\\\/\\\/schema.org\",\"@graph\":[{\"@type\":\"WebPage\",\"@id\":\"https:\\\/\\\/sunclimbing.com\\\/courses\\\/beginner-climbing\\\/\",\"url\":\"https:\\\/\\\/sunclimbing.com\\\/courses\\\/beginner-climbing\\\/\",\"name\":\"Beginner Climbing - Sunclimbing\",\"isPartOf\":{\"@id\":\"https:\\\/\\\/sunclimbing.com\\\/#website\"},\"primaryImageOfPage\":{\"@id\":\"https:\\\/\\\/sunclimbing.com\\\/courses\\\/beginner-climbing\\\/#primaryimage\"},\"image\":{\"@id\":\"https:\\\/\\\/sunclimbing.com\\\/courses\\\/beginner-climbing\\\/#primaryimage\"},\"thumbnailUrl\":\"https:\\\/\\\/sunclimbing.com\\\/wp-content\\\/uploads\\\/2023\\\/06\\\/2G3A3998-scaled.jpg\",\"datePublished\":\"2023-06-01T13:35:04+00:00\",\"dateModified\":\"2025-08-29T11:42:19+00:00\",\"breadcrumb\":{\"@id\":\"https:\\\/\\\/sunclimbing.com\\\/courses\\\/beginner-climbing\\\/#breadcrumb\"},\"inLanguage\":\"tr\",\"potentialAction\":[{\"@type\":\"ReadAction\",\"target\":[\"https:\\\/\\\/sunclimbing.com\\\/courses\\\/beginner-climbing\\\/\"]}]},{\"@type\":\"ImageObject\",\"inLanguage\":\"tr\",\"@id\":\"https:\\\/\\\/sunclimbing.com\\\/courses\\\/beginner-climbing\\\/#primaryimage\",\"url\":\"https:\\\/\\\/sunclimbing.com\\\/wp-content\\\/uploads\\\/2023\\\/06\\\/2G3A3998-scaled.jpg\",\"contentUrl\":\"https:\\\/\\\/sunclimbing.com\\\/wp-content\\\/uploads\\\/2023\\\/06\\\/2G3A3998-scaled.jpg\",\"width\":2560,\"height\":1707},{\"@type\":\"BreadcrumbList\",\"@id\":\"https:\\\/\\\/sunclimbing.com\\\/courses\\\/beginner-climbing\\\/#breadcrumb\",\"itemListElement\":[{\"@type\":\"ListItem\",\"position\":1,\"name\":\"Home\",\"item\":\"https:\\\/\\\/sunclimbing.com\\\/\"},{\"@type\":\"ListItem\",\"position\":2,\"name\":\"Rock Climbing Courses\",\"item\":\"https:\\\/\\\/sunclimbing.com\\\/courses\\\/\"},{\"@type\":\"ListItem\",\"position\":3,\"name\":\"Beginner Climbing\"}]},{\"@type\":\"WebSite\",\"@id\":\"https:\\\/\\\/sunclimbing.com\\\/#website\",\"url\":\"https:\\\/\\\/sunclimbing.com\\\/\",\"name\":\"Sunclimbing\",\"description\":\"\",\"publisher\":{\"@id\":\"https:\\\/\\\/sunclimbing.com\\\/#organization\"},\"potentialAction\":[{\"@type\":\"SearchAction\",\"target\":{\"@type\":\"EntryPoint\",\"urlTemplate\":\"https:\\\/\\\/sunclimbing.com\\\/?s={search_term_string}\"},\"query-input\":{\"@type\":\"PropertyValueSpecification\",\"valueRequired\":true,\"valueName\":\"search_term_string\"}}],\"inLanguage\":\"tr\"},{\"@type\":\"Organization\",\"@id\":\"https:\\\/\\\/sunclimbing.com\\\/#organization\",\"name\":\"Sunclimbing\",\"url\":\"https:\\\/\\\/sunclimbing.com\\\/\",\"logo\":{\"@type\":\"ImageObject\",\"inLanguage\":\"tr\",\"@id\":\"https:\\\/\\\/sunclimbing.com\\\/#\\\/schema\\\/logo\\\/image\\\/\",\"url\":\"https:\\\/\\\/sunclimbing.com\\\/wp-content\\\/uploads\\\/2023\\\/06\\\/sunclimbing_logo.png\",\"contentUrl\":\"https:\\\/\\\/sunclimbing.com\\\/wp-content\\\/uploads\\\/2023\\\/06\\\/sunclimbing_logo.png\",\"width\":495,\"height\":108,\"caption\":\"Sunclimbing\"},\"image\":{\"@id\":\"https:\\\/\\\/sunclimbing.com\\\/#\\\/schema\\\/logo\\\/image\\\/\"}}]}<\/script>\n<!-- \/ Yoast SEO plugin. -->","yoast_head_json":{"title":"Beginner Climbing - Sunclimbing","robots":{"index":"index","follow":"follow","max-snippet":"max-snippet:-1","max-image-preview":"max-image-preview:large","max-video-preview":"max-video-preview:-1"},"canonical":"https:\/\/sunclimbing.com\/tr\/courses\/beginner-climbing\/","og_locale":"tr_TR","og_type":"article","og_title":"Beginner Climbing - Sunclimbing","og_description":"Rock climbing for beginners (3 days) Rock climbing is an exhilarating sport and our beginner climbing course is a great way for you to get started. The \u201cIntro to outdoor climbing\u201d&nbsp;beginner rock climbing course (3 days) is designed for those who have never climbed before or who have done some basic climbing either in the [&hellip;]","og_url":"https:\/\/sunclimbing.com\/tr\/courses\/beginner-climbing\/","og_site_name":"Sunclimbing","article_modified_time":"2025-08-29T11:42:19+00:00","og_image":[{"width":2560,"height":1707,"url":"https:\/\/sunclimbing.com\/wp-content\/uploads\/2023\/06\/2G3A3998-scaled.jpg","type":"image\/jpeg"}],"twitter_card":"summary_large_image","twitter_misc":{"Tahmini okuma s\u00fcresi":"7 dakika"},"schema":{"@context":"https:\/\/schema.org","@graph":[{"@type":"WebPage","@id":"https:\/\/sunclimbing.com\/courses\/beginner-climbing\/","url":"https:\/\/sunclimbing.com\/courses\/beginner-climbing\/","name":"Beginner Climbing - Sunclimbing","isPartOf":{"@id":"https:\/\/sunclimbing.com\/#website"},"primaryImageOfPage":{"@id":"https:\/\/sunclimbing.com\/courses\/beginner-climbing\/#primaryimage"},"image":{"@id":"https:\/\/sunclimbing.com\/courses\/beginner-climbing\/#primaryimage"},"thumbnailUrl":"https:\/\/sunclimbing.com\/wp-content\/uploads\/2023\/06\/2G3A3998-scaled.jpg","datePublished":"2023-06-01T13:35:04+00:00","dateModified":"2025-08-29T11:42:19+00:00","breadcrumb":{"@id":"https:\/\/sunclimbing.com\/courses\/beginner-climbing\/#breadcrumb"},"inLanguage":"tr","potentialAction":[{"@type":"ReadAction","target":["https:\/\/sunclimbing.com\/courses\/beginner-climbing\/"]}]},{"@type":"ImageObject","inLanguage":"tr","@id":"https:\/\/sunclimbing.com\/courses\/beginner-climbing\/#primaryimage","url":"https:\/\/sunclimbing.com\/wp-content\/uploads\/2023\/06\/2G3A3998-scaled.jpg","contentUrl":"https:\/\/sunclimbing.com\/wp-content\/uploads\/2023\/06\/2G3A3998-scaled.jpg","width":2560,"height":1707},{"@type":"BreadcrumbList","@id":"https:\/\/sunclimbing.com\/courses\/beginner-climbing\/#breadcrumb","itemListElement":[{"@type":"ListItem","position":1,"name":"Home","item":"https:\/\/sunclimbing.com\/"},{"@type":"ListItem","position":2,"name":"Rock Climbing Courses","item":"https:\/\/sunclimbing.com\/courses\/"},{"@type":"ListItem","position":3,"name":"Beginner Climbing"}]},{"@type":"WebSite","@id":"https:\/\/sunclimbing.com\/#website","url":"https:\/\/sunclimbing.com\/","name":"Sunclimbing","description":"","publisher":{"@id":"https:\/\/sunclimbing.com\/#organization"},"potentialAction":[{"@type":"SearchAction","target":{"@type":"EntryPoint","urlTemplate":"https:\/\/sunclimbing.com\/?s={search_term_string}"},"query-input":{"@type":"PropertyValueSpecification","valueRequired":true,"valueName":"search_term_string"}}],"inLanguage":"tr"},{"@type":"Organization","@id":"https:\/\/sunclimbing.com\/#organization","name":"Sunclimbing","url":"https:\/\/sunclimbing.com\/","logo":{"@type":"ImageObject","inLanguage":"tr","@id":"https:\/\/sunclimbing.com\/#\/schema\/logo\/image\/","url":"https:\/\/sunclimbing.com\/wp-content\/uploads\/2023\/06\/sunclimbing_logo.png","contentUrl":"https:\/\/sunclimbing.com\/wp-content\/uploads\/2023\/06\/sunclimbing_logo.png","width":495,"height":108,"caption":"Sunclimbing"},"image":{"@id":"https:\/\/sunclimbing.com\/#\/schema\/logo\/image\/"}}]}},"_links":{"self":[{"href":"https:\/\/sunclimbing.com\/tr\/wp-json\/wp\/v2\/pages\/2116","targetHints":{"allow":["GET"]}}],"collection":[{"href":"https:\/\/sunclimbing.com\/tr\/wp-json\/wp\/v2\/pages"}],"about":[{"href":"https:\/\/sunclimbing.com\/tr\/wp-json\/wp\/v2\/types\/page"}],"author":[{"embeddable":true,"href":"https:\/\/sunclimbing.com\/tr\/wp-json\/wp\/v2\/users\/1"}],"replies":[{"embeddable":true,"href":"https:\/\/sunclimbing.com\/tr\/wp-json\/wp\/v2\/comments?post=2116"}],"version-history":[{"count":23,"href":"https:\/\/sunclimbing.com\/tr\/wp-json\/wp\/v2\/pages\/2116\/revisions"}],"predecessor-version":[{"id":4825,"href":"https:\/\/sunclimbing.com\/tr\/wp-json\/wp\/v2\/pages\/2116\/revisions\/4825"}],"up":[{"embeddable":true,"href":"https:\/\/sunclimbing.com\/tr\/wp-json\/wp\/v2\/pages\/825"}],"wp:featuredmedia":[{"embeddable":true,"href":"https:\/\/sunclimbing.com\/tr\/wp-json\/wp\/v2\/media\/2042"}],"wp:attachment":[{"href":"https:\/\/sunclimbing.com\/tr\/wp-json\/wp\/v2\/media?parent=2116"}],"curies":[{"name":"wp","href":"https:\/\/api.w.org\/{rel}","templated":true}]}}